{"id":1041,"date":"2025-03-25T09:42:23","date_gmt":"2025-03-25T09:42:23","guid":{"rendered":"https:\/\/zan-bb.de\/?page_id=1041"},"modified":"2025-03-26T13:48:11","modified_gmt":"2025-03-26T13:48:11","slug":"umweltsensibilisierungsprojekt-3","status":"publish","type":"page","link":"https:\/\/zan-bb.de\/?page_id=1041","title":{"rendered":"Umweltsensibilisierungsprojekt 3"},"content":{"rendered":"\n<p><a href=\"https:\/\/zan-bb.de\/?page_id=1054(\u00f6ffnet in neuem Tab)\">Sch\u00f6nower Heide<\/a><\/p>\n\n\n\n<p><a href=\"https:\/\/zan-bb.de\/?page_id=1051(\u00f6ffnet in neuem Tab)\">Trampe<\/a><\/p>\n\n\n\n<p><a href=\"https:\/\/zan-bb.de\/?page_id=1058(\u00f6ffnet in neuem Tab)\">NSG Sch\u00f6nerlinderTeiche<\/a><\/p>\n\n\n\n<p><a href=\"https:\/\/zan-bb.de\/?page_id=1060(\u00f6ffnet in neuem Tab)\">Eichwerder Moorwiesen<\/a><\/p>\n\n\n\n<p><a href=\"https:\/\/zan-bb.de\/?page_id=1062(\u00f6ffnet in neuem Tab)\">Bl\u00f6nsdorf<\/a><\/p>\n\n\n\n<p><a href=\"https:\/\/zan-bb.de\/?page_id=1064(\u00f6ffnet in neuem Tab)\">Heidehof Golmberg (und weitere LRT-Fl\u00e4chen au\u00dferhalb FFH-Grenze)<\/a><\/p>\n\n\n\n<p><a href=\"https:\/\/zan-bb.de\/?page_id=1066(\u00f6ffnet in neuem Tab)\">Glauer Berge<\/a><\/p>\n\n\n\n<p><a href=\"https:\/\/zan-bb.de\/?page_id=1068(\u00f6ffnet in neuem Tab)\">FFH-Gebiet Kienheide (und weitere LRT-Fl\u00e4chen au\u00dferhalb FFH-Grenze)<\/a><\/p>\n\n\n\n<p><a href=\"https:\/\/zan-bb.de\/?page_id=1080(\u00f6ffnet in neuem Tab)\">Gebietskomplex  Gro\u00df Schauener Seenkette | Luchwiesen<\/a><\/p>\n\n\n\n<p><a href=\"https:\/\/zan-bb.de\/?page_id=1106(\u00f6ffnet in neuem Tab)\">L\u00f6cknitztal<\/a><\/p>\n\n\n\n<p><a href=\"https:\/\/zan-bb.de\/?page_id=1082(\u00f6ffnet in neuem Tab)\">Swatzke und Skabyberge<\/a><\/p>\n\n\n\n<p><a href=\"https:\/\/zan-bb.de\/?page_id=1085(\u00f6ffnet in neuem Tab)\">F\u00fcrstenberg  1 (Schwerpunktraum au\u00dferhalb FFH); bei Eisenh\u00fcttenstadt<\/a><\/p>\n\n\n\n<p><a href=\"https:\/\/zan-bb.de\/?page_id=1087(\u00f6ffnet in neuem Tab)\">Ziltendorfer Niederung (Schwerpunktraum au\u00dferhalb FFH)<\/a><\/p>\n\n\n\n<p><a href=\"https:\/\/zan-bb.de\/?page_id=1113(\u00f6ffnet in neuem Tab)\">Flechten-Kiefernwald bei Friedersdorf<\/a><\/p>\n\n\n\n<p><a href=\"https:\/\/zan-bb.de\/?page_id=1115(\u00f6ffnet in neuem Tab)\">Flechten-Kiefernwald bei Motzen<\/a><\/p>\n\n\n\n<p><a href=\"https:\/\/zan-bb.de\/?page_id=1117(\u00f6ffnet in neuem Tab)\">Weinberg Klein Kreuz<\/a><\/p>\n\n\n\n<p><a href=\"https:\/\/zan-bb.de\/?page_id=1119(\u00f6ffnet in neuem Tab)\">Oberes Temnitztal<\/a><\/p>\n\n\n\n<p><a href=\"https:\/\/zan-bb.de\/?page_id=1121(\u00f6ffnet in neuem Tab)\">Charlottenh\u00f6he<\/a><\/p>\n\n\n\n<p><a href=\"https:\/\/zan-bb.de\/?page_id=1123(\u00f6ffnet in neuem Tab)\">Vietmannsdorfer Heide<\/a><\/p>\n\n\n\n<p><a href=\"https:\/\/zan-bb.de\/?page_id=1127(\u00f6ffnet in neuem Tab)\">Subpannonische Steppenrasen bei Grenz<\/a><\/p>\n\n\n\n<p><a href=\"https:\/\/zan-bb.de\/?page_id=1131(\u00f6ffnet in neuem Tab)\">Uckerseewiesen und Trockenh\u00e4nge (Teilfl\u00e4chen Unteruckersee)<\/a><\/p>\n\n\n\n<p><a href=\"https:\/\/zan-bb.de\/?page_id=1133(\u00f6ffnet in neuem Tab)\">Buckow &#8211; Waldsieversdorfer Niederungslandschaften<\/a><\/p>\n\n\n\n<p><a href=\"https:\/\/zan-bb.de\/?page_id=1135(\u00f6ffnet in neuem Tab)\">Sorgenteich<\/a><\/p>\n\n\n\n<p><a href=\"https:\/\/zan-bb.de\/?page_id=1137(\u00f6ffnet in neuem Tab)\">Josinskyluch &#8211; Krumme Spree<\/a><\/p>\n\n\n\n<p><a href=\"https:\/\/zan-bb.de\/?page_id=1143(\u00f6ffnet in neuem Tab)\">Verlandungszone K\u00f6thener See<\/a><\/p>\n\n\n\n<p><a href=\"https:\/\/zan-bb.de\/?page_id=1146(\u00f6ffnet in neuem Tab)\">Heideseen bei K\u00f6then<\/a><\/p>\n\n\n\n<p><a href=\"https:\/\/zan-bb.de\/?page_id=1156(\u00f6ffnet in neuem Tab)\">Luchsee<\/a><\/p>\n\n\n\n<p><a href=\"https:\/\/zan-bb.de\/?page_id=1162(\u00f6ffnet in neuem Tab)\">N\u00f6rdliches Spreewaldrandgebiet (NSG Neuzaucher Weinberg)<\/a><\/p>\n\n\n\n<p><a href=\"https:\/\/zan-bb.de\/?page_id=1169(\u00f6ffnet in neuem Tab)\">Ellerborn, Riebocka und Ragower Niederungswiesen<\/a><\/p>\n\n\n\n<p><a href=\"https:\/\/zan-bb.de\/?page_id=1176(\u00f6ffnet in neuem Tab)\">Vetschauer M\u00fchlenflie\u00df &#8211; Teiche Stradow<\/a><\/p>\n\n\n\n<p><a href=\"https:\/\/zan-bb.de\/?page_id=1190(\u00f6ffnet in neuem Tab)\">Wiesenau Pfaffenberge<\/a><\/p>\n\n\n\n<p><a href=\"https:\/\/zan-bb.de\/?page_id=1192(\u00f6ffnet in neuem Tab)\">Pretschener Spreeniederung<\/a><\/p>\n","protected":false},"excerpt":{"rendered":"<p>Sch\u00f6nower Heide Trampe NSG Sch\u00f6nerlinderTeiche Eichwerder Moorwiesen Bl\u00f6nsdorf Heidehof Golmberg (und weitere LRT-Fl\u00e4chen au\u00dferhalb FFH-Grenze) Glauer Berge FFH-Gebiet Kienheide (und weitere LRT-Fl\u00e4chen au\u00dferhalb FFH-Grenze) Gebietskomplex Gro\u00df Schauener Seenkette | Luchwiesen L\u00f6cknitztal Swatzke und Skabyberge F\u00fcrstenberg 1 (Schwerpunktraum au\u00dferhalb FFH); bei Eisenh\u00fcttenstadt Ziltendorfer Niederung (Schwerpunktraum au\u00dferhalb FFH) Flechten-Kiefernwald bei Friedersdorf Flechten-Kiefernwald bei Motzen Weinberg Klein Kreuz &hellip; <\/p>\n<p class=\"link-more\"><a href=\"https:\/\/zan-bb.de\/?page_id=1041\" class=\"more-link\"><span class=\"screen-reader-text\">\u201eUmweltsensibilisierungsprojekt 3\u201c<\/span> weiterlesen<\/a><\/p>\n","protected":false},"author":2,"featured_media":0,"parent":0,"menu_order":0,"comment_status":"closed","ping_status":"closed","template":"","meta":{"footnotes":""},"yoast_head":"<!-- This site is optimized with the Yoast SEO plugin v21.9.1 - https:\/\/yoast.com\/wordpress\/plugins\/seo\/ -->\n<title>Umweltsensibilisierungsprojekt 3 - ZAN-bb<\/title>\n<meta name=\"robots\" content=\"index, follow, max-snippet:-1, max-image-preview:large, max-video-preview:-1\" \/>\n<link rel=\"canonical\" href=\"https:\/\/zan-bb.de\/?page_id=1041\" \/>\n<meta property=\"og:locale\" content=\"de_DE\" \/>\n<meta property=\"og:type\" content=\"article\" \/>\n<meta property=\"og:title\" content=\"Umweltsensibilisierungsprojekt 3 - ZAN-bb\" \/>\n<meta property=\"og:description\" content=\"Sch\u00f6nower Heide Trampe NSG Sch\u00f6nerlinderTeiche Eichwerder Moorwiesen Bl\u00f6nsdorf Heidehof Golmberg (und weitere LRT-Fl\u00e4chen au\u00dferhalb FFH-Grenze) Glauer Berge FFH-Gebiet Kienheide (und weitere LRT-Fl\u00e4chen au\u00dferhalb FFH-Grenze) Gebietskomplex Gro\u00df Schauener Seenkette | Luchwiesen L\u00f6cknitztal Swatzke und Skabyberge F\u00fcrstenberg 1 (Schwerpunktraum au\u00dferhalb FFH); bei Eisenh\u00fcttenstadt Ziltendorfer Niederung (Schwerpunktraum au\u00dferhalb FFH) Flechten-Kiefernwald bei Friedersdorf Flechten-Kiefernwald bei Motzen Weinberg Klein Kreuz &hellip; \u201eUmweltsensibilisierungsprojekt 3\u201c weiterlesen\" \/>\n<meta property=\"og:url\" content=\"https:\/\/zan-bb.de\/?page_id=1041\" \/>\n<meta property=\"og:site_name\" content=\"ZAN-bb\" \/>\n<meta property=\"article:modified_time\" content=\"2025-03-26T13:48:11+00:00\" \/>\n<meta name=\"twitter:card\" content=\"summary_large_image\" \/>\n<meta name=\"twitter:label1\" content=\"Gesch\u00e4tzte Lesezeit\" \/>\n\t<meta name=\"twitter:data1\" content=\"1\u00a0Minute\" \/>\n<script type=\"application\/ld+json\" class=\"yoast-schema-graph\">{\"@context\":\"https:\/\/schema.org\",\"@graph\":[{\"@type\":\"WebPage\",\"@id\":\"https:\/\/zan-bb.de\/?page_id=1041\",\"url\":\"https:\/\/zan-bb.de\/?page_id=1041\",\"name\":\"Umweltsensibilisierungsprojekt 3 - ZAN-bb\",\"isPartOf\":{\"@id\":\"https:\/\/zan-bb.de\/#website\"},\"datePublished\":\"2025-03-25T09:42:23+00:00\",\"dateModified\":\"2025-03-26T13:48:11+00:00\",\"breadcrumb\":{\"@id\":\"https:\/\/zan-bb.de\/?page_id=1041#breadcrumb\"},\"inLanguage\":\"de\",\"potentialAction\":[{\"@type\":\"ReadAction\",\"target\":[\"https:\/\/zan-bb.de\/?page_id=1041\"]}]},{\"@type\":\"BreadcrumbList\",\"@id\":\"https:\/\/zan-bb.de\/?page_id=1041#breadcrumb\",\"itemListElement\":[{\"@type\":\"ListItem\",\"position\":1,\"name\":\"Startseite\",\"item\":\"https:\/\/zan-bb.de\/\"},{\"@type\":\"ListItem\",\"position\":2,\"name\":\"Umweltsensibilisierungsprojekt 3\"}]},{\"@type\":\"WebSite\",\"@id\":\"https:\/\/zan-bb.de\/#website\",\"url\":\"https:\/\/zan-bb.de\/\",\"name\":\"ZAN-bb\",\"description\":\"Zentrum angewandter Naturschutz in Brandenburg gGmbH\",\"publisher\":{\"@id\":\"https:\/\/zan-bb.de\/#organization\"},\"potentialAction\":[{\"@type\":\"SearchAction\",\"target\":{\"@type\":\"EntryPoint\",\"urlTemplate\":\"https:\/\/zan-bb.de\/?s={search_term_string}\"},\"query-input\":\"required name=search_term_string\"}],\"inLanguage\":\"de\"},{\"@type\":\"Organization\",\"@id\":\"https:\/\/zan-bb.de\/#organization\",\"name\":\"ZAN-bb\",\"url\":\"https:\/\/zan-bb.de\/\",\"logo\":{\"@type\":\"ImageObject\",\"inLanguage\":\"de\",\"@id\":\"https:\/\/zan-bb.de\/#\/schema\/logo\/image\/\",\"url\":\"https:\/\/zan-bb.de\/wp-content\/uploads\/2020\/05\/cropped-ZAN-logo-trans.png\",\"contentUrl\":\"https:\/\/zan-bb.de\/wp-content\/uploads\/2020\/05\/cropped-ZAN-logo-trans.png\",\"width\":250,\"height\":250,\"caption\":\"ZAN-bb\"},\"image\":{\"@id\":\"https:\/\/zan-bb.de\/#\/schema\/logo\/image\/\"}}]}<\/script>\n<!-- \/ Yoast SEO plugin. -->","yoast_head_json":{"title":"Umweltsensibilisierungsprojekt 3 - ZAN-bb","robots":{"index":"index","follow":"follow","max-snippet":"max-snippet:-1","max-image-preview":"max-image-preview:large","max-video-preview":"max-video-preview:-1"},"canonical":"https:\/\/zan-bb.de\/?page_id=1041","og_locale":"de_DE","og_type":"article","og_title":"Umweltsensibilisierungsprojekt 3 - ZAN-bb","og_description":"Sch\u00f6nower Heide Trampe NSG Sch\u00f6nerlinderTeiche Eichwerder Moorwiesen Bl\u00f6nsdorf Heidehof Golmberg (und weitere LRT-Fl\u00e4chen au\u00dferhalb FFH-Grenze) Glauer Berge FFH-Gebiet Kienheide (und weitere LRT-Fl\u00e4chen au\u00dferhalb FFH-Grenze) Gebietskomplex Gro\u00df Schauener Seenkette | Luchwiesen L\u00f6cknitztal Swatzke und Skabyberge F\u00fcrstenberg 1 (Schwerpunktraum au\u00dferhalb FFH); bei Eisenh\u00fcttenstadt Ziltendorfer Niederung (Schwerpunktraum au\u00dferhalb FFH) Flechten-Kiefernwald bei Friedersdorf Flechten-Kiefernwald bei Motzen Weinberg Klein Kreuz &hellip; \u201eUmweltsensibilisierungsprojekt 3\u201c weiterlesen","og_url":"https:\/\/zan-bb.de\/?page_id=1041","og_site_name":"ZAN-bb","article_modified_time":"2025-03-26T13:48:11+00:00","twitter_card":"summary_large_image","twitter_misc":{"Gesch\u00e4tzte Lesezeit":"1\u00a0Minute"},"schema":{"@context":"https:\/\/schema.org","@graph":[{"@type":"WebPage","@id":"https:\/\/zan-bb.de\/?page_id=1041","url":"https:\/\/zan-bb.de\/?page_id=1041","name":"Umweltsensibilisierungsprojekt 3 - ZAN-bb","isPartOf":{"@id":"https:\/\/zan-bb.de\/#website"},"datePublished":"2025-03-25T09:42:23+00:00","dateModified":"2025-03-26T13:48:11+00:00","breadcrumb":{"@id":"https:\/\/zan-bb.de\/?page_id=1041#breadcrumb"},"inLanguage":"de","potentialAction":[{"@type":"ReadAction","target":["https:\/\/zan-bb.de\/?page_id=1041"]}]},{"@type":"BreadcrumbList","@id":"https:\/\/zan-bb.de\/?page_id=1041#breadcrumb","itemListElement":[{"@type":"ListItem","position":1,"name":"Startseite","item":"https:\/\/zan-bb.de\/"},{"@type":"ListItem","position":2,"name":"Umweltsensibilisierungsprojekt 3"}]},{"@type":"WebSite","@id":"https:\/\/zan-bb.de\/#website","url":"https:\/\/zan-bb.de\/","name":"ZAN-bb","description":"Zentrum angewandter Naturschutz in Brandenburg gGmbH","publisher":{"@id":"https:\/\/zan-bb.de\/#organization"},"potentialAction":[{"@type":"SearchAction","target":{"@type":"EntryPoint","urlTemplate":"https:\/\/zan-bb.de\/?s={search_term_string}"},"query-input":"required name=search_term_string"}],"inLanguage":"de"},{"@type":"Organization","@id":"https:\/\/zan-bb.de\/#organization","name":"ZAN-bb","url":"https:\/\/zan-bb.de\/","logo":{"@type":"ImageObject","inLanguage":"de","@id":"https:\/\/zan-bb.de\/#\/schema\/logo\/image\/","url":"https:\/\/zan-bb.de\/wp-content\/uploads\/2020\/05\/cropped-ZAN-logo-trans.png","contentUrl":"https:\/\/zan-bb.de\/wp-content\/uploads\/2020\/05\/cropped-ZAN-logo-trans.png","width":250,"height":250,"caption":"ZAN-bb"},"image":{"@id":"https:\/\/zan-bb.de\/#\/schema\/logo\/image\/"}}]}},"_links":{"self":[{"href":"https:\/\/zan-bb.de\/index.php?rest_route=\/wp\/v2\/pages\/1041"}],"collection":[{"href":"https:\/\/zan-bb.de\/index.php?rest_route=\/wp\/v2\/pages"}],"about":[{"href":"https:\/\/zan-bb.de\/index.php?rest_route=\/wp\/v2\/types\/page"}],"author":[{"embeddable":true,"href":"https:\/\/zan-bb.de\/index.php?rest_route=\/wp\/v2\/users\/2"}],"replies":[{"embeddable":true,"href":"https:\/\/zan-bb.de\/index.php?rest_route=%2Fwp%2Fv2%2Fcomments&post=1041"}],"version-history":[{"count":34,"href":"https:\/\/zan-bb.de\/index.php?rest_route=\/wp\/v2\/pages\/1041\/revisions"}],"predecessor-version":[{"id":1296,"href":"https:\/\/zan-bb.de\/index.php?rest_route=\/wp\/v2\/pages\/1041\/revisions\/1296"}],"wp:attachment":[{"href":"https:\/\/zan-bb.de\/index.php?rest_route=%2Fwp%2Fv2%2Fmedia&parent=1041"}],"curies":[{"name":"wp","href":"https:\/\/api.w.org\/{rel}","templated":true}]}}