{"id":1051,"date":"2025-03-25T10:19:48","date_gmt":"2025-03-25T10:19:48","guid":{"rendered":"https:\/\/zan-bb.de\/?page_id=1051"},"modified":"2025-04-02T10:52:58","modified_gmt":"2025-04-02T10:52:58","slug":"trampe","status":"publish","type":"page","link":"https:\/\/zan-bb.de\/?page_id=1051","title":{"rendered":"Trampe"},"content":{"rendered":"\n<p><strong>EU-Nr.: <\/strong>DE 3248-302<br><strong>Landesnr.: <\/strong>276<br><strong>Landkreis:<\/strong> Barnim<br><strong>Gebietsgr\u00f6\u00dfe:<\/strong> 419 ha<\/p>\n\n\n\n<p class=\"has-medium-font-size\"><strong>Gebietscharakteristik<\/strong><\/p>\n\n\n\n<p>Das FFH-Gebiet Trampe liegt im Landkreis Barnim und umfasst etwa 419 Hektar, gr\u00f6\u00dftenteils in der Gemeinde Biesenthal, teilweise in Eberswalde. Es geh\u00f6rt zum Naturpark Barnim und liegt im Landschaftsschutzgebiet \u201eBarnimer Heide\u201c. Im Westen grenzt es an das FFH-Gebiet Nonnenflie\u00df-Schw\u00e4rzetal.<\/p>\n\n\n\n<p>Das Gebiet war fr\u00fcher ein Truppen\u00fcbungsplatz, wodurch offene Heidestrukturen entstanden sind. Die W\u00e4lder, vor allem Kiefernforste, werden forstwirtschaftlich genutzt. Gro\u00dfe Offenfl\u00e4chen werden mit Rindern beweidet, w\u00e4hrend ungenutzte Bereiche zunehmend verbuschen.<\/p>\n\n\n\n<p>Etwa 40\u202f% der Fl\u00e4che sind bewaldet, weitere 40\u202f% bestehen aus Gras- und Staudenfluren. Kleinere Fl\u00e4chen umfassen Trockenrasen, R\u00f6hrichte, Laubgeb\u00fcsche, Feldgeh\u00f6lze, Gew\u00e4sser, Moore und S\u00fcmpfe. Rund 22,5\u202f% des Gebiets sind gesetzlich gesch\u00fctzte Biotope.<\/p>\n\n\n\n<div class=\"wp-block-columns is-layout-flex wp-container-core-columns-layout-1 wp-block-columns-is-layout-flex\">\n<div class=\"wp-block-column is-layout-flow wp-block-column-is-layout-flow\">\n<p><strong>Ziel-LRT (Anhang I FFH-RL):<\/strong><\/p>\n<\/div>\n\n\n\n<div class=\"wp-block-column is-layout-flow wp-block-column-is-layout-flow\">\n<p>2310 Binnend\u00fcnen mit Heiden<\/p>\n\n\n\n<p>2330 D\u00fcnen mit offenen Grasfl\u00e4chen<\/p>\n\n\n\n<p>6510 Magere Flachland-M\u00e4hwiesen (<em>Alopecurus pratensis, Sanguisorba officinalis<\/em>)<\/p>\n<\/div>\n<\/div>\n\n\n\n<div class=\"wp-block-columns is-layout-flex wp-container-core-columns-layout-2 wp-block-columns-is-layout-flex\">\n<div class=\"wp-block-column is-layout-flow wp-block-column-is-layout-flow\">\n<p><strong>Ziel-Art (Anhang II FFH-RL):&nbsp;<\/strong><\/p>\n<\/div>\n\n\n\n<div class=\"wp-block-column is-layout-flow wp-block-column-is-layout-flow\">\n<p>Rotbauchunke (<em>Bombina bombina<\/em>)<\/p>\n\n\n\n<p>Kammmolch (<em>Triturus cristatus<\/em>)<\/p>\n\n\n\n<p>Gro\u00dfe Moosjungfer (<em>Leucorrhinia pectoralis<\/em>)<\/p>\n\n\n\n<p>Gro\u00dfer Feuerfalter (<em>Lycaena dispar<\/em>)<\/p>\n<\/div>\n<\/div>\n\n\n\n<div class=\"wp-block-columns is-layout-flex wp-container-core-columns-layout-3 wp-block-columns-is-layout-flex\">\n<div class=\"wp-block-column is-layout-flow wp-block-column-is-layout-flow\">\n<p><a href=\"https:\/\/zan-bb.de\/?page_id=1054\">Vorheriges Gebiet<\/a><\/p>\n<\/div>\n\n\n\n<div class=\"wp-block-column is-layout-flow wp-block-column-is-layout-flow\">\n<p><a href=\"https:\/\/zan-bb.de\/?page_id=1058\">N\u00e4chstes Gebiet<\/a><\/p>\n<\/div>\n<\/div>\n","protected":false},"excerpt":{"rendered":"<p>EU-Nr.: DE 3248-302Landesnr.: 276Landkreis: BarnimGebietsgr\u00f6\u00dfe: 419 ha Gebietscharakteristik Das FFH-Gebiet Trampe liegt im Landkreis Barnim und umfasst etwa 419 Hektar, gr\u00f6\u00dftenteils in der Gemeinde Biesenthal, teilweise in Eberswalde. Es geh\u00f6rt zum Naturpark Barnim und liegt im Landschaftsschutzgebiet \u201eBarnimer Heide\u201c. Im Westen grenzt es an das FFH-Gebiet Nonnenflie\u00df-Schw\u00e4rzetal. Das Gebiet war fr\u00fcher ein Truppen\u00fcbungsplatz, wodurch offene &hellip; <\/p>\n<p class=\"link-more\"><a href=\"https:\/\/zan-bb.de\/?page_id=1051\" class=\"more-link\"><span class=\"screen-reader-text\">\u201eTrampe\u201c<\/span> weiterlesen<\/a><\/p>\n","protected":false},"author":2,"featured_media":0,"parent":0,"menu_order":0,"comment_status":"closed","ping_status":"closed","template":"","meta":{"footnotes":""},"yoast_head":"<!-- This site is optimized with the Yoast SEO plugin v21.9.1 - https:\/\/yoast.com\/wordpress\/plugins\/seo\/ -->\n<title>Trampe - ZAN-bb<\/title>\n<meta name=\"robots\" content=\"index, follow, max-snippet:-1, max-image-preview:large, max-video-preview:-1\" \/>\n<link rel=\"canonical\" href=\"https:\/\/zan-bb.de\/?page_id=1051\" \/>\n<meta property=\"og:locale\" content=\"de_DE\" \/>\n<meta property=\"og:type\" content=\"article\" \/>\n<meta property=\"og:title\" content=\"Trampe - ZAN-bb\" \/>\n<meta property=\"og:description\" content=\"EU-Nr.: DE 3248-302Landesnr.: 276Landkreis: BarnimGebietsgr\u00f6\u00dfe: 419 ha Gebietscharakteristik Das FFH-Gebiet Trampe liegt im Landkreis Barnim und umfasst etwa 419 Hektar, gr\u00f6\u00dftenteils in der Gemeinde Biesenthal, teilweise in Eberswalde. Es geh\u00f6rt zum Naturpark Barnim und liegt im Landschaftsschutzgebiet \u201eBarnimer Heide\u201c. Im Westen grenzt es an das FFH-Gebiet Nonnenflie\u00df-Schw\u00e4rzetal. Das Gebiet war fr\u00fcher ein Truppen\u00fcbungsplatz, wodurch offene &hellip; \u201eTrampe\u201c weiterlesen\" \/>\n<meta property=\"og:url\" content=\"https:\/\/zan-bb.de\/?page_id=1051\" \/>\n<meta property=\"og:site_name\" content=\"ZAN-bb\" \/>\n<meta property=\"article:modified_time\" content=\"2025-04-02T10:52:58+00:00\" \/>\n<meta name=\"twitter:card\" content=\"summary_large_image\" \/>\n<meta name=\"twitter:label1\" content=\"Gesch\u00e4tzte Lesezeit\" \/>\n\t<meta name=\"twitter:data1\" content=\"1\u00a0Minute\" \/>\n<script type=\"application\/ld+json\" class=\"yoast-schema-graph\">{\"@context\":\"https:\/\/schema.org\",\"@graph\":[{\"@type\":\"WebPage\",\"@id\":\"https:\/\/zan-bb.de\/?page_id=1051\",\"url\":\"https:\/\/zan-bb.de\/?page_id=1051\",\"name\":\"Trampe - ZAN-bb\",\"isPartOf\":{\"@id\":\"https:\/\/zan-bb.de\/#website\"},\"datePublished\":\"2025-03-25T10:19:48+00:00\",\"dateModified\":\"2025-04-02T10:52:58+00:00\",\"breadcrumb\":{\"@id\":\"https:\/\/zan-bb.de\/?page_id=1051#breadcrumb\"},\"inLanguage\":\"de\",\"potentialAction\":[{\"@type\":\"ReadAction\",\"target\":[\"https:\/\/zan-bb.de\/?page_id=1051\"]}]},{\"@type\":\"BreadcrumbList\",\"@id\":\"https:\/\/zan-bb.de\/?page_id=1051#breadcrumb\",\"itemListElement\":[{\"@type\":\"ListItem\",\"position\":1,\"name\":\"Startseite\",\"item\":\"https:\/\/zan-bb.de\/\"},{\"@type\":\"ListItem\",\"position\":2,\"name\":\"Trampe\"}]},{\"@type\":\"WebSite\",\"@id\":\"https:\/\/zan-bb.de\/#website\",\"url\":\"https:\/\/zan-bb.de\/\",\"name\":\"ZAN-bb\",\"description\":\"Zentrum angewandter Naturschutz in Brandenburg gGmbH\",\"publisher\":{\"@id\":\"https:\/\/zan-bb.de\/#organization\"},\"potentialAction\":[{\"@type\":\"SearchAction\",\"target\":{\"@type\":\"EntryPoint\",\"urlTemplate\":\"https:\/\/zan-bb.de\/?s={search_term_string}\"},\"query-input\":\"required name=search_term_string\"}],\"inLanguage\":\"de\"},{\"@type\":\"Organization\",\"@id\":\"https:\/\/zan-bb.de\/#organization\",\"name\":\"ZAN-bb\",\"url\":\"https:\/\/zan-bb.de\/\",\"logo\":{\"@type\":\"ImageObject\",\"inLanguage\":\"de\",\"@id\":\"https:\/\/zan-bb.de\/#\/schema\/logo\/image\/\",\"url\":\"https:\/\/zan-bb.de\/wp-content\/uploads\/2020\/05\/cropped-ZAN-logo-trans.png\",\"contentUrl\":\"https:\/\/zan-bb.de\/wp-content\/uploads\/2020\/05\/cropped-ZAN-logo-trans.png\",\"width\":250,\"height\":250,\"caption\":\"ZAN-bb\"},\"image\":{\"@id\":\"https:\/\/zan-bb.de\/#\/schema\/logo\/image\/\"}}]}<\/script>\n<!-- \/ Yoast SEO plugin. -->","yoast_head_json":{"title":"Trampe - ZAN-bb","robots":{"index":"index","follow":"follow","max-snippet":"max-snippet:-1","max-image-preview":"max-image-preview:large","max-video-preview":"max-video-preview:-1"},"canonical":"https:\/\/zan-bb.de\/?page_id=1051","og_locale":"de_DE","og_type":"article","og_title":"Trampe - ZAN-bb","og_description":"EU-Nr.: DE 3248-302Landesnr.: 276Landkreis: BarnimGebietsgr\u00f6\u00dfe: 419 ha Gebietscharakteristik Das FFH-Gebiet Trampe liegt im Landkreis Barnim und umfasst etwa 419 Hektar, gr\u00f6\u00dftenteils in der Gemeinde Biesenthal, teilweise in Eberswalde. Es geh\u00f6rt zum Naturpark Barnim und liegt im Landschaftsschutzgebiet \u201eBarnimer Heide\u201c. Im Westen grenzt es an das FFH-Gebiet Nonnenflie\u00df-Schw\u00e4rzetal. Das Gebiet war fr\u00fcher ein Truppen\u00fcbungsplatz, wodurch offene &hellip; \u201eTrampe\u201c weiterlesen","og_url":"https:\/\/zan-bb.de\/?page_id=1051","og_site_name":"ZAN-bb","article_modified_time":"2025-04-02T10:52:58+00:00","twitter_card":"summary_large_image","twitter_misc":{"Gesch\u00e4tzte Lesezeit":"1\u00a0Minute"},"schema":{"@context":"https:\/\/schema.org","@graph":[{"@type":"WebPage","@id":"https:\/\/zan-bb.de\/?page_id=1051","url":"https:\/\/zan-bb.de\/?page_id=1051","name":"Trampe - ZAN-bb","isPartOf":{"@id":"https:\/\/zan-bb.de\/#website"},"datePublished":"2025-03-25T10:19:48+00:00","dateModified":"2025-04-02T10:52:58+00:00","breadcrumb":{"@id":"https:\/\/zan-bb.de\/?page_id=1051#breadcrumb"},"inLanguage":"de","potentialAction":[{"@type":"ReadAction","target":["https:\/\/zan-bb.de\/?page_id=1051"]}]},{"@type":"BreadcrumbList","@id":"https:\/\/zan-bb.de\/?page_id=1051#breadcrumb","itemListElement":[{"@type":"ListItem","position":1,"name":"Startseite","item":"https:\/\/zan-bb.de\/"},{"@type":"ListItem","position":2,"name":"Trampe"}]},{"@type":"WebSite","@id":"https:\/\/zan-bb.de\/#website","url":"https:\/\/zan-bb.de\/","name":"ZAN-bb","description":"Zentrum angewandter Naturschutz in Brandenburg gGmbH","publisher":{"@id":"https:\/\/zan-bb.de\/#organization"},"potentialAction":[{"@type":"SearchAction","target":{"@type":"EntryPoint","urlTemplate":"https:\/\/zan-bb.de\/?s={search_term_string}"},"query-input":"required name=search_term_string"}],"inLanguage":"de"},{"@type":"Organization","@id":"https:\/\/zan-bb.de\/#organization","name":"ZAN-bb","url":"https:\/\/zan-bb.de\/","logo":{"@type":"ImageObject","inLanguage":"de","@id":"https:\/\/zan-bb.de\/#\/schema\/logo\/image\/","url":"https:\/\/zan-bb.de\/wp-content\/uploads\/2020\/05\/cropped-ZAN-logo-trans.png","contentUrl":"https:\/\/zan-bb.de\/wp-content\/uploads\/2020\/05\/cropped-ZAN-logo-trans.png","width":250,"height":250,"caption":"ZAN-bb"},"image":{"@id":"https:\/\/zan-bb.de\/#\/schema\/logo\/image\/"}}]}},"_links":{"self":[{"href":"https:\/\/zan-bb.de\/index.php?rest_route=\/wp\/v2\/pages\/1051"}],"collection":[{"href":"https:\/\/zan-bb.de\/index.php?rest_route=\/wp\/v2\/pages"}],"about":[{"href":"https:\/\/zan-bb.de\/index.php?rest_route=\/wp\/v2\/types\/page"}],"author":[{"embeddable":true,"href":"https:\/\/zan-bb.de\/index.php?rest_route=\/wp\/v2\/users\/2"}],"replies":[{"embeddable":true,"href":"https:\/\/zan-bb.de\/index.php?rest_route=%2Fwp%2Fv2%2Fcomments&post=1051"}],"version-history":[{"count":12,"href":"https:\/\/zan-bb.de\/index.php?rest_route=\/wp\/v2\/pages\/1051\/revisions"}],"predecessor-version":[{"id":1436,"href":"https:\/\/zan-bb.de\/index.php?rest_route=\/wp\/v2\/pages\/1051\/revisions\/1436"}],"wp:attachment":[{"href":"https:\/\/zan-bb.de\/index.php?rest_route=%2Fwp%2Fv2%2Fmedia&parent=1051"}],"curies":[{"name":"wp","href":"https:\/\/api.w.org\/{rel}","templated":true}]}}