{"id":1054,"date":"2025-03-25T10:59:43","date_gmt":"2025-03-25T10:59:43","guid":{"rendered":"https:\/\/zan-bb.de\/?page_id=1054"},"modified":"2025-04-02T10:49:10","modified_gmt":"2025-04-02T10:49:10","slug":"schoenower-heide","status":"publish","type":"page","link":"https:\/\/zan-bb.de\/?page_id=1054","title":{"rendered":"Sch\u00f6nower Heide"},"content":{"rendered":"\n<p><strong>EU-Nr.: <\/strong>DE 3347-302<br><strong>Landesnr.:<\/strong> 217<br><strong>Landkreis:<\/strong> Barnim<br><strong>Gebietsgr\u00f6\u00dfe:<\/strong> 532,8 ha<\/p>\n\n\n\n<p class=\"has-medium-font-size\"><strong>Gebietscharakteristik<\/strong><\/p>\n\n\n\n<p>Das FFH-Gebiet Sch\u00f6nower Heide erstreckt sich \u00fcber ca. 532,8 ha im Landkreis Barnim und liegt gr\u00f6\u00dftenteils in Bernau bei Berlin, teilweise in Wandlitz. Es entspricht dem 2000 ausgewiesenen Naturschutzgebiet und geh\u00f6rt zum Naturpark Barnim.<\/p>\n\n\n\n<p>Das Gebiet war einst ein sowjetischer Truppen\u00fcbungsplatz (1946\u20131991) und wurde 1994 dem Land Brandenburg \u00fcbertragen. Heute ist es gr\u00f6\u00dftenteils im Besitz der Berliner Forsten und wird vom Forstamt Buch bewirtschaftet.<\/p>\n\n\n\n<p>Die Sch\u00f6nower Heide zeichnet sich durch n\u00e4hrstoffarme Sandb\u00f6den, Sandmagerrasen, Zwergstrauchheiden und Trockenrasen aus. Der s\u00fcdliche Bereich ist grundwassernah und vermoort. Das Gebiet wird von Kiefernforsten eingerahmt und im S\u00fcden durch die Sch\u00f6nwalder Chaussee (L30) begrenzt.<\/p>\n\n\n\n<div class=\"wp-block-columns is-layout-flex wp-container-core-columns-layout-1 wp-block-columns-is-layout-flex\">\n<div class=\"wp-block-column is-layout-flow wp-block-column-is-layout-flow\" style=\"flex-basis:33.33%\">\n<p><strong>Ziel-LRT (Anhang I FFH-RL):<\/strong><\/p>\n<\/div>\n\n\n\n<div class=\"wp-block-column is-layout-flow wp-block-column-is-layout-flow\" style=\"flex-basis:66.66%\">\n<p>2310 Binnend\u00fcnen mit Heiden<br><br>2330 D\u00fcnen mit offenen Grasfl\u00e4chen<\/p>\n\n\n\n<p>4030 Trockene europ\u00e4ische Heide<\/p>\n<\/div>\n<\/div>\n\n\n\n<div class=\"wp-block-columns is-layout-flex wp-container-core-columns-layout-2 wp-block-columns-is-layout-flex\">\n<div class=\"wp-block-column is-layout-flow wp-block-column-is-layout-flow\"><\/div>\n\n\n\n<div class=\"wp-block-column is-layout-flow wp-block-column-is-layout-flow\">\n<p><a href=\"https:\/\/zan-bb.de\/?page_id=1051\">N\u00e4chstes Gebiet<\/a><\/p>\n<\/div>\n<\/div>\n","protected":false},"excerpt":{"rendered":"<p>EU-Nr.: DE 3347-302Landesnr.: 217Landkreis: BarnimGebietsgr\u00f6\u00dfe: 532,8 ha Gebietscharakteristik Das FFH-Gebiet Sch\u00f6nower Heide erstreckt sich \u00fcber ca. 532,8 ha im Landkreis Barnim und liegt gr\u00f6\u00dftenteils in Bernau bei Berlin, teilweise in Wandlitz. Es entspricht dem 2000 ausgewiesenen Naturschutzgebiet und geh\u00f6rt zum Naturpark Barnim. Das Gebiet war einst ein sowjetischer Truppen\u00fcbungsplatz (1946\u20131991) und wurde 1994 dem Land &hellip; <\/p>\n<p class=\"link-more\"><a href=\"https:\/\/zan-bb.de\/?page_id=1054\" class=\"more-link\"><span class=\"screen-reader-text\">\u201eSch\u00f6nower Heide\u201c<\/span> weiterlesen<\/a><\/p>\n","protected":false},"author":2,"featured_media":0,"parent":0,"menu_order":0,"comment_status":"closed","ping_status":"closed","template":"","meta":{"footnotes":""},"yoast_head":"<!-- This site is optimized with the Yoast SEO plugin v21.9.1 - https:\/\/yoast.com\/wordpress\/plugins\/seo\/ -->\n<title>Sch\u00f6nower Heide - ZAN-bb<\/title>\n<meta name=\"robots\" content=\"index, follow, max-snippet:-1, max-image-preview:large, max-video-preview:-1\" \/>\n<link rel=\"canonical\" href=\"https:\/\/zan-bb.de\/?page_id=1054\" \/>\n<meta property=\"og:locale\" content=\"de_DE\" \/>\n<meta property=\"og:type\" content=\"article\" \/>\n<meta property=\"og:title\" content=\"Sch\u00f6nower Heide - ZAN-bb\" \/>\n<meta property=\"og:description\" content=\"EU-Nr.: DE 3347-302Landesnr.: 217Landkreis: BarnimGebietsgr\u00f6\u00dfe: 532,8 ha Gebietscharakteristik Das FFH-Gebiet Sch\u00f6nower Heide erstreckt sich \u00fcber ca. 532,8 ha im Landkreis Barnim und liegt gr\u00f6\u00dftenteils in Bernau bei Berlin, teilweise in Wandlitz. Es entspricht dem 2000 ausgewiesenen Naturschutzgebiet und geh\u00f6rt zum Naturpark Barnim. Das Gebiet war einst ein sowjetischer Truppen\u00fcbungsplatz (1946\u20131991) und wurde 1994 dem Land &hellip; \u201eSch\u00f6nower Heide\u201c weiterlesen\" \/>\n<meta property=\"og:url\" content=\"https:\/\/zan-bb.de\/?page_id=1054\" \/>\n<meta property=\"og:site_name\" content=\"ZAN-bb\" \/>\n<meta property=\"article:modified_time\" content=\"2025-04-02T10:49:10+00:00\" \/>\n<meta name=\"twitter:card\" content=\"summary_large_image\" \/>\n<meta name=\"twitter:label1\" content=\"Gesch\u00e4tzte Lesezeit\" \/>\n\t<meta name=\"twitter:data1\" content=\"1\u00a0Minute\" \/>\n<script type=\"application\/ld+json\" class=\"yoast-schema-graph\">{\"@context\":\"https:\/\/schema.org\",\"@graph\":[{\"@type\":\"WebPage\",\"@id\":\"https:\/\/zan-bb.de\/?page_id=1054\",\"url\":\"https:\/\/zan-bb.de\/?page_id=1054\",\"name\":\"Sch\u00f6nower Heide - ZAN-bb\",\"isPartOf\":{\"@id\":\"https:\/\/zan-bb.de\/#website\"},\"datePublished\":\"2025-03-25T10:59:43+00:00\",\"dateModified\":\"2025-04-02T10:49:10+00:00\",\"breadcrumb\":{\"@id\":\"https:\/\/zan-bb.de\/?page_id=1054#breadcrumb\"},\"inLanguage\":\"de\",\"potentialAction\":[{\"@type\":\"ReadAction\",\"target\":[\"https:\/\/zan-bb.de\/?page_id=1054\"]}]},{\"@type\":\"BreadcrumbList\",\"@id\":\"https:\/\/zan-bb.de\/?page_id=1054#breadcrumb\",\"itemListElement\":[{\"@type\":\"ListItem\",\"position\":1,\"name\":\"Startseite\",\"item\":\"https:\/\/zan-bb.de\/\"},{\"@type\":\"ListItem\",\"position\":2,\"name\":\"Sch\u00f6nower Heide\"}]},{\"@type\":\"WebSite\",\"@id\":\"https:\/\/zan-bb.de\/#website\",\"url\":\"https:\/\/zan-bb.de\/\",\"name\":\"ZAN-bb\",\"description\":\"Zentrum angewandter Naturschutz in Brandenburg gGmbH\",\"publisher\":{\"@id\":\"https:\/\/zan-bb.de\/#organization\"},\"potentialAction\":[{\"@type\":\"SearchAction\",\"target\":{\"@type\":\"EntryPoint\",\"urlTemplate\":\"https:\/\/zan-bb.de\/?s={search_term_string}\"},\"query-input\":\"required name=search_term_string\"}],\"inLanguage\":\"de\"},{\"@type\":\"Organization\",\"@id\":\"https:\/\/zan-bb.de\/#organization\",\"name\":\"ZAN-bb\",\"url\":\"https:\/\/zan-bb.de\/\",\"logo\":{\"@type\":\"ImageObject\",\"inLanguage\":\"de\",\"@id\":\"https:\/\/zan-bb.de\/#\/schema\/logo\/image\/\",\"url\":\"https:\/\/zan-bb.de\/wp-content\/uploads\/2020\/05\/cropped-ZAN-logo-trans.png\",\"contentUrl\":\"https:\/\/zan-bb.de\/wp-content\/uploads\/2020\/05\/cropped-ZAN-logo-trans.png\",\"width\":250,\"height\":250,\"caption\":\"ZAN-bb\"},\"image\":{\"@id\":\"https:\/\/zan-bb.de\/#\/schema\/logo\/image\/\"}}]}<\/script>\n<!-- \/ Yoast SEO plugin. -->","yoast_head_json":{"title":"Sch\u00f6nower Heide - ZAN-bb","robots":{"index":"index","follow":"follow","max-snippet":"max-snippet:-1","max-image-preview":"max-image-preview:large","max-video-preview":"max-video-preview:-1"},"canonical":"https:\/\/zan-bb.de\/?page_id=1054","og_locale":"de_DE","og_type":"article","og_title":"Sch\u00f6nower Heide - ZAN-bb","og_description":"EU-Nr.: DE 3347-302Landesnr.: 217Landkreis: BarnimGebietsgr\u00f6\u00dfe: 532,8 ha Gebietscharakteristik Das FFH-Gebiet Sch\u00f6nower Heide erstreckt sich \u00fcber ca. 532,8 ha im Landkreis Barnim und liegt gr\u00f6\u00dftenteils in Bernau bei Berlin, teilweise in Wandlitz. Es entspricht dem 2000 ausgewiesenen Naturschutzgebiet und geh\u00f6rt zum Naturpark Barnim. Das Gebiet war einst ein sowjetischer Truppen\u00fcbungsplatz (1946\u20131991) und wurde 1994 dem Land &hellip; \u201eSch\u00f6nower Heide\u201c weiterlesen","og_url":"https:\/\/zan-bb.de\/?page_id=1054","og_site_name":"ZAN-bb","article_modified_time":"2025-04-02T10:49:10+00:00","twitter_card":"summary_large_image","twitter_misc":{"Gesch\u00e4tzte Lesezeit":"1\u00a0Minute"},"schema":{"@context":"https:\/\/schema.org","@graph":[{"@type":"WebPage","@id":"https:\/\/zan-bb.de\/?page_id=1054","url":"https:\/\/zan-bb.de\/?page_id=1054","name":"Sch\u00f6nower Heide - ZAN-bb","isPartOf":{"@id":"https:\/\/zan-bb.de\/#website"},"datePublished":"2025-03-25T10:59:43+00:00","dateModified":"2025-04-02T10:49:10+00:00","breadcrumb":{"@id":"https:\/\/zan-bb.de\/?page_id=1054#breadcrumb"},"inLanguage":"de","potentialAction":[{"@type":"ReadAction","target":["https:\/\/zan-bb.de\/?page_id=1054"]}]},{"@type":"BreadcrumbList","@id":"https:\/\/zan-bb.de\/?page_id=1054#breadcrumb","itemListElement":[{"@type":"ListItem","position":1,"name":"Startseite","item":"https:\/\/zan-bb.de\/"},{"@type":"ListItem","position":2,"name":"Sch\u00f6nower Heide"}]},{"@type":"WebSite","@id":"https:\/\/zan-bb.de\/#website","url":"https:\/\/zan-bb.de\/","name":"ZAN-bb","description":"Zentrum angewandter Naturschutz in Brandenburg gGmbH","publisher":{"@id":"https:\/\/zan-bb.de\/#organization"},"potentialAction":[{"@type":"SearchAction","target":{"@type":"EntryPoint","urlTemplate":"https:\/\/zan-bb.de\/?s={search_term_string}"},"query-input":"required name=search_term_string"}],"inLanguage":"de"},{"@type":"Organization","@id":"https:\/\/zan-bb.de\/#organization","name":"ZAN-bb","url":"https:\/\/zan-bb.de\/","logo":{"@type":"ImageObject","inLanguage":"de","@id":"https:\/\/zan-bb.de\/#\/schema\/logo\/image\/","url":"https:\/\/zan-bb.de\/wp-content\/uploads\/2020\/05\/cropped-ZAN-logo-trans.png","contentUrl":"https:\/\/zan-bb.de\/wp-content\/uploads\/2020\/05\/cropped-ZAN-logo-trans.png","width":250,"height":250,"caption":"ZAN-bb"},"image":{"@id":"https:\/\/zan-bb.de\/#\/schema\/logo\/image\/"}}]}},"_links":{"self":[{"href":"https:\/\/zan-bb.de\/index.php?rest_route=\/wp\/v2\/pages\/1054"}],"collection":[{"href":"https:\/\/zan-bb.de\/index.php?rest_route=\/wp\/v2\/pages"}],"about":[{"href":"https:\/\/zan-bb.de\/index.php?rest_route=\/wp\/v2\/types\/page"}],"author":[{"embeddable":true,"href":"https:\/\/zan-bb.de\/index.php?rest_route=\/wp\/v2\/users\/2"}],"replies":[{"embeddable":true,"href":"https:\/\/zan-bb.de\/index.php?rest_route=%2Fwp%2Fv2%2Fcomments&post=1054"}],"version-history":[{"count":8,"href":"https:\/\/zan-bb.de\/index.php?rest_route=\/wp\/v2\/pages\/1054\/revisions"}],"predecessor-version":[{"id":1431,"href":"https:\/\/zan-bb.de\/index.php?rest_route=\/wp\/v2\/pages\/1054\/revisions\/1431"}],"wp:attachment":[{"href":"https:\/\/zan-bb.de\/index.php?rest_route=%2Fwp%2Fv2%2Fmedia&parent=1054"}],"curies":[{"name":"wp","href":"https:\/\/api.w.org\/{rel}","templated":true}]}}