{"id":1058,"date":"2025-03-25T11:15:57","date_gmt":"2025-03-25T11:15:57","guid":{"rendered":"https:\/\/zan-bb.de\/?page_id=1058"},"modified":"2025-04-02T10:47:21","modified_gmt":"2025-04-02T10:47:21","slug":"nsg-schoenerlinder-teiche","status":"publish","type":"page","link":"https:\/\/zan-bb.de\/?page_id=1058","title":{"rendered":"NSG Sch\u00f6nerlinder Teiche                                                                                       (LRT au\u00dferhalb FFH-Gebietsgrenzen)"},"content":{"rendered":"\n<p><strong>Landkreis:<\/strong> Barnim<br><strong>Gebietsgr\u00f6\u00dfe:<\/strong> 40,67 ha<\/p>\n\n\n\n<p class=\"has-medium-font-size\"><strong>Gebietscharakteristik<\/strong><\/p>\n\n\n\n<p>Das Naturschutzgebiet Sch\u00f6nerlinder Teiche liegt am Berliner Stadtrand in M\u00fchlenbeck (Landkreis Oberhavel), etwa 300 m vom S-Bahnhof M\u00fchlenbeck-M\u00f6nchm\u00fchle entfernt.<\/p>\n\n\n\n<p>Die Teichanlagen wurden 1908 als Verrieselungsfl\u00e4chen f\u00fcr Berliner Abw\u00e4sser angelegt und bis 1977 teils f\u00fcr Karpfenzucht und Entenhaltung genutzt. Danach lagen sie brach. Mit der Inbetriebnahme eines Kl\u00e4rwerks in den 1980er Jahren wurden die Rieselfelder \u00fcberfl\u00fcssig, und die Teiche verlandeten. Dadurch konnten sich seltene Pflanzen und bedrohte Tierarten ungest\u00f6rt ansiedeln.<\/p>\n\n\n\n<p>1997 wurde das Gebiet unter Naturschutz gestellt.<\/p>\n\n\n\n<div class=\"wp-block-columns is-layout-flex wp-container-core-columns-layout-1 wp-block-columns-is-layout-flex\">\n<div class=\"wp-block-column is-layout-flow wp-block-column-is-layout-flow\">\n<p><strong>Ziel-LRT (Anhang I FFH-RL):<\/strong><\/p>\n<\/div>\n\n\n\n<div class=\"wp-block-column is-layout-flow wp-block-column-is-layout-flow\">\n<p>3150 Nat\u00fcrliche n\u00e4hrstoffreiche Seen<\/p>\n<\/div>\n<\/div>\n\n\n\n<div class=\"wp-block-columns is-layout-flex wp-container-core-columns-layout-2 wp-block-columns-is-layout-flex\">\n<div class=\"wp-block-column is-layout-flow wp-block-column-is-layout-flow\">\n<p><strong>Ziel-Art (Anhang II FFH-RL):&nbsp;<\/strong><\/p>\n<\/div>\n\n\n\n<div class=\"wp-block-column is-layout-flow wp-block-column-is-layout-flow\">\n<p>Biber (<em>Castor Fiber<\/em>)<\/p>\n<\/div>\n<\/div>\n\n\n\n<div class=\"wp-block-columns is-layout-flex wp-container-core-columns-layout-3 wp-block-columns-is-layout-flex\">\n<div class=\"wp-block-column is-layout-flow wp-block-column-is-layout-flow\">\n<p><a href=\"https:\/\/zan-bb.de\/?page_id=1051\">Vorheriges Gebiet<\/a><\/p>\n<\/div>\n\n\n\n<div class=\"wp-block-column is-layout-flow wp-block-column-is-layout-flow\">\n<p><a href=\"https:\/\/zan-bb.de\/?page_id=1060\">N\u00e4chstes Gebiet<\/a><\/p>\n<\/div>\n<\/div>\n","protected":false},"excerpt":{"rendered":"<p>Landkreis: BarnimGebietsgr\u00f6\u00dfe: 40,67 ha Gebietscharakteristik Das Naturschutzgebiet Sch\u00f6nerlinder Teiche liegt am Berliner Stadtrand in M\u00fchlenbeck (Landkreis Oberhavel), etwa 300 m vom S-Bahnhof M\u00fchlenbeck-M\u00f6nchm\u00fchle entfernt. Die Teichanlagen wurden 1908 als Verrieselungsfl\u00e4chen f\u00fcr Berliner Abw\u00e4sser angelegt und bis 1977 teils f\u00fcr Karpfenzucht und Entenhaltung genutzt. Danach lagen sie brach. Mit der Inbetriebnahme eines Kl\u00e4rwerks in den 1980er &hellip; <\/p>\n<p class=\"link-more\"><a href=\"https:\/\/zan-bb.de\/?page_id=1058\" class=\"more-link\"><span class=\"screen-reader-text\">\u201eNSG Sch\u00f6nerlinder Teiche                                                                                       (LRT au\u00dferhalb FFH-Gebietsgrenzen)\u201c<\/span> weiterlesen<\/a><\/p>\n","protected":false},"author":2,"featured_media":0,"parent":0,"menu_order":0,"comment_status":"closed","ping_status":"closed","template":"","meta":{"footnotes":""},"yoast_head":"<!-- This site is optimized with the Yoast SEO plugin v21.9.1 - https:\/\/yoast.com\/wordpress\/plugins\/seo\/ -->\n<title>NSG Sch\u00f6nerlinder Teiche                                            (LRT au\u00dferhalb FFH-Gebietsgrenzen) - ZAN-bb<\/title>\n<meta name=\"robots\" content=\"index, follow, max-snippet:-1, max-image-preview:large, max-video-preview:-1\" \/>\n<link rel=\"canonical\" href=\"https:\/\/zan-bb.de\/?page_id=1058\" \/>\n<meta property=\"og:locale\" content=\"de_DE\" \/>\n<meta property=\"og:type\" content=\"article\" \/>\n<meta property=\"og:title\" content=\"NSG Sch\u00f6nerlinder Teiche                                            (LRT au\u00dferhalb FFH-Gebietsgrenzen) - ZAN-bb\" \/>\n<meta property=\"og:description\" content=\"Landkreis: BarnimGebietsgr\u00f6\u00dfe: 40,67 ha Gebietscharakteristik Das Naturschutzgebiet Sch\u00f6nerlinder Teiche liegt am Berliner Stadtrand in M\u00fchlenbeck (Landkreis Oberhavel), etwa 300 m vom S-Bahnhof M\u00fchlenbeck-M\u00f6nchm\u00fchle entfernt. Die Teichanlagen wurden 1908 als Verrieselungsfl\u00e4chen f\u00fcr Berliner Abw\u00e4sser angelegt und bis 1977 teils f\u00fcr Karpfenzucht und Entenhaltung genutzt. Danach lagen sie brach. Mit der Inbetriebnahme eines Kl\u00e4rwerks in den 1980er &hellip; \u201eNSG Sch\u00f6nerlinder Teiche                                            (LRT au\u00dferhalb FFH-Gebietsgrenzen)\u201c weiterlesen\" \/>\n<meta property=\"og:url\" content=\"https:\/\/zan-bb.de\/?page_id=1058\" \/>\n<meta property=\"og:site_name\" content=\"ZAN-bb\" \/>\n<meta property=\"article:modified_time\" content=\"2025-04-02T10:47:21+00:00\" \/>\n<meta name=\"twitter:card\" content=\"summary_large_image\" \/>\n<meta name=\"twitter:label1\" content=\"Gesch\u00e4tzte Lesezeit\" \/>\n\t<meta name=\"twitter:data1\" content=\"1\u00a0Minute\" \/>\n<script type=\"application\/ld+json\" class=\"yoast-schema-graph\">{\"@context\":\"https:\/\/schema.org\",\"@graph\":[{\"@type\":\"WebPage\",\"@id\":\"https:\/\/zan-bb.de\/?page_id=1058\",\"url\":\"https:\/\/zan-bb.de\/?page_id=1058\",\"name\":\"NSG Sch\u00f6nerlinder Teiche (LRT au\u00dferhalb FFH-Gebietsgrenzen) - ZAN-bb\",\"isPartOf\":{\"@id\":\"https:\/\/zan-bb.de\/#website\"},\"datePublished\":\"2025-03-25T11:15:57+00:00\",\"dateModified\":\"2025-04-02T10:47:21+00:00\",\"breadcrumb\":{\"@id\":\"https:\/\/zan-bb.de\/?page_id=1058#breadcrumb\"},\"inLanguage\":\"de\",\"potentialAction\":[{\"@type\":\"ReadAction\",\"target\":[\"https:\/\/zan-bb.de\/?page_id=1058\"]}]},{\"@type\":\"BreadcrumbList\",\"@id\":\"https:\/\/zan-bb.de\/?page_id=1058#breadcrumb\",\"itemListElement\":[{\"@type\":\"ListItem\",\"position\":1,\"name\":\"Startseite\",\"item\":\"https:\/\/zan-bb.de\/\"},{\"@type\":\"ListItem\",\"position\":2,\"name\":\"NSG Sch\u00f6nerlinder Teiche (LRT au\u00dferhalb FFH-Gebietsgrenzen)\"}]},{\"@type\":\"WebSite\",\"@id\":\"https:\/\/zan-bb.de\/#website\",\"url\":\"https:\/\/zan-bb.de\/\",\"name\":\"ZAN-bb\",\"description\":\"Zentrum angewandter Naturschutz in Brandenburg gGmbH\",\"publisher\":{\"@id\":\"https:\/\/zan-bb.de\/#organization\"},\"potentialAction\":[{\"@type\":\"SearchAction\",\"target\":{\"@type\":\"EntryPoint\",\"urlTemplate\":\"https:\/\/zan-bb.de\/?s={search_term_string}\"},\"query-input\":\"required name=search_term_string\"}],\"inLanguage\":\"de\"},{\"@type\":\"Organization\",\"@id\":\"https:\/\/zan-bb.de\/#organization\",\"name\":\"ZAN-bb\",\"url\":\"https:\/\/zan-bb.de\/\",\"logo\":{\"@type\":\"ImageObject\",\"inLanguage\":\"de\",\"@id\":\"https:\/\/zan-bb.de\/#\/schema\/logo\/image\/\",\"url\":\"https:\/\/zan-bb.de\/wp-content\/uploads\/2020\/05\/cropped-ZAN-logo-trans.png\",\"contentUrl\":\"https:\/\/zan-bb.de\/wp-content\/uploads\/2020\/05\/cropped-ZAN-logo-trans.png\",\"width\":250,\"height\":250,\"caption\":\"ZAN-bb\"},\"image\":{\"@id\":\"https:\/\/zan-bb.de\/#\/schema\/logo\/image\/\"}}]}<\/script>\n<!-- \/ Yoast SEO plugin. -->","yoast_head_json":{"title":"NSG Sch\u00f6nerlinder Teiche                                            (LRT au\u00dferhalb FFH-Gebietsgrenzen) - ZAN-bb","robots":{"index":"index","follow":"follow","max-snippet":"max-snippet:-1","max-image-preview":"max-image-preview:large","max-video-preview":"max-video-preview:-1"},"canonical":"https:\/\/zan-bb.de\/?page_id=1058","og_locale":"de_DE","og_type":"article","og_title":"NSG Sch\u00f6nerlinder Teiche                                            (LRT au\u00dferhalb FFH-Gebietsgrenzen) - ZAN-bb","og_description":"Landkreis: BarnimGebietsgr\u00f6\u00dfe: 40,67 ha Gebietscharakteristik Das Naturschutzgebiet Sch\u00f6nerlinder Teiche liegt am Berliner Stadtrand in M\u00fchlenbeck (Landkreis Oberhavel), etwa 300 m vom S-Bahnhof M\u00fchlenbeck-M\u00f6nchm\u00fchle entfernt. Die Teichanlagen wurden 1908 als Verrieselungsfl\u00e4chen f\u00fcr Berliner Abw\u00e4sser angelegt und bis 1977 teils f\u00fcr Karpfenzucht und Entenhaltung genutzt. Danach lagen sie brach. Mit der Inbetriebnahme eines Kl\u00e4rwerks in den 1980er &hellip; \u201eNSG Sch\u00f6nerlinder Teiche                                            (LRT au\u00dferhalb FFH-Gebietsgrenzen)\u201c weiterlesen","og_url":"https:\/\/zan-bb.de\/?page_id=1058","og_site_name":"ZAN-bb","article_modified_time":"2025-04-02T10:47:21+00:00","twitter_card":"summary_large_image","twitter_misc":{"Gesch\u00e4tzte Lesezeit":"1\u00a0Minute"},"schema":{"@context":"https:\/\/schema.org","@graph":[{"@type":"WebPage","@id":"https:\/\/zan-bb.de\/?page_id=1058","url":"https:\/\/zan-bb.de\/?page_id=1058","name":"NSG Sch\u00f6nerlinder Teiche (LRT au\u00dferhalb FFH-Gebietsgrenzen) - ZAN-bb","isPartOf":{"@id":"https:\/\/zan-bb.de\/#website"},"datePublished":"2025-03-25T11:15:57+00:00","dateModified":"2025-04-02T10:47:21+00:00","breadcrumb":{"@id":"https:\/\/zan-bb.de\/?page_id=1058#breadcrumb"},"inLanguage":"de","potentialAction":[{"@type":"ReadAction","target":["https:\/\/zan-bb.de\/?page_id=1058"]}]},{"@type":"BreadcrumbList","@id":"https:\/\/zan-bb.de\/?page_id=1058#breadcrumb","itemListElement":[{"@type":"ListItem","position":1,"name":"Startseite","item":"https:\/\/zan-bb.de\/"},{"@type":"ListItem","position":2,"name":"NSG Sch\u00f6nerlinder Teiche (LRT au\u00dferhalb FFH-Gebietsgrenzen)"}]},{"@type":"WebSite","@id":"https:\/\/zan-bb.de\/#website","url":"https:\/\/zan-bb.de\/","name":"ZAN-bb","description":"Zentrum angewandter Naturschutz in Brandenburg gGmbH","publisher":{"@id":"https:\/\/zan-bb.de\/#organization"},"potentialAction":[{"@type":"SearchAction","target":{"@type":"EntryPoint","urlTemplate":"https:\/\/zan-bb.de\/?s={search_term_string}"},"query-input":"required name=search_term_string"}],"inLanguage":"de"},{"@type":"Organization","@id":"https:\/\/zan-bb.de\/#organization","name":"ZAN-bb","url":"https:\/\/zan-bb.de\/","logo":{"@type":"ImageObject","inLanguage":"de","@id":"https:\/\/zan-bb.de\/#\/schema\/logo\/image\/","url":"https:\/\/zan-bb.de\/wp-content\/uploads\/2020\/05\/cropped-ZAN-logo-trans.png","contentUrl":"https:\/\/zan-bb.de\/wp-content\/uploads\/2020\/05\/cropped-ZAN-logo-trans.png","width":250,"height":250,"caption":"ZAN-bb"},"image":{"@id":"https:\/\/zan-bb.de\/#\/schema\/logo\/image\/"}}]}},"_links":{"self":[{"href":"https:\/\/zan-bb.de\/index.php?rest_route=\/wp\/v2\/pages\/1058"}],"collection":[{"href":"https:\/\/zan-bb.de\/index.php?rest_route=\/wp\/v2\/pages"}],"about":[{"href":"https:\/\/zan-bb.de\/index.php?rest_route=\/wp\/v2\/types\/page"}],"author":[{"embeddable":true,"href":"https:\/\/zan-bb.de\/index.php?rest_route=\/wp\/v2\/users\/2"}],"replies":[{"embeddable":true,"href":"https:\/\/zan-bb.de\/index.php?rest_route=%2Fwp%2Fv2%2Fcomments&post=1058"}],"version-history":[{"count":11,"href":"https:\/\/zan-bb.de\/index.php?rest_route=\/wp\/v2\/pages\/1058\/revisions"}],"predecessor-version":[{"id":1428,"href":"https:\/\/zan-bb.de\/index.php?rest_route=\/wp\/v2\/pages\/1058\/revisions\/1428"}],"wp:attachment":[{"href":"https:\/\/zan-bb.de\/index.php?rest_route=%2Fwp%2Fv2%2Fmedia&parent=1058"}],"curies":[{"name":"wp","href":"https:\/\/api.w.org\/{rel}","templated":true}]}}