{"id":1060,"date":"2025-03-25T11:18:12","date_gmt":"2025-03-25T11:18:12","guid":{"rendered":"https:\/\/zan-bb.de\/?page_id=1060"},"modified":"2025-04-02T10:36:20","modified_gmt":"2025-04-02T10:36:20","slug":"eichwerder-moorwiesen","status":"publish","type":"page","link":"https:\/\/zan-bb.de\/?page_id=1060","title":{"rendered":"Eichwerder Moorwiesen"},"content":{"rendered":"\n<p><strong>EU-Nr.: <\/strong>DE 3346-302<br><strong>Landesnr.: <\/strong>212<br><strong>Landkreis:<\/strong> Barnim<br><strong>Gebietsgr\u00f6\u00dfe:<\/strong> 118 ha<\/p>\n\n\n\n<p class=\"has-medium-font-size\"><strong>Gebietscharakteristik<\/strong><\/p>\n\n\n\n<p>Das FFH-Gebiet Eichwerder Moorwiesen liegt an der Nordgrenze Berlins zwischen Glienicke\/Nordbahn, Schildow und L\u00fcbars. Es erstreckt sich \u00fcber die Verwaltungsbereiche der Gemeinden M\u00fchlenbecker Land und Glienicke\/Nordbahn im Landkreis Oberhavel. Ein 3,8 km langer Abschnitt des Tegeler Flie\u00dfes bildet weitgehend die s\u00fcdliche Grenze.<\/p>\n\n\n\n<p>Der Norden umfasst Teile des ehemaligen Mauerstreifens mit Brachfl\u00e4chen, die von Trockenrasen und Ruderalfluren gepr\u00e4gt sind und allm\u00e4hlich verbuschen. S\u00fcdlich schlie\u00dfen sich landwirtschaftlich genutzte Feuchtwiesen an. Das FFH-Gebiet geh\u00f6rt zum Naturpark Barnim. Die Hauptfl\u00e4chen bestehen aus Mooren, (feuchten) Gras- und Staudenfluren, W\u00e4ldern sowie Laubgeh\u00f6lzen und Baumgruppen.<\/p>\n\n\n\n<div class=\"wp-block-columns is-layout-flex wp-container-core-columns-layout-1 wp-block-columns-is-layout-flex\">\n<div class=\"wp-block-column is-layout-flow wp-block-column-is-layout-flow\">\n<p><strong>Ziel-LRT (Anhang I FFH-RL):<\/strong><\/p>\n<\/div>\n\n\n\n<div class=\"wp-block-column is-layout-flow wp-block-column-is-layout-flow\">\n<p>2330 Binnend\u00fcnen mit Magerrasen<br><br>7230 Kalkreiche Niedermoore<\/p>\n<\/div>\n<\/div>\n\n\n\n<div class=\"wp-block-columns is-layout-flex wp-container-core-columns-layout-2 wp-block-columns-is-layout-flex\">\n<div class=\"wp-block-column is-layout-flow wp-block-column-is-layout-flow\">\n<p><a href=\"https:\/\/zan-bb.de\/?page_id=1058\">Vorheriges Gebiet<\/a><\/p>\n<\/div>\n\n\n\n<div class=\"wp-block-column is-layout-flow wp-block-column-is-layout-flow\">\n<p><a href=\"https:\/\/zan-bb.de\/?page_id=1062\">N\u00e4chstes Gebiet<\/a><\/p>\n<\/div>\n<\/div>\n","protected":false},"excerpt":{"rendered":"<p>EU-Nr.: DE 3346-302Landesnr.: 212Landkreis: BarnimGebietsgr\u00f6\u00dfe: 118 ha Gebietscharakteristik Das FFH-Gebiet Eichwerder Moorwiesen liegt an der Nordgrenze Berlins zwischen Glienicke\/Nordbahn, Schildow und L\u00fcbars. Es erstreckt sich \u00fcber die Verwaltungsbereiche der Gemeinden M\u00fchlenbecker Land und Glienicke\/Nordbahn im Landkreis Oberhavel. Ein 3,8 km langer Abschnitt des Tegeler Flie\u00dfes bildet weitgehend die s\u00fcdliche Grenze. Der Norden umfasst Teile des &hellip; <\/p>\n<p class=\"link-more\"><a href=\"https:\/\/zan-bb.de\/?page_id=1060\" class=\"more-link\"><span class=\"screen-reader-text\">\u201eEichwerder Moorwiesen\u201c<\/span> weiterlesen<\/a><\/p>\n","protected":false},"author":2,"featured_media":0,"parent":0,"menu_order":0,"comment_status":"closed","ping_status":"closed","template":"","meta":{"footnotes":""},"yoast_head":"<!-- This site is optimized with the Yoast SEO plugin v21.9.1 - https:\/\/yoast.com\/wordpress\/plugins\/seo\/ -->\n<title>Eichwerder Moorwiesen - ZAN-bb<\/title>\n<meta name=\"robots\" content=\"index, follow, max-snippet:-1, max-image-preview:large, max-video-preview:-1\" \/>\n<link rel=\"canonical\" href=\"https:\/\/zan-bb.de\/?page_id=1060\" \/>\n<meta property=\"og:locale\" content=\"de_DE\" \/>\n<meta property=\"og:type\" content=\"article\" \/>\n<meta property=\"og:title\" content=\"Eichwerder Moorwiesen - ZAN-bb\" \/>\n<meta property=\"og:description\" content=\"EU-Nr.: DE 3346-302Landesnr.: 212Landkreis: BarnimGebietsgr\u00f6\u00dfe: 118 ha Gebietscharakteristik Das FFH-Gebiet Eichwerder Moorwiesen liegt an der Nordgrenze Berlins zwischen Glienicke\/Nordbahn, Schildow und L\u00fcbars. Es erstreckt sich \u00fcber die Verwaltungsbereiche der Gemeinden M\u00fchlenbecker Land und Glienicke\/Nordbahn im Landkreis Oberhavel. Ein 3,8 km langer Abschnitt des Tegeler Flie\u00dfes bildet weitgehend die s\u00fcdliche Grenze. Der Norden umfasst Teile des &hellip; \u201eEichwerder Moorwiesen\u201c weiterlesen\" \/>\n<meta property=\"og:url\" content=\"https:\/\/zan-bb.de\/?page_id=1060\" \/>\n<meta property=\"og:site_name\" content=\"ZAN-bb\" \/>\n<meta property=\"article:modified_time\" content=\"2025-04-02T10:36:20+00:00\" \/>\n<meta name=\"twitter:card\" content=\"summary_large_image\" \/>\n<meta name=\"twitter:label1\" content=\"Gesch\u00e4tzte Lesezeit\" \/>\n\t<meta name=\"twitter:data1\" content=\"1\u00a0Minute\" \/>\n<script type=\"application\/ld+json\" class=\"yoast-schema-graph\">{\"@context\":\"https:\/\/schema.org\",\"@graph\":[{\"@type\":\"WebPage\",\"@id\":\"https:\/\/zan-bb.de\/?page_id=1060\",\"url\":\"https:\/\/zan-bb.de\/?page_id=1060\",\"name\":\"Eichwerder Moorwiesen - ZAN-bb\",\"isPartOf\":{\"@id\":\"https:\/\/zan-bb.de\/#website\"},\"datePublished\":\"2025-03-25T11:18:12+00:00\",\"dateModified\":\"2025-04-02T10:36:20+00:00\",\"breadcrumb\":{\"@id\":\"https:\/\/zan-bb.de\/?page_id=1060#breadcrumb\"},\"inLanguage\":\"de\",\"potentialAction\":[{\"@type\":\"ReadAction\",\"target\":[\"https:\/\/zan-bb.de\/?page_id=1060\"]}]},{\"@type\":\"BreadcrumbList\",\"@id\":\"https:\/\/zan-bb.de\/?page_id=1060#breadcrumb\",\"itemListElement\":[{\"@type\":\"ListItem\",\"position\":1,\"name\":\"Startseite\",\"item\":\"https:\/\/zan-bb.de\/\"},{\"@type\":\"ListItem\",\"position\":2,\"name\":\"Eichwerder Moorwiesen\"}]},{\"@type\":\"WebSite\",\"@id\":\"https:\/\/zan-bb.de\/#website\",\"url\":\"https:\/\/zan-bb.de\/\",\"name\":\"ZAN-bb\",\"description\":\"Zentrum angewandter Naturschutz in Brandenburg gGmbH\",\"publisher\":{\"@id\":\"https:\/\/zan-bb.de\/#organization\"},\"potentialAction\":[{\"@type\":\"SearchAction\",\"target\":{\"@type\":\"EntryPoint\",\"urlTemplate\":\"https:\/\/zan-bb.de\/?s={search_term_string}\"},\"query-input\":\"required name=search_term_string\"}],\"inLanguage\":\"de\"},{\"@type\":\"Organization\",\"@id\":\"https:\/\/zan-bb.de\/#organization\",\"name\":\"ZAN-bb\",\"url\":\"https:\/\/zan-bb.de\/\",\"logo\":{\"@type\":\"ImageObject\",\"inLanguage\":\"de\",\"@id\":\"https:\/\/zan-bb.de\/#\/schema\/logo\/image\/\",\"url\":\"https:\/\/zan-bb.de\/wp-content\/uploads\/2020\/05\/cropped-ZAN-logo-trans.png\",\"contentUrl\":\"https:\/\/zan-bb.de\/wp-content\/uploads\/2020\/05\/cropped-ZAN-logo-trans.png\",\"width\":250,\"height\":250,\"caption\":\"ZAN-bb\"},\"image\":{\"@id\":\"https:\/\/zan-bb.de\/#\/schema\/logo\/image\/\"}}]}<\/script>\n<!-- \/ Yoast SEO plugin. -->","yoast_head_json":{"title":"Eichwerder Moorwiesen - ZAN-bb","robots":{"index":"index","follow":"follow","max-snippet":"max-snippet:-1","max-image-preview":"max-image-preview:large","max-video-preview":"max-video-preview:-1"},"canonical":"https:\/\/zan-bb.de\/?page_id=1060","og_locale":"de_DE","og_type":"article","og_title":"Eichwerder Moorwiesen - ZAN-bb","og_description":"EU-Nr.: DE 3346-302Landesnr.: 212Landkreis: BarnimGebietsgr\u00f6\u00dfe: 118 ha Gebietscharakteristik Das FFH-Gebiet Eichwerder Moorwiesen liegt an der Nordgrenze Berlins zwischen Glienicke\/Nordbahn, Schildow und L\u00fcbars. Es erstreckt sich \u00fcber die Verwaltungsbereiche der Gemeinden M\u00fchlenbecker Land und Glienicke\/Nordbahn im Landkreis Oberhavel. Ein 3,8 km langer Abschnitt des Tegeler Flie\u00dfes bildet weitgehend die s\u00fcdliche Grenze. Der Norden umfasst Teile des &hellip; \u201eEichwerder Moorwiesen\u201c weiterlesen","og_url":"https:\/\/zan-bb.de\/?page_id=1060","og_site_name":"ZAN-bb","article_modified_time":"2025-04-02T10:36:20+00:00","twitter_card":"summary_large_image","twitter_misc":{"Gesch\u00e4tzte Lesezeit":"1\u00a0Minute"},"schema":{"@context":"https:\/\/schema.org","@graph":[{"@type":"WebPage","@id":"https:\/\/zan-bb.de\/?page_id=1060","url":"https:\/\/zan-bb.de\/?page_id=1060","name":"Eichwerder Moorwiesen - ZAN-bb","isPartOf":{"@id":"https:\/\/zan-bb.de\/#website"},"datePublished":"2025-03-25T11:18:12+00:00","dateModified":"2025-04-02T10:36:20+00:00","breadcrumb":{"@id":"https:\/\/zan-bb.de\/?page_id=1060#breadcrumb"},"inLanguage":"de","potentialAction":[{"@type":"ReadAction","target":["https:\/\/zan-bb.de\/?page_id=1060"]}]},{"@type":"BreadcrumbList","@id":"https:\/\/zan-bb.de\/?page_id=1060#breadcrumb","itemListElement":[{"@type":"ListItem","position":1,"name":"Startseite","item":"https:\/\/zan-bb.de\/"},{"@type":"ListItem","position":2,"name":"Eichwerder Moorwiesen"}]},{"@type":"WebSite","@id":"https:\/\/zan-bb.de\/#website","url":"https:\/\/zan-bb.de\/","name":"ZAN-bb","description":"Zentrum angewandter Naturschutz in Brandenburg gGmbH","publisher":{"@id":"https:\/\/zan-bb.de\/#organization"},"potentialAction":[{"@type":"SearchAction","target":{"@type":"EntryPoint","urlTemplate":"https:\/\/zan-bb.de\/?s={search_term_string}"},"query-input":"required name=search_term_string"}],"inLanguage":"de"},{"@type":"Organization","@id":"https:\/\/zan-bb.de\/#organization","name":"ZAN-bb","url":"https:\/\/zan-bb.de\/","logo":{"@type":"ImageObject","inLanguage":"de","@id":"https:\/\/zan-bb.de\/#\/schema\/logo\/image\/","url":"https:\/\/zan-bb.de\/wp-content\/uploads\/2020\/05\/cropped-ZAN-logo-trans.png","contentUrl":"https:\/\/zan-bb.de\/wp-content\/uploads\/2020\/05\/cropped-ZAN-logo-trans.png","width":250,"height":250,"caption":"ZAN-bb"},"image":{"@id":"https:\/\/zan-bb.de\/#\/schema\/logo\/image\/"}}]}},"_links":{"self":[{"href":"https:\/\/zan-bb.de\/index.php?rest_route=\/wp\/v2\/pages\/1060"}],"collection":[{"href":"https:\/\/zan-bb.de\/index.php?rest_route=\/wp\/v2\/pages"}],"about":[{"href":"https:\/\/zan-bb.de\/index.php?rest_route=\/wp\/v2\/types\/page"}],"author":[{"embeddable":true,"href":"https:\/\/zan-bb.de\/index.php?rest_route=\/wp\/v2\/users\/2"}],"replies":[{"embeddable":true,"href":"https:\/\/zan-bb.de\/index.php?rest_route=%2Fwp%2Fv2%2Fcomments&post=1060"}],"version-history":[{"count":10,"href":"https:\/\/zan-bb.de\/index.php?rest_route=\/wp\/v2\/pages\/1060\/revisions"}],"predecessor-version":[{"id":1413,"href":"https:\/\/zan-bb.de\/index.php?rest_route=\/wp\/v2\/pages\/1060\/revisions\/1413"}],"wp:attachment":[{"href":"https:\/\/zan-bb.de\/index.php?rest_route=%2Fwp%2Fv2%2Fmedia&parent=1060"}],"curies":[{"name":"wp","href":"https:\/\/api.w.org\/{rel}","templated":true}]}}