{"id":1062,"date":"2025-03-25T11:20:33","date_gmt":"2025-03-25T11:20:33","guid":{"rendered":"https:\/\/zan-bb.de\/?page_id=1062"},"modified":"2025-04-02T10:24:17","modified_gmt":"2025-04-02T10:24:17","slug":"bloensdorf","status":"publish","type":"page","link":"https:\/\/zan-bb.de\/?page_id=1062","title":{"rendered":"Bl\u00f6nsdorf"},"content":{"rendered":"\n<p><strong>EU-Nr.: <\/strong>DE 4043-301<br><strong>Landesnr.: <\/strong>371<br><strong>Landkreis:<\/strong> Teltow-Fl\u00e4ming<br><strong>Gebietsgr\u00f6\u00dfe:<\/strong> 544 ha<\/p>\n\n\n\n<p class=\"has-medium-font-size\"><strong>Gebietscharakteristik<\/strong><\/p>\n\n\n\n<p>Das FFH-Gebiet Bl\u00f6nsdorf liegt in Niederg\u00f6rsdorf im S\u00fcden des Landkreises Teltow-Fl\u00e4ming und grenzt im Westen an Sachsen-Anhalt. Es umfasst 544 ha und erstreckt sich ca. 3,1 km in Ost-West- sowie 2,1 km in Nord-S\u00fcd-Richtung.<\/p>\n\n\n\n<p>Wichtige Erhaltungsziele sind der Lebensraumtyp 3150 (\u201eNat\u00fcrliche eutrophe Seen\u201c) sowie die Anhang-II-Arten Rotbauchunke (Bombina bombina) und Kammmolch (Triturus cristatus). Die Rotbauchunke gilt als besonders sch\u00fctzenswert.<\/p>\n\n\n\n<p>Das Gebiet ist innerhalb des Natura-2000-Netzes relativ isoliert. Das FFH-Gebiet \u201eKlebitz-Rahnsdorfer Felds\u00f6lle\u201c, in Sachsen-Anhalt, grenzt direkt westlich an. Beide Gebiete sind f\u00fcr Rotbauchunken bedeutsam und weisen \u00e4hnliche Biotopstrukturen auf. 93 % der Fl\u00e4che bestehen aus Ackerkomplexen, erg\u00e4nzt durch Gr\u00fcnland- und Nadelwaldkomplexe. Gemeinsam bilden sie einen wichtigen Lebensraum f\u00fcr Amphibien nach Anhang II und IV der FFH-Richtlinie.<\/p>\n\n\n\n<div class=\"wp-block-columns is-layout-flex wp-container-core-columns-layout-1 wp-block-columns-is-layout-flex\">\n<div class=\"wp-block-column is-layout-flow wp-block-column-is-layout-flow\">\n<p><strong>Ziel-Art (Anhang II FFH-RL):&nbsp;<\/strong><\/p>\n<\/div>\n\n\n\n<div class=\"wp-block-column is-layout-flow wp-block-column-is-layout-flow\">\n<p>Rotbauchunke (<em>Bombina bombina<\/em>)<\/p>\n\n\n\n<p>Kammmolch (<em>Triturus cristatus<\/em>)<\/p>\n\n\n\n<p>weitere Amphibien<\/p>\n<\/div>\n<\/div>\n\n\n\n<div class=\"wp-block-columns is-layout-flex wp-container-core-columns-layout-2 wp-block-columns-is-layout-flex\">\n<div class=\"wp-block-column is-layout-flow wp-block-column-is-layout-flow\">\n<p><a href=\"https:\/\/zan-bb.de\/?page_id=1060\">Vorheriges Gebiet<\/a><\/p>\n<\/div>\n\n\n\n<div class=\"wp-block-column is-layout-flow wp-block-column-is-layout-flow\">\n<p><a href=\"https:\/\/zan-bb.de\/?page_id=1064\">N\u00e4chstes Gebiet<\/a><\/p>\n<\/div>\n<\/div>\n","protected":false},"excerpt":{"rendered":"<p>EU-Nr.: DE 4043-301Landesnr.: 371Landkreis: Teltow-Fl\u00e4mingGebietsgr\u00f6\u00dfe: 544 ha Gebietscharakteristik Das FFH-Gebiet Bl\u00f6nsdorf liegt in Niederg\u00f6rsdorf im S\u00fcden des Landkreises Teltow-Fl\u00e4ming und grenzt im Westen an Sachsen-Anhalt. Es umfasst 544 ha und erstreckt sich ca. 3,1 km in Ost-West- sowie 2,1 km in Nord-S\u00fcd-Richtung. Wichtige Erhaltungsziele sind der Lebensraumtyp 3150 (\u201eNat\u00fcrliche eutrophe Seen\u201c) sowie die Anhang-II-Arten Rotbauchunke &hellip; <\/p>\n<p class=\"link-more\"><a href=\"https:\/\/zan-bb.de\/?page_id=1062\" class=\"more-link\"><span class=\"screen-reader-text\">\u201eBl\u00f6nsdorf\u201c<\/span> weiterlesen<\/a><\/p>\n","protected":false},"author":2,"featured_media":0,"parent":0,"menu_order":0,"comment_status":"closed","ping_status":"closed","template":"","meta":{"footnotes":""},"yoast_head":"<!-- This site is optimized with the Yoast SEO plugin v21.9.1 - https:\/\/yoast.com\/wordpress\/plugins\/seo\/ -->\n<title>Bl\u00f6nsdorf - ZAN-bb<\/title>\n<meta name=\"robots\" content=\"index, follow, max-snippet:-1, max-image-preview:large, max-video-preview:-1\" \/>\n<link rel=\"canonical\" href=\"https:\/\/zan-bb.de\/?page_id=1062\" \/>\n<meta property=\"og:locale\" content=\"de_DE\" \/>\n<meta property=\"og:type\" content=\"article\" \/>\n<meta property=\"og:title\" content=\"Bl\u00f6nsdorf - ZAN-bb\" \/>\n<meta property=\"og:description\" content=\"EU-Nr.: DE 4043-301Landesnr.: 371Landkreis: Teltow-Fl\u00e4mingGebietsgr\u00f6\u00dfe: 544 ha Gebietscharakteristik Das FFH-Gebiet Bl\u00f6nsdorf liegt in Niederg\u00f6rsdorf im S\u00fcden des Landkreises Teltow-Fl\u00e4ming und grenzt im Westen an Sachsen-Anhalt. Es umfasst 544 ha und erstreckt sich ca. 3,1 km in Ost-West- sowie 2,1 km in Nord-S\u00fcd-Richtung. Wichtige Erhaltungsziele sind der Lebensraumtyp 3150 (\u201eNat\u00fcrliche eutrophe Seen\u201c) sowie die Anhang-II-Arten Rotbauchunke &hellip; \u201eBl\u00f6nsdorf\u201c weiterlesen\" \/>\n<meta property=\"og:url\" content=\"https:\/\/zan-bb.de\/?page_id=1062\" \/>\n<meta property=\"og:site_name\" content=\"ZAN-bb\" \/>\n<meta property=\"article:modified_time\" content=\"2025-04-02T10:24:17+00:00\" \/>\n<meta name=\"twitter:card\" content=\"summary_large_image\" \/>\n<meta name=\"twitter:label1\" content=\"Gesch\u00e4tzte Lesezeit\" \/>\n\t<meta name=\"twitter:data1\" content=\"1\u00a0Minute\" \/>\n<script type=\"application\/ld+json\" class=\"yoast-schema-graph\">{\"@context\":\"https:\/\/schema.org\",\"@graph\":[{\"@type\":\"WebPage\",\"@id\":\"https:\/\/zan-bb.de\/?page_id=1062\",\"url\":\"https:\/\/zan-bb.de\/?page_id=1062\",\"name\":\"Bl\u00f6nsdorf - ZAN-bb\",\"isPartOf\":{\"@id\":\"https:\/\/zan-bb.de\/#website\"},\"datePublished\":\"2025-03-25T11:20:33+00:00\",\"dateModified\":\"2025-04-02T10:24:17+00:00\",\"breadcrumb\":{\"@id\":\"https:\/\/zan-bb.de\/?page_id=1062#breadcrumb\"},\"inLanguage\":\"de\",\"potentialAction\":[{\"@type\":\"ReadAction\",\"target\":[\"https:\/\/zan-bb.de\/?page_id=1062\"]}]},{\"@type\":\"BreadcrumbList\",\"@id\":\"https:\/\/zan-bb.de\/?page_id=1062#breadcrumb\",\"itemListElement\":[{\"@type\":\"ListItem\",\"position\":1,\"name\":\"Startseite\",\"item\":\"https:\/\/zan-bb.de\/\"},{\"@type\":\"ListItem\",\"position\":2,\"name\":\"Bl\u00f6nsdorf\"}]},{\"@type\":\"WebSite\",\"@id\":\"https:\/\/zan-bb.de\/#website\",\"url\":\"https:\/\/zan-bb.de\/\",\"name\":\"ZAN-bb\",\"description\":\"Zentrum angewandter Naturschutz in Brandenburg gGmbH\",\"publisher\":{\"@id\":\"https:\/\/zan-bb.de\/#organization\"},\"potentialAction\":[{\"@type\":\"SearchAction\",\"target\":{\"@type\":\"EntryPoint\",\"urlTemplate\":\"https:\/\/zan-bb.de\/?s={search_term_string}\"},\"query-input\":\"required name=search_term_string\"}],\"inLanguage\":\"de\"},{\"@type\":\"Organization\",\"@id\":\"https:\/\/zan-bb.de\/#organization\",\"name\":\"ZAN-bb\",\"url\":\"https:\/\/zan-bb.de\/\",\"logo\":{\"@type\":\"ImageObject\",\"inLanguage\":\"de\",\"@id\":\"https:\/\/zan-bb.de\/#\/schema\/logo\/image\/\",\"url\":\"https:\/\/zan-bb.de\/wp-content\/uploads\/2020\/05\/cropped-ZAN-logo-trans.png\",\"contentUrl\":\"https:\/\/zan-bb.de\/wp-content\/uploads\/2020\/05\/cropped-ZAN-logo-trans.png\",\"width\":250,\"height\":250,\"caption\":\"ZAN-bb\"},\"image\":{\"@id\":\"https:\/\/zan-bb.de\/#\/schema\/logo\/image\/\"}}]}<\/script>\n<!-- \/ Yoast SEO plugin. -->","yoast_head_json":{"title":"Bl\u00f6nsdorf - ZAN-bb","robots":{"index":"index","follow":"follow","max-snippet":"max-snippet:-1","max-image-preview":"max-image-preview:large","max-video-preview":"max-video-preview:-1"},"canonical":"https:\/\/zan-bb.de\/?page_id=1062","og_locale":"de_DE","og_type":"article","og_title":"Bl\u00f6nsdorf - ZAN-bb","og_description":"EU-Nr.: DE 4043-301Landesnr.: 371Landkreis: Teltow-Fl\u00e4mingGebietsgr\u00f6\u00dfe: 544 ha Gebietscharakteristik Das FFH-Gebiet Bl\u00f6nsdorf liegt in Niederg\u00f6rsdorf im S\u00fcden des Landkreises Teltow-Fl\u00e4ming und grenzt im Westen an Sachsen-Anhalt. Es umfasst 544 ha und erstreckt sich ca. 3,1 km in Ost-West- sowie 2,1 km in Nord-S\u00fcd-Richtung. Wichtige Erhaltungsziele sind der Lebensraumtyp 3150 (\u201eNat\u00fcrliche eutrophe Seen\u201c) sowie die Anhang-II-Arten Rotbauchunke &hellip; \u201eBl\u00f6nsdorf\u201c weiterlesen","og_url":"https:\/\/zan-bb.de\/?page_id=1062","og_site_name":"ZAN-bb","article_modified_time":"2025-04-02T10:24:17+00:00","twitter_card":"summary_large_image","twitter_misc":{"Gesch\u00e4tzte Lesezeit":"1\u00a0Minute"},"schema":{"@context":"https:\/\/schema.org","@graph":[{"@type":"WebPage","@id":"https:\/\/zan-bb.de\/?page_id=1062","url":"https:\/\/zan-bb.de\/?page_id=1062","name":"Bl\u00f6nsdorf - ZAN-bb","isPartOf":{"@id":"https:\/\/zan-bb.de\/#website"},"datePublished":"2025-03-25T11:20:33+00:00","dateModified":"2025-04-02T10:24:17+00:00","breadcrumb":{"@id":"https:\/\/zan-bb.de\/?page_id=1062#breadcrumb"},"inLanguage":"de","potentialAction":[{"@type":"ReadAction","target":["https:\/\/zan-bb.de\/?page_id=1062"]}]},{"@type":"BreadcrumbList","@id":"https:\/\/zan-bb.de\/?page_id=1062#breadcrumb","itemListElement":[{"@type":"ListItem","position":1,"name":"Startseite","item":"https:\/\/zan-bb.de\/"},{"@type":"ListItem","position":2,"name":"Bl\u00f6nsdorf"}]},{"@type":"WebSite","@id":"https:\/\/zan-bb.de\/#website","url":"https:\/\/zan-bb.de\/","name":"ZAN-bb","description":"Zentrum angewandter Naturschutz in Brandenburg gGmbH","publisher":{"@id":"https:\/\/zan-bb.de\/#organization"},"potentialAction":[{"@type":"SearchAction","target":{"@type":"EntryPoint","urlTemplate":"https:\/\/zan-bb.de\/?s={search_term_string}"},"query-input":"required name=search_term_string"}],"inLanguage":"de"},{"@type":"Organization","@id":"https:\/\/zan-bb.de\/#organization","name":"ZAN-bb","url":"https:\/\/zan-bb.de\/","logo":{"@type":"ImageObject","inLanguage":"de","@id":"https:\/\/zan-bb.de\/#\/schema\/logo\/image\/","url":"https:\/\/zan-bb.de\/wp-content\/uploads\/2020\/05\/cropped-ZAN-logo-trans.png","contentUrl":"https:\/\/zan-bb.de\/wp-content\/uploads\/2020\/05\/cropped-ZAN-logo-trans.png","width":250,"height":250,"caption":"ZAN-bb"},"image":{"@id":"https:\/\/zan-bb.de\/#\/schema\/logo\/image\/"}}]}},"_links":{"self":[{"href":"https:\/\/zan-bb.de\/index.php?rest_route=\/wp\/v2\/pages\/1062"}],"collection":[{"href":"https:\/\/zan-bb.de\/index.php?rest_route=\/wp\/v2\/pages"}],"about":[{"href":"https:\/\/zan-bb.de\/index.php?rest_route=\/wp\/v2\/types\/page"}],"author":[{"embeddable":true,"href":"https:\/\/zan-bb.de\/index.php?rest_route=\/wp\/v2\/users\/2"}],"replies":[{"embeddable":true,"href":"https:\/\/zan-bb.de\/index.php?rest_route=%2Fwp%2Fv2%2Fcomments&post=1062"}],"version-history":[{"count":7,"href":"https:\/\/zan-bb.de\/index.php?rest_route=\/wp\/v2\/pages\/1062\/revisions"}],"predecessor-version":[{"id":1403,"href":"https:\/\/zan-bb.de\/index.php?rest_route=\/wp\/v2\/pages\/1062\/revisions\/1403"}],"wp:attachment":[{"href":"https:\/\/zan-bb.de\/index.php?rest_route=%2Fwp%2Fv2%2Fmedia&parent=1062"}],"curies":[{"name":"wp","href":"https:\/\/api.w.org\/{rel}","templated":true}]}}