{"id":1064,"date":"2025-03-25T11:26:12","date_gmt":"2025-03-25T11:26:12","guid":{"rendered":"https:\/\/zan-bb.de\/?page_id=1064"},"modified":"2025-04-02T10:41:39","modified_gmt":"2025-04-02T10:41:39","slug":"heidehof-golmberg-und-weitere-lrt-flaechen-ausserhalb-ffh-grenze","status":"publish","type":"page","link":"https:\/\/zan-bb.de\/?page_id=1064","title":{"rendered":"Heidehof Golmberg                                                                                            (und weitere LRT-Fl\u00e4chen au\u00dferhalb FFH-Grenze)"},"content":{"rendered":"\n<p><strong>EU-Nr.: <\/strong>DE 3945-303<br><strong>Landesnr.: <\/strong>152<br><strong>Landkreis:<\/strong> Teltow-Fl\u00e4ming<br><strong>Gebietsgr\u00f6\u00dfe:<\/strong>  8721 ha<\/p>\n\n\n\n<p class=\"has-medium-font-size\"><strong>Gebietscharakteristik<\/strong><\/p>\n\n\n\n<p>Das FFH-Gebiet \u201eHeidehof-Golmberg\u201c liegt im S\u00fcdosten des Landkreises Teltow-Fl\u00e4ming zwischen Baruth, Luckenwalde und J\u00fcterbog und bildet mit dem FFH-Gebiet \u201eForst Zinna\/Keilberg\u201c einen der gr\u00f6\u00dften Binnend\u00fcnenr\u00e4ume Deutschlands.<\/p>\n\n\n\n<p>Das Gebiet umfasst den zentralen Teil des ehemaligen Truppen\u00fcbungsplatzes J\u00fcterbog Ost. Durch die milit\u00e4rische Nutzung (1946\u20131992) wurden gro\u00dfe Fl\u00e4chen entwaldet. Heute dominieren W\u00e4lder am Golmberg, Kiefernforste und Offenland, das zunehmend von Vorw\u00e4ldern eingenommen wird. Zwei gro\u00dfe Offenlandbereiche (600 ha im Osten, 2600 ha im Westen) beherbergen wertvolle Sandheiden und Sandtrockenrasen.  <br>Das FFH-Gebiet ist Teil des NATURA 2000-Netzwerks und ein wichtiger Bestandteil des Verbundsystems Niederer Fl\u00e4ming.<\/p>\n\n\n\n<div class=\"wp-block-columns is-layout-flex wp-container-core-columns-layout-1 wp-block-columns-is-layout-flex\">\n<div class=\"wp-block-column is-layout-flow wp-block-column-is-layout-flow\">\n<p><strong>Ziel-LRT (Anhang I FFH-RL):<\/strong><\/p>\n<\/div>\n\n\n\n<div class=\"wp-block-column is-layout-flow wp-block-column-is-layout-flow\">\n<p>2310 Binnend\u00fcnen mit Heiden<br><br>4030 Trockene europ\u00e4ische Heiden<\/p>\n<\/div>\n<\/div>\n\n\n\n<div class=\"wp-block-columns is-layout-flex wp-container-core-columns-layout-2 wp-block-columns-is-layout-flex\">\n<div class=\"wp-block-column is-layout-flow wp-block-column-is-layout-flow\">\n<p><a href=\"https:\/\/zan-bb.de\/?page_id=1062\">Vorheriges Gebiet<\/a><\/p>\n<\/div>\n\n\n\n<div class=\"wp-block-column is-layout-flow wp-block-column-is-layout-flow\">\n<p><a href=\"https:\/\/zan-bb.de\/?page_id=1066\">N\u00e4chstes Gebiet<\/a><\/p>\n<\/div>\n<\/div>\n","protected":false},"excerpt":{"rendered":"<p>EU-Nr.: DE 3945-303Landesnr.: 152Landkreis: Teltow-Fl\u00e4mingGebietsgr\u00f6\u00dfe: 8721 ha Gebietscharakteristik Das FFH-Gebiet \u201eHeidehof-Golmberg\u201c liegt im S\u00fcdosten des Landkreises Teltow-Fl\u00e4ming zwischen Baruth, Luckenwalde und J\u00fcterbog und bildet mit dem FFH-Gebiet \u201eForst Zinna\/Keilberg\u201c einen der gr\u00f6\u00dften Binnend\u00fcnenr\u00e4ume Deutschlands. Das Gebiet umfasst den zentralen Teil des ehemaligen Truppen\u00fcbungsplatzes J\u00fcterbog Ost. Durch die milit\u00e4rische Nutzung (1946\u20131992) wurden gro\u00dfe Fl\u00e4chen entwaldet. Heute &hellip; <\/p>\n<p class=\"link-more\"><a href=\"https:\/\/zan-bb.de\/?page_id=1064\" class=\"more-link\"><span class=\"screen-reader-text\">\u201eHeidehof Golmberg                                                                                            (und weitere LRT-Fl\u00e4chen au\u00dferhalb FFH-Grenze)\u201c<\/span> weiterlesen<\/a><\/p>\n","protected":false},"author":2,"featured_media":0,"parent":0,"menu_order":0,"comment_status":"closed","ping_status":"closed","template":"","meta":{"footnotes":""},"yoast_head":"<!-- This site is optimized with the Yoast SEO plugin v21.9.1 - https:\/\/yoast.com\/wordpress\/plugins\/seo\/ -->\n<title>Heidehof Golmberg                                              (und weitere LRT-Fl\u00e4chen au\u00dferhalb FFH-Grenze) - ZAN-bb<\/title>\n<meta name=\"robots\" content=\"index, follow, max-snippet:-1, max-image-preview:large, max-video-preview:-1\" \/>\n<link rel=\"canonical\" href=\"https:\/\/zan-bb.de\/?page_id=1064\" \/>\n<meta property=\"og:locale\" content=\"de_DE\" \/>\n<meta property=\"og:type\" content=\"article\" \/>\n<meta property=\"og:title\" content=\"Heidehof Golmberg                                              (und weitere LRT-Fl\u00e4chen au\u00dferhalb FFH-Grenze) - ZAN-bb\" \/>\n<meta property=\"og:description\" content=\"EU-Nr.: DE 3945-303Landesnr.: 152Landkreis: Teltow-Fl\u00e4mingGebietsgr\u00f6\u00dfe: 8721 ha Gebietscharakteristik Das FFH-Gebiet \u201eHeidehof-Golmberg\u201c liegt im S\u00fcdosten des Landkreises Teltow-Fl\u00e4ming zwischen Baruth, Luckenwalde und J\u00fcterbog und bildet mit dem FFH-Gebiet \u201eForst Zinna\/Keilberg\u201c einen der gr\u00f6\u00dften Binnend\u00fcnenr\u00e4ume Deutschlands. Das Gebiet umfasst den zentralen Teil des ehemaligen Truppen\u00fcbungsplatzes J\u00fcterbog Ost. Durch die milit\u00e4rische Nutzung (1946\u20131992) wurden gro\u00dfe Fl\u00e4chen entwaldet. Heute &hellip; \u201eHeidehof Golmberg                                              (und weitere LRT-Fl\u00e4chen au\u00dferhalb FFH-Grenze)\u201c weiterlesen\" \/>\n<meta property=\"og:url\" content=\"https:\/\/zan-bb.de\/?page_id=1064\" \/>\n<meta property=\"og:site_name\" content=\"ZAN-bb\" \/>\n<meta property=\"article:modified_time\" content=\"2025-04-02T10:41:39+00:00\" \/>\n<meta name=\"twitter:card\" content=\"summary_large_image\" \/>\n<meta name=\"twitter:label1\" content=\"Gesch\u00e4tzte Lesezeit\" \/>\n\t<meta name=\"twitter:data1\" content=\"1\u00a0Minute\" \/>\n<script type=\"application\/ld+json\" class=\"yoast-schema-graph\">{\"@context\":\"https:\/\/schema.org\",\"@graph\":[{\"@type\":\"WebPage\",\"@id\":\"https:\/\/zan-bb.de\/?page_id=1064\",\"url\":\"https:\/\/zan-bb.de\/?page_id=1064\",\"name\":\"Heidehof Golmberg (und weitere LRT-Fl\u00e4chen au\u00dferhalb FFH-Grenze) - ZAN-bb\",\"isPartOf\":{\"@id\":\"https:\/\/zan-bb.de\/#website\"},\"datePublished\":\"2025-03-25T11:26:12+00:00\",\"dateModified\":\"2025-04-02T10:41:39+00:00\",\"breadcrumb\":{\"@id\":\"https:\/\/zan-bb.de\/?page_id=1064#breadcrumb\"},\"inLanguage\":\"de\",\"potentialAction\":[{\"@type\":\"ReadAction\",\"target\":[\"https:\/\/zan-bb.de\/?page_id=1064\"]}]},{\"@type\":\"BreadcrumbList\",\"@id\":\"https:\/\/zan-bb.de\/?page_id=1064#breadcrumb\",\"itemListElement\":[{\"@type\":\"ListItem\",\"position\":1,\"name\":\"Startseite\",\"item\":\"https:\/\/zan-bb.de\/\"},{\"@type\":\"ListItem\",\"position\":2,\"name\":\"Heidehof Golmberg (und weitere LRT-Fl\u00e4chen au\u00dferhalb FFH-Grenze)\"}]},{\"@type\":\"WebSite\",\"@id\":\"https:\/\/zan-bb.de\/#website\",\"url\":\"https:\/\/zan-bb.de\/\",\"name\":\"ZAN-bb\",\"description\":\"Zentrum angewandter Naturschutz in Brandenburg gGmbH\",\"publisher\":{\"@id\":\"https:\/\/zan-bb.de\/#organization\"},\"potentialAction\":[{\"@type\":\"SearchAction\",\"target\":{\"@type\":\"EntryPoint\",\"urlTemplate\":\"https:\/\/zan-bb.de\/?s={search_term_string}\"},\"query-input\":\"required name=search_term_string\"}],\"inLanguage\":\"de\"},{\"@type\":\"Organization\",\"@id\":\"https:\/\/zan-bb.de\/#organization\",\"name\":\"ZAN-bb\",\"url\":\"https:\/\/zan-bb.de\/\",\"logo\":{\"@type\":\"ImageObject\",\"inLanguage\":\"de\",\"@id\":\"https:\/\/zan-bb.de\/#\/schema\/logo\/image\/\",\"url\":\"https:\/\/zan-bb.de\/wp-content\/uploads\/2020\/05\/cropped-ZAN-logo-trans.png\",\"contentUrl\":\"https:\/\/zan-bb.de\/wp-content\/uploads\/2020\/05\/cropped-ZAN-logo-trans.png\",\"width\":250,\"height\":250,\"caption\":\"ZAN-bb\"},\"image\":{\"@id\":\"https:\/\/zan-bb.de\/#\/schema\/logo\/image\/\"}}]}<\/script>\n<!-- \/ Yoast SEO plugin. -->","yoast_head_json":{"title":"Heidehof Golmberg                                              (und weitere LRT-Fl\u00e4chen au\u00dferhalb FFH-Grenze) - ZAN-bb","robots":{"index":"index","follow":"follow","max-snippet":"max-snippet:-1","max-image-preview":"max-image-preview:large","max-video-preview":"max-video-preview:-1"},"canonical":"https:\/\/zan-bb.de\/?page_id=1064","og_locale":"de_DE","og_type":"article","og_title":"Heidehof Golmberg                                              (und weitere LRT-Fl\u00e4chen au\u00dferhalb FFH-Grenze) - ZAN-bb","og_description":"EU-Nr.: DE 3945-303Landesnr.: 152Landkreis: Teltow-Fl\u00e4mingGebietsgr\u00f6\u00dfe: 8721 ha Gebietscharakteristik Das FFH-Gebiet \u201eHeidehof-Golmberg\u201c liegt im S\u00fcdosten des Landkreises Teltow-Fl\u00e4ming zwischen Baruth, Luckenwalde und J\u00fcterbog und bildet mit dem FFH-Gebiet \u201eForst Zinna\/Keilberg\u201c einen der gr\u00f6\u00dften Binnend\u00fcnenr\u00e4ume Deutschlands. Das Gebiet umfasst den zentralen Teil des ehemaligen Truppen\u00fcbungsplatzes J\u00fcterbog Ost. Durch die milit\u00e4rische Nutzung (1946\u20131992) wurden gro\u00dfe Fl\u00e4chen entwaldet. Heute &hellip; \u201eHeidehof Golmberg                                              (und weitere LRT-Fl\u00e4chen au\u00dferhalb FFH-Grenze)\u201c weiterlesen","og_url":"https:\/\/zan-bb.de\/?page_id=1064","og_site_name":"ZAN-bb","article_modified_time":"2025-04-02T10:41:39+00:00","twitter_card":"summary_large_image","twitter_misc":{"Gesch\u00e4tzte Lesezeit":"1\u00a0Minute"},"schema":{"@context":"https:\/\/schema.org","@graph":[{"@type":"WebPage","@id":"https:\/\/zan-bb.de\/?page_id=1064","url":"https:\/\/zan-bb.de\/?page_id=1064","name":"Heidehof Golmberg (und weitere LRT-Fl\u00e4chen au\u00dferhalb FFH-Grenze) - ZAN-bb","isPartOf":{"@id":"https:\/\/zan-bb.de\/#website"},"datePublished":"2025-03-25T11:26:12+00:00","dateModified":"2025-04-02T10:41:39+00:00","breadcrumb":{"@id":"https:\/\/zan-bb.de\/?page_id=1064#breadcrumb"},"inLanguage":"de","potentialAction":[{"@type":"ReadAction","target":["https:\/\/zan-bb.de\/?page_id=1064"]}]},{"@type":"BreadcrumbList","@id":"https:\/\/zan-bb.de\/?page_id=1064#breadcrumb","itemListElement":[{"@type":"ListItem","position":1,"name":"Startseite","item":"https:\/\/zan-bb.de\/"},{"@type":"ListItem","position":2,"name":"Heidehof Golmberg (und weitere LRT-Fl\u00e4chen au\u00dferhalb FFH-Grenze)"}]},{"@type":"WebSite","@id":"https:\/\/zan-bb.de\/#website","url":"https:\/\/zan-bb.de\/","name":"ZAN-bb","description":"Zentrum angewandter Naturschutz in Brandenburg gGmbH","publisher":{"@id":"https:\/\/zan-bb.de\/#organization"},"potentialAction":[{"@type":"SearchAction","target":{"@type":"EntryPoint","urlTemplate":"https:\/\/zan-bb.de\/?s={search_term_string}"},"query-input":"required name=search_term_string"}],"inLanguage":"de"},{"@type":"Organization","@id":"https:\/\/zan-bb.de\/#organization","name":"ZAN-bb","url":"https:\/\/zan-bb.de\/","logo":{"@type":"ImageObject","inLanguage":"de","@id":"https:\/\/zan-bb.de\/#\/schema\/logo\/image\/","url":"https:\/\/zan-bb.de\/wp-content\/uploads\/2020\/05\/cropped-ZAN-logo-trans.png","contentUrl":"https:\/\/zan-bb.de\/wp-content\/uploads\/2020\/05\/cropped-ZAN-logo-trans.png","width":250,"height":250,"caption":"ZAN-bb"},"image":{"@id":"https:\/\/zan-bb.de\/#\/schema\/logo\/image\/"}}]}},"_links":{"self":[{"href":"https:\/\/zan-bb.de\/index.php?rest_route=\/wp\/v2\/pages\/1064"}],"collection":[{"href":"https:\/\/zan-bb.de\/index.php?rest_route=\/wp\/v2\/pages"}],"about":[{"href":"https:\/\/zan-bb.de\/index.php?rest_route=\/wp\/v2\/types\/page"}],"author":[{"embeddable":true,"href":"https:\/\/zan-bb.de\/index.php?rest_route=\/wp\/v2\/users\/2"}],"replies":[{"embeddable":true,"href":"https:\/\/zan-bb.de\/index.php?rest_route=%2Fwp%2Fv2%2Fcomments&post=1064"}],"version-history":[{"count":8,"href":"https:\/\/zan-bb.de\/index.php?rest_route=\/wp\/v2\/pages\/1064\/revisions"}],"predecessor-version":[{"id":1421,"href":"https:\/\/zan-bb.de\/index.php?rest_route=\/wp\/v2\/pages\/1064\/revisions\/1421"}],"wp:attachment":[{"href":"https:\/\/zan-bb.de\/index.php?rest_route=%2Fwp%2Fv2%2Fmedia&parent=1064"}],"curies":[{"name":"wp","href":"https:\/\/api.w.org\/{rel}","templated":true}]}}