{"id":1066,"date":"2025-03-25T11:28:59","date_gmt":"2025-03-25T11:28:59","guid":{"rendered":"https:\/\/zan-bb.de\/?page_id=1066"},"modified":"2025-04-02T10:41:13","modified_gmt":"2025-04-02T10:41:13","slug":"glauer-berge","status":"publish","type":"page","link":"https:\/\/zan-bb.de\/?page_id=1066","title":{"rendered":"Glauer Berge                                                                                                                 (LRT au\u00dferhalb FFH-Gebietsgrenzen)"},"content":{"rendered":"\n<p><strong>Landkreis:<\/strong> Potsdam-Mittelmark<br><strong>Gebietsgr\u00f6\u00dfe:<\/strong> 444 ha<\/p>\n\n\n\n<p class=\"has-medium-font-size\"><strong>Gebietscharakteristik<\/strong><\/p>\n\n\n\n<p>Die \u201eGlauer Berge\u201c befinden sich s\u00fcdwestlich von Berlin im Landschaftsschutzgebiet Nuthetal- Beelitzer Sander und sind ein Teil des Naturparks Nuthe-Nieplitz.<\/p>\n\n\n\n<p>Insgesamt umfasst das Landschaftsschutzgebiet eine Fl\u00e4che von 41607 ha. Die Glauer Berge werden von den D\u00f6rfern Blankensee im Norden, Mietgendorf im Westen, Gro\u00dfbeuthen im Osten und Glau im S\u00fcden umschlossen. Die aus Endmor\u00e4nenz\u00fcgen, bzw. Endmor\u00e4nenkuppen, entstandenen Glauer Berge nehmen eine ungef\u00e4hre Fl\u00e4che von                        444 ha ein.<\/p>\n\n\n\n<div class=\"wp-block-columns is-layout-flex wp-container-core-columns-layout-1 wp-block-columns-is-layout-flex\">\n<div class=\"wp-block-column is-layout-flow wp-block-column-is-layout-flow\" style=\"flex-basis:33.33%\">\n<p><strong>Ziel-LRT (Anhang I FFH-RL):<\/strong><\/p>\n<\/div>\n\n\n\n<div class=\"wp-block-column is-layout-flow wp-block-column-is-layout-flow\" style=\"flex-basis:66.66%\">\n<p>91T0 Mitteleurop\u00e4ische Flechten-Kiefernw\u00e4lder<\/p>\n<\/div>\n<\/div>\n\n\n\n<div class=\"wp-block-columns is-layout-flex wp-container-core-columns-layout-2 wp-block-columns-is-layout-flex\">\n<div class=\"wp-block-column is-layout-flow wp-block-column-is-layout-flow\">\n<p><a href=\"https:\/\/zan-bb.de\/?page_id=1064\">Vorheriges Gebiet<\/a><\/p>\n<\/div>\n\n\n\n<div class=\"wp-block-column is-layout-flow wp-block-column-is-layout-flow\">\n<p><a href=\"https:\/\/zan-bb.de\/?page_id=1068\">N\u00e4chstes Gebiet<\/a><\/p>\n<\/div>\n<\/div>\n","protected":false},"excerpt":{"rendered":"<p>Landkreis: Potsdam-MittelmarkGebietsgr\u00f6\u00dfe: 444 ha Gebietscharakteristik Die \u201eGlauer Berge\u201c befinden sich s\u00fcdwestlich von Berlin im Landschaftsschutzgebiet Nuthetal- Beelitzer Sander und sind ein Teil des Naturparks Nuthe-Nieplitz. Insgesamt umfasst das Landschaftsschutzgebiet eine Fl\u00e4che von 41607 ha. Die Glauer Berge werden von den D\u00f6rfern Blankensee im Norden, Mietgendorf im Westen, Gro\u00dfbeuthen im Osten und Glau im S\u00fcden umschlossen. &hellip; <\/p>\n<p class=\"link-more\"><a href=\"https:\/\/zan-bb.de\/?page_id=1066\" class=\"more-link\"><span class=\"screen-reader-text\">\u201eGlauer Berge                                                                                                                 (LRT au\u00dferhalb FFH-Gebietsgrenzen)\u201c<\/span> weiterlesen<\/a><\/p>\n","protected":false},"author":2,"featured_media":0,"parent":0,"menu_order":0,"comment_status":"closed","ping_status":"closed","template":"","meta":{"footnotes":""},"yoast_head":"<!-- This site is optimized with the Yoast SEO plugin v21.9.1 - https:\/\/yoast.com\/wordpress\/plugins\/seo\/ -->\n<title>Glauer Berge                                                         (LRT au\u00dferhalb FFH-Gebietsgrenzen) - ZAN-bb<\/title>\n<meta name=\"robots\" content=\"index, follow, max-snippet:-1, max-image-preview:large, max-video-preview:-1\" \/>\n<link rel=\"canonical\" href=\"https:\/\/zan-bb.de\/?page_id=1066\" \/>\n<meta property=\"og:locale\" content=\"de_DE\" \/>\n<meta property=\"og:type\" content=\"article\" \/>\n<meta property=\"og:title\" content=\"Glauer Berge                                                         (LRT au\u00dferhalb FFH-Gebietsgrenzen) - ZAN-bb\" \/>\n<meta property=\"og:description\" content=\"Landkreis: Potsdam-MittelmarkGebietsgr\u00f6\u00dfe: 444 ha Gebietscharakteristik Die \u201eGlauer Berge\u201c befinden sich s\u00fcdwestlich von Berlin im Landschaftsschutzgebiet Nuthetal- Beelitzer Sander und sind ein Teil des Naturparks Nuthe-Nieplitz. Insgesamt umfasst das Landschaftsschutzgebiet eine Fl\u00e4che von 41607 ha. Die Glauer Berge werden von den D\u00f6rfern Blankensee im Norden, Mietgendorf im Westen, Gro\u00dfbeuthen im Osten und Glau im S\u00fcden umschlossen. &hellip; \u201eGlauer Berge                                                         (LRT au\u00dferhalb FFH-Gebietsgrenzen)\u201c weiterlesen\" \/>\n<meta property=\"og:url\" content=\"https:\/\/zan-bb.de\/?page_id=1066\" \/>\n<meta property=\"og:site_name\" content=\"ZAN-bb\" \/>\n<meta property=\"article:modified_time\" content=\"2025-04-02T10:41:13+00:00\" \/>\n<meta name=\"twitter:card\" content=\"summary_large_image\" \/>\n<meta name=\"twitter:label1\" content=\"Gesch\u00e4tzte Lesezeit\" \/>\n\t<meta name=\"twitter:data1\" content=\"1\u00a0Minute\" \/>\n<script type=\"application\/ld+json\" class=\"yoast-schema-graph\">{\"@context\":\"https:\/\/schema.org\",\"@graph\":[{\"@type\":\"WebPage\",\"@id\":\"https:\/\/zan-bb.de\/?page_id=1066\",\"url\":\"https:\/\/zan-bb.de\/?page_id=1066\",\"name\":\"Glauer Berge (LRT au\u00dferhalb FFH-Gebietsgrenzen) - ZAN-bb\",\"isPartOf\":{\"@id\":\"https:\/\/zan-bb.de\/#website\"},\"datePublished\":\"2025-03-25T11:28:59+00:00\",\"dateModified\":\"2025-04-02T10:41:13+00:00\",\"breadcrumb\":{\"@id\":\"https:\/\/zan-bb.de\/?page_id=1066#breadcrumb\"},\"inLanguage\":\"de\",\"potentialAction\":[{\"@type\":\"ReadAction\",\"target\":[\"https:\/\/zan-bb.de\/?page_id=1066\"]}]},{\"@type\":\"BreadcrumbList\",\"@id\":\"https:\/\/zan-bb.de\/?page_id=1066#breadcrumb\",\"itemListElement\":[{\"@type\":\"ListItem\",\"position\":1,\"name\":\"Startseite\",\"item\":\"https:\/\/zan-bb.de\/\"},{\"@type\":\"ListItem\",\"position\":2,\"name\":\"Glauer Berge (LRT au\u00dferhalb FFH-Gebietsgrenzen)\"}]},{\"@type\":\"WebSite\",\"@id\":\"https:\/\/zan-bb.de\/#website\",\"url\":\"https:\/\/zan-bb.de\/\",\"name\":\"ZAN-bb\",\"description\":\"Zentrum angewandter Naturschutz in Brandenburg gGmbH\",\"publisher\":{\"@id\":\"https:\/\/zan-bb.de\/#organization\"},\"potentialAction\":[{\"@type\":\"SearchAction\",\"target\":{\"@type\":\"EntryPoint\",\"urlTemplate\":\"https:\/\/zan-bb.de\/?s={search_term_string}\"},\"query-input\":\"required name=search_term_string\"}],\"inLanguage\":\"de\"},{\"@type\":\"Organization\",\"@id\":\"https:\/\/zan-bb.de\/#organization\",\"name\":\"ZAN-bb\",\"url\":\"https:\/\/zan-bb.de\/\",\"logo\":{\"@type\":\"ImageObject\",\"inLanguage\":\"de\",\"@id\":\"https:\/\/zan-bb.de\/#\/schema\/logo\/image\/\",\"url\":\"https:\/\/zan-bb.de\/wp-content\/uploads\/2020\/05\/cropped-ZAN-logo-trans.png\",\"contentUrl\":\"https:\/\/zan-bb.de\/wp-content\/uploads\/2020\/05\/cropped-ZAN-logo-trans.png\",\"width\":250,\"height\":250,\"caption\":\"ZAN-bb\"},\"image\":{\"@id\":\"https:\/\/zan-bb.de\/#\/schema\/logo\/image\/\"}}]}<\/script>\n<!-- \/ Yoast SEO plugin. -->","yoast_head_json":{"title":"Glauer Berge                                                         (LRT au\u00dferhalb FFH-Gebietsgrenzen) - ZAN-bb","robots":{"index":"index","follow":"follow","max-snippet":"max-snippet:-1","max-image-preview":"max-image-preview:large","max-video-preview":"max-video-preview:-1"},"canonical":"https:\/\/zan-bb.de\/?page_id=1066","og_locale":"de_DE","og_type":"article","og_title":"Glauer Berge                                                         (LRT au\u00dferhalb FFH-Gebietsgrenzen) - ZAN-bb","og_description":"Landkreis: Potsdam-MittelmarkGebietsgr\u00f6\u00dfe: 444 ha Gebietscharakteristik Die \u201eGlauer Berge\u201c befinden sich s\u00fcdwestlich von Berlin im Landschaftsschutzgebiet Nuthetal- Beelitzer Sander und sind ein Teil des Naturparks Nuthe-Nieplitz. Insgesamt umfasst das Landschaftsschutzgebiet eine Fl\u00e4che von 41607 ha. Die Glauer Berge werden von den D\u00f6rfern Blankensee im Norden, Mietgendorf im Westen, Gro\u00dfbeuthen im Osten und Glau im S\u00fcden umschlossen. &hellip; \u201eGlauer Berge                                                         (LRT au\u00dferhalb FFH-Gebietsgrenzen)\u201c weiterlesen","og_url":"https:\/\/zan-bb.de\/?page_id=1066","og_site_name":"ZAN-bb","article_modified_time":"2025-04-02T10:41:13+00:00","twitter_card":"summary_large_image","twitter_misc":{"Gesch\u00e4tzte Lesezeit":"1\u00a0Minute"},"schema":{"@context":"https:\/\/schema.org","@graph":[{"@type":"WebPage","@id":"https:\/\/zan-bb.de\/?page_id=1066","url":"https:\/\/zan-bb.de\/?page_id=1066","name":"Glauer Berge (LRT au\u00dferhalb FFH-Gebietsgrenzen) - ZAN-bb","isPartOf":{"@id":"https:\/\/zan-bb.de\/#website"},"datePublished":"2025-03-25T11:28:59+00:00","dateModified":"2025-04-02T10:41:13+00:00","breadcrumb":{"@id":"https:\/\/zan-bb.de\/?page_id=1066#breadcrumb"},"inLanguage":"de","potentialAction":[{"@type":"ReadAction","target":["https:\/\/zan-bb.de\/?page_id=1066"]}]},{"@type":"BreadcrumbList","@id":"https:\/\/zan-bb.de\/?page_id=1066#breadcrumb","itemListElement":[{"@type":"ListItem","position":1,"name":"Startseite","item":"https:\/\/zan-bb.de\/"},{"@type":"ListItem","position":2,"name":"Glauer Berge (LRT au\u00dferhalb FFH-Gebietsgrenzen)"}]},{"@type":"WebSite","@id":"https:\/\/zan-bb.de\/#website","url":"https:\/\/zan-bb.de\/","name":"ZAN-bb","description":"Zentrum angewandter Naturschutz in Brandenburg gGmbH","publisher":{"@id":"https:\/\/zan-bb.de\/#organization"},"potentialAction":[{"@type":"SearchAction","target":{"@type":"EntryPoint","urlTemplate":"https:\/\/zan-bb.de\/?s={search_term_string}"},"query-input":"required name=search_term_string"}],"inLanguage":"de"},{"@type":"Organization","@id":"https:\/\/zan-bb.de\/#organization","name":"ZAN-bb","url":"https:\/\/zan-bb.de\/","logo":{"@type":"ImageObject","inLanguage":"de","@id":"https:\/\/zan-bb.de\/#\/schema\/logo\/image\/","url":"https:\/\/zan-bb.de\/wp-content\/uploads\/2020\/05\/cropped-ZAN-logo-trans.png","contentUrl":"https:\/\/zan-bb.de\/wp-content\/uploads\/2020\/05\/cropped-ZAN-logo-trans.png","width":250,"height":250,"caption":"ZAN-bb"},"image":{"@id":"https:\/\/zan-bb.de\/#\/schema\/logo\/image\/"}}]}},"_links":{"self":[{"href":"https:\/\/zan-bb.de\/index.php?rest_route=\/wp\/v2\/pages\/1066"}],"collection":[{"href":"https:\/\/zan-bb.de\/index.php?rest_route=\/wp\/v2\/pages"}],"about":[{"href":"https:\/\/zan-bb.de\/index.php?rest_route=\/wp\/v2\/types\/page"}],"author":[{"embeddable":true,"href":"https:\/\/zan-bb.de\/index.php?rest_route=\/wp\/v2\/users\/2"}],"replies":[{"embeddable":true,"href":"https:\/\/zan-bb.de\/index.php?rest_route=%2Fwp%2Fv2%2Fcomments&post=1066"}],"version-history":[{"count":7,"href":"https:\/\/zan-bb.de\/index.php?rest_route=\/wp\/v2\/pages\/1066\/revisions"}],"predecessor-version":[{"id":1420,"href":"https:\/\/zan-bb.de\/index.php?rest_route=\/wp\/v2\/pages\/1066\/revisions\/1420"}],"wp:attachment":[{"href":"https:\/\/zan-bb.de\/index.php?rest_route=%2Fwp%2Fv2%2Fmedia&parent=1066"}],"curies":[{"name":"wp","href":"https:\/\/api.w.org\/{rel}","templated":true}]}}