{"id":1068,"date":"2025-03-25T11:30:43","date_gmt":"2025-03-25T11:30:43","guid":{"rendered":"https:\/\/zan-bb.de\/?page_id=1068"},"modified":"2025-04-02T10:37:57","modified_gmt":"2025-04-02T10:37:57","slug":"ffh-gebiet-kienheide-und-weitere-lrt-flaechen-ausserhalb-ffh-grenze","status":"publish","type":"page","link":"https:\/\/zan-bb.de\/?page_id=1068","title":{"rendered":"FFH-Gebiet Kienheide                                                                                             (+ LRT au\u00dferhalb FFH-Gebietsgrenze)"},"content":{"rendered":"\n<p><strong>EU-Nr.: <\/strong> DE 3849-303<br><strong>Landesnr.:<\/strong>  241<br><strong>Landkreis:<\/strong> Oder-Spree<br><strong>Gebietsgr\u00f6\u00dfe:<\/strong> 920 ha<\/p>\n\n\n\n<p class=\"has-medium-font-size\"><strong>Gebietscharakteristik<\/strong><\/p>\n\n\n\n<p>Das FFH-Gebiet \u201eKienheide\u201c befindet sich s\u00fcd\u00f6stlich von Berlin im Naturpark \u201eDahme-Heideseen\u201c. Es liegt innerhalb der naturr\u00e4umlichen Landschaftseinheit Dahme-Seengebiet und ist Bestandteil der Talsandebene der Storkower Heide sowie im Osten angrenzender Grundmor\u00e4nenbereiche. Die Projektfl\u00e4che befindet sich im Teilbereich Bugker Sahara im nordwestlichen Randbereich des FFH-Gebietes zwischen der Ortschaft Bugk im Westen und dem Gro\u00dfen Wucksee im Osten.<\/p>\n\n\n\n<p>Die \u201eKienheide\u201c ist u.a. mit dem Ziel als FFH-Gebiet in das Natura 2000-Netz aufgenommen worden, um den hier vorkommenden FFH-Lebensraumtypen \u201eMitteleurop\u00e4ische Flechten-Kiefernw\u00e4lder\u201c, (LRT 91T0) einschlie\u00dflich ihrer an sie gebundenen Tier- und Pflanzenarten, zu erhalten und zu entwickeln. Weitere LRT 91T0-Fl\u00e4chen grenzen au\u00dferhalb der FFH-Gebietsgrenze an.<\/p>\n\n\n\n<div class=\"wp-block-columns is-layout-flex wp-container-core-columns-layout-1 wp-block-columns-is-layout-flex\">\n<div class=\"wp-block-column is-layout-flow wp-block-column-is-layout-flow\" style=\"flex-basis:33.33%\">\n<p><strong>Ziel-LRT (Anhang I FFH-RL):<\/strong><\/p>\n<\/div>\n\n\n\n<div class=\"wp-block-column is-layout-flow wp-block-column-is-layout-flow\" style=\"flex-basis:66.66%\">\n<p>91T0 Mitteleurop\u00e4ische Flechten-Kiefernw\u00e4lder<\/p>\n<\/div>\n<\/div>\n\n\n\n<div class=\"wp-block-columns is-layout-flex wp-container-core-columns-layout-2 wp-block-columns-is-layout-flex\">\n<div class=\"wp-block-column is-layout-flow wp-block-column-is-layout-flow\">\n<p><a href=\"https:\/\/zan-bb.de\/?page_id=1066\">Vorheriges Gebiet<\/a><\/p>\n<\/div>\n\n\n\n<div class=\"wp-block-column is-layout-flow wp-block-column-is-layout-flow\">\n<p><a href=\"https:\/\/zan-bb.de\/?page_id=1080\">N\u00e4chstes Gebiet<\/a><\/p>\n<\/div>\n<\/div>\n","protected":false},"excerpt":{"rendered":"<p>EU-Nr.: DE 3849-303Landesnr.: 241Landkreis: Oder-SpreeGebietsgr\u00f6\u00dfe: 920 ha Gebietscharakteristik Das FFH-Gebiet \u201eKienheide\u201c befindet sich s\u00fcd\u00f6stlich von Berlin im Naturpark \u201eDahme-Heideseen\u201c. Es liegt innerhalb der naturr\u00e4umlichen Landschaftseinheit Dahme-Seengebiet und ist Bestandteil der Talsandebene der Storkower Heide sowie im Osten angrenzender Grundmor\u00e4nenbereiche. Die Projektfl\u00e4che befindet sich im Teilbereich Bugker Sahara im nordwestlichen Randbereich des FFH-Gebietes zwischen der Ortschaft &hellip; <\/p>\n<p class=\"link-more\"><a href=\"https:\/\/zan-bb.de\/?page_id=1068\" class=\"more-link\"><span class=\"screen-reader-text\">\u201eFFH-Gebiet Kienheide                                                                                             (+ LRT au\u00dferhalb FFH-Gebietsgrenze)\u201c<\/span> weiterlesen<\/a><\/p>\n","protected":false},"author":2,"featured_media":0,"parent":0,"menu_order":0,"comment_status":"closed","ping_status":"closed","template":"","meta":{"footnotes":""},"yoast_head":"<!-- This site is optimized with the Yoast SEO plugin v21.9.1 - https:\/\/yoast.com\/wordpress\/plugins\/seo\/ -->\n<title>FFH-Gebiet Kienheide                                               (+ LRT au\u00dferhalb FFH-Gebietsgrenze) - ZAN-bb<\/title>\n<meta name=\"robots\" content=\"index, follow, max-snippet:-1, max-image-preview:large, max-video-preview:-1\" \/>\n<link rel=\"canonical\" href=\"https:\/\/zan-bb.de\/?page_id=1068\" \/>\n<meta property=\"og:locale\" content=\"de_DE\" \/>\n<meta property=\"og:type\" content=\"article\" \/>\n<meta property=\"og:title\" content=\"FFH-Gebiet Kienheide                                               (+ LRT au\u00dferhalb FFH-Gebietsgrenze) - ZAN-bb\" \/>\n<meta property=\"og:description\" content=\"EU-Nr.: DE 3849-303Landesnr.: 241Landkreis: Oder-SpreeGebietsgr\u00f6\u00dfe: 920 ha Gebietscharakteristik Das FFH-Gebiet \u201eKienheide\u201c befindet sich s\u00fcd\u00f6stlich von Berlin im Naturpark \u201eDahme-Heideseen\u201c. Es liegt innerhalb der naturr\u00e4umlichen Landschaftseinheit Dahme-Seengebiet und ist Bestandteil der Talsandebene der Storkower Heide sowie im Osten angrenzender Grundmor\u00e4nenbereiche. Die Projektfl\u00e4che befindet sich im Teilbereich Bugker Sahara im nordwestlichen Randbereich des FFH-Gebietes zwischen der Ortschaft &hellip; \u201eFFH-Gebiet Kienheide                                               (+ LRT au\u00dferhalb FFH-Gebietsgrenze)\u201c weiterlesen\" \/>\n<meta property=\"og:url\" content=\"https:\/\/zan-bb.de\/?page_id=1068\" \/>\n<meta property=\"og:site_name\" content=\"ZAN-bb\" \/>\n<meta property=\"article:modified_time\" content=\"2025-04-02T10:37:57+00:00\" \/>\n<meta name=\"twitter:card\" content=\"summary_large_image\" \/>\n<meta name=\"twitter:label1\" content=\"Gesch\u00e4tzte Lesezeit\" \/>\n\t<meta name=\"twitter:data1\" content=\"1\u00a0Minute\" \/>\n<script type=\"application\/ld+json\" class=\"yoast-schema-graph\">{\"@context\":\"https:\/\/schema.org\",\"@graph\":[{\"@type\":\"WebPage\",\"@id\":\"https:\/\/zan-bb.de\/?page_id=1068\",\"url\":\"https:\/\/zan-bb.de\/?page_id=1068\",\"name\":\"FFH-Gebiet Kienheide (+ LRT au\u00dferhalb FFH-Gebietsgrenze) - ZAN-bb\",\"isPartOf\":{\"@id\":\"https:\/\/zan-bb.de\/#website\"},\"datePublished\":\"2025-03-25T11:30:43+00:00\",\"dateModified\":\"2025-04-02T10:37:57+00:00\",\"breadcrumb\":{\"@id\":\"https:\/\/zan-bb.de\/?page_id=1068#breadcrumb\"},\"inLanguage\":\"de\",\"potentialAction\":[{\"@type\":\"ReadAction\",\"target\":[\"https:\/\/zan-bb.de\/?page_id=1068\"]}]},{\"@type\":\"BreadcrumbList\",\"@id\":\"https:\/\/zan-bb.de\/?page_id=1068#breadcrumb\",\"itemListElement\":[{\"@type\":\"ListItem\",\"position\":1,\"name\":\"Startseite\",\"item\":\"https:\/\/zan-bb.de\/\"},{\"@type\":\"ListItem\",\"position\":2,\"name\":\"FFH-Gebiet Kienheide (+ LRT au\u00dferhalb FFH-Gebietsgrenze)\"}]},{\"@type\":\"WebSite\",\"@id\":\"https:\/\/zan-bb.de\/#website\",\"url\":\"https:\/\/zan-bb.de\/\",\"name\":\"ZAN-bb\",\"description\":\"Zentrum angewandter Naturschutz in Brandenburg gGmbH\",\"publisher\":{\"@id\":\"https:\/\/zan-bb.de\/#organization\"},\"potentialAction\":[{\"@type\":\"SearchAction\",\"target\":{\"@type\":\"EntryPoint\",\"urlTemplate\":\"https:\/\/zan-bb.de\/?s={search_term_string}\"},\"query-input\":\"required name=search_term_string\"}],\"inLanguage\":\"de\"},{\"@type\":\"Organization\",\"@id\":\"https:\/\/zan-bb.de\/#organization\",\"name\":\"ZAN-bb\",\"url\":\"https:\/\/zan-bb.de\/\",\"logo\":{\"@type\":\"ImageObject\",\"inLanguage\":\"de\",\"@id\":\"https:\/\/zan-bb.de\/#\/schema\/logo\/image\/\",\"url\":\"https:\/\/zan-bb.de\/wp-content\/uploads\/2020\/05\/cropped-ZAN-logo-trans.png\",\"contentUrl\":\"https:\/\/zan-bb.de\/wp-content\/uploads\/2020\/05\/cropped-ZAN-logo-trans.png\",\"width\":250,\"height\":250,\"caption\":\"ZAN-bb\"},\"image\":{\"@id\":\"https:\/\/zan-bb.de\/#\/schema\/logo\/image\/\"}}]}<\/script>\n<!-- \/ Yoast SEO plugin. -->","yoast_head_json":{"title":"FFH-Gebiet Kienheide                                               (+ LRT au\u00dferhalb FFH-Gebietsgrenze) - ZAN-bb","robots":{"index":"index","follow":"follow","max-snippet":"max-snippet:-1","max-image-preview":"max-image-preview:large","max-video-preview":"max-video-preview:-1"},"canonical":"https:\/\/zan-bb.de\/?page_id=1068","og_locale":"de_DE","og_type":"article","og_title":"FFH-Gebiet Kienheide                                               (+ LRT au\u00dferhalb FFH-Gebietsgrenze) - ZAN-bb","og_description":"EU-Nr.: DE 3849-303Landesnr.: 241Landkreis: Oder-SpreeGebietsgr\u00f6\u00dfe: 920 ha Gebietscharakteristik Das FFH-Gebiet \u201eKienheide\u201c befindet sich s\u00fcd\u00f6stlich von Berlin im Naturpark \u201eDahme-Heideseen\u201c. Es liegt innerhalb der naturr\u00e4umlichen Landschaftseinheit Dahme-Seengebiet und ist Bestandteil der Talsandebene der Storkower Heide sowie im Osten angrenzender Grundmor\u00e4nenbereiche. Die Projektfl\u00e4che befindet sich im Teilbereich Bugker Sahara im nordwestlichen Randbereich des FFH-Gebietes zwischen der Ortschaft &hellip; \u201eFFH-Gebiet Kienheide                                               (+ LRT au\u00dferhalb FFH-Gebietsgrenze)\u201c weiterlesen","og_url":"https:\/\/zan-bb.de\/?page_id=1068","og_site_name":"ZAN-bb","article_modified_time":"2025-04-02T10:37:57+00:00","twitter_card":"summary_large_image","twitter_misc":{"Gesch\u00e4tzte Lesezeit":"1\u00a0Minute"},"schema":{"@context":"https:\/\/schema.org","@graph":[{"@type":"WebPage","@id":"https:\/\/zan-bb.de\/?page_id=1068","url":"https:\/\/zan-bb.de\/?page_id=1068","name":"FFH-Gebiet Kienheide (+ LRT au\u00dferhalb FFH-Gebietsgrenze) - ZAN-bb","isPartOf":{"@id":"https:\/\/zan-bb.de\/#website"},"datePublished":"2025-03-25T11:30:43+00:00","dateModified":"2025-04-02T10:37:57+00:00","breadcrumb":{"@id":"https:\/\/zan-bb.de\/?page_id=1068#breadcrumb"},"inLanguage":"de","potentialAction":[{"@type":"ReadAction","target":["https:\/\/zan-bb.de\/?page_id=1068"]}]},{"@type":"BreadcrumbList","@id":"https:\/\/zan-bb.de\/?page_id=1068#breadcrumb","itemListElement":[{"@type":"ListItem","position":1,"name":"Startseite","item":"https:\/\/zan-bb.de\/"},{"@type":"ListItem","position":2,"name":"FFH-Gebiet Kienheide (+ LRT au\u00dferhalb FFH-Gebietsgrenze)"}]},{"@type":"WebSite","@id":"https:\/\/zan-bb.de\/#website","url":"https:\/\/zan-bb.de\/","name":"ZAN-bb","description":"Zentrum angewandter Naturschutz in Brandenburg gGmbH","publisher":{"@id":"https:\/\/zan-bb.de\/#organization"},"potentialAction":[{"@type":"SearchAction","target":{"@type":"EntryPoint","urlTemplate":"https:\/\/zan-bb.de\/?s={search_term_string}"},"query-input":"required name=search_term_string"}],"inLanguage":"de"},{"@type":"Organization","@id":"https:\/\/zan-bb.de\/#organization","name":"ZAN-bb","url":"https:\/\/zan-bb.de\/","logo":{"@type":"ImageObject","inLanguage":"de","@id":"https:\/\/zan-bb.de\/#\/schema\/logo\/image\/","url":"https:\/\/zan-bb.de\/wp-content\/uploads\/2020\/05\/cropped-ZAN-logo-trans.png","contentUrl":"https:\/\/zan-bb.de\/wp-content\/uploads\/2020\/05\/cropped-ZAN-logo-trans.png","width":250,"height":250,"caption":"ZAN-bb"},"image":{"@id":"https:\/\/zan-bb.de\/#\/schema\/logo\/image\/"}}]}},"_links":{"self":[{"href":"https:\/\/zan-bb.de\/index.php?rest_route=\/wp\/v2\/pages\/1068"}],"collection":[{"href":"https:\/\/zan-bb.de\/index.php?rest_route=\/wp\/v2\/pages"}],"about":[{"href":"https:\/\/zan-bb.de\/index.php?rest_route=\/wp\/v2\/types\/page"}],"author":[{"embeddable":true,"href":"https:\/\/zan-bb.de\/index.php?rest_route=\/wp\/v2\/users\/2"}],"replies":[{"embeddable":true,"href":"https:\/\/zan-bb.de\/index.php?rest_route=%2Fwp%2Fv2%2Fcomments&post=1068"}],"version-history":[{"count":9,"href":"https:\/\/zan-bb.de\/index.php?rest_route=\/wp\/v2\/pages\/1068\/revisions"}],"predecessor-version":[{"id":1415,"href":"https:\/\/zan-bb.de\/index.php?rest_route=\/wp\/v2\/pages\/1068\/revisions\/1415"}],"wp:attachment":[{"href":"https:\/\/zan-bb.de\/index.php?rest_route=%2Fwp%2Fv2%2Fmedia&parent=1068"}],"curies":[{"name":"wp","href":"https:\/\/api.w.org\/{rel}","templated":true}]}}