{"id":1080,"date":"2025-03-25T11:58:38","date_gmt":"2025-03-25T11:58:38","guid":{"rendered":"https:\/\/zan-bb.de\/?page_id=1080"},"modified":"2025-04-02T10:40:14","modified_gmt":"2025-04-02T10:40:14","slug":"gebietskomplex-gross-schauener-seenkette-luchwiesen","status":"publish","type":"page","link":"https:\/\/zan-bb.de\/?page_id=1080","title":{"rendered":"Gebietskomplex  Gro\u00df Schauener Seenkette | Luchwiesen"},"content":{"rendered":"\n<p><strong>EU-Nr.: <\/strong>DE 3749-301<br><strong>Landesnr.: <\/strong>158<br><strong>Landkreis:<\/strong> Oder-Spree<br><strong>Gebietsgr\u00f6\u00dfe:<\/strong> 2.009 ha<\/p>\n\n\n\n<p class=\"has-medium-font-size\"><strong>Gebietscharakteristik<\/strong><\/p>\n\n\n\n<p>Das FFH-Gebiet \u201eGro\u00df Schauener Seenkette\u201c liegt in der Storkower Talsandebene im Landkreis Oder-Spree und umfasst mehrere Seen mit ihren ufernahen Verlandungszonen. Das FFH-Gebiet liegt in direkter Nachbarschaft zum FFH-Gebiet Luchwiesen. Letzteres ist Schwerpunkraum f\u00fcr den LRT 1340 (Salzwiesen des Binnenlandes) und war Gegenstand des LIFE-Salzwiesen-Projektes.<\/p>\n\n\n\n<p>Das Gebiet geh\u00f6rt zum Naturpark und Landschaftsschutzgebiet \u201eDahme-Heideseen\u201c und besteht aus einem Netz eutropher bis polytropher Flachseen mit naturnahen R\u00f6hrichten, Feuchtwiesen und Bruchw\u00e4ldern. Durch seine Gr\u00f6\u00dfe und geringe St\u00f6rungen ist es von \u00fcberregionaler Bedeutung als Brut-, Rast- und Nahrungsraum f\u00fcr Sumpf- und Wasserv\u00f6gel.<\/p>\n\n\n\n<div class=\"wp-block-columns is-layout-flex wp-container-core-columns-layout-1 wp-block-columns-is-layout-flex\">\n<div class=\"wp-block-column is-layout-flow wp-block-column-is-layout-flow\">\n<p><strong>Ziel-Art (Anhang II FFH-RL):&nbsp;<\/strong><\/p>\n<\/div>\n\n\n\n<div class=\"wp-block-column is-layout-flow wp-block-column-is-layout-flow\">\n<p>Rotbauchunke (<em>Bombina bombina<\/em>)<\/p>\n\n\n\n<p>Kammmolch (<em>Triturus cristatus<\/em>)<\/p>\n<\/div>\n<\/div>\n\n\n\n<div class=\"wp-block-columns is-layout-flex wp-container-core-columns-layout-2 wp-block-columns-is-layout-flex\">\n<div class=\"wp-block-column is-layout-flow wp-block-column-is-layout-flow\">\n<p><a href=\"https:\/\/zan-bb.de\/?page_id=1068\">Vorheriges Gebiet<\/a><\/p>\n<\/div>\n\n\n\n<div class=\"wp-block-column is-layout-flow wp-block-column-is-layout-flow\">\n<p><a href=\"https:\/\/zan-bb.de\/?page_id=1106\">N\u00e4chstes Gebiet<\/a><\/p>\n<\/div>\n<\/div>\n","protected":false},"excerpt":{"rendered":"<p>EU-Nr.: DE 3749-301Landesnr.: 158Landkreis: Oder-SpreeGebietsgr\u00f6\u00dfe: 2.009 ha Gebietscharakteristik Das FFH-Gebiet \u201eGro\u00df Schauener Seenkette\u201c liegt in der Storkower Talsandebene im Landkreis Oder-Spree und umfasst mehrere Seen mit ihren ufernahen Verlandungszonen. Das FFH-Gebiet liegt in direkter Nachbarschaft zum FFH-Gebiet Luchwiesen. Letzteres ist Schwerpunkraum f\u00fcr den LRT 1340 (Salzwiesen des Binnenlandes) und war Gegenstand des LIFE-Salzwiesen-Projektes. Das Gebiet &hellip; <\/p>\n<p class=\"link-more\"><a href=\"https:\/\/zan-bb.de\/?page_id=1080\" class=\"more-link\"><span class=\"screen-reader-text\">\u201eGebietskomplex  Gro\u00df Schauener Seenkette | Luchwiesen\u201c<\/span> weiterlesen<\/a><\/p>\n","protected":false},"author":2,"featured_media":0,"parent":0,"menu_order":0,"comment_status":"closed","ping_status":"closed","template":"","meta":{"footnotes":""},"yoast_head":"<!-- This site is optimized with the Yoast SEO plugin v21.9.1 - https:\/\/yoast.com\/wordpress\/plugins\/seo\/ -->\n<title>Gebietskomplex Gro\u00df Schauener Seenkette | Luchwiesen - ZAN-bb<\/title>\n<meta name=\"robots\" content=\"index, follow, max-snippet:-1, max-image-preview:large, max-video-preview:-1\" \/>\n<link rel=\"canonical\" href=\"https:\/\/zan-bb.de\/?page_id=1080\" \/>\n<meta property=\"og:locale\" content=\"de_DE\" \/>\n<meta property=\"og:type\" content=\"article\" \/>\n<meta property=\"og:title\" content=\"Gebietskomplex Gro\u00df Schauener Seenkette | Luchwiesen - ZAN-bb\" \/>\n<meta property=\"og:description\" content=\"EU-Nr.: DE 3749-301Landesnr.: 158Landkreis: Oder-SpreeGebietsgr\u00f6\u00dfe: 2.009 ha Gebietscharakteristik Das FFH-Gebiet \u201eGro\u00df Schauener Seenkette\u201c liegt in der Storkower Talsandebene im Landkreis Oder-Spree und umfasst mehrere Seen mit ihren ufernahen Verlandungszonen. Das FFH-Gebiet liegt in direkter Nachbarschaft zum FFH-Gebiet Luchwiesen. Letzteres ist Schwerpunkraum f\u00fcr den LRT 1340 (Salzwiesen des Binnenlandes) und war Gegenstand des LIFE-Salzwiesen-Projektes. Das Gebiet &hellip; \u201eGebietskomplex Gro\u00df Schauener Seenkette | Luchwiesen\u201c weiterlesen\" \/>\n<meta property=\"og:url\" content=\"https:\/\/zan-bb.de\/?page_id=1080\" \/>\n<meta property=\"og:site_name\" content=\"ZAN-bb\" \/>\n<meta property=\"article:modified_time\" content=\"2025-04-02T10:40:14+00:00\" \/>\n<meta name=\"twitter:card\" content=\"summary_large_image\" \/>\n<meta name=\"twitter:label1\" content=\"Gesch\u00e4tzte Lesezeit\" \/>\n\t<meta name=\"twitter:data1\" content=\"1\u00a0Minute\" \/>\n<script type=\"application\/ld+json\" class=\"yoast-schema-graph\">{\"@context\":\"https:\/\/schema.org\",\"@graph\":[{\"@type\":\"WebPage\",\"@id\":\"https:\/\/zan-bb.de\/?page_id=1080\",\"url\":\"https:\/\/zan-bb.de\/?page_id=1080\",\"name\":\"Gebietskomplex Gro\u00df Schauener Seenkette | Luchwiesen - ZAN-bb\",\"isPartOf\":{\"@id\":\"https:\/\/zan-bb.de\/#website\"},\"datePublished\":\"2025-03-25T11:58:38+00:00\",\"dateModified\":\"2025-04-02T10:40:14+00:00\",\"breadcrumb\":{\"@id\":\"https:\/\/zan-bb.de\/?page_id=1080#breadcrumb\"},\"inLanguage\":\"de\",\"potentialAction\":[{\"@type\":\"ReadAction\",\"target\":[\"https:\/\/zan-bb.de\/?page_id=1080\"]}]},{\"@type\":\"BreadcrumbList\",\"@id\":\"https:\/\/zan-bb.de\/?page_id=1080#breadcrumb\",\"itemListElement\":[{\"@type\":\"ListItem\",\"position\":1,\"name\":\"Startseite\",\"item\":\"https:\/\/zan-bb.de\/\"},{\"@type\":\"ListItem\",\"position\":2,\"name\":\"Gebietskomplex Gro\u00df Schauener Seenkette | Luchwiesen\"}]},{\"@type\":\"WebSite\",\"@id\":\"https:\/\/zan-bb.de\/#website\",\"url\":\"https:\/\/zan-bb.de\/\",\"name\":\"ZAN-bb\",\"description\":\"Zentrum angewandter Naturschutz in Brandenburg gGmbH\",\"publisher\":{\"@id\":\"https:\/\/zan-bb.de\/#organization\"},\"potentialAction\":[{\"@type\":\"SearchAction\",\"target\":{\"@type\":\"EntryPoint\",\"urlTemplate\":\"https:\/\/zan-bb.de\/?s={search_term_string}\"},\"query-input\":\"required name=search_term_string\"}],\"inLanguage\":\"de\"},{\"@type\":\"Organization\",\"@id\":\"https:\/\/zan-bb.de\/#organization\",\"name\":\"ZAN-bb\",\"url\":\"https:\/\/zan-bb.de\/\",\"logo\":{\"@type\":\"ImageObject\",\"inLanguage\":\"de\",\"@id\":\"https:\/\/zan-bb.de\/#\/schema\/logo\/image\/\",\"url\":\"https:\/\/zan-bb.de\/wp-content\/uploads\/2020\/05\/cropped-ZAN-logo-trans.png\",\"contentUrl\":\"https:\/\/zan-bb.de\/wp-content\/uploads\/2020\/05\/cropped-ZAN-logo-trans.png\",\"width\":250,\"height\":250,\"caption\":\"ZAN-bb\"},\"image\":{\"@id\":\"https:\/\/zan-bb.de\/#\/schema\/logo\/image\/\"}}]}<\/script>\n<!-- \/ Yoast SEO plugin. -->","yoast_head_json":{"title":"Gebietskomplex Gro\u00df Schauener Seenkette | Luchwiesen - ZAN-bb","robots":{"index":"index","follow":"follow","max-snippet":"max-snippet:-1","max-image-preview":"max-image-preview:large","max-video-preview":"max-video-preview:-1"},"canonical":"https:\/\/zan-bb.de\/?page_id=1080","og_locale":"de_DE","og_type":"article","og_title":"Gebietskomplex Gro\u00df Schauener Seenkette | Luchwiesen - ZAN-bb","og_description":"EU-Nr.: DE 3749-301Landesnr.: 158Landkreis: Oder-SpreeGebietsgr\u00f6\u00dfe: 2.009 ha Gebietscharakteristik Das FFH-Gebiet \u201eGro\u00df Schauener Seenkette\u201c liegt in der Storkower Talsandebene im Landkreis Oder-Spree und umfasst mehrere Seen mit ihren ufernahen Verlandungszonen. Das FFH-Gebiet liegt in direkter Nachbarschaft zum FFH-Gebiet Luchwiesen. Letzteres ist Schwerpunkraum f\u00fcr den LRT 1340 (Salzwiesen des Binnenlandes) und war Gegenstand des LIFE-Salzwiesen-Projektes. Das Gebiet &hellip; \u201eGebietskomplex Gro\u00df Schauener Seenkette | Luchwiesen\u201c weiterlesen","og_url":"https:\/\/zan-bb.de\/?page_id=1080","og_site_name":"ZAN-bb","article_modified_time":"2025-04-02T10:40:14+00:00","twitter_card":"summary_large_image","twitter_misc":{"Gesch\u00e4tzte Lesezeit":"1\u00a0Minute"},"schema":{"@context":"https:\/\/schema.org","@graph":[{"@type":"WebPage","@id":"https:\/\/zan-bb.de\/?page_id=1080","url":"https:\/\/zan-bb.de\/?page_id=1080","name":"Gebietskomplex Gro\u00df Schauener Seenkette | Luchwiesen - ZAN-bb","isPartOf":{"@id":"https:\/\/zan-bb.de\/#website"},"datePublished":"2025-03-25T11:58:38+00:00","dateModified":"2025-04-02T10:40:14+00:00","breadcrumb":{"@id":"https:\/\/zan-bb.de\/?page_id=1080#breadcrumb"},"inLanguage":"de","potentialAction":[{"@type":"ReadAction","target":["https:\/\/zan-bb.de\/?page_id=1080"]}]},{"@type":"BreadcrumbList","@id":"https:\/\/zan-bb.de\/?page_id=1080#breadcrumb","itemListElement":[{"@type":"ListItem","position":1,"name":"Startseite","item":"https:\/\/zan-bb.de\/"},{"@type":"ListItem","position":2,"name":"Gebietskomplex Gro\u00df Schauener Seenkette | Luchwiesen"}]},{"@type":"WebSite","@id":"https:\/\/zan-bb.de\/#website","url":"https:\/\/zan-bb.de\/","name":"ZAN-bb","description":"Zentrum angewandter Naturschutz in Brandenburg gGmbH","publisher":{"@id":"https:\/\/zan-bb.de\/#organization"},"potentialAction":[{"@type":"SearchAction","target":{"@type":"EntryPoint","urlTemplate":"https:\/\/zan-bb.de\/?s={search_term_string}"},"query-input":"required name=search_term_string"}],"inLanguage":"de"},{"@type":"Organization","@id":"https:\/\/zan-bb.de\/#organization","name":"ZAN-bb","url":"https:\/\/zan-bb.de\/","logo":{"@type":"ImageObject","inLanguage":"de","@id":"https:\/\/zan-bb.de\/#\/schema\/logo\/image\/","url":"https:\/\/zan-bb.de\/wp-content\/uploads\/2020\/05\/cropped-ZAN-logo-trans.png","contentUrl":"https:\/\/zan-bb.de\/wp-content\/uploads\/2020\/05\/cropped-ZAN-logo-trans.png","width":250,"height":250,"caption":"ZAN-bb"},"image":{"@id":"https:\/\/zan-bb.de\/#\/schema\/logo\/image\/"}}]}},"_links":{"self":[{"href":"https:\/\/zan-bb.de\/index.php?rest_route=\/wp\/v2\/pages\/1080"}],"collection":[{"href":"https:\/\/zan-bb.de\/index.php?rest_route=\/wp\/v2\/pages"}],"about":[{"href":"https:\/\/zan-bb.de\/index.php?rest_route=\/wp\/v2\/types\/page"}],"author":[{"embeddable":true,"href":"https:\/\/zan-bb.de\/index.php?rest_route=\/wp\/v2\/users\/2"}],"replies":[{"embeddable":true,"href":"https:\/\/zan-bb.de\/index.php?rest_route=%2Fwp%2Fv2%2Fcomments&post=1080"}],"version-history":[{"count":8,"href":"https:\/\/zan-bb.de\/index.php?rest_route=\/wp\/v2\/pages\/1080\/revisions"}],"predecessor-version":[{"id":1419,"href":"https:\/\/zan-bb.de\/index.php?rest_route=\/wp\/v2\/pages\/1080\/revisions\/1419"}],"wp:attachment":[{"href":"https:\/\/zan-bb.de\/index.php?rest_route=%2Fwp%2Fv2%2Fmedia&parent=1080"}],"curies":[{"name":"wp","href":"https:\/\/api.w.org\/{rel}","templated":true}]}}