{"id":1087,"date":"2025-03-25T12:19:59","date_gmt":"2025-03-25T12:19:59","guid":{"rendered":"https:\/\/zan-bb.de\/?page_id=1087"},"modified":"2025-04-02T11:01:02","modified_gmt":"2025-04-02T11:01:02","slug":"ziltendorfer-niederung-schwerpunktraum-ausserhalb-ffh","status":"publish","type":"page","link":"https:\/\/zan-bb.de\/?page_id=1087","title":{"rendered":"Ziltendorfer Niederung                                                           (Schwerpunktraum au\u00dferhalb FFH)"},"content":{"rendered":"\n<p><strong>Landkreis:<\/strong> Oder-Spree<br><strong>Gebietsgr\u00f6\u00dfe:<\/strong> 14,5 ha<\/p>\n\n\n\n<p class=\"has-medium-font-size\"><strong>Gebietscharakteristik<\/strong><\/p>\n\n\n\n<p>Die Ziltendorfer Niederung ist eine Flussaue im Landkreis Oder-Spree, Brandenburg, zwischen den Ortschaften Ziltendorf (im Nordwesten) und Vogelsang (S\u00fcdosten), westlich der Landstra\u00dfe L372.<br>Gesch\u00fctzt wird die Niederung durch Deiche entlang der Oder, die hier die Grenze zu Polen bildet. Im Westen wird sie vom Oder-Spree-Kanal und der Schlaube begrenzt.<\/p>\n\n\n\n<div class=\"wp-block-columns is-layout-flex wp-container-core-columns-layout-1 wp-block-columns-is-layout-flex\">\n<div class=\"wp-block-column is-layout-flow wp-block-column-is-layout-flow\" style=\"flex-basis:33.33%\">\n<p><strong>Ziel-LRT (Anhang I FFH-RL):<\/strong><\/p>\n<\/div>\n\n\n\n<div class=\"wp-block-column is-layout-flow wp-block-column-is-layout-flow\" style=\"flex-basis:66.66%\">\n<p>91T0 Mitteleurop\u00e4ische Flechten-Kiefernw\u00e4lder<\/p>\n\n\n\n<p>6120 Trockene, kalkreiche Sandrasen<\/p>\n<\/div>\n<\/div>\n\n\n\n<div class=\"wp-block-columns is-layout-flex wp-container-core-columns-layout-2 wp-block-columns-is-layout-flex\">\n<div class=\"wp-block-column is-layout-flow wp-block-column-is-layout-flow\">\n<p><a href=\"https:\/\/zan-bb.de\/?page_id=1085\">Vorheriges Gebiet<\/a><\/p>\n<\/div>\n\n\n\n<div class=\"wp-block-column is-layout-flow wp-block-column-is-layout-flow\">\n<p><a href=\"https:\/\/zan-bb.de\/?page_id=1113\">N\u00e4chstes Gebiet<\/a><\/p>\n<\/div>\n<\/div>\n","protected":false},"excerpt":{"rendered":"<p>Landkreis: Oder-SpreeGebietsgr\u00f6\u00dfe: 14,5 ha Gebietscharakteristik Die Ziltendorfer Niederung ist eine Flussaue im Landkreis Oder-Spree, Brandenburg, zwischen den Ortschaften Ziltendorf (im Nordwesten) und Vogelsang (S\u00fcdosten), westlich der Landstra\u00dfe L372.Gesch\u00fctzt wird die Niederung durch Deiche entlang der Oder, die hier die Grenze zu Polen bildet. Im Westen wird sie vom Oder-Spree-Kanal und der Schlaube begrenzt. Ziel-LRT (Anhang &hellip; <\/p>\n<p class=\"link-more\"><a href=\"https:\/\/zan-bb.de\/?page_id=1087\" class=\"more-link\"><span class=\"screen-reader-text\">\u201eZiltendorfer Niederung                                                           (Schwerpunktraum au\u00dferhalb FFH)\u201c<\/span> weiterlesen<\/a><\/p>\n","protected":false},"author":2,"featured_media":0,"parent":0,"menu_order":0,"comment_status":"closed","ping_status":"closed","template":"","meta":{"footnotes":""},"yoast_head":"<!-- This site is optimized with the Yoast SEO plugin v21.9.1 - https:\/\/yoast.com\/wordpress\/plugins\/seo\/ -->\n<title>Ziltendorfer Niederung                              (Schwerpunktraum au\u00dferhalb FFH) - ZAN-bb<\/title>\n<meta name=\"robots\" content=\"index, follow, max-snippet:-1, max-image-preview:large, max-video-preview:-1\" \/>\n<link rel=\"canonical\" href=\"https:\/\/zan-bb.de\/?page_id=1087\" \/>\n<meta property=\"og:locale\" content=\"de_DE\" \/>\n<meta property=\"og:type\" content=\"article\" \/>\n<meta property=\"og:title\" content=\"Ziltendorfer Niederung                              (Schwerpunktraum au\u00dferhalb FFH) - ZAN-bb\" \/>\n<meta property=\"og:description\" content=\"Landkreis: Oder-SpreeGebietsgr\u00f6\u00dfe: 14,5 ha Gebietscharakteristik Die Ziltendorfer Niederung ist eine Flussaue im Landkreis Oder-Spree, Brandenburg, zwischen den Ortschaften Ziltendorf (im Nordwesten) und Vogelsang (S\u00fcdosten), westlich der Landstra\u00dfe L372.Gesch\u00fctzt wird die Niederung durch Deiche entlang der Oder, die hier die Grenze zu Polen bildet. Im Westen wird sie vom Oder-Spree-Kanal und der Schlaube begrenzt. Ziel-LRT (Anhang &hellip; \u201eZiltendorfer Niederung                              (Schwerpunktraum au\u00dferhalb FFH)\u201c weiterlesen\" \/>\n<meta property=\"og:url\" content=\"https:\/\/zan-bb.de\/?page_id=1087\" \/>\n<meta property=\"og:site_name\" content=\"ZAN-bb\" \/>\n<meta property=\"article:modified_time\" content=\"2025-04-02T11:01:02+00:00\" \/>\n<meta name=\"twitter:card\" content=\"summary_large_image\" \/>\n<meta name=\"twitter:label1\" content=\"Gesch\u00e4tzte Lesezeit\" \/>\n\t<meta name=\"twitter:data1\" content=\"1\u00a0Minute\" \/>\n<script type=\"application\/ld+json\" class=\"yoast-schema-graph\">{\"@context\":\"https:\/\/schema.org\",\"@graph\":[{\"@type\":\"WebPage\",\"@id\":\"https:\/\/zan-bb.de\/?page_id=1087\",\"url\":\"https:\/\/zan-bb.de\/?page_id=1087\",\"name\":\"Ziltendorfer Niederung (Schwerpunktraum au\u00dferhalb FFH) - ZAN-bb\",\"isPartOf\":{\"@id\":\"https:\/\/zan-bb.de\/#website\"},\"datePublished\":\"2025-03-25T12:19:59+00:00\",\"dateModified\":\"2025-04-02T11:01:02+00:00\",\"breadcrumb\":{\"@id\":\"https:\/\/zan-bb.de\/?page_id=1087#breadcrumb\"},\"inLanguage\":\"de\",\"potentialAction\":[{\"@type\":\"ReadAction\",\"target\":[\"https:\/\/zan-bb.de\/?page_id=1087\"]}]},{\"@type\":\"BreadcrumbList\",\"@id\":\"https:\/\/zan-bb.de\/?page_id=1087#breadcrumb\",\"itemListElement\":[{\"@type\":\"ListItem\",\"position\":1,\"name\":\"Startseite\",\"item\":\"https:\/\/zan-bb.de\/\"},{\"@type\":\"ListItem\",\"position\":2,\"name\":\"Ziltendorfer Niederung (Schwerpunktraum au\u00dferhalb FFH)\"}]},{\"@type\":\"WebSite\",\"@id\":\"https:\/\/zan-bb.de\/#website\",\"url\":\"https:\/\/zan-bb.de\/\",\"name\":\"ZAN-bb\",\"description\":\"Zentrum angewandter Naturschutz in Brandenburg gGmbH\",\"publisher\":{\"@id\":\"https:\/\/zan-bb.de\/#organization\"},\"potentialAction\":[{\"@type\":\"SearchAction\",\"target\":{\"@type\":\"EntryPoint\",\"urlTemplate\":\"https:\/\/zan-bb.de\/?s={search_term_string}\"},\"query-input\":\"required name=search_term_string\"}],\"inLanguage\":\"de\"},{\"@type\":\"Organization\",\"@id\":\"https:\/\/zan-bb.de\/#organization\",\"name\":\"ZAN-bb\",\"url\":\"https:\/\/zan-bb.de\/\",\"logo\":{\"@type\":\"ImageObject\",\"inLanguage\":\"de\",\"@id\":\"https:\/\/zan-bb.de\/#\/schema\/logo\/image\/\",\"url\":\"https:\/\/zan-bb.de\/wp-content\/uploads\/2020\/05\/cropped-ZAN-logo-trans.png\",\"contentUrl\":\"https:\/\/zan-bb.de\/wp-content\/uploads\/2020\/05\/cropped-ZAN-logo-trans.png\",\"width\":250,\"height\":250,\"caption\":\"ZAN-bb\"},\"image\":{\"@id\":\"https:\/\/zan-bb.de\/#\/schema\/logo\/image\/\"}}]}<\/script>\n<!-- \/ Yoast SEO plugin. -->","yoast_head_json":{"title":"Ziltendorfer Niederung                              (Schwerpunktraum au\u00dferhalb FFH) - ZAN-bb","robots":{"index":"index","follow":"follow","max-snippet":"max-snippet:-1","max-image-preview":"max-image-preview:large","max-video-preview":"max-video-preview:-1"},"canonical":"https:\/\/zan-bb.de\/?page_id=1087","og_locale":"de_DE","og_type":"article","og_title":"Ziltendorfer Niederung                              (Schwerpunktraum au\u00dferhalb FFH) - ZAN-bb","og_description":"Landkreis: Oder-SpreeGebietsgr\u00f6\u00dfe: 14,5 ha Gebietscharakteristik Die Ziltendorfer Niederung ist eine Flussaue im Landkreis Oder-Spree, Brandenburg, zwischen den Ortschaften Ziltendorf (im Nordwesten) und Vogelsang (S\u00fcdosten), westlich der Landstra\u00dfe L372.Gesch\u00fctzt wird die Niederung durch Deiche entlang der Oder, die hier die Grenze zu Polen bildet. Im Westen wird sie vom Oder-Spree-Kanal und der Schlaube begrenzt. Ziel-LRT (Anhang &hellip; \u201eZiltendorfer Niederung                              (Schwerpunktraum au\u00dferhalb FFH)\u201c weiterlesen","og_url":"https:\/\/zan-bb.de\/?page_id=1087","og_site_name":"ZAN-bb","article_modified_time":"2025-04-02T11:01:02+00:00","twitter_card":"summary_large_image","twitter_misc":{"Gesch\u00e4tzte Lesezeit":"1\u00a0Minute"},"schema":{"@context":"https:\/\/schema.org","@graph":[{"@type":"WebPage","@id":"https:\/\/zan-bb.de\/?page_id=1087","url":"https:\/\/zan-bb.de\/?page_id=1087","name":"Ziltendorfer Niederung (Schwerpunktraum au\u00dferhalb FFH) - ZAN-bb","isPartOf":{"@id":"https:\/\/zan-bb.de\/#website"},"datePublished":"2025-03-25T12:19:59+00:00","dateModified":"2025-04-02T11:01:02+00:00","breadcrumb":{"@id":"https:\/\/zan-bb.de\/?page_id=1087#breadcrumb"},"inLanguage":"de","potentialAction":[{"@type":"ReadAction","target":["https:\/\/zan-bb.de\/?page_id=1087"]}]},{"@type":"BreadcrumbList","@id":"https:\/\/zan-bb.de\/?page_id=1087#breadcrumb","itemListElement":[{"@type":"ListItem","position":1,"name":"Startseite","item":"https:\/\/zan-bb.de\/"},{"@type":"ListItem","position":2,"name":"Ziltendorfer Niederung (Schwerpunktraum au\u00dferhalb FFH)"}]},{"@type":"WebSite","@id":"https:\/\/zan-bb.de\/#website","url":"https:\/\/zan-bb.de\/","name":"ZAN-bb","description":"Zentrum angewandter Naturschutz in Brandenburg gGmbH","publisher":{"@id":"https:\/\/zan-bb.de\/#organization"},"potentialAction":[{"@type":"SearchAction","target":{"@type":"EntryPoint","urlTemplate":"https:\/\/zan-bb.de\/?s={search_term_string}"},"query-input":"required name=search_term_string"}],"inLanguage":"de"},{"@type":"Organization","@id":"https:\/\/zan-bb.de\/#organization","name":"ZAN-bb","url":"https:\/\/zan-bb.de\/","logo":{"@type":"ImageObject","inLanguage":"de","@id":"https:\/\/zan-bb.de\/#\/schema\/logo\/image\/","url":"https:\/\/zan-bb.de\/wp-content\/uploads\/2020\/05\/cropped-ZAN-logo-trans.png","contentUrl":"https:\/\/zan-bb.de\/wp-content\/uploads\/2020\/05\/cropped-ZAN-logo-trans.png","width":250,"height":250,"caption":"ZAN-bb"},"image":{"@id":"https:\/\/zan-bb.de\/#\/schema\/logo\/image\/"}}]}},"_links":{"self":[{"href":"https:\/\/zan-bb.de\/index.php?rest_route=\/wp\/v2\/pages\/1087"}],"collection":[{"href":"https:\/\/zan-bb.de\/index.php?rest_route=\/wp\/v2\/pages"}],"about":[{"href":"https:\/\/zan-bb.de\/index.php?rest_route=\/wp\/v2\/types\/page"}],"author":[{"embeddable":true,"href":"https:\/\/zan-bb.de\/index.php?rest_route=\/wp\/v2\/users\/2"}],"replies":[{"embeddable":true,"href":"https:\/\/zan-bb.de\/index.php?rest_route=%2Fwp%2Fv2%2Fcomments&post=1087"}],"version-history":[{"count":8,"href":"https:\/\/zan-bb.de\/index.php?rest_route=\/wp\/v2\/pages\/1087\/revisions"}],"predecessor-version":[{"id":1445,"href":"https:\/\/zan-bb.de\/index.php?rest_route=\/wp\/v2\/pages\/1087\/revisions\/1445"}],"wp:attachment":[{"href":"https:\/\/zan-bb.de\/index.php?rest_route=%2Fwp%2Fv2%2Fmedia&parent=1087"}],"curies":[{"name":"wp","href":"https:\/\/api.w.org\/{rel}","templated":true}]}}