{"id":110,"date":"2021-02-25T09:17:25","date_gmt":"2021-02-25T09:17:25","guid":{"rendered":"http:\/\/zan-bb.de\/?page_id=110"},"modified":"2023-12-21T15:04:50","modified_gmt":"2023-12-21T15:04:50","slug":"projektraegerschaft","status":"publish","type":"page","link":"https:\/\/zan-bb.de\/?page_id=110","title":{"rendered":"Umsetzungsprojekte"},"content":{"rendered":"\n<p>Die Natura-2000-Gebiete, in denen wir im Rahmen der Umsetzungsprojekte aktiv sind, werden in der \u00dcbersichtskarte abgebildet.<\/p>\n\n\n\n<p><iframe loading=\"lazy\" src=\"https:\/\/www.google.com\/maps\/d\/embed?mid=10UTUuSc194IrNRQmCPjR4x-tZ3XP5XmN&amp;ehbc=2E312F\" width=\"640\" height=\"480\"><\/iframe><\/p>\n\n\n\n<h2 class=\"wp-block-heading\" id=\"block-9c5b5c8a-8b63-43dc-b3e1-4ce95abff0bf\" style=\"font-size:25px\"><strong><a href=\"https:\/\/zan-bb.de\/?page_id=41\">FFH-Gebiet Heide Malterhausen<\/a><\/strong><\/h2>\n\n\n\n<figure class=\"wp-block-image size-large is-resized\"><img loading=\"lazy\" decoding=\"async\" width=\"1024\" height=\"678\" src=\"http:\/\/zan-bb.de\/wp-content\/uploads\/2023\/11\/w-1024x678.jpg\" alt=\"\" class=\"wp-image-274\" style=\"aspect-ratio:1.5103244837758112;width:320px;height:auto\" srcset=\"https:\/\/zan-bb.de\/wp-content\/uploads\/2023\/11\/w-1024x678.jpg 1024w, https:\/\/zan-bb.de\/wp-content\/uploads\/2023\/11\/w-300x199.jpg 300w, https:\/\/zan-bb.de\/wp-content\/uploads\/2023\/11\/w-768x508.jpg 768w, https:\/\/zan-bb.de\/wp-content\/uploads\/2023\/11\/w.jpg 1213w\" sizes=\"(max-width: 767px) 89vw, (max-width: 1000px) 54vw, (max-width: 1071px) 543px, 580px\" \/><\/figure>\n\n\n\n<p>#abgeschlossen<br>Umsetzungszeitraum: Herbst 2019 bis Fr\u00fchjahr 2020<\/p>\n\n\n\n<p>F\u00fcr den Artenschutz gesicherte LRT \/ Offenland:  45 ha<br> + Fl\u00e4chen von umweltgef\u00e4hrdenden St\u00f6rk\u00f6rpern befreit <\/p>\n\n\n\n<p><br><\/p>\n\n\n\n<p style=\"font-size:25px\"><a href=\"https:\/\/zan-bb.de\/?page_id=120\"><strong>FFH-Gebiet Marienflie\u00df<\/strong><\/a><\/p>\n\n\n\n<figure class=\"wp-block-image size-large is-resized\"><img loading=\"lazy\" decoding=\"async\" width=\"1024\" height=\"624\" src=\"http:\/\/zan-bb.de\/wp-content\/uploads\/2023\/11\/z-1-1024x624.png\" alt=\"\" class=\"wp-image-280\" style=\"aspect-ratio:1.641025641025641;width:318px;height:auto\" srcset=\"https:\/\/zan-bb.de\/wp-content\/uploads\/2023\/11\/z-1-1024x624.png 1024w, https:\/\/zan-bb.de\/wp-content\/uploads\/2023\/11\/z-1-300x183.png 300w, https:\/\/zan-bb.de\/wp-content\/uploads\/2023\/11\/z-1-768x468.png 768w, https:\/\/zan-bb.de\/wp-content\/uploads\/2023\/11\/z-1-1536x936.png 1536w, https:\/\/zan-bb.de\/wp-content\/uploads\/2023\/11\/z-1-2048x1248.png 2048w\" sizes=\"(max-width: 767px) 89vw, (max-width: 1000px) 54vw, (max-width: 1071px) 543px, 580px\" \/><\/figure>\n\n\n\n<p>#in Umsetzung <br>Umsetzungszeitraum: Herbst 2020 bis Fr\u00fchjahr 2024 <\/p>\n\n\n\n<p>F\u00fcr den Artenschutz bereits gesicherte LRT \/ Offenland: 253 ha<br>+Fl\u00e4chen von  umweltgef\u00e4hrdenden  St\u00f6rk\u00f6rpern befreit<\/p>\n\n\n\n<p><br><\/p>\n\n\n\n<p style=\"font-size:25px\"><strong><a href=\"https:\/\/zan-bb.de\/?page_id=283\">FFH-Gebiet Perleberger Schie\u00dfplatz<\/a><\/strong><\/p>\n\n\n\n<figure class=\"wp-block-image size-large is-resized\"><img loading=\"lazy\" decoding=\"async\" width=\"1024\" height=\"683\" src=\"http:\/\/zan-bb.de\/wp-content\/uploads\/2023\/11\/oe-1-1024x683.jpg\" alt=\"\" class=\"wp-image-299\" style=\"aspect-ratio:1.499267935578331;width:318px;height:auto\" srcset=\"https:\/\/zan-bb.de\/wp-content\/uploads\/2023\/11\/oe-1-1024x683.jpg 1024w, https:\/\/zan-bb.de\/wp-content\/uploads\/2023\/11\/oe-1-300x200.jpg 300w, https:\/\/zan-bb.de\/wp-content\/uploads\/2023\/11\/oe-1-768x512.jpg 768w, https:\/\/zan-bb.de\/wp-content\/uploads\/2023\/11\/oe-1-1536x1024.jpg 1536w, https:\/\/zan-bb.de\/wp-content\/uploads\/2023\/11\/oe-1-2048x1365.jpg 2048w\" sizes=\"(max-width: 767px) 89vw, (max-width: 1000px) 54vw, (max-width: 1071px) 543px, 580px\" \/><\/figure>\n\n\n\n<p>#abgeschlossen<br>Umsetzungszeitraum: Fr\u00fchjahr 2021 bis Fr\u00fchjahr 2022<br><br>F\u00fcr den Artenschutz gesicherte LRT \/ Offenland: 14 ha<br>+Fl\u00e4chen von  umweltgef\u00e4hrdenden  St\u00f6rk\u00f6rpern befreit<\/p>\n\n\n\n<p><br><\/p>\n\n\n\n<p style=\"font-size:25px\"><strong><a href=\"https:\/\/zan-bb.de\/?page_id=373\">FFH-Gebiet Buschschleuse<\/a><\/strong><\/p>\n\n\n\n<figure class=\"wp-block-image size-full is-resized\"><img loading=\"lazy\" decoding=\"async\" width=\"1019\" height=\"760\" src=\"http:\/\/zan-bb.de\/wp-content\/uploads\/2023\/11\/grafik-4.png\" alt=\"\" class=\"wp-image-377\" style=\"aspect-ratio:1.3407894736842105;width:314px;height:auto\" srcset=\"https:\/\/zan-bb.de\/wp-content\/uploads\/2023\/11\/grafik-4.png 1019w, https:\/\/zan-bb.de\/wp-content\/uploads\/2023\/11\/grafik-4-300x224.png 300w, https:\/\/zan-bb.de\/wp-content\/uploads\/2023\/11\/grafik-4-768x573.png 768w\" sizes=\"(max-width: 767px) 89vw, (max-width: 1000px) 54vw, (max-width: 1071px) 543px, 580px\" \/><\/figure>\n\n\n\n<p>#abgeschlossen<br>Umsetzungszeitraum: Fr\u00fchjahr 2021 bis Fr\u00fchjahr 2022<br><br>F\u00fcr den Artenschutz gesicherte LRT \/ Offenland: 9 ha<br>+Fl\u00e4chen von  umweltgef\u00e4hrdenden  St\u00f6rk\u00f6rpern befreit<\/p>\n\n\n\n<p><br><\/p>\n\n\n\n<p style=\"font-size:25px\"><strong><a href=\"https:\/\/zan-bb.de\/?page_id=396\">FFH-Gebiet Staakower Heide<\/a><\/strong><\/p>\n\n\n\n<figure class=\"wp-block-image size-full is-resized\"><img loading=\"lazy\" decoding=\"async\" width=\"457\" height=\"369\" src=\"https:\/\/zan-bb.de\/wp-content\/uploads\/2023\/11\/gf.png\" alt=\"\" class=\"wp-image-406\" style=\"aspect-ratio:1.2384823848238482;width:324px;height:auto\" srcset=\"https:\/\/zan-bb.de\/wp-content\/uploads\/2023\/11\/gf.png 457w, https:\/\/zan-bb.de\/wp-content\/uploads\/2023\/11\/gf-300x242.png 300w\" sizes=\"(max-width: 457px) 100vw, 457px\" \/><\/figure>\n\n\n\n<p>#abgeschlossen<br>Umsetzungszeitraum: Fr\u00fchjahr 2021 bis Fr\u00fchjahr 2023<\/p>\n\n\n\n<p>F\u00fcr den Artenschutz gesicherte LRT \/ Offenland: 65 ha<br>+Fl\u00e4chen von  umweltgef\u00e4hrdenden  St\u00f6rk\u00f6rpern befreit<\/p>\n\n\n\n<p><br><\/p>\n\n\n\n<p style=\"font-size:25px\"><strong><a href=\"https:\/\/zan-bb.de\/?page_id=398\">FFH-Gebiet Kienheide<\/a><\/strong><\/p>\n\n\n\n<figure class=\"wp-block-image size-large is-resized\"><img loading=\"lazy\" decoding=\"async\" width=\"1024\" height=\"768\" src=\"http:\/\/zan-bb.de\/wp-content\/uploads\/2023\/11\/20230713_161507-1024x768.jpg\" alt=\"\" class=\"wp-image-429\" style=\"aspect-ratio:1.3333333333333333;width:323px;height:auto\" srcset=\"https:\/\/zan-bb.de\/wp-content\/uploads\/2023\/11\/20230713_161507-1024x768.jpg 1024w, https:\/\/zan-bb.de\/wp-content\/uploads\/2023\/11\/20230713_161507-300x225.jpg 300w, https:\/\/zan-bb.de\/wp-content\/uploads\/2023\/11\/20230713_161507-768x576.jpg 768w, https:\/\/zan-bb.de\/wp-content\/uploads\/2023\/11\/20230713_161507-1536x1152.jpg 1536w, https:\/\/zan-bb.de\/wp-content\/uploads\/2023\/11\/20230713_161507-2048x1536.jpg 2048w\" sizes=\"(max-width: 767px) 89vw, (max-width: 1000px) 54vw, (max-width: 1071px) 543px, 580px\" \/><\/figure>\n\n\n\n<p>#in Umsetzung<br>Umsetzungszeitraum: Fr\u00fchjar 2023 bis Fr\u00fchjahr 2024<br><\/p>\n","protected":false},"excerpt":{"rendered":"<p>Die Natura-2000-Gebiete, in denen wir im Rahmen der Umsetzungsprojekte aktiv sind, werden in der \u00dcbersichtskarte abgebildet. FFH-Gebiet Heide Malterhausen #abgeschlossenUmsetzungszeitraum: Herbst 2019 bis Fr\u00fchjahr 2020 F\u00fcr den Artenschutz gesicherte LRT \/ Offenland: 45 ha + Fl\u00e4chen von umweltgef\u00e4hrdenden St\u00f6rk\u00f6rpern befreit FFH-Gebiet Marienflie\u00df #in Umsetzung Umsetzungszeitraum: Herbst 2020 bis Fr\u00fchjahr 2024 F\u00fcr den Artenschutz bereits gesicherte &hellip; <\/p>\n<p class=\"link-more\"><a href=\"https:\/\/zan-bb.de\/?page_id=110\" class=\"more-link\"><span class=\"screen-reader-text\">\u201eUmsetzungsprojekte\u201c<\/span> weiterlesen<\/a><\/p>\n","protected":false},"author":1,"featured_media":0,"parent":0,"menu_order":0,"comment_status":"closed","ping_status":"closed","template":"","meta":{"footnotes":""},"yoast_head":"<!-- This site is optimized with the Yoast SEO plugin v21.9.1 - https:\/\/yoast.com\/wordpress\/plugins\/seo\/ -->\n<title>Umsetzungsprojekte - ZAN-bb<\/title>\n<meta name=\"robots\" content=\"index, follow, max-snippet:-1, max-image-preview:large, max-video-preview:-1\" \/>\n<link rel=\"canonical\" href=\"http:\/\/zan-bb.de\/?page_id=110\" \/>\n<meta property=\"og:locale\" content=\"de_DE\" \/>\n<meta property=\"og:type\" content=\"article\" \/>\n<meta property=\"og:title\" content=\"Umsetzungsprojekte - ZAN-bb\" \/>\n<meta property=\"og:description\" content=\"Die Natura-2000-Gebiete, in denen wir im Rahmen der Umsetzungsprojekte aktiv sind, werden in der \u00dcbersichtskarte abgebildet. FFH-Gebiet Heide Malterhausen #abgeschlossenUmsetzungszeitraum: Herbst 2019 bis Fr\u00fchjahr 2020 F\u00fcr den Artenschutz gesicherte LRT \/ Offenland: 45 ha + Fl\u00e4chen von umweltgef\u00e4hrdenden St\u00f6rk\u00f6rpern befreit FFH-Gebiet Marienflie\u00df #in Umsetzung Umsetzungszeitraum: Herbst 2020 bis Fr\u00fchjahr 2024 F\u00fcr den Artenschutz bereits gesicherte &hellip; \u201eUmsetzungsprojekte\u201c weiterlesen\" \/>\n<meta property=\"og:url\" content=\"http:\/\/zan-bb.de\/?page_id=110\" \/>\n<meta property=\"og:site_name\" content=\"ZAN-bb\" \/>\n<meta property=\"article:modified_time\" content=\"2023-12-21T15:04:50+00:00\" \/>\n<meta property=\"og:image\" content=\"http:\/\/zan-bb.de\/wp-content\/uploads\/2023\/11\/w-1024x678.jpg\" \/>\n<meta name=\"twitter:card\" content=\"summary_large_image\" \/>\n<meta name=\"twitter:label1\" content=\"Gesch\u00e4tzte Lesezeit\" \/>\n\t<meta name=\"twitter:data1\" content=\"3\u00a0Minuten\" \/>\n<script type=\"application\/ld+json\" class=\"yoast-schema-graph\">{\"@context\":\"https:\/\/schema.org\",\"@graph\":[{\"@type\":\"WebPage\",\"@id\":\"http:\/\/zan-bb.de\/?page_id=110\",\"url\":\"http:\/\/zan-bb.de\/?page_id=110\",\"name\":\"Umsetzungsprojekte - ZAN-bb\",\"isPartOf\":{\"@id\":\"https:\/\/zan-bb.de\/#website\"},\"datePublished\":\"2021-02-25T09:17:25+00:00\",\"dateModified\":\"2023-12-21T15:04:50+00:00\",\"breadcrumb\":{\"@id\":\"http:\/\/zan-bb.de\/?page_id=110#breadcrumb\"},\"inLanguage\":\"de\",\"potentialAction\":[{\"@type\":\"ReadAction\",\"target\":[\"http:\/\/zan-bb.de\/?page_id=110\"]}]},{\"@type\":\"BreadcrumbList\",\"@id\":\"http:\/\/zan-bb.de\/?page_id=110#breadcrumb\",\"itemListElement\":[{\"@type\":\"ListItem\",\"position\":1,\"name\":\"Startseite\",\"item\":\"https:\/\/zan-bb.de\/\"},{\"@type\":\"ListItem\",\"position\":2,\"name\":\"Umsetzungsprojekte\"}]},{\"@type\":\"WebSite\",\"@id\":\"https:\/\/zan-bb.de\/#website\",\"url\":\"https:\/\/zan-bb.de\/\",\"name\":\"ZAN-bb\",\"description\":\"Zentrum angewandter Naturschutz in Brandenburg gGmbH\",\"publisher\":{\"@id\":\"https:\/\/zan-bb.de\/#organization\"},\"potentialAction\":[{\"@type\":\"SearchAction\",\"target\":{\"@type\":\"EntryPoint\",\"urlTemplate\":\"https:\/\/zan-bb.de\/?s={search_term_string}\"},\"query-input\":\"required name=search_term_string\"}],\"inLanguage\":\"de\"},{\"@type\":\"Organization\",\"@id\":\"https:\/\/zan-bb.de\/#organization\",\"name\":\"ZAN-bb\",\"url\":\"https:\/\/zan-bb.de\/\",\"logo\":{\"@type\":\"ImageObject\",\"inLanguage\":\"de\",\"@id\":\"https:\/\/zan-bb.de\/#\/schema\/logo\/image\/\",\"url\":\"https:\/\/zan-bb.de\/wp-content\/uploads\/2020\/05\/cropped-ZAN-logo-trans.png\",\"contentUrl\":\"https:\/\/zan-bb.de\/wp-content\/uploads\/2020\/05\/cropped-ZAN-logo-trans.png\",\"width\":250,\"height\":250,\"caption\":\"ZAN-bb\"},\"image\":{\"@id\":\"https:\/\/zan-bb.de\/#\/schema\/logo\/image\/\"}}]}<\/script>\n<!-- \/ Yoast SEO plugin. -->","yoast_head_json":{"title":"Umsetzungsprojekte - ZAN-bb","robots":{"index":"index","follow":"follow","max-snippet":"max-snippet:-1","max-image-preview":"max-image-preview:large","max-video-preview":"max-video-preview:-1"},"canonical":"http:\/\/zan-bb.de\/?page_id=110","og_locale":"de_DE","og_type":"article","og_title":"Umsetzungsprojekte - ZAN-bb","og_description":"Die Natura-2000-Gebiete, in denen wir im Rahmen der Umsetzungsprojekte aktiv sind, werden in der \u00dcbersichtskarte abgebildet. FFH-Gebiet Heide Malterhausen #abgeschlossenUmsetzungszeitraum: Herbst 2019 bis Fr\u00fchjahr 2020 F\u00fcr den Artenschutz gesicherte LRT \/ Offenland: 45 ha + Fl\u00e4chen von umweltgef\u00e4hrdenden St\u00f6rk\u00f6rpern befreit FFH-Gebiet Marienflie\u00df #in Umsetzung Umsetzungszeitraum: Herbst 2020 bis Fr\u00fchjahr 2024 F\u00fcr den Artenschutz bereits gesicherte &hellip; \u201eUmsetzungsprojekte\u201c weiterlesen","og_url":"http:\/\/zan-bb.de\/?page_id=110","og_site_name":"ZAN-bb","article_modified_time":"2023-12-21T15:04:50+00:00","og_image":[{"url":"http:\/\/zan-bb.de\/wp-content\/uploads\/2023\/11\/w-1024x678.jpg"}],"twitter_card":"summary_large_image","twitter_misc":{"Gesch\u00e4tzte Lesezeit":"3\u00a0Minuten"},"schema":{"@context":"https:\/\/schema.org","@graph":[{"@type":"WebPage","@id":"http:\/\/zan-bb.de\/?page_id=110","url":"http:\/\/zan-bb.de\/?page_id=110","name":"Umsetzungsprojekte - ZAN-bb","isPartOf":{"@id":"https:\/\/zan-bb.de\/#website"},"datePublished":"2021-02-25T09:17:25+00:00","dateModified":"2023-12-21T15:04:50+00:00","breadcrumb":{"@id":"http:\/\/zan-bb.de\/?page_id=110#breadcrumb"},"inLanguage":"de","potentialAction":[{"@type":"ReadAction","target":["http:\/\/zan-bb.de\/?page_id=110"]}]},{"@type":"BreadcrumbList","@id":"http:\/\/zan-bb.de\/?page_id=110#breadcrumb","itemListElement":[{"@type":"ListItem","position":1,"name":"Startseite","item":"https:\/\/zan-bb.de\/"},{"@type":"ListItem","position":2,"name":"Umsetzungsprojekte"}]},{"@type":"WebSite","@id":"https:\/\/zan-bb.de\/#website","url":"https:\/\/zan-bb.de\/","name":"ZAN-bb","description":"Zentrum angewandter Naturschutz in Brandenburg gGmbH","publisher":{"@id":"https:\/\/zan-bb.de\/#organization"},"potentialAction":[{"@type":"SearchAction","target":{"@type":"EntryPoint","urlTemplate":"https:\/\/zan-bb.de\/?s={search_term_string}"},"query-input":"required name=search_term_string"}],"inLanguage":"de"},{"@type":"Organization","@id":"https:\/\/zan-bb.de\/#organization","name":"ZAN-bb","url":"https:\/\/zan-bb.de\/","logo":{"@type":"ImageObject","inLanguage":"de","@id":"https:\/\/zan-bb.de\/#\/schema\/logo\/image\/","url":"https:\/\/zan-bb.de\/wp-content\/uploads\/2020\/05\/cropped-ZAN-logo-trans.png","contentUrl":"https:\/\/zan-bb.de\/wp-content\/uploads\/2020\/05\/cropped-ZAN-logo-trans.png","width":250,"height":250,"caption":"ZAN-bb"},"image":{"@id":"https:\/\/zan-bb.de\/#\/schema\/logo\/image\/"}}]}},"_links":{"self":[{"href":"https:\/\/zan-bb.de\/index.php?rest_route=\/wp\/v2\/pages\/110"}],"collection":[{"href":"https:\/\/zan-bb.de\/index.php?rest_route=\/wp\/v2\/pages"}],"about":[{"href":"https:\/\/zan-bb.de\/index.php?rest_route=\/wp\/v2\/types\/page"}],"author":[{"embeddable":true,"href":"https:\/\/zan-bb.de\/index.php?rest_route=\/wp\/v2\/users\/1"}],"replies":[{"embeddable":true,"href":"https:\/\/zan-bb.de\/index.php?rest_route=%2Fwp%2Fv2%2Fcomments&post=110"}],"version-history":[{"count":33,"href":"https:\/\/zan-bb.de\/index.php?rest_route=\/wp\/v2\/pages\/110\/revisions"}],"predecessor-version":[{"id":1024,"href":"https:\/\/zan-bb.de\/index.php?rest_route=\/wp\/v2\/pages\/110\/revisions\/1024"}],"wp:attachment":[{"href":"https:\/\/zan-bb.de\/index.php?rest_route=%2Fwp%2Fv2%2Fmedia&parent=110"}],"curies":[{"name":"wp","href":"https:\/\/api.w.org\/{rel}","templated":true}]}}