{"id":1113,"date":"2025-03-25T13:44:43","date_gmt":"2025-03-25T13:44:43","guid":{"rendered":"https:\/\/zan-bb.de\/?page_id=1113"},"modified":"2025-04-02T10:38:32","modified_gmt":"2025-04-02T10:38:32","slug":"flechten-kiefernwald-bei-friedersdorf","status":"publish","type":"page","link":"https:\/\/zan-bb.de\/?page_id=1113","title":{"rendered":"Flechten-Kiefernwald bei Friedersdorf                                                     (LRT au\u00dferhalb FFH-Gebietsgrenzen)"},"content":{"rendered":"\n<p><strong>Landkreis:<\/strong> Dahme-Spreewald<br><strong>Gebietsgr\u00f6\u00dfe:<\/strong> 21,45 ha<\/p>\n\n\n\n<p class=\"has-medium-font-size\"><strong>Gebietscharakteristik<\/strong><\/p>\n\n\n\n<p>Der Flechten-Kiefernwald befindet sich s\u00fcdwestlich von Friedersdorf, westlich des Flugplatzes Friedersdorf, unmittelbar n\u00f6rdlich am Landschaftsschutzgebiet \u201eTeupitz &#8211; K\u00f6riser Seengebiet\u201c angrenzend.<\/p>\n\n\n\n<div class=\"wp-block-columns is-layout-flex wp-container-core-columns-layout-1 wp-block-columns-is-layout-flex\">\n<div class=\"wp-block-column is-layout-flow wp-block-column-is-layout-flow\" style=\"flex-basis:33.33%\">\n<p><strong>Ziel-LRT (Anhang I FFH-RL):<\/strong><\/p>\n<\/div>\n\n\n\n<div class=\"wp-block-column is-layout-flow wp-block-column-is-layout-flow\" style=\"flex-basis:66.66%\">\n<p>2330 D\u00fcnen mit offenen Grasfl\u00e4chen<br><br>91T0 Mitteleurop\u00e4ische Flechten-Kiefernw\u00e4lder<\/p>\n<\/div>\n<\/div>\n\n\n\n<div class=\"wp-block-columns is-layout-flex wp-container-core-columns-layout-2 wp-block-columns-is-layout-flex\">\n<div class=\"wp-block-column is-layout-flow wp-block-column-is-layout-flow\">\n<p><a href=\"https:\/\/zan-bb.de\/?page_id=1087\">Vorheriges Gebiet<\/a><\/p>\n<\/div>\n\n\n\n<div class=\"wp-block-column is-layout-flow wp-block-column-is-layout-flow\">\n<p><a href=\"https:\/\/zan-bb.de\/?page_id=1115\">N\u00e4chstes Gebiet<\/a><\/p>\n<\/div>\n<\/div>\n","protected":false},"excerpt":{"rendered":"<p>Landkreis: Dahme-SpreewaldGebietsgr\u00f6\u00dfe: 21,45 ha Gebietscharakteristik Der Flechten-Kiefernwald befindet sich s\u00fcdwestlich von Friedersdorf, westlich des Flugplatzes Friedersdorf, unmittelbar n\u00f6rdlich am Landschaftsschutzgebiet \u201eTeupitz &#8211; K\u00f6riser Seengebiet\u201c angrenzend. Ziel-LRT (Anhang I FFH-RL): 2330 D\u00fcnen mit offenen Grasfl\u00e4chen 91T0 Mitteleurop\u00e4ische Flechten-Kiefernw\u00e4lder Vorheriges Gebiet N\u00e4chstes Gebiet<\/p>\n","protected":false},"author":2,"featured_media":0,"parent":0,"menu_order":0,"comment_status":"closed","ping_status":"closed","template":"","meta":{"footnotes":""},"yoast_head":"<!-- This site is optimized with the Yoast SEO plugin v21.9.1 - https:\/\/yoast.com\/wordpress\/plugins\/seo\/ -->\n<title>Flechten-Kiefernwald bei Friedersdorf                           (LRT au\u00dferhalb FFH-Gebietsgrenzen) - ZAN-bb<\/title>\n<meta name=\"robots\" content=\"index, follow, max-snippet:-1, max-image-preview:large, max-video-preview:-1\" \/>\n<link rel=\"canonical\" href=\"https:\/\/zan-bb.de\/?page_id=1113\" \/>\n<meta property=\"og:locale\" content=\"de_DE\" \/>\n<meta property=\"og:type\" content=\"article\" \/>\n<meta property=\"og:title\" content=\"Flechten-Kiefernwald bei Friedersdorf                           (LRT au\u00dferhalb FFH-Gebietsgrenzen) - ZAN-bb\" \/>\n<meta property=\"og:description\" content=\"Landkreis: Dahme-SpreewaldGebietsgr\u00f6\u00dfe: 21,45 ha Gebietscharakteristik Der Flechten-Kiefernwald befindet sich s\u00fcdwestlich von Friedersdorf, westlich des Flugplatzes Friedersdorf, unmittelbar n\u00f6rdlich am Landschaftsschutzgebiet \u201eTeupitz &#8211; K\u00f6riser Seengebiet\u201c angrenzend. Ziel-LRT (Anhang I FFH-RL): 2330 D\u00fcnen mit offenen Grasfl\u00e4chen 91T0 Mitteleurop\u00e4ische Flechten-Kiefernw\u00e4lder Vorheriges Gebiet N\u00e4chstes Gebiet\" \/>\n<meta property=\"og:url\" content=\"https:\/\/zan-bb.de\/?page_id=1113\" \/>\n<meta property=\"og:site_name\" content=\"ZAN-bb\" \/>\n<meta property=\"article:modified_time\" content=\"2025-04-02T10:38:32+00:00\" \/>\n<meta name=\"twitter:card\" content=\"summary_large_image\" \/>\n<meta name=\"twitter:label1\" content=\"Gesch\u00e4tzte Lesezeit\" \/>\n\t<meta name=\"twitter:data1\" content=\"1\u00a0Minute\" \/>\n<script type=\"application\/ld+json\" class=\"yoast-schema-graph\">{\"@context\":\"https:\/\/schema.org\",\"@graph\":[{\"@type\":\"WebPage\",\"@id\":\"https:\/\/zan-bb.de\/?page_id=1113\",\"url\":\"https:\/\/zan-bb.de\/?page_id=1113\",\"name\":\"Flechten-Kiefernwald bei Friedersdorf (LRT au\u00dferhalb FFH-Gebietsgrenzen) - ZAN-bb\",\"isPartOf\":{\"@id\":\"https:\/\/zan-bb.de\/#website\"},\"datePublished\":\"2025-03-25T13:44:43+00:00\",\"dateModified\":\"2025-04-02T10:38:32+00:00\",\"breadcrumb\":{\"@id\":\"https:\/\/zan-bb.de\/?page_id=1113#breadcrumb\"},\"inLanguage\":\"de\",\"potentialAction\":[{\"@type\":\"ReadAction\",\"target\":[\"https:\/\/zan-bb.de\/?page_id=1113\"]}]},{\"@type\":\"BreadcrumbList\",\"@id\":\"https:\/\/zan-bb.de\/?page_id=1113#breadcrumb\",\"itemListElement\":[{\"@type\":\"ListItem\",\"position\":1,\"name\":\"Startseite\",\"item\":\"https:\/\/zan-bb.de\/\"},{\"@type\":\"ListItem\",\"position\":2,\"name\":\"Flechten-Kiefernwald bei Friedersdorf (LRT au\u00dferhalb FFH-Gebietsgrenzen)\"}]},{\"@type\":\"WebSite\",\"@id\":\"https:\/\/zan-bb.de\/#website\",\"url\":\"https:\/\/zan-bb.de\/\",\"name\":\"ZAN-bb\",\"description\":\"Zentrum angewandter Naturschutz in Brandenburg gGmbH\",\"publisher\":{\"@id\":\"https:\/\/zan-bb.de\/#organization\"},\"potentialAction\":[{\"@type\":\"SearchAction\",\"target\":{\"@type\":\"EntryPoint\",\"urlTemplate\":\"https:\/\/zan-bb.de\/?s={search_term_string}\"},\"query-input\":\"required name=search_term_string\"}],\"inLanguage\":\"de\"},{\"@type\":\"Organization\",\"@id\":\"https:\/\/zan-bb.de\/#organization\",\"name\":\"ZAN-bb\",\"url\":\"https:\/\/zan-bb.de\/\",\"logo\":{\"@type\":\"ImageObject\",\"inLanguage\":\"de\",\"@id\":\"https:\/\/zan-bb.de\/#\/schema\/logo\/image\/\",\"url\":\"https:\/\/zan-bb.de\/wp-content\/uploads\/2020\/05\/cropped-ZAN-logo-trans.png\",\"contentUrl\":\"https:\/\/zan-bb.de\/wp-content\/uploads\/2020\/05\/cropped-ZAN-logo-trans.png\",\"width\":250,\"height\":250,\"caption\":\"ZAN-bb\"},\"image\":{\"@id\":\"https:\/\/zan-bb.de\/#\/schema\/logo\/image\/\"}}]}<\/script>\n<!-- \/ Yoast SEO plugin. -->","yoast_head_json":{"title":"Flechten-Kiefernwald bei Friedersdorf                           (LRT au\u00dferhalb FFH-Gebietsgrenzen) - ZAN-bb","robots":{"index":"index","follow":"follow","max-snippet":"max-snippet:-1","max-image-preview":"max-image-preview:large","max-video-preview":"max-video-preview:-1"},"canonical":"https:\/\/zan-bb.de\/?page_id=1113","og_locale":"de_DE","og_type":"article","og_title":"Flechten-Kiefernwald bei Friedersdorf                           (LRT au\u00dferhalb FFH-Gebietsgrenzen) - ZAN-bb","og_description":"Landkreis: Dahme-SpreewaldGebietsgr\u00f6\u00dfe: 21,45 ha Gebietscharakteristik Der Flechten-Kiefernwald befindet sich s\u00fcdwestlich von Friedersdorf, westlich des Flugplatzes Friedersdorf, unmittelbar n\u00f6rdlich am Landschaftsschutzgebiet \u201eTeupitz &#8211; K\u00f6riser Seengebiet\u201c angrenzend. Ziel-LRT (Anhang I FFH-RL): 2330 D\u00fcnen mit offenen Grasfl\u00e4chen 91T0 Mitteleurop\u00e4ische Flechten-Kiefernw\u00e4lder Vorheriges Gebiet N\u00e4chstes Gebiet","og_url":"https:\/\/zan-bb.de\/?page_id=1113","og_site_name":"ZAN-bb","article_modified_time":"2025-04-02T10:38:32+00:00","twitter_card":"summary_large_image","twitter_misc":{"Gesch\u00e4tzte Lesezeit":"1\u00a0Minute"},"schema":{"@context":"https:\/\/schema.org","@graph":[{"@type":"WebPage","@id":"https:\/\/zan-bb.de\/?page_id=1113","url":"https:\/\/zan-bb.de\/?page_id=1113","name":"Flechten-Kiefernwald bei Friedersdorf (LRT au\u00dferhalb FFH-Gebietsgrenzen) - ZAN-bb","isPartOf":{"@id":"https:\/\/zan-bb.de\/#website"},"datePublished":"2025-03-25T13:44:43+00:00","dateModified":"2025-04-02T10:38:32+00:00","breadcrumb":{"@id":"https:\/\/zan-bb.de\/?page_id=1113#breadcrumb"},"inLanguage":"de","potentialAction":[{"@type":"ReadAction","target":["https:\/\/zan-bb.de\/?page_id=1113"]}]},{"@type":"BreadcrumbList","@id":"https:\/\/zan-bb.de\/?page_id=1113#breadcrumb","itemListElement":[{"@type":"ListItem","position":1,"name":"Startseite","item":"https:\/\/zan-bb.de\/"},{"@type":"ListItem","position":2,"name":"Flechten-Kiefernwald bei Friedersdorf (LRT au\u00dferhalb FFH-Gebietsgrenzen)"}]},{"@type":"WebSite","@id":"https:\/\/zan-bb.de\/#website","url":"https:\/\/zan-bb.de\/","name":"ZAN-bb","description":"Zentrum angewandter Naturschutz in Brandenburg gGmbH","publisher":{"@id":"https:\/\/zan-bb.de\/#organization"},"potentialAction":[{"@type":"SearchAction","target":{"@type":"EntryPoint","urlTemplate":"https:\/\/zan-bb.de\/?s={search_term_string}"},"query-input":"required name=search_term_string"}],"inLanguage":"de"},{"@type":"Organization","@id":"https:\/\/zan-bb.de\/#organization","name":"ZAN-bb","url":"https:\/\/zan-bb.de\/","logo":{"@type":"ImageObject","inLanguage":"de","@id":"https:\/\/zan-bb.de\/#\/schema\/logo\/image\/","url":"https:\/\/zan-bb.de\/wp-content\/uploads\/2020\/05\/cropped-ZAN-logo-trans.png","contentUrl":"https:\/\/zan-bb.de\/wp-content\/uploads\/2020\/05\/cropped-ZAN-logo-trans.png","width":250,"height":250,"caption":"ZAN-bb"},"image":{"@id":"https:\/\/zan-bb.de\/#\/schema\/logo\/image\/"}}]}},"_links":{"self":[{"href":"https:\/\/zan-bb.de\/index.php?rest_route=\/wp\/v2\/pages\/1113"}],"collection":[{"href":"https:\/\/zan-bb.de\/index.php?rest_route=\/wp\/v2\/pages"}],"about":[{"href":"https:\/\/zan-bb.de\/index.php?rest_route=\/wp\/v2\/types\/page"}],"author":[{"embeddable":true,"href":"https:\/\/zan-bb.de\/index.php?rest_route=\/wp\/v2\/users\/2"}],"replies":[{"embeddable":true,"href":"https:\/\/zan-bb.de\/index.php?rest_route=%2Fwp%2Fv2%2Fcomments&post=1113"}],"version-history":[{"count":7,"href":"https:\/\/zan-bb.de\/index.php?rest_route=\/wp\/v2\/pages\/1113\/revisions"}],"predecessor-version":[{"id":1416,"href":"https:\/\/zan-bb.de\/index.php?rest_route=\/wp\/v2\/pages\/1113\/revisions\/1416"}],"wp:attachment":[{"href":"https:\/\/zan-bb.de\/index.php?rest_route=%2Fwp%2Fv2%2Fmedia&parent=1113"}],"curies":[{"name":"wp","href":"https:\/\/api.w.org\/{rel}","templated":true}]}}