{"id":1119,"date":"2025-03-25T14:00:36","date_gmt":"2025-03-25T14:00:36","guid":{"rendered":"https:\/\/zan-bb.de\/?page_id=1119"},"modified":"2025-04-02T10:47:49","modified_gmt":"2025-04-02T10:47:49","slug":"oberes-temnitztal","status":"publish","type":"page","link":"https:\/\/zan-bb.de\/?page_id=1119","title":{"rendered":"Oberes Temnitztal"},"content":{"rendered":"\n<p><strong>EU-Nr.: <\/strong>DE 2941-301<br><strong>Landesnr.: <\/strong>296<br><strong>Landkreis:<\/strong> Ostprignitz-Ruppin<br><strong>Gebietsgr\u00f6\u00dfe:<\/strong> 64,28 ha<\/p>\n\n\n\n<p class=\"has-medium-font-size\"><strong>Gebietscharakteristik<\/strong><\/p>\n\n\n\n<p>Das FFH-Gebiet \u201eOberes Temnitztal\u201c umfasst den schnell flie\u00dfenden, von Hangquellen gespeisten Oberlauf der Temnitz zwischen Pfalzheim und R\u00e4gelin. Der tief eingeschnittene Bachlauf bildet ein schmales, extensiv genutztes Tal in der Wittstock-Ruppiner Heide.<\/p>\n\n\n\n<p>Die B\u00f6den reichen von moorig bis sandig. Das Gebiet ist gepr\u00e4gt von feuchtem Gr\u00fcnland, Erlenbruchw\u00e4ldern und Weidengeh\u00f6lzen, w\u00e4hrend die sandigen Kuppen Kiefern sowie Trocken- und Halbtrockenrasen aufweisen.<\/p>\n\n\n\n<p>Durch den hohen Anteil an FFH-Lebensraumtypen mit charakteristischen Arten ist das Gebiet f\u00fcr Natura 2000 in der Region Ostprignitz besonders bedeutend.<\/p>\n\n\n\n<div class=\"wp-block-columns is-layout-flex wp-container-core-columns-layout-1 wp-block-columns-is-layout-flex\">\n<div class=\"wp-block-column is-layout-flow wp-block-column-is-layout-flow\">\n<p><strong>Ziel-Art (Anhang II FFH-RL):&nbsp;<\/strong><\/p>\n<\/div>\n\n\n\n<div class=\"wp-block-column is-layout-flow wp-block-column-is-layout-flow\">\n<p>Schmale Windelschnecke (<em>Vertigo angustior<\/em>)<\/p>\n<\/div>\n<\/div>\n\n\n\n<div class=\"wp-block-columns is-layout-flex wp-container-core-columns-layout-2 wp-block-columns-is-layout-flex\">\n<div class=\"wp-block-column is-layout-flow wp-block-column-is-layout-flow\">\n<p><a href=\"https:\/\/zan-bb.de\/?page_id=1117\">Vorheriges Gebiet<\/a><\/p>\n<\/div>\n\n\n\n<div class=\"wp-block-column is-layout-flow wp-block-column-is-layout-flow\">\n<p><a href=\"https:\/\/zan-bb.de\/?page_id=1121\">N\u00e4chstes Gebiet<\/a><\/p>\n<\/div>\n<\/div>\n","protected":false},"excerpt":{"rendered":"<p>EU-Nr.: DE 2941-301Landesnr.: 296Landkreis: Ostprignitz-RuppinGebietsgr\u00f6\u00dfe: 64,28 ha Gebietscharakteristik Das FFH-Gebiet \u201eOberes Temnitztal\u201c umfasst den schnell flie\u00dfenden, von Hangquellen gespeisten Oberlauf der Temnitz zwischen Pfalzheim und R\u00e4gelin. Der tief eingeschnittene Bachlauf bildet ein schmales, extensiv genutztes Tal in der Wittstock-Ruppiner Heide. Die B\u00f6den reichen von moorig bis sandig. Das Gebiet ist gepr\u00e4gt von feuchtem Gr\u00fcnland, Erlenbruchw\u00e4ldern &hellip; <\/p>\n<p class=\"link-more\"><a href=\"https:\/\/zan-bb.de\/?page_id=1119\" class=\"more-link\"><span class=\"screen-reader-text\">\u201eOberes Temnitztal\u201c<\/span> weiterlesen<\/a><\/p>\n","protected":false},"author":2,"featured_media":0,"parent":0,"menu_order":0,"comment_status":"closed","ping_status":"closed","template":"","meta":{"footnotes":""},"yoast_head":"<!-- This site is optimized with the Yoast SEO plugin v21.9.1 - https:\/\/yoast.com\/wordpress\/plugins\/seo\/ -->\n<title>Oberes Temnitztal - ZAN-bb<\/title>\n<meta name=\"robots\" content=\"index, follow, max-snippet:-1, max-image-preview:large, max-video-preview:-1\" \/>\n<link rel=\"canonical\" href=\"https:\/\/zan-bb.de\/?page_id=1119\" \/>\n<meta property=\"og:locale\" content=\"de_DE\" \/>\n<meta property=\"og:type\" content=\"article\" \/>\n<meta property=\"og:title\" content=\"Oberes Temnitztal - ZAN-bb\" \/>\n<meta property=\"og:description\" content=\"EU-Nr.: DE 2941-301Landesnr.: 296Landkreis: Ostprignitz-RuppinGebietsgr\u00f6\u00dfe: 64,28 ha Gebietscharakteristik Das FFH-Gebiet \u201eOberes Temnitztal\u201c umfasst den schnell flie\u00dfenden, von Hangquellen gespeisten Oberlauf der Temnitz zwischen Pfalzheim und R\u00e4gelin. Der tief eingeschnittene Bachlauf bildet ein schmales, extensiv genutztes Tal in der Wittstock-Ruppiner Heide. Die B\u00f6den reichen von moorig bis sandig. Das Gebiet ist gepr\u00e4gt von feuchtem Gr\u00fcnland, Erlenbruchw\u00e4ldern &hellip; \u201eOberes Temnitztal\u201c weiterlesen\" \/>\n<meta property=\"og:url\" content=\"https:\/\/zan-bb.de\/?page_id=1119\" \/>\n<meta property=\"og:site_name\" content=\"ZAN-bb\" \/>\n<meta property=\"article:modified_time\" content=\"2025-04-02T10:47:49+00:00\" \/>\n<meta name=\"twitter:card\" content=\"summary_large_image\" \/>\n<meta name=\"twitter:label1\" content=\"Gesch\u00e4tzte Lesezeit\" \/>\n\t<meta name=\"twitter:data1\" content=\"1\u00a0Minute\" \/>\n<script type=\"application\/ld+json\" class=\"yoast-schema-graph\">{\"@context\":\"https:\/\/schema.org\",\"@graph\":[{\"@type\":\"WebPage\",\"@id\":\"https:\/\/zan-bb.de\/?page_id=1119\",\"url\":\"https:\/\/zan-bb.de\/?page_id=1119\",\"name\":\"Oberes Temnitztal - ZAN-bb\",\"isPartOf\":{\"@id\":\"https:\/\/zan-bb.de\/#website\"},\"datePublished\":\"2025-03-25T14:00:36+00:00\",\"dateModified\":\"2025-04-02T10:47:49+00:00\",\"breadcrumb\":{\"@id\":\"https:\/\/zan-bb.de\/?page_id=1119#breadcrumb\"},\"inLanguage\":\"de\",\"potentialAction\":[{\"@type\":\"ReadAction\",\"target\":[\"https:\/\/zan-bb.de\/?page_id=1119\"]}]},{\"@type\":\"BreadcrumbList\",\"@id\":\"https:\/\/zan-bb.de\/?page_id=1119#breadcrumb\",\"itemListElement\":[{\"@type\":\"ListItem\",\"position\":1,\"name\":\"Startseite\",\"item\":\"https:\/\/zan-bb.de\/\"},{\"@type\":\"ListItem\",\"position\":2,\"name\":\"Oberes Temnitztal\"}]},{\"@type\":\"WebSite\",\"@id\":\"https:\/\/zan-bb.de\/#website\",\"url\":\"https:\/\/zan-bb.de\/\",\"name\":\"ZAN-bb\",\"description\":\"Zentrum angewandter Naturschutz in Brandenburg gGmbH\",\"publisher\":{\"@id\":\"https:\/\/zan-bb.de\/#organization\"},\"potentialAction\":[{\"@type\":\"SearchAction\",\"target\":{\"@type\":\"EntryPoint\",\"urlTemplate\":\"https:\/\/zan-bb.de\/?s={search_term_string}\"},\"query-input\":\"required name=search_term_string\"}],\"inLanguage\":\"de\"},{\"@type\":\"Organization\",\"@id\":\"https:\/\/zan-bb.de\/#organization\",\"name\":\"ZAN-bb\",\"url\":\"https:\/\/zan-bb.de\/\",\"logo\":{\"@type\":\"ImageObject\",\"inLanguage\":\"de\",\"@id\":\"https:\/\/zan-bb.de\/#\/schema\/logo\/image\/\",\"url\":\"https:\/\/zan-bb.de\/wp-content\/uploads\/2020\/05\/cropped-ZAN-logo-trans.png\",\"contentUrl\":\"https:\/\/zan-bb.de\/wp-content\/uploads\/2020\/05\/cropped-ZAN-logo-trans.png\",\"width\":250,\"height\":250,\"caption\":\"ZAN-bb\"},\"image\":{\"@id\":\"https:\/\/zan-bb.de\/#\/schema\/logo\/image\/\"}}]}<\/script>\n<!-- \/ Yoast SEO plugin. -->","yoast_head_json":{"title":"Oberes Temnitztal - ZAN-bb","robots":{"index":"index","follow":"follow","max-snippet":"max-snippet:-1","max-image-preview":"max-image-preview:large","max-video-preview":"max-video-preview:-1"},"canonical":"https:\/\/zan-bb.de\/?page_id=1119","og_locale":"de_DE","og_type":"article","og_title":"Oberes Temnitztal - ZAN-bb","og_description":"EU-Nr.: DE 2941-301Landesnr.: 296Landkreis: Ostprignitz-RuppinGebietsgr\u00f6\u00dfe: 64,28 ha Gebietscharakteristik Das FFH-Gebiet \u201eOberes Temnitztal\u201c umfasst den schnell flie\u00dfenden, von Hangquellen gespeisten Oberlauf der Temnitz zwischen Pfalzheim und R\u00e4gelin. Der tief eingeschnittene Bachlauf bildet ein schmales, extensiv genutztes Tal in der Wittstock-Ruppiner Heide. Die B\u00f6den reichen von moorig bis sandig. Das Gebiet ist gepr\u00e4gt von feuchtem Gr\u00fcnland, Erlenbruchw\u00e4ldern &hellip; \u201eOberes Temnitztal\u201c weiterlesen","og_url":"https:\/\/zan-bb.de\/?page_id=1119","og_site_name":"ZAN-bb","article_modified_time":"2025-04-02T10:47:49+00:00","twitter_card":"summary_large_image","twitter_misc":{"Gesch\u00e4tzte Lesezeit":"1\u00a0Minute"},"schema":{"@context":"https:\/\/schema.org","@graph":[{"@type":"WebPage","@id":"https:\/\/zan-bb.de\/?page_id=1119","url":"https:\/\/zan-bb.de\/?page_id=1119","name":"Oberes Temnitztal - ZAN-bb","isPartOf":{"@id":"https:\/\/zan-bb.de\/#website"},"datePublished":"2025-03-25T14:00:36+00:00","dateModified":"2025-04-02T10:47:49+00:00","breadcrumb":{"@id":"https:\/\/zan-bb.de\/?page_id=1119#breadcrumb"},"inLanguage":"de","potentialAction":[{"@type":"ReadAction","target":["https:\/\/zan-bb.de\/?page_id=1119"]}]},{"@type":"BreadcrumbList","@id":"https:\/\/zan-bb.de\/?page_id=1119#breadcrumb","itemListElement":[{"@type":"ListItem","position":1,"name":"Startseite","item":"https:\/\/zan-bb.de\/"},{"@type":"ListItem","position":2,"name":"Oberes Temnitztal"}]},{"@type":"WebSite","@id":"https:\/\/zan-bb.de\/#website","url":"https:\/\/zan-bb.de\/","name":"ZAN-bb","description":"Zentrum angewandter Naturschutz in Brandenburg gGmbH","publisher":{"@id":"https:\/\/zan-bb.de\/#organization"},"potentialAction":[{"@type":"SearchAction","target":{"@type":"EntryPoint","urlTemplate":"https:\/\/zan-bb.de\/?s={search_term_string}"},"query-input":"required name=search_term_string"}],"inLanguage":"de"},{"@type":"Organization","@id":"https:\/\/zan-bb.de\/#organization","name":"ZAN-bb","url":"https:\/\/zan-bb.de\/","logo":{"@type":"ImageObject","inLanguage":"de","@id":"https:\/\/zan-bb.de\/#\/schema\/logo\/image\/","url":"https:\/\/zan-bb.de\/wp-content\/uploads\/2020\/05\/cropped-ZAN-logo-trans.png","contentUrl":"https:\/\/zan-bb.de\/wp-content\/uploads\/2020\/05\/cropped-ZAN-logo-trans.png","width":250,"height":250,"caption":"ZAN-bb"},"image":{"@id":"https:\/\/zan-bb.de\/#\/schema\/logo\/image\/"}}]}},"_links":{"self":[{"href":"https:\/\/zan-bb.de\/index.php?rest_route=\/wp\/v2\/pages\/1119"}],"collection":[{"href":"https:\/\/zan-bb.de\/index.php?rest_route=\/wp\/v2\/pages"}],"about":[{"href":"https:\/\/zan-bb.de\/index.php?rest_route=\/wp\/v2\/types\/page"}],"author":[{"embeddable":true,"href":"https:\/\/zan-bb.de\/index.php?rest_route=\/wp\/v2\/users\/2"}],"replies":[{"embeddable":true,"href":"https:\/\/zan-bb.de\/index.php?rest_route=%2Fwp%2Fv2%2Fcomments&post=1119"}],"version-history":[{"count":5,"href":"https:\/\/zan-bb.de\/index.php?rest_route=\/wp\/v2\/pages\/1119\/revisions"}],"predecessor-version":[{"id":1429,"href":"https:\/\/zan-bb.de\/index.php?rest_route=\/wp\/v2\/pages\/1119\/revisions\/1429"}],"wp:attachment":[{"href":"https:\/\/zan-bb.de\/index.php?rest_route=%2Fwp%2Fv2%2Fmedia&parent=1119"}],"curies":[{"name":"wp","href":"https:\/\/api.w.org\/{rel}","templated":true}]}}