{"id":1121,"date":"2025-03-25T14:04:41","date_gmt":"2025-03-25T14:04:41","guid":{"rendered":"https:\/\/zan-bb.de\/?page_id=1121"},"modified":"2025-04-02T11:10:18","modified_gmt":"2025-04-02T11:10:18","slug":"charlottenhoehe","status":"publish","type":"page","link":"https:\/\/zan-bb.de\/?page_id=1121","title":{"rendered":"Charlottenh\u00f6he"},"content":{"rendered":"\n<p><strong>EU-Nr.: <\/strong>DE 2748-301<br><strong>Landesnr.: <\/strong>189<br><strong>Landkreis:<\/strong> Uckermark<br><strong>Gebietsgr\u00f6\u00dfe:<\/strong> 235 ha<\/p>\n\n\n\n<p class=\"has-medium-font-size\"><strong>Gebietscharakteristik<\/strong><\/p>\n\n\n\n<p>Das FFH-Gebiet Charlottenh\u00f6he liegt s\u00fcd\u00f6stlich von Prenzlau in der Gemeinde Nordwestuckermark, zwischen Schmachtenhagen und R\u00f6persdorf, westlich des Unter Ueckersees. Es wird im Osten von der Landstra\u00dfe nach Dollshof und im S\u00fcden von der Stra\u00dfe zwischen Schmachtenhagen und R\u00f6persdorf begrenzt.<\/p>\n\n\n\n<p>Die Fauna und Flora des Gebiets wurden durch die fr\u00fchere milit\u00e4rische Nutzung gepr\u00e4gt, da es ab 1945 als Truppen\u00fcbungsplatz f\u00fcr Milit\u00e4rfahrzeuge diente.<\/p>\n\n\n\n<div class=\"wp-block-columns is-layout-flex wp-container-core-columns-layout-1 wp-block-columns-is-layout-flex\">\n<div class=\"wp-block-column is-layout-flow wp-block-column-is-layout-flow\">\n<p><strong>Ziel-LRT (Anhang I FFH-RL):<\/strong><\/p>\n<\/div>\n\n\n\n<div class=\"wp-block-column is-layout-flow wp-block-column-is-layout-flow\">\n<p>3150 Nat\u00fcrliche eutrophe Stillgew\u00e4sser mit einer Vegetation des <em>Magno- potamions <\/em>oder <em>Hydrocharitions<\/em><em><\/em><\/p>\n\n\n\n<p>4030 Trockene europ\u00e4ische Heide<\/p>\n\n\n\n<p>6120 Trockene, kalkreiche Sandrasen<\/p>\n\n\n\n<p>6240 Subpannonischen Steppen-Trockenrasen<br><br>6510 (au\u00dferhalb LRT-Grenzen) Extensive M\u00e4hwiesen der planaren bis submontanen Stufe (<em>Arrhenatherion, Brachypodio-Centaureion nemoralis<\/em>)<\/p>\n\n\n\n<p>91U0 Kiefernw\u00e4lder der sarmatischen Steppe<\/p>\n<\/div>\n<\/div>\n\n\n\n<div class=\"wp-block-columns is-layout-flex wp-container-core-columns-layout-2 wp-block-columns-is-layout-flex\">\n<div class=\"wp-block-column is-layout-flow wp-block-column-is-layout-flow\">\n<p><strong>Ziel-Art (Anhang II FFH-RL):&nbsp;<\/strong><\/p>\n<\/div>\n\n\n\n<div class=\"wp-block-column is-layout-flow wp-block-column-is-layout-flow\">\n<p>Rotbauchunke (<em>Bombina bombina<\/em>)<\/p>\n\n\n\n<p>Kammmolch (<em>Triturus cristatus<\/em>)<\/p>\n\n\n\n<p>Schmale Windelschnecke (<em>Vertigo angustior<\/em>)<\/p>\n\n\n\n<p>Bauchige Windelschnecke (<em>Vertigo moulinsiana<\/em>)<\/p>\n<\/div>\n<\/div>\n\n\n\n<div class=\"wp-block-columns is-layout-flex wp-container-core-columns-layout-3 wp-block-columns-is-layout-flex\">\n<div class=\"wp-block-column is-layout-flow wp-block-column-is-layout-flow\">\n<p><a href=\"https:\/\/zan-bb.de\/?page_id=1119\">Vorheriges Gebiet<\/a><\/p>\n<\/div>\n\n\n\n<div class=\"wp-block-column is-layout-flow wp-block-column-is-layout-flow\">\n<p><a href=\"https:\/\/zan-bb.de\/?page_id=1123\">N\u00e4chstes Gebiet<\/a><\/p>\n<\/div>\n<\/div>\n","protected":false},"excerpt":{"rendered":"<p>EU-Nr.: DE 2748-301Landesnr.: 189Landkreis: UckermarkGebietsgr\u00f6\u00dfe: 235 ha Gebietscharakteristik Das FFH-Gebiet Charlottenh\u00f6he liegt s\u00fcd\u00f6stlich von Prenzlau in der Gemeinde Nordwestuckermark, zwischen Schmachtenhagen und R\u00f6persdorf, westlich des Unter Ueckersees. Es wird im Osten von der Landstra\u00dfe nach Dollshof und im S\u00fcden von der Stra\u00dfe zwischen Schmachtenhagen und R\u00f6persdorf begrenzt. Die Fauna und Flora des Gebiets wurden durch &hellip; <\/p>\n<p class=\"link-more\"><a href=\"https:\/\/zan-bb.de\/?page_id=1121\" class=\"more-link\"><span class=\"screen-reader-text\">\u201eCharlottenh\u00f6he\u201c<\/span> weiterlesen<\/a><\/p>\n","protected":false},"author":2,"featured_media":0,"parent":0,"menu_order":0,"comment_status":"closed","ping_status":"closed","template":"","meta":{"footnotes":""},"yoast_head":"<!-- This site is optimized with the Yoast SEO plugin v21.9.1 - https:\/\/yoast.com\/wordpress\/plugins\/seo\/ -->\n<title>Charlottenh\u00f6he - ZAN-bb<\/title>\n<meta name=\"robots\" content=\"index, follow, max-snippet:-1, max-image-preview:large, max-video-preview:-1\" \/>\n<link rel=\"canonical\" href=\"https:\/\/zan-bb.de\/?page_id=1121\" \/>\n<meta property=\"og:locale\" content=\"de_DE\" \/>\n<meta property=\"og:type\" content=\"article\" \/>\n<meta property=\"og:title\" content=\"Charlottenh\u00f6he - ZAN-bb\" \/>\n<meta property=\"og:description\" content=\"EU-Nr.: DE 2748-301Landesnr.: 189Landkreis: UckermarkGebietsgr\u00f6\u00dfe: 235 ha Gebietscharakteristik Das FFH-Gebiet Charlottenh\u00f6he liegt s\u00fcd\u00f6stlich von Prenzlau in der Gemeinde Nordwestuckermark, zwischen Schmachtenhagen und R\u00f6persdorf, westlich des Unter Ueckersees. Es wird im Osten von der Landstra\u00dfe nach Dollshof und im S\u00fcden von der Stra\u00dfe zwischen Schmachtenhagen und R\u00f6persdorf begrenzt. Die Fauna und Flora des Gebiets wurden durch &hellip; \u201eCharlottenh\u00f6he\u201c weiterlesen\" \/>\n<meta property=\"og:url\" content=\"https:\/\/zan-bb.de\/?page_id=1121\" \/>\n<meta property=\"og:site_name\" content=\"ZAN-bb\" \/>\n<meta property=\"article:modified_time\" content=\"2025-04-02T11:10:18+00:00\" \/>\n<meta name=\"twitter:card\" content=\"summary_large_image\" \/>\n<meta name=\"twitter:label1\" content=\"Gesch\u00e4tzte Lesezeit\" \/>\n\t<meta name=\"twitter:data1\" content=\"1\u00a0Minute\" \/>\n<script type=\"application\/ld+json\" class=\"yoast-schema-graph\">{\"@context\":\"https:\/\/schema.org\",\"@graph\":[{\"@type\":\"WebPage\",\"@id\":\"https:\/\/zan-bb.de\/?page_id=1121\",\"url\":\"https:\/\/zan-bb.de\/?page_id=1121\",\"name\":\"Charlottenh\u00f6he - ZAN-bb\",\"isPartOf\":{\"@id\":\"https:\/\/zan-bb.de\/#website\"},\"datePublished\":\"2025-03-25T14:04:41+00:00\",\"dateModified\":\"2025-04-02T11:10:18+00:00\",\"breadcrumb\":{\"@id\":\"https:\/\/zan-bb.de\/?page_id=1121#breadcrumb\"},\"inLanguage\":\"de\",\"potentialAction\":[{\"@type\":\"ReadAction\",\"target\":[\"https:\/\/zan-bb.de\/?page_id=1121\"]}]},{\"@type\":\"BreadcrumbList\",\"@id\":\"https:\/\/zan-bb.de\/?page_id=1121#breadcrumb\",\"itemListElement\":[{\"@type\":\"ListItem\",\"position\":1,\"name\":\"Startseite\",\"item\":\"https:\/\/zan-bb.de\/\"},{\"@type\":\"ListItem\",\"position\":2,\"name\":\"Charlottenh\u00f6he\"}]},{\"@type\":\"WebSite\",\"@id\":\"https:\/\/zan-bb.de\/#website\",\"url\":\"https:\/\/zan-bb.de\/\",\"name\":\"ZAN-bb\",\"description\":\"Zentrum angewandter Naturschutz in Brandenburg gGmbH\",\"publisher\":{\"@id\":\"https:\/\/zan-bb.de\/#organization\"},\"potentialAction\":[{\"@type\":\"SearchAction\",\"target\":{\"@type\":\"EntryPoint\",\"urlTemplate\":\"https:\/\/zan-bb.de\/?s={search_term_string}\"},\"query-input\":\"required name=search_term_string\"}],\"inLanguage\":\"de\"},{\"@type\":\"Organization\",\"@id\":\"https:\/\/zan-bb.de\/#organization\",\"name\":\"ZAN-bb\",\"url\":\"https:\/\/zan-bb.de\/\",\"logo\":{\"@type\":\"ImageObject\",\"inLanguage\":\"de\",\"@id\":\"https:\/\/zan-bb.de\/#\/schema\/logo\/image\/\",\"url\":\"https:\/\/zan-bb.de\/wp-content\/uploads\/2020\/05\/cropped-ZAN-logo-trans.png\",\"contentUrl\":\"https:\/\/zan-bb.de\/wp-content\/uploads\/2020\/05\/cropped-ZAN-logo-trans.png\",\"width\":250,\"height\":250,\"caption\":\"ZAN-bb\"},\"image\":{\"@id\":\"https:\/\/zan-bb.de\/#\/schema\/logo\/image\/\"}}]}<\/script>\n<!-- \/ Yoast SEO plugin. -->","yoast_head_json":{"title":"Charlottenh\u00f6he - ZAN-bb","robots":{"index":"index","follow":"follow","max-snippet":"max-snippet:-1","max-image-preview":"max-image-preview:large","max-video-preview":"max-video-preview:-1"},"canonical":"https:\/\/zan-bb.de\/?page_id=1121","og_locale":"de_DE","og_type":"article","og_title":"Charlottenh\u00f6he - ZAN-bb","og_description":"EU-Nr.: DE 2748-301Landesnr.: 189Landkreis: UckermarkGebietsgr\u00f6\u00dfe: 235 ha Gebietscharakteristik Das FFH-Gebiet Charlottenh\u00f6he liegt s\u00fcd\u00f6stlich von Prenzlau in der Gemeinde Nordwestuckermark, zwischen Schmachtenhagen und R\u00f6persdorf, westlich des Unter Ueckersees. Es wird im Osten von der Landstra\u00dfe nach Dollshof und im S\u00fcden von der Stra\u00dfe zwischen Schmachtenhagen und R\u00f6persdorf begrenzt. Die Fauna und Flora des Gebiets wurden durch &hellip; \u201eCharlottenh\u00f6he\u201c weiterlesen","og_url":"https:\/\/zan-bb.de\/?page_id=1121","og_site_name":"ZAN-bb","article_modified_time":"2025-04-02T11:10:18+00:00","twitter_card":"summary_large_image","twitter_misc":{"Gesch\u00e4tzte Lesezeit":"1\u00a0Minute"},"schema":{"@context":"https:\/\/schema.org","@graph":[{"@type":"WebPage","@id":"https:\/\/zan-bb.de\/?page_id=1121","url":"https:\/\/zan-bb.de\/?page_id=1121","name":"Charlottenh\u00f6he - ZAN-bb","isPartOf":{"@id":"https:\/\/zan-bb.de\/#website"},"datePublished":"2025-03-25T14:04:41+00:00","dateModified":"2025-04-02T11:10:18+00:00","breadcrumb":{"@id":"https:\/\/zan-bb.de\/?page_id=1121#breadcrumb"},"inLanguage":"de","potentialAction":[{"@type":"ReadAction","target":["https:\/\/zan-bb.de\/?page_id=1121"]}]},{"@type":"BreadcrumbList","@id":"https:\/\/zan-bb.de\/?page_id=1121#breadcrumb","itemListElement":[{"@type":"ListItem","position":1,"name":"Startseite","item":"https:\/\/zan-bb.de\/"},{"@type":"ListItem","position":2,"name":"Charlottenh\u00f6he"}]},{"@type":"WebSite","@id":"https:\/\/zan-bb.de\/#website","url":"https:\/\/zan-bb.de\/","name":"ZAN-bb","description":"Zentrum angewandter Naturschutz in Brandenburg gGmbH","publisher":{"@id":"https:\/\/zan-bb.de\/#organization"},"potentialAction":[{"@type":"SearchAction","target":{"@type":"EntryPoint","urlTemplate":"https:\/\/zan-bb.de\/?s={search_term_string}"},"query-input":"required name=search_term_string"}],"inLanguage":"de"},{"@type":"Organization","@id":"https:\/\/zan-bb.de\/#organization","name":"ZAN-bb","url":"https:\/\/zan-bb.de\/","logo":{"@type":"ImageObject","inLanguage":"de","@id":"https:\/\/zan-bb.de\/#\/schema\/logo\/image\/","url":"https:\/\/zan-bb.de\/wp-content\/uploads\/2020\/05\/cropped-ZAN-logo-trans.png","contentUrl":"https:\/\/zan-bb.de\/wp-content\/uploads\/2020\/05\/cropped-ZAN-logo-trans.png","width":250,"height":250,"caption":"ZAN-bb"},"image":{"@id":"https:\/\/zan-bb.de\/#\/schema\/logo\/image\/"}}]}},"_links":{"self":[{"href":"https:\/\/zan-bb.de\/index.php?rest_route=\/wp\/v2\/pages\/1121"}],"collection":[{"href":"https:\/\/zan-bb.de\/index.php?rest_route=\/wp\/v2\/pages"}],"about":[{"href":"https:\/\/zan-bb.de\/index.php?rest_route=\/wp\/v2\/types\/page"}],"author":[{"embeddable":true,"href":"https:\/\/zan-bb.de\/index.php?rest_route=\/wp\/v2\/users\/2"}],"replies":[{"embeddable":true,"href":"https:\/\/zan-bb.de\/index.php?rest_route=%2Fwp%2Fv2%2Fcomments&post=1121"}],"version-history":[{"count":11,"href":"https:\/\/zan-bb.de\/index.php?rest_route=\/wp\/v2\/pages\/1121\/revisions"}],"predecessor-version":[{"id":1447,"href":"https:\/\/zan-bb.de\/index.php?rest_route=\/wp\/v2\/pages\/1121\/revisions\/1447"}],"wp:attachment":[{"href":"https:\/\/zan-bb.de\/index.php?rest_route=%2Fwp%2Fv2%2Fmedia&parent=1121"}],"curies":[{"name":"wp","href":"https:\/\/api.w.org\/{rel}","templated":true}]}}