{"id":1123,"date":"2025-03-25T14:07:05","date_gmt":"2025-03-25T14:07:05","guid":{"rendered":"https:\/\/zan-bb.de\/?page_id=1123"},"modified":"2025-04-02T10:57:50","modified_gmt":"2025-04-02T10:57:50","slug":"vietmannsdorfer-heide","status":"publish","type":"page","link":"https:\/\/zan-bb.de\/?page_id=1123","title":{"rendered":"Vietmannsdorfer Heide"},"content":{"rendered":"\n<p><strong>EU-Nr.: <\/strong>DE 4150-303<br><strong>Landesnr.: <\/strong>461<br><strong>Landkreis:<\/strong> Uckermark<br><strong>Gebietsgr\u00f6\u00dfe:<\/strong> 337 ha<\/p>\n\n\n\n<p class=\"has-medium-font-size\"><strong>Gebietscharakteristik<\/strong><\/p>\n\n\n\n<p>Das FFH-Gebiet liegt s\u00fcdlich von Vietmannsdorf im Landkreis Uckermark und grenzt im Nordosten und Nordwesten an den ehemaligen Milit\u00e4rflugplatz Gro\u00df D\u00f6lln. Im S\u00fcden wird es durch den Zaun der Hauptrollbahn begrenzt.<\/p>\n\n\n\n<p>Seit 1952 entstanden durch den Bau und die Nutzung der Landebahn gro\u00dffl\u00e4chige Trockenrasen- und Calluna-Heiden, die sich mit Waldsukzessionsfl\u00e4chen und Kiefernforsten abwechseln. Naturr\u00e4umlich geh\u00f6rt die Vietmannsdorfer Heide zur n\u00f6rdlichen Schorfheide und liegt auf n\u00e4hrstoffarmen Sandb\u00f6den im Vorland der Pommerschen Eisrandlage der Weichselvereisung.<\/p>\n\n\n\n<div class=\"wp-block-columns is-layout-flex wp-container-core-columns-layout-1 wp-block-columns-is-layout-flex\">\n<div class=\"wp-block-column is-layout-flow wp-block-column-is-layout-flow\">\n<p><strong>Ziel-LRT (Anhang I FFH-RL):<\/strong><\/p>\n<\/div>\n\n\n\n<div class=\"wp-block-column is-layout-flow wp-block-column-is-layout-flow\">\n<p>4030 Trockene europ\u00e4ische Heide<\/p>\n<\/div>\n<\/div>\n\n\n\n<div class=\"wp-block-columns is-layout-flex wp-container-core-columns-layout-2 wp-block-columns-is-layout-flex\">\n<div class=\"wp-block-column is-layout-flow wp-block-column-is-layout-flow\">\n<p><a href=\"https:\/\/zan-bb.de\/?page_id=1121\">Vorheriges Gebiet<\/a><\/p>\n<\/div>\n\n\n\n<div class=\"wp-block-column is-layout-flow wp-block-column-is-layout-flow\">\n<p><a href=\"https:\/\/zan-bb.de\/?page_id=1127\">N\u00e4chstes Gebiet<\/a><\/p>\n<\/div>\n<\/div>\n","protected":false},"excerpt":{"rendered":"<p>EU-Nr.: DE 4150-303Landesnr.: 461Landkreis: UckermarkGebietsgr\u00f6\u00dfe: 337 ha Gebietscharakteristik Das FFH-Gebiet liegt s\u00fcdlich von Vietmannsdorf im Landkreis Uckermark und grenzt im Nordosten und Nordwesten an den ehemaligen Milit\u00e4rflugplatz Gro\u00df D\u00f6lln. Im S\u00fcden wird es durch den Zaun der Hauptrollbahn begrenzt. Seit 1952 entstanden durch den Bau und die Nutzung der Landebahn gro\u00dffl\u00e4chige Trockenrasen- und Calluna-Heiden, die &hellip; <\/p>\n<p class=\"link-more\"><a href=\"https:\/\/zan-bb.de\/?page_id=1123\" class=\"more-link\"><span class=\"screen-reader-text\">\u201eVietmannsdorfer Heide\u201c<\/span> weiterlesen<\/a><\/p>\n","protected":false},"author":2,"featured_media":0,"parent":0,"menu_order":0,"comment_status":"closed","ping_status":"closed","template":"","meta":{"footnotes":""},"yoast_head":"<!-- This site is optimized with the Yoast SEO plugin v21.9.1 - https:\/\/yoast.com\/wordpress\/plugins\/seo\/ -->\n<title>Vietmannsdorfer Heide - ZAN-bb<\/title>\n<meta name=\"robots\" content=\"index, follow, max-snippet:-1, max-image-preview:large, max-video-preview:-1\" \/>\n<link rel=\"canonical\" href=\"https:\/\/zan-bb.de\/?page_id=1123\" \/>\n<meta property=\"og:locale\" content=\"de_DE\" \/>\n<meta property=\"og:type\" content=\"article\" \/>\n<meta property=\"og:title\" content=\"Vietmannsdorfer Heide - ZAN-bb\" \/>\n<meta property=\"og:description\" content=\"EU-Nr.: DE 4150-303Landesnr.: 461Landkreis: UckermarkGebietsgr\u00f6\u00dfe: 337 ha Gebietscharakteristik Das FFH-Gebiet liegt s\u00fcdlich von Vietmannsdorf im Landkreis Uckermark und grenzt im Nordosten und Nordwesten an den ehemaligen Milit\u00e4rflugplatz Gro\u00df D\u00f6lln. Im S\u00fcden wird es durch den Zaun der Hauptrollbahn begrenzt. Seit 1952 entstanden durch den Bau und die Nutzung der Landebahn gro\u00dffl\u00e4chige Trockenrasen- und Calluna-Heiden, die &hellip; \u201eVietmannsdorfer Heide\u201c weiterlesen\" \/>\n<meta property=\"og:url\" content=\"https:\/\/zan-bb.de\/?page_id=1123\" \/>\n<meta property=\"og:site_name\" content=\"ZAN-bb\" \/>\n<meta property=\"article:modified_time\" content=\"2025-04-02T10:57:50+00:00\" \/>\n<meta name=\"twitter:card\" content=\"summary_large_image\" \/>\n<meta name=\"twitter:label1\" content=\"Gesch\u00e4tzte Lesezeit\" \/>\n\t<meta name=\"twitter:data1\" content=\"1\u00a0Minute\" \/>\n<script type=\"application\/ld+json\" class=\"yoast-schema-graph\">{\"@context\":\"https:\/\/schema.org\",\"@graph\":[{\"@type\":\"WebPage\",\"@id\":\"https:\/\/zan-bb.de\/?page_id=1123\",\"url\":\"https:\/\/zan-bb.de\/?page_id=1123\",\"name\":\"Vietmannsdorfer Heide - ZAN-bb\",\"isPartOf\":{\"@id\":\"https:\/\/zan-bb.de\/#website\"},\"datePublished\":\"2025-03-25T14:07:05+00:00\",\"dateModified\":\"2025-04-02T10:57:50+00:00\",\"breadcrumb\":{\"@id\":\"https:\/\/zan-bb.de\/?page_id=1123#breadcrumb\"},\"inLanguage\":\"de\",\"potentialAction\":[{\"@type\":\"ReadAction\",\"target\":[\"https:\/\/zan-bb.de\/?page_id=1123\"]}]},{\"@type\":\"BreadcrumbList\",\"@id\":\"https:\/\/zan-bb.de\/?page_id=1123#breadcrumb\",\"itemListElement\":[{\"@type\":\"ListItem\",\"position\":1,\"name\":\"Startseite\",\"item\":\"https:\/\/zan-bb.de\/\"},{\"@type\":\"ListItem\",\"position\":2,\"name\":\"Vietmannsdorfer Heide\"}]},{\"@type\":\"WebSite\",\"@id\":\"https:\/\/zan-bb.de\/#website\",\"url\":\"https:\/\/zan-bb.de\/\",\"name\":\"ZAN-bb\",\"description\":\"Zentrum angewandter Naturschutz in Brandenburg gGmbH\",\"publisher\":{\"@id\":\"https:\/\/zan-bb.de\/#organization\"},\"potentialAction\":[{\"@type\":\"SearchAction\",\"target\":{\"@type\":\"EntryPoint\",\"urlTemplate\":\"https:\/\/zan-bb.de\/?s={search_term_string}\"},\"query-input\":\"required name=search_term_string\"}],\"inLanguage\":\"de\"},{\"@type\":\"Organization\",\"@id\":\"https:\/\/zan-bb.de\/#organization\",\"name\":\"ZAN-bb\",\"url\":\"https:\/\/zan-bb.de\/\",\"logo\":{\"@type\":\"ImageObject\",\"inLanguage\":\"de\",\"@id\":\"https:\/\/zan-bb.de\/#\/schema\/logo\/image\/\",\"url\":\"https:\/\/zan-bb.de\/wp-content\/uploads\/2020\/05\/cropped-ZAN-logo-trans.png\",\"contentUrl\":\"https:\/\/zan-bb.de\/wp-content\/uploads\/2020\/05\/cropped-ZAN-logo-trans.png\",\"width\":250,\"height\":250,\"caption\":\"ZAN-bb\"},\"image\":{\"@id\":\"https:\/\/zan-bb.de\/#\/schema\/logo\/image\/\"}}]}<\/script>\n<!-- \/ Yoast SEO plugin. -->","yoast_head_json":{"title":"Vietmannsdorfer Heide - ZAN-bb","robots":{"index":"index","follow":"follow","max-snippet":"max-snippet:-1","max-image-preview":"max-image-preview:large","max-video-preview":"max-video-preview:-1"},"canonical":"https:\/\/zan-bb.de\/?page_id=1123","og_locale":"de_DE","og_type":"article","og_title":"Vietmannsdorfer Heide - ZAN-bb","og_description":"EU-Nr.: DE 4150-303Landesnr.: 461Landkreis: UckermarkGebietsgr\u00f6\u00dfe: 337 ha Gebietscharakteristik Das FFH-Gebiet liegt s\u00fcdlich von Vietmannsdorf im Landkreis Uckermark und grenzt im Nordosten und Nordwesten an den ehemaligen Milit\u00e4rflugplatz Gro\u00df D\u00f6lln. Im S\u00fcden wird es durch den Zaun der Hauptrollbahn begrenzt. Seit 1952 entstanden durch den Bau und die Nutzung der Landebahn gro\u00dffl\u00e4chige Trockenrasen- und Calluna-Heiden, die &hellip; \u201eVietmannsdorfer Heide\u201c weiterlesen","og_url":"https:\/\/zan-bb.de\/?page_id=1123","og_site_name":"ZAN-bb","article_modified_time":"2025-04-02T10:57:50+00:00","twitter_card":"summary_large_image","twitter_misc":{"Gesch\u00e4tzte Lesezeit":"1\u00a0Minute"},"schema":{"@context":"https:\/\/schema.org","@graph":[{"@type":"WebPage","@id":"https:\/\/zan-bb.de\/?page_id=1123","url":"https:\/\/zan-bb.de\/?page_id=1123","name":"Vietmannsdorfer Heide - ZAN-bb","isPartOf":{"@id":"https:\/\/zan-bb.de\/#website"},"datePublished":"2025-03-25T14:07:05+00:00","dateModified":"2025-04-02T10:57:50+00:00","breadcrumb":{"@id":"https:\/\/zan-bb.de\/?page_id=1123#breadcrumb"},"inLanguage":"de","potentialAction":[{"@type":"ReadAction","target":["https:\/\/zan-bb.de\/?page_id=1123"]}]},{"@type":"BreadcrumbList","@id":"https:\/\/zan-bb.de\/?page_id=1123#breadcrumb","itemListElement":[{"@type":"ListItem","position":1,"name":"Startseite","item":"https:\/\/zan-bb.de\/"},{"@type":"ListItem","position":2,"name":"Vietmannsdorfer Heide"}]},{"@type":"WebSite","@id":"https:\/\/zan-bb.de\/#website","url":"https:\/\/zan-bb.de\/","name":"ZAN-bb","description":"Zentrum angewandter Naturschutz in Brandenburg gGmbH","publisher":{"@id":"https:\/\/zan-bb.de\/#organization"},"potentialAction":[{"@type":"SearchAction","target":{"@type":"EntryPoint","urlTemplate":"https:\/\/zan-bb.de\/?s={search_term_string}"},"query-input":"required name=search_term_string"}],"inLanguage":"de"},{"@type":"Organization","@id":"https:\/\/zan-bb.de\/#organization","name":"ZAN-bb","url":"https:\/\/zan-bb.de\/","logo":{"@type":"ImageObject","inLanguage":"de","@id":"https:\/\/zan-bb.de\/#\/schema\/logo\/image\/","url":"https:\/\/zan-bb.de\/wp-content\/uploads\/2020\/05\/cropped-ZAN-logo-trans.png","contentUrl":"https:\/\/zan-bb.de\/wp-content\/uploads\/2020\/05\/cropped-ZAN-logo-trans.png","width":250,"height":250,"caption":"ZAN-bb"},"image":{"@id":"https:\/\/zan-bb.de\/#\/schema\/logo\/image\/"}}]}},"_links":{"self":[{"href":"https:\/\/zan-bb.de\/index.php?rest_route=\/wp\/v2\/pages\/1123"}],"collection":[{"href":"https:\/\/zan-bb.de\/index.php?rest_route=\/wp\/v2\/pages"}],"about":[{"href":"https:\/\/zan-bb.de\/index.php?rest_route=\/wp\/v2\/types\/page"}],"author":[{"embeddable":true,"href":"https:\/\/zan-bb.de\/index.php?rest_route=\/wp\/v2\/users\/2"}],"replies":[{"embeddable":true,"href":"https:\/\/zan-bb.de\/index.php?rest_route=%2Fwp%2Fv2%2Fcomments&post=1123"}],"version-history":[{"count":8,"href":"https:\/\/zan-bb.de\/index.php?rest_route=\/wp\/v2\/pages\/1123\/revisions"}],"predecessor-version":[{"id":1441,"href":"https:\/\/zan-bb.de\/index.php?rest_route=\/wp\/v2\/pages\/1123\/revisions\/1441"}],"wp:attachment":[{"href":"https:\/\/zan-bb.de\/index.php?rest_route=%2Fwp%2Fv2%2Fmedia&parent=1123"}],"curies":[{"name":"wp","href":"https:\/\/api.w.org\/{rel}","templated":true}]}}