{"id":1131,"date":"2025-03-25T14:15:24","date_gmt":"2025-03-25T14:15:24","guid":{"rendered":"https:\/\/zan-bb.de\/?page_id=1131"},"modified":"2025-04-02T10:56:11","modified_gmt":"2025-04-02T10:56:11","slug":"uckerseewiesen-und-trockenhaenge-teilflaeche-unteruckersee","status":"publish","type":"page","link":"https:\/\/zan-bb.de\/?page_id=1131","title":{"rendered":"Uckerseewiesen und Trockenh\u00e4nge                                                      (Teilfl\u00e4che Unteruckersee)"},"content":{"rendered":"\n<p><strong>EU-Nr.: <\/strong>DE 2749-301<br><strong>Landesnr.: <\/strong>623<br><strong>Landkreis:<\/strong> Uckermark<br><strong>Gebietsgr\u00f6\u00dfe:<\/strong> 120 ha<\/p>\n\n\n\n<p class=\"has-medium-font-size\"><strong>Gebietscharakteristik<\/strong><\/p>\n\n\n\n<p>Das FFH-Gebiet \u201eUckerseewiesen und Trockenh\u00e4nge\u201c umfasst 120 Hektar und besteht aus acht teils weit auseinanderliegenden Teilfl\u00e4chen im Landkreis Uckermark. Es liegt zwischen der B 109, den Orten Pinnow, Potzlow, Seehausen, Prenzlau und Seel\u00fcbbe.<\/p>\n\n\n\n<p>Das Gebiet zeichnet sich durch n\u00e4hrstoffarme, artenreiche Feuchtwiesen und Moorbiotope auf kalkreichen, vermoorten Seeterrassen sowie in vermoorten Senken aus. Teilweise wird es von salzhaltigem Grundwasser beeinflusst. An steilen H\u00e4ngen und auf der Grundmor\u00e4ne befinden sich zudem kalkreiche Trockenrasen und Trockengeb\u00fcsche mit kontinentalem Charakter.<\/p>\n\n\n\n<div class=\"wp-block-columns is-layout-flex wp-container-core-columns-layout-1 wp-block-columns-is-layout-flex\">\n<div class=\"wp-block-column is-layout-flow wp-block-column-is-layout-flow\">\n<p><strong>Ziel-LRT (Anhang I FFH-RL):<\/strong><\/p>\n<\/div>\n\n\n\n<div class=\"wp-block-column is-layout-flow wp-block-column-is-layout-flow\">\n<p>6410 Pfeifengraswiesen auf kalkreichem Boden, torfigen und tonig-schluffigen B\u00f6den (<em>Molinion caeruleae<\/em>)<\/p>\n<\/div>\n<\/div>\n\n\n\n<div class=\"wp-block-columns is-layout-flex wp-container-core-columns-layout-2 wp-block-columns-is-layout-flex\">\n<div class=\"wp-block-column is-layout-flow wp-block-column-is-layout-flow\">\n<p><strong>Ziel-Art (Anhang II FFH-RL):<\/strong><\/p>\n<\/div>\n\n\n\n<div class=\"wp-block-column is-layout-flow wp-block-column-is-layout-flow\">\n<p>Sumpf-Knabenkraut (<em>Orchis Palustris<\/em>)<\/p>\n<\/div>\n<\/div>\n\n\n\n<div class=\"wp-block-columns is-layout-flex wp-container-core-columns-layout-3 wp-block-columns-is-layout-flex\">\n<div class=\"wp-block-column is-layout-flow wp-block-column-is-layout-flow\">\n<p><a href=\"https:\/\/zan-bb.de\/?page_id=1127\">Vorheriges Gebiet<\/a><\/p>\n<\/div>\n\n\n\n<div class=\"wp-block-column is-layout-flow wp-block-column-is-layout-flow\">\n<p><a href=\"https:\/\/zan-bb.de\/?page_id=1133\">N\u00e4chstes Gebiet<\/a><\/p>\n<\/div>\n<\/div>\n","protected":false},"excerpt":{"rendered":"<p>EU-Nr.: DE 2749-301Landesnr.: 623Landkreis: UckermarkGebietsgr\u00f6\u00dfe: 120 ha Gebietscharakteristik Das FFH-Gebiet \u201eUckerseewiesen und Trockenh\u00e4nge\u201c umfasst 120 Hektar und besteht aus acht teils weit auseinanderliegenden Teilfl\u00e4chen im Landkreis Uckermark. Es liegt zwischen der B 109, den Orten Pinnow, Potzlow, Seehausen, Prenzlau und Seel\u00fcbbe. Das Gebiet zeichnet sich durch n\u00e4hrstoffarme, artenreiche Feuchtwiesen und Moorbiotope auf kalkreichen, vermoorten Seeterrassen &hellip; <\/p>\n<p class=\"link-more\"><a href=\"https:\/\/zan-bb.de\/?page_id=1131\" class=\"more-link\"><span class=\"screen-reader-text\">\u201eUckerseewiesen und Trockenh\u00e4nge                                                      (Teilfl\u00e4che Unteruckersee)\u201c<\/span> weiterlesen<\/a><\/p>\n","protected":false},"author":2,"featured_media":0,"parent":0,"menu_order":0,"comment_status":"closed","ping_status":"closed","template":"","meta":{"footnotes":""},"yoast_head":"<!-- This site is optimized with the Yoast SEO plugin v21.9.1 - https:\/\/yoast.com\/wordpress\/plugins\/seo\/ -->\n<title>Uckerseewiesen und Trockenh\u00e4nge                           (Teilfl\u00e4che Unteruckersee) - ZAN-bb<\/title>\n<meta name=\"robots\" content=\"index, follow, max-snippet:-1, max-image-preview:large, max-video-preview:-1\" \/>\n<link rel=\"canonical\" href=\"https:\/\/zan-bb.de\/?page_id=1131\" \/>\n<meta property=\"og:locale\" content=\"de_DE\" \/>\n<meta property=\"og:type\" content=\"article\" \/>\n<meta property=\"og:title\" content=\"Uckerseewiesen und Trockenh\u00e4nge                           (Teilfl\u00e4che Unteruckersee) - ZAN-bb\" \/>\n<meta property=\"og:description\" content=\"EU-Nr.: DE 2749-301Landesnr.: 623Landkreis: UckermarkGebietsgr\u00f6\u00dfe: 120 ha Gebietscharakteristik Das FFH-Gebiet \u201eUckerseewiesen und Trockenh\u00e4nge\u201c umfasst 120 Hektar und besteht aus acht teils weit auseinanderliegenden Teilfl\u00e4chen im Landkreis Uckermark. Es liegt zwischen der B 109, den Orten Pinnow, Potzlow, Seehausen, Prenzlau und Seel\u00fcbbe. Das Gebiet zeichnet sich durch n\u00e4hrstoffarme, artenreiche Feuchtwiesen und Moorbiotope auf kalkreichen, vermoorten Seeterrassen &hellip; \u201eUckerseewiesen und Trockenh\u00e4nge                           (Teilfl\u00e4che Unteruckersee)\u201c weiterlesen\" \/>\n<meta property=\"og:url\" content=\"https:\/\/zan-bb.de\/?page_id=1131\" \/>\n<meta property=\"og:site_name\" content=\"ZAN-bb\" \/>\n<meta property=\"article:modified_time\" content=\"2025-04-02T10:56:11+00:00\" \/>\n<meta name=\"twitter:card\" content=\"summary_large_image\" \/>\n<meta name=\"twitter:label1\" content=\"Gesch\u00e4tzte Lesezeit\" \/>\n\t<meta name=\"twitter:data1\" content=\"1\u00a0Minute\" \/>\n<script type=\"application\/ld+json\" class=\"yoast-schema-graph\">{\"@context\":\"https:\/\/schema.org\",\"@graph\":[{\"@type\":\"WebPage\",\"@id\":\"https:\/\/zan-bb.de\/?page_id=1131\",\"url\":\"https:\/\/zan-bb.de\/?page_id=1131\",\"name\":\"Uckerseewiesen und Trockenh\u00e4nge (Teilfl\u00e4che Unteruckersee) - ZAN-bb\",\"isPartOf\":{\"@id\":\"https:\/\/zan-bb.de\/#website\"},\"datePublished\":\"2025-03-25T14:15:24+00:00\",\"dateModified\":\"2025-04-02T10:56:11+00:00\",\"breadcrumb\":{\"@id\":\"https:\/\/zan-bb.de\/?page_id=1131#breadcrumb\"},\"inLanguage\":\"de\",\"potentialAction\":[{\"@type\":\"ReadAction\",\"target\":[\"https:\/\/zan-bb.de\/?page_id=1131\"]}]},{\"@type\":\"BreadcrumbList\",\"@id\":\"https:\/\/zan-bb.de\/?page_id=1131#breadcrumb\",\"itemListElement\":[{\"@type\":\"ListItem\",\"position\":1,\"name\":\"Startseite\",\"item\":\"https:\/\/zan-bb.de\/\"},{\"@type\":\"ListItem\",\"position\":2,\"name\":\"Uckerseewiesen und Trockenh\u00e4nge (Teilfl\u00e4che Unteruckersee)\"}]},{\"@type\":\"WebSite\",\"@id\":\"https:\/\/zan-bb.de\/#website\",\"url\":\"https:\/\/zan-bb.de\/\",\"name\":\"ZAN-bb\",\"description\":\"Zentrum angewandter Naturschutz in Brandenburg gGmbH\",\"publisher\":{\"@id\":\"https:\/\/zan-bb.de\/#organization\"},\"potentialAction\":[{\"@type\":\"SearchAction\",\"target\":{\"@type\":\"EntryPoint\",\"urlTemplate\":\"https:\/\/zan-bb.de\/?s={search_term_string}\"},\"query-input\":\"required name=search_term_string\"}],\"inLanguage\":\"de\"},{\"@type\":\"Organization\",\"@id\":\"https:\/\/zan-bb.de\/#organization\",\"name\":\"ZAN-bb\",\"url\":\"https:\/\/zan-bb.de\/\",\"logo\":{\"@type\":\"ImageObject\",\"inLanguage\":\"de\",\"@id\":\"https:\/\/zan-bb.de\/#\/schema\/logo\/image\/\",\"url\":\"https:\/\/zan-bb.de\/wp-content\/uploads\/2020\/05\/cropped-ZAN-logo-trans.png\",\"contentUrl\":\"https:\/\/zan-bb.de\/wp-content\/uploads\/2020\/05\/cropped-ZAN-logo-trans.png\",\"width\":250,\"height\":250,\"caption\":\"ZAN-bb\"},\"image\":{\"@id\":\"https:\/\/zan-bb.de\/#\/schema\/logo\/image\/\"}}]}<\/script>\n<!-- \/ Yoast SEO plugin. -->","yoast_head_json":{"title":"Uckerseewiesen und Trockenh\u00e4nge                           (Teilfl\u00e4che Unteruckersee) - ZAN-bb","robots":{"index":"index","follow":"follow","max-snippet":"max-snippet:-1","max-image-preview":"max-image-preview:large","max-video-preview":"max-video-preview:-1"},"canonical":"https:\/\/zan-bb.de\/?page_id=1131","og_locale":"de_DE","og_type":"article","og_title":"Uckerseewiesen und Trockenh\u00e4nge                           (Teilfl\u00e4che Unteruckersee) - ZAN-bb","og_description":"EU-Nr.: DE 2749-301Landesnr.: 623Landkreis: UckermarkGebietsgr\u00f6\u00dfe: 120 ha Gebietscharakteristik Das FFH-Gebiet \u201eUckerseewiesen und Trockenh\u00e4nge\u201c umfasst 120 Hektar und besteht aus acht teils weit auseinanderliegenden Teilfl\u00e4chen im Landkreis Uckermark. Es liegt zwischen der B 109, den Orten Pinnow, Potzlow, Seehausen, Prenzlau und Seel\u00fcbbe. Das Gebiet zeichnet sich durch n\u00e4hrstoffarme, artenreiche Feuchtwiesen und Moorbiotope auf kalkreichen, vermoorten Seeterrassen &hellip; \u201eUckerseewiesen und Trockenh\u00e4nge                           (Teilfl\u00e4che Unteruckersee)\u201c weiterlesen","og_url":"https:\/\/zan-bb.de\/?page_id=1131","og_site_name":"ZAN-bb","article_modified_time":"2025-04-02T10:56:11+00:00","twitter_card":"summary_large_image","twitter_misc":{"Gesch\u00e4tzte Lesezeit":"1\u00a0Minute"},"schema":{"@context":"https:\/\/schema.org","@graph":[{"@type":"WebPage","@id":"https:\/\/zan-bb.de\/?page_id=1131","url":"https:\/\/zan-bb.de\/?page_id=1131","name":"Uckerseewiesen und Trockenh\u00e4nge (Teilfl\u00e4che Unteruckersee) - ZAN-bb","isPartOf":{"@id":"https:\/\/zan-bb.de\/#website"},"datePublished":"2025-03-25T14:15:24+00:00","dateModified":"2025-04-02T10:56:11+00:00","breadcrumb":{"@id":"https:\/\/zan-bb.de\/?page_id=1131#breadcrumb"},"inLanguage":"de","potentialAction":[{"@type":"ReadAction","target":["https:\/\/zan-bb.de\/?page_id=1131"]}]},{"@type":"BreadcrumbList","@id":"https:\/\/zan-bb.de\/?page_id=1131#breadcrumb","itemListElement":[{"@type":"ListItem","position":1,"name":"Startseite","item":"https:\/\/zan-bb.de\/"},{"@type":"ListItem","position":2,"name":"Uckerseewiesen und Trockenh\u00e4nge (Teilfl\u00e4che Unteruckersee)"}]},{"@type":"WebSite","@id":"https:\/\/zan-bb.de\/#website","url":"https:\/\/zan-bb.de\/","name":"ZAN-bb","description":"Zentrum angewandter Naturschutz in Brandenburg gGmbH","publisher":{"@id":"https:\/\/zan-bb.de\/#organization"},"potentialAction":[{"@type":"SearchAction","target":{"@type":"EntryPoint","urlTemplate":"https:\/\/zan-bb.de\/?s={search_term_string}"},"query-input":"required name=search_term_string"}],"inLanguage":"de"},{"@type":"Organization","@id":"https:\/\/zan-bb.de\/#organization","name":"ZAN-bb","url":"https:\/\/zan-bb.de\/","logo":{"@type":"ImageObject","inLanguage":"de","@id":"https:\/\/zan-bb.de\/#\/schema\/logo\/image\/","url":"https:\/\/zan-bb.de\/wp-content\/uploads\/2020\/05\/cropped-ZAN-logo-trans.png","contentUrl":"https:\/\/zan-bb.de\/wp-content\/uploads\/2020\/05\/cropped-ZAN-logo-trans.png","width":250,"height":250,"caption":"ZAN-bb"},"image":{"@id":"https:\/\/zan-bb.de\/#\/schema\/logo\/image\/"}}]}},"_links":{"self":[{"href":"https:\/\/zan-bb.de\/index.php?rest_route=\/wp\/v2\/pages\/1131"}],"collection":[{"href":"https:\/\/zan-bb.de\/index.php?rest_route=\/wp\/v2\/pages"}],"about":[{"href":"https:\/\/zan-bb.de\/index.php?rest_route=\/wp\/v2\/types\/page"}],"author":[{"embeddable":true,"href":"https:\/\/zan-bb.de\/index.php?rest_route=\/wp\/v2\/users\/2"}],"replies":[{"embeddable":true,"href":"https:\/\/zan-bb.de\/index.php?rest_route=%2Fwp%2Fv2%2Fcomments&post=1131"}],"version-history":[{"count":6,"href":"https:\/\/zan-bb.de\/index.php?rest_route=\/wp\/v2\/pages\/1131\/revisions"}],"predecessor-version":[{"id":1438,"href":"https:\/\/zan-bb.de\/index.php?rest_route=\/wp\/v2\/pages\/1131\/revisions\/1438"}],"wp:attachment":[{"href":"https:\/\/zan-bb.de\/index.php?rest_route=%2Fwp%2Fv2%2Fmedia&parent=1131"}],"curies":[{"name":"wp","href":"https:\/\/api.w.org\/{rel}","templated":true}]}}