{"id":1135,"date":"2025-03-26T08:04:30","date_gmt":"2025-03-26T08:04:30","guid":{"rendered":"https:\/\/zan-bb.de\/?page_id=1135"},"modified":"2025-04-02T10:50:07","modified_gmt":"2025-04-02T10:50:07","slug":"sorgenteich","status":"publish","type":"page","link":"https:\/\/zan-bb.de\/?page_id=1135","title":{"rendered":"Sorgenteich"},"content":{"rendered":"\n<figure class=\"wp-block-image size-large\"><img loading=\"lazy\" decoding=\"async\" width=\"1024\" height=\"768\" src=\"https:\/\/zan-bb.de\/wp-content\/uploads\/2025\/03\/IMG_9584-1024x768.jpg\" alt=\"\" class=\"wp-image-1395\" srcset=\"https:\/\/zan-bb.de\/wp-content\/uploads\/2025\/03\/IMG_9584-1024x768.jpg 1024w, https:\/\/zan-bb.de\/wp-content\/uploads\/2025\/03\/IMG_9584-300x225.jpg 300w, https:\/\/zan-bb.de\/wp-content\/uploads\/2025\/03\/IMG_9584-768x576.jpg 768w, https:\/\/zan-bb.de\/wp-content\/uploads\/2025\/03\/IMG_9584-1536x1152.jpg 1536w, https:\/\/zan-bb.de\/wp-content\/uploads\/2025\/03\/IMG_9584-2048x1536.jpg 2048w\" sizes=\"(max-width: 767px) 89vw, (max-width: 1000px) 54vw, (max-width: 1071px) 543px, 580px\" \/><figcaption class=\"wp-element-caption\"><em>FFH-Gebiet &#8222;Sorgenteich&#8220;<\/em><\/figcaption><\/figure>\n\n\n\n<p><strong>EU-Nr.: <\/strong>DE4549-301\/ DE4549-302\/ DE4549-303\/ DE4649-303\/ DE4548-302\/ DE4549-306\/ DE4549-305<br><strong>Landesnr.: <\/strong>188\/369\/372\/373\/377\/717\/718<br><strong>Landkreis:<\/strong> Oberspreewald-Lausitz<br><strong>Gebietsgr\u00f6\u00dfe:<\/strong> 52,05 ha<\/p>\n\n\n\n<p class=\"has-medium-font-size\"><strong>Gebietscharakteristik<\/strong><\/p>\n\n\n\n<p>Das Gebiet liegt in Brandenburg im Landkreis Oberspreewald-Lausitz. Es umfasst den Sorgenteich, der namensgebend f\u00fcr die FFH-Gebiete \u201eSorgenteich\u201c und \u201eSorgenteich Erg\u00e4nzung\u201c ist und zum Einzugsgebiet der Schwarzen Elster und des Ruhlander Schwarzwassers geh\u00f6rt.<\/p>\n\n\n\n<p>\u00d6kologisch ist das Gebiet bedeutsam f\u00fcr charakteristische Arten und Lebensr\u00e4ume oligotropher bis mesotropher Stillgew\u00e4sser, nat\u00fcrlicher eutropher Seen mit typischer Vegetation sowie Pfeifengraswiesen. Besonders herausragend ist jedoch das Vorkommen atlantischer Feuchtheiden und Pionierpflanzengesellschaften auf offenen, sandigen Nassb\u00f6den.<\/p>\n\n\n\n<div class=\"wp-block-columns is-layout-flex wp-container-core-columns-layout-1 wp-block-columns-is-layout-flex\">\n<div class=\"wp-block-column is-layout-flow wp-block-column-is-layout-flow\">\n<p><strong>Ziel-Art (Anhang II FFH-RL):&nbsp;<\/strong><\/p>\n<\/div>\n\n\n\n<div class=\"wp-block-column is-layout-flow wp-block-column-is-layout-flow\">\n<p>Rotbauchunke (<em>Bombina bombina<\/em>)<\/p>\n\n\n\n<p>Kammmolch (<em>Triturus cristatus<\/em>)<br><br>Knoblauchkr\u00f6te (<em>Peleobates fuscus<\/em>)<\/p>\n\n\n\n<p>Fischotter (<em>Lutra lutra<\/em>)<\/p>\n<\/div>\n<\/div>\n\n\n\n<div class=\"wp-block-columns is-layout-flex wp-container-core-columns-layout-2 wp-block-columns-is-layout-flex\">\n<div class=\"wp-block-column is-layout-flow wp-block-column-is-layout-flow\">\n<p><a href=\"https:\/\/zan-bb.de\/?page_id=1133\">Vorheriges Gebiet<\/a><\/p>\n<\/div>\n\n\n\n<div class=\"wp-block-column is-layout-flow wp-block-column-is-layout-flow\">\n<p><a href=\"https:\/\/zan-bb.de\/?page_id=1137\">N\u00e4chstes Gebiet<\/a><\/p>\n<\/div>\n<\/div>\n","protected":false},"excerpt":{"rendered":"<p>EU-Nr.: DE4549-301\/ DE4549-302\/ DE4549-303\/ DE4649-303\/ DE4548-302\/ DE4549-306\/ DE4549-305Landesnr.: 188\/369\/372\/373\/377\/717\/718Landkreis: Oberspreewald-LausitzGebietsgr\u00f6\u00dfe: 52,05 ha Gebietscharakteristik Das Gebiet liegt in Brandenburg im Landkreis Oberspreewald-Lausitz. Es umfasst den Sorgenteich, der namensgebend f\u00fcr die FFH-Gebiete \u201eSorgenteich\u201c und \u201eSorgenteich Erg\u00e4nzung\u201c ist und zum Einzugsgebiet der Schwarzen Elster und des Ruhlander Schwarzwassers geh\u00f6rt. \u00d6kologisch ist das Gebiet bedeutsam f\u00fcr charakteristische Arten und &hellip; <\/p>\n<p class=\"link-more\"><a href=\"https:\/\/zan-bb.de\/?page_id=1135\" class=\"more-link\"><span class=\"screen-reader-text\">\u201eSorgenteich\u201c<\/span> weiterlesen<\/a><\/p>\n","protected":false},"author":2,"featured_media":0,"parent":0,"menu_order":0,"comment_status":"closed","ping_status":"closed","template":"","meta":{"footnotes":""},"yoast_head":"<!-- This site is optimized with the Yoast SEO plugin v21.9.1 - https:\/\/yoast.com\/wordpress\/plugins\/seo\/ -->\n<title>Sorgenteich - ZAN-bb<\/title>\n<meta name=\"robots\" content=\"index, follow, max-snippet:-1, max-image-preview:large, max-video-preview:-1\" \/>\n<link rel=\"canonical\" href=\"https:\/\/zan-bb.de\/?page_id=1135\" \/>\n<meta property=\"og:locale\" content=\"de_DE\" \/>\n<meta property=\"og:type\" content=\"article\" \/>\n<meta property=\"og:title\" content=\"Sorgenteich - ZAN-bb\" \/>\n<meta property=\"og:description\" content=\"EU-Nr.: DE4549-301\/ DE4549-302\/ DE4549-303\/ DE4649-303\/ DE4548-302\/ DE4549-306\/ DE4549-305Landesnr.: 188\/369\/372\/373\/377\/717\/718Landkreis: Oberspreewald-LausitzGebietsgr\u00f6\u00dfe: 52,05 ha Gebietscharakteristik Das Gebiet liegt in Brandenburg im Landkreis Oberspreewald-Lausitz. Es umfasst den Sorgenteich, der namensgebend f\u00fcr die FFH-Gebiete \u201eSorgenteich\u201c und \u201eSorgenteich Erg\u00e4nzung\u201c ist und zum Einzugsgebiet der Schwarzen Elster und des Ruhlander Schwarzwassers geh\u00f6rt. \u00d6kologisch ist das Gebiet bedeutsam f\u00fcr charakteristische Arten und &hellip; \u201eSorgenteich\u201c weiterlesen\" \/>\n<meta property=\"og:url\" content=\"https:\/\/zan-bb.de\/?page_id=1135\" \/>\n<meta property=\"og:site_name\" content=\"ZAN-bb\" \/>\n<meta property=\"article:modified_time\" content=\"2025-04-02T10:50:07+00:00\" \/>\n<meta property=\"og:image\" content=\"https:\/\/zan-bb.de\/wp-content\/uploads\/2025\/03\/IMG_9584-1024x768.jpg\" \/>\n<meta name=\"twitter:card\" content=\"summary_large_image\" \/>\n<meta name=\"twitter:label1\" content=\"Gesch\u00e4tzte Lesezeit\" \/>\n\t<meta name=\"twitter:data1\" content=\"1\u00a0Minute\" \/>\n<script type=\"application\/ld+json\" class=\"yoast-schema-graph\">{\"@context\":\"https:\/\/schema.org\",\"@graph\":[{\"@type\":\"WebPage\",\"@id\":\"https:\/\/zan-bb.de\/?page_id=1135\",\"url\":\"https:\/\/zan-bb.de\/?page_id=1135\",\"name\":\"Sorgenteich - ZAN-bb\",\"isPartOf\":{\"@id\":\"https:\/\/zan-bb.de\/#website\"},\"datePublished\":\"2025-03-26T08:04:30+00:00\",\"dateModified\":\"2025-04-02T10:50:07+00:00\",\"breadcrumb\":{\"@id\":\"https:\/\/zan-bb.de\/?page_id=1135#breadcrumb\"},\"inLanguage\":\"de\",\"potentialAction\":[{\"@type\":\"ReadAction\",\"target\":[\"https:\/\/zan-bb.de\/?page_id=1135\"]}]},{\"@type\":\"BreadcrumbList\",\"@id\":\"https:\/\/zan-bb.de\/?page_id=1135#breadcrumb\",\"itemListElement\":[{\"@type\":\"ListItem\",\"position\":1,\"name\":\"Startseite\",\"item\":\"https:\/\/zan-bb.de\/\"},{\"@type\":\"ListItem\",\"position\":2,\"name\":\"Sorgenteich\"}]},{\"@type\":\"WebSite\",\"@id\":\"https:\/\/zan-bb.de\/#website\",\"url\":\"https:\/\/zan-bb.de\/\",\"name\":\"ZAN-bb\",\"description\":\"Zentrum angewandter Naturschutz in Brandenburg gGmbH\",\"publisher\":{\"@id\":\"https:\/\/zan-bb.de\/#organization\"},\"potentialAction\":[{\"@type\":\"SearchAction\",\"target\":{\"@type\":\"EntryPoint\",\"urlTemplate\":\"https:\/\/zan-bb.de\/?s={search_term_string}\"},\"query-input\":\"required name=search_term_string\"}],\"inLanguage\":\"de\"},{\"@type\":\"Organization\",\"@id\":\"https:\/\/zan-bb.de\/#organization\",\"name\":\"ZAN-bb\",\"url\":\"https:\/\/zan-bb.de\/\",\"logo\":{\"@type\":\"ImageObject\",\"inLanguage\":\"de\",\"@id\":\"https:\/\/zan-bb.de\/#\/schema\/logo\/image\/\",\"url\":\"https:\/\/zan-bb.de\/wp-content\/uploads\/2020\/05\/cropped-ZAN-logo-trans.png\",\"contentUrl\":\"https:\/\/zan-bb.de\/wp-content\/uploads\/2020\/05\/cropped-ZAN-logo-trans.png\",\"width\":250,\"height\":250,\"caption\":\"ZAN-bb\"},\"image\":{\"@id\":\"https:\/\/zan-bb.de\/#\/schema\/logo\/image\/\"}}]}<\/script>\n<!-- \/ Yoast SEO plugin. -->","yoast_head_json":{"title":"Sorgenteich - ZAN-bb","robots":{"index":"index","follow":"follow","max-snippet":"max-snippet:-1","max-image-preview":"max-image-preview:large","max-video-preview":"max-video-preview:-1"},"canonical":"https:\/\/zan-bb.de\/?page_id=1135","og_locale":"de_DE","og_type":"article","og_title":"Sorgenteich - ZAN-bb","og_description":"EU-Nr.: DE4549-301\/ DE4549-302\/ DE4549-303\/ DE4649-303\/ DE4548-302\/ DE4549-306\/ DE4549-305Landesnr.: 188\/369\/372\/373\/377\/717\/718Landkreis: Oberspreewald-LausitzGebietsgr\u00f6\u00dfe: 52,05 ha Gebietscharakteristik Das Gebiet liegt in Brandenburg im Landkreis Oberspreewald-Lausitz. Es umfasst den Sorgenteich, der namensgebend f\u00fcr die FFH-Gebiete \u201eSorgenteich\u201c und \u201eSorgenteich Erg\u00e4nzung\u201c ist und zum Einzugsgebiet der Schwarzen Elster und des Ruhlander Schwarzwassers geh\u00f6rt. \u00d6kologisch ist das Gebiet bedeutsam f\u00fcr charakteristische Arten und &hellip; \u201eSorgenteich\u201c weiterlesen","og_url":"https:\/\/zan-bb.de\/?page_id=1135","og_site_name":"ZAN-bb","article_modified_time":"2025-04-02T10:50:07+00:00","og_image":[{"url":"https:\/\/zan-bb.de\/wp-content\/uploads\/2025\/03\/IMG_9584-1024x768.jpg"}],"twitter_card":"summary_large_image","twitter_misc":{"Gesch\u00e4tzte Lesezeit":"1\u00a0Minute"},"schema":{"@context":"https:\/\/schema.org","@graph":[{"@type":"WebPage","@id":"https:\/\/zan-bb.de\/?page_id=1135","url":"https:\/\/zan-bb.de\/?page_id=1135","name":"Sorgenteich - ZAN-bb","isPartOf":{"@id":"https:\/\/zan-bb.de\/#website"},"datePublished":"2025-03-26T08:04:30+00:00","dateModified":"2025-04-02T10:50:07+00:00","breadcrumb":{"@id":"https:\/\/zan-bb.de\/?page_id=1135#breadcrumb"},"inLanguage":"de","potentialAction":[{"@type":"ReadAction","target":["https:\/\/zan-bb.de\/?page_id=1135"]}]},{"@type":"BreadcrumbList","@id":"https:\/\/zan-bb.de\/?page_id=1135#breadcrumb","itemListElement":[{"@type":"ListItem","position":1,"name":"Startseite","item":"https:\/\/zan-bb.de\/"},{"@type":"ListItem","position":2,"name":"Sorgenteich"}]},{"@type":"WebSite","@id":"https:\/\/zan-bb.de\/#website","url":"https:\/\/zan-bb.de\/","name":"ZAN-bb","description":"Zentrum angewandter Naturschutz in Brandenburg gGmbH","publisher":{"@id":"https:\/\/zan-bb.de\/#organization"},"potentialAction":[{"@type":"SearchAction","target":{"@type":"EntryPoint","urlTemplate":"https:\/\/zan-bb.de\/?s={search_term_string}"},"query-input":"required name=search_term_string"}],"inLanguage":"de"},{"@type":"Organization","@id":"https:\/\/zan-bb.de\/#organization","name":"ZAN-bb","url":"https:\/\/zan-bb.de\/","logo":{"@type":"ImageObject","inLanguage":"de","@id":"https:\/\/zan-bb.de\/#\/schema\/logo\/image\/","url":"https:\/\/zan-bb.de\/wp-content\/uploads\/2020\/05\/cropped-ZAN-logo-trans.png","contentUrl":"https:\/\/zan-bb.de\/wp-content\/uploads\/2020\/05\/cropped-ZAN-logo-trans.png","width":250,"height":250,"caption":"ZAN-bb"},"image":{"@id":"https:\/\/zan-bb.de\/#\/schema\/logo\/image\/"}}]}},"_links":{"self":[{"href":"https:\/\/zan-bb.de\/index.php?rest_route=\/wp\/v2\/pages\/1135"}],"collection":[{"href":"https:\/\/zan-bb.de\/index.php?rest_route=\/wp\/v2\/pages"}],"about":[{"href":"https:\/\/zan-bb.de\/index.php?rest_route=\/wp\/v2\/types\/page"}],"author":[{"embeddable":true,"href":"https:\/\/zan-bb.de\/index.php?rest_route=\/wp\/v2\/users\/2"}],"replies":[{"embeddable":true,"href":"https:\/\/zan-bb.de\/index.php?rest_route=%2Fwp%2Fv2%2Fcomments&post=1135"}],"version-history":[{"count":8,"href":"https:\/\/zan-bb.de\/index.php?rest_route=\/wp\/v2\/pages\/1135\/revisions"}],"predecessor-version":[{"id":1432,"href":"https:\/\/zan-bb.de\/index.php?rest_route=\/wp\/v2\/pages\/1135\/revisions\/1432"}],"wp:attachment":[{"href":"https:\/\/zan-bb.de\/index.php?rest_route=%2Fwp%2Fv2%2Fmedia&parent=1135"}],"curies":[{"name":"wp","href":"https:\/\/api.w.org\/{rel}","templated":true}]}}