{"id":1146,"date":"2025-03-26T09:10:24","date_gmt":"2025-03-26T09:10:24","guid":{"rendered":"https:\/\/zan-bb.de\/?page_id=1146"},"modified":"2025-04-02T10:43:06","modified_gmt":"2025-04-02T10:43:06","slug":"heideseen-bei-koethen","status":"publish","type":"page","link":"https:\/\/zan-bb.de\/?page_id=1146","title":{"rendered":"Heideseen bei K\u00f6then"},"content":{"rendered":"\n<p><strong>EU-Nr.: <\/strong>DE3948-303<br><strong>Landesnr.: <\/strong>55<br><strong>Landkreis:<\/strong> Oder-Spree<br><strong>Gebietsgr\u00f6\u00dfe:<\/strong> 469,70 ha<\/p>\n\n\n\n<p class=\"has-medium-font-size\"><strong>Gebietscharakteristik<\/strong><\/p>\n\n\n\n<p>Das FFH-Gebiet \u201eHeideseen bei K\u00f6then\u201c liegt im Landkreis Dahme-Spreewald am Westrand des Biosph\u00e4renreservats Spreewald. Es umfasst eine stark gegliederte Hochfl\u00e4che mit eingebetteten Seen und geh\u00f6rt zu mehreren Zonen des Biosph\u00e4renreservats. Ein gro\u00dfer Teil ist als Naturschutzgebiet ausgewiesen.<\/p>\n\n\n\n<p>Gepr\u00e4gt ist das Gebiet durch ein vielf\u00e4ltiges Landschaftsbild mit Kiefernw\u00e4ldern, Erlenbr\u00fcchen, Feuchtwiesen, Ackerfl\u00e4chen und den Verlandungsr\u00f6hrichten des K\u00f6thener Sees im Norden.<\/p>\n\n\n\n<div class=\"wp-block-columns is-layout-flex wp-container-core-columns-layout-1 wp-block-columns-is-layout-flex\">\n<div class=\"wp-block-column is-layout-flow wp-block-column-is-layout-flow\">\n<p><strong>Ziel-LRT (Anhang I FFH-RL):<\/strong><\/p>\n<\/div>\n\n\n\n<div class=\"wp-block-column is-layout-flow wp-block-column-is-layout-flow\">\n<p>2330 D\u00fcnen mit offenen Grasfl\u00e4chen mit <em>Corynephorus <\/em>und <em>Agrostis<\/em><\/p>\n\n\n\n<p>3150 Nat\u00fcrliche eutrophe Seen mit einer Vegetation des <em>Magnopotamions <\/em>oder <em>Hydrocharitions<\/em><\/p>\n\n\n\n<p>7140 \u00dcbergangs- und Schwingrasenmoore<\/p>\n\n\n\n<p>9190 Alte bodensaure Eichenw\u00e4lder auf Sandebenen mit <em>Quercus robur<\/em><\/p>\n\n\n\n<p>91D0 Moorw\u00e4lder<\/p>\n\n\n\n<p>91T0 Mitteleurop\u00e4ische Flechten-Kiefernw\u00e4lder<\/p>\n<\/div>\n<\/div>\n\n\n\n<div class=\"wp-block-columns is-layout-flex wp-container-core-columns-layout-2 wp-block-columns-is-layout-flex\">\n<div class=\"wp-block-column is-layout-flow wp-block-column-is-layout-flow\">\n<p><strong>Ziel-Art (Anhang II FFH-RL):&nbsp;<\/strong><\/p>\n<\/div>\n\n\n\n<div class=\"wp-block-column is-layout-flow wp-block-column-is-layout-flow\">\n<p>Fischotter (L<em>utra lutra<\/em>)<br><br>Eremit (<em>Osmoderma eremita<\/em>)<br><br>Hirschk\u00e4fer (<em>Lucanus cervus<\/em>)<\/p>\n\n\n\n<p>Schmale Windelschnecke (<em>Vertigo angustior<\/em>)<\/p>\n\n\n\n<p>Bauchige Windelschnecke (<em>Vertigo moulinsiana<\/em>)<\/p>\n<\/div>\n<\/div>\n\n\n\n<div class=\"wp-block-columns is-layout-flex wp-container-core-columns-layout-3 wp-block-columns-is-layout-flex\">\n<div class=\"wp-block-column is-layout-flow wp-block-column-is-layout-flow\">\n<p><a href=\"https:\/\/zan-bb.de\/?page_id=1143\">Vorheriges Gebiet<\/a><\/p>\n<\/div>\n\n\n\n<div class=\"wp-block-column is-layout-flow wp-block-column-is-layout-flow\">\n<p><a href=\"https:\/\/zan-bb.de\/?page_id=1156\">N\u00e4chstes Gebiet<\/a><\/p>\n<\/div>\n<\/div>\n","protected":false},"excerpt":{"rendered":"<p>EU-Nr.: DE3948-303Landesnr.: 55Landkreis: Oder-SpreeGebietsgr\u00f6\u00dfe: 469,70 ha Gebietscharakteristik Das FFH-Gebiet \u201eHeideseen bei K\u00f6then\u201c liegt im Landkreis Dahme-Spreewald am Westrand des Biosph\u00e4renreservats Spreewald. Es umfasst eine stark gegliederte Hochfl\u00e4che mit eingebetteten Seen und geh\u00f6rt zu mehreren Zonen des Biosph\u00e4renreservats. Ein gro\u00dfer Teil ist als Naturschutzgebiet ausgewiesen. Gepr\u00e4gt ist das Gebiet durch ein vielf\u00e4ltiges Landschaftsbild mit Kiefernw\u00e4ldern, Erlenbr\u00fcchen, &hellip; <\/p>\n<p class=\"link-more\"><a href=\"https:\/\/zan-bb.de\/?page_id=1146\" class=\"more-link\"><span class=\"screen-reader-text\">\u201eHeideseen bei K\u00f6then\u201c<\/span> weiterlesen<\/a><\/p>\n","protected":false},"author":2,"featured_media":0,"parent":0,"menu_order":0,"comment_status":"closed","ping_status":"closed","template":"","meta":{"footnotes":""},"yoast_head":"<!-- This site is optimized with the Yoast SEO plugin v21.9.1 - https:\/\/yoast.com\/wordpress\/plugins\/seo\/ -->\n<title>Heideseen bei K\u00f6then - ZAN-bb<\/title>\n<meta name=\"robots\" content=\"index, follow, max-snippet:-1, max-image-preview:large, max-video-preview:-1\" \/>\n<link rel=\"canonical\" href=\"http:\/\/zan-bb.de\/?page_id=1146\" \/>\n<meta property=\"og:locale\" content=\"de_DE\" \/>\n<meta property=\"og:type\" content=\"article\" \/>\n<meta property=\"og:title\" content=\"Heideseen bei K\u00f6then - ZAN-bb\" \/>\n<meta property=\"og:description\" content=\"EU-Nr.: DE3948-303Landesnr.: 55Landkreis: Oder-SpreeGebietsgr\u00f6\u00dfe: 469,70 ha Gebietscharakteristik Das FFH-Gebiet \u201eHeideseen bei K\u00f6then\u201c liegt im Landkreis Dahme-Spreewald am Westrand des Biosph\u00e4renreservats Spreewald. Es umfasst eine stark gegliederte Hochfl\u00e4che mit eingebetteten Seen und geh\u00f6rt zu mehreren Zonen des Biosph\u00e4renreservats. Ein gro\u00dfer Teil ist als Naturschutzgebiet ausgewiesen. Gepr\u00e4gt ist das Gebiet durch ein vielf\u00e4ltiges Landschaftsbild mit Kiefernw\u00e4ldern, Erlenbr\u00fcchen, &hellip; \u201eHeideseen bei K\u00f6then\u201c weiterlesen\" \/>\n<meta property=\"og:url\" content=\"http:\/\/zan-bb.de\/?page_id=1146\" \/>\n<meta property=\"og:site_name\" content=\"ZAN-bb\" \/>\n<meta property=\"article:modified_time\" content=\"2025-04-02T10:43:06+00:00\" \/>\n<meta name=\"twitter:card\" content=\"summary_large_image\" \/>\n<meta name=\"twitter:label1\" content=\"Gesch\u00e4tzte Lesezeit\" \/>\n\t<meta name=\"twitter:data1\" content=\"1\u00a0Minute\" \/>\n<script type=\"application\/ld+json\" class=\"yoast-schema-graph\">{\"@context\":\"https:\/\/schema.org\",\"@graph\":[{\"@type\":\"WebPage\",\"@id\":\"http:\/\/zan-bb.de\/?page_id=1146\",\"url\":\"http:\/\/zan-bb.de\/?page_id=1146\",\"name\":\"Heideseen bei K\u00f6then - ZAN-bb\",\"isPartOf\":{\"@id\":\"https:\/\/zan-bb.de\/#website\"},\"datePublished\":\"2025-03-26T09:10:24+00:00\",\"dateModified\":\"2025-04-02T10:43:06+00:00\",\"breadcrumb\":{\"@id\":\"http:\/\/zan-bb.de\/?page_id=1146#breadcrumb\"},\"inLanguage\":\"de\",\"potentialAction\":[{\"@type\":\"ReadAction\",\"target\":[\"http:\/\/zan-bb.de\/?page_id=1146\"]}]},{\"@type\":\"BreadcrumbList\",\"@id\":\"http:\/\/zan-bb.de\/?page_id=1146#breadcrumb\",\"itemListElement\":[{\"@type\":\"ListItem\",\"position\":1,\"name\":\"Startseite\",\"item\":\"https:\/\/zan-bb.de\/\"},{\"@type\":\"ListItem\",\"position\":2,\"name\":\"Heideseen bei K\u00f6then\"}]},{\"@type\":\"WebSite\",\"@id\":\"https:\/\/zan-bb.de\/#website\",\"url\":\"https:\/\/zan-bb.de\/\",\"name\":\"ZAN-bb\",\"description\":\"Zentrum angewandter Naturschutz in Brandenburg gGmbH\",\"publisher\":{\"@id\":\"https:\/\/zan-bb.de\/#organization\"},\"potentialAction\":[{\"@type\":\"SearchAction\",\"target\":{\"@type\":\"EntryPoint\",\"urlTemplate\":\"https:\/\/zan-bb.de\/?s={search_term_string}\"},\"query-input\":\"required name=search_term_string\"}],\"inLanguage\":\"de\"},{\"@type\":\"Organization\",\"@id\":\"https:\/\/zan-bb.de\/#organization\",\"name\":\"ZAN-bb\",\"url\":\"https:\/\/zan-bb.de\/\",\"logo\":{\"@type\":\"ImageObject\",\"inLanguage\":\"de\",\"@id\":\"https:\/\/zan-bb.de\/#\/schema\/logo\/image\/\",\"url\":\"https:\/\/zan-bb.de\/wp-content\/uploads\/2020\/05\/cropped-ZAN-logo-trans.png\",\"contentUrl\":\"https:\/\/zan-bb.de\/wp-content\/uploads\/2020\/05\/cropped-ZAN-logo-trans.png\",\"width\":250,\"height\":250,\"caption\":\"ZAN-bb\"},\"image\":{\"@id\":\"https:\/\/zan-bb.de\/#\/schema\/logo\/image\/\"}}]}<\/script>\n<!-- \/ Yoast SEO plugin. -->","yoast_head_json":{"title":"Heideseen bei K\u00f6then - ZAN-bb","robots":{"index":"index","follow":"follow","max-snippet":"max-snippet:-1","max-image-preview":"max-image-preview:large","max-video-preview":"max-video-preview:-1"},"canonical":"http:\/\/zan-bb.de\/?page_id=1146","og_locale":"de_DE","og_type":"article","og_title":"Heideseen bei K\u00f6then - ZAN-bb","og_description":"EU-Nr.: DE3948-303Landesnr.: 55Landkreis: Oder-SpreeGebietsgr\u00f6\u00dfe: 469,70 ha Gebietscharakteristik Das FFH-Gebiet \u201eHeideseen bei K\u00f6then\u201c liegt im Landkreis Dahme-Spreewald am Westrand des Biosph\u00e4renreservats Spreewald. Es umfasst eine stark gegliederte Hochfl\u00e4che mit eingebetteten Seen und geh\u00f6rt zu mehreren Zonen des Biosph\u00e4renreservats. Ein gro\u00dfer Teil ist als Naturschutzgebiet ausgewiesen. Gepr\u00e4gt ist das Gebiet durch ein vielf\u00e4ltiges Landschaftsbild mit Kiefernw\u00e4ldern, Erlenbr\u00fcchen, &hellip; \u201eHeideseen bei K\u00f6then\u201c weiterlesen","og_url":"http:\/\/zan-bb.de\/?page_id=1146","og_site_name":"ZAN-bb","article_modified_time":"2025-04-02T10:43:06+00:00","twitter_card":"summary_large_image","twitter_misc":{"Gesch\u00e4tzte Lesezeit":"1\u00a0Minute"},"schema":{"@context":"https:\/\/schema.org","@graph":[{"@type":"WebPage","@id":"http:\/\/zan-bb.de\/?page_id=1146","url":"http:\/\/zan-bb.de\/?page_id=1146","name":"Heideseen bei K\u00f6then - ZAN-bb","isPartOf":{"@id":"https:\/\/zan-bb.de\/#website"},"datePublished":"2025-03-26T09:10:24+00:00","dateModified":"2025-04-02T10:43:06+00:00","breadcrumb":{"@id":"http:\/\/zan-bb.de\/?page_id=1146#breadcrumb"},"inLanguage":"de","potentialAction":[{"@type":"ReadAction","target":["http:\/\/zan-bb.de\/?page_id=1146"]}]},{"@type":"BreadcrumbList","@id":"http:\/\/zan-bb.de\/?page_id=1146#breadcrumb","itemListElement":[{"@type":"ListItem","position":1,"name":"Startseite","item":"https:\/\/zan-bb.de\/"},{"@type":"ListItem","position":2,"name":"Heideseen bei K\u00f6then"}]},{"@type":"WebSite","@id":"https:\/\/zan-bb.de\/#website","url":"https:\/\/zan-bb.de\/","name":"ZAN-bb","description":"Zentrum angewandter Naturschutz in Brandenburg gGmbH","publisher":{"@id":"https:\/\/zan-bb.de\/#organization"},"potentialAction":[{"@type":"SearchAction","target":{"@type":"EntryPoint","urlTemplate":"https:\/\/zan-bb.de\/?s={search_term_string}"},"query-input":"required name=search_term_string"}],"inLanguage":"de"},{"@type":"Organization","@id":"https:\/\/zan-bb.de\/#organization","name":"ZAN-bb","url":"https:\/\/zan-bb.de\/","logo":{"@type":"ImageObject","inLanguage":"de","@id":"https:\/\/zan-bb.de\/#\/schema\/logo\/image\/","url":"https:\/\/zan-bb.de\/wp-content\/uploads\/2020\/05\/cropped-ZAN-logo-trans.png","contentUrl":"https:\/\/zan-bb.de\/wp-content\/uploads\/2020\/05\/cropped-ZAN-logo-trans.png","width":250,"height":250,"caption":"ZAN-bb"},"image":{"@id":"https:\/\/zan-bb.de\/#\/schema\/logo\/image\/"}}]}},"_links":{"self":[{"href":"https:\/\/zan-bb.de\/index.php?rest_route=\/wp\/v2\/pages\/1146"}],"collection":[{"href":"https:\/\/zan-bb.de\/index.php?rest_route=\/wp\/v2\/pages"}],"about":[{"href":"https:\/\/zan-bb.de\/index.php?rest_route=\/wp\/v2\/types\/page"}],"author":[{"embeddable":true,"href":"https:\/\/zan-bb.de\/index.php?rest_route=\/wp\/v2\/users\/2"}],"replies":[{"embeddable":true,"href":"https:\/\/zan-bb.de\/index.php?rest_route=%2Fwp%2Fv2%2Fcomments&post=1146"}],"version-history":[{"count":11,"href":"https:\/\/zan-bb.de\/index.php?rest_route=\/wp\/v2\/pages\/1146\/revisions"}],"predecessor-version":[{"id":1423,"href":"https:\/\/zan-bb.de\/index.php?rest_route=\/wp\/v2\/pages\/1146\/revisions\/1423"}],"wp:attachment":[{"href":"https:\/\/zan-bb.de\/index.php?rest_route=%2Fwp%2Fv2%2Fmedia&parent=1146"}],"curies":[{"name":"wp","href":"https:\/\/api.w.org\/{rel}","templated":true}]}}