{"id":1162,"date":"2025-03-26T09:52:28","date_gmt":"2025-03-26T09:52:28","guid":{"rendered":"https:\/\/zan-bb.de\/?page_id=1162"},"modified":"2025-04-02T10:46:26","modified_gmt":"2025-04-02T10:46:26","slug":"noerdliches-spreewaldrandgebiet-nsg-neuzaucher-weinberg","status":"publish","type":"page","link":"https:\/\/zan-bb.de\/?page_id=1162","title":{"rendered":"N\u00f6rdliches Spreewaldrandgebiet                                                                    (NSG Neuzaucher Weinberg)"},"content":{"rendered":"\n<p><strong>EU-Nr.: <\/strong>DE4050-301<br><strong>Landesnr.: <\/strong>630<br><strong>Landkreis:<\/strong> Oder-Spree<br><strong>Gebietsgr\u00f6\u00dfe:<\/strong>  401,3 ha<\/p>\n\n\n\n<p class=\"has-medium-font-size\"><strong>Gebietscharakteristik<\/strong><\/p>\n\n\n\n<p>Das FFH-Gebiet \u201eN\u00f6rdliches Spreewaldrandgebiet\u201c im Landkreis Dahme-Spreewald besteht aus sechs Teilfl\u00e4chen, darunter Briesener See, Barbassee, Klein Leiner Flie\u00df, Laasower Flie\u00df, Neu Zaucher Weinberg und Marienberg. Es umfasst Seen, Moore, Flie\u00dfgew\u00e4sser sowie Trockenrasen und Kiefernw\u00e4lder.<\/p>\n\n\n\n<p>Das Gebiet ist naturschutzfachlich bedeutsam f\u00fcr verschiedene Lebensr\u00e4ume wie Zwischen- und Flachmoore, vermoorte Niederungen und n\u00e4hrstoffarme sowie kalkreiche Standorte. Besonders wichtig ist das Vorkommen des europaweit gesch\u00fctzten Kammmolchs. Das FFH-Gebiet geh\u00f6rt zum Natura-2000-Netz und dient dem Erhalt \u00fcberregional bedeutender Arten und Lebensr\u00e4ume.<\/p>\n\n\n\n<div class=\"wp-block-columns is-layout-flex wp-container-core-columns-layout-1 wp-block-columns-is-layout-flex\">\n<div class=\"wp-block-column is-layout-flow wp-block-column-is-layout-flow\">\n<p><strong>Ziel-LRT (Anhang I FFH-RL):<\/strong><\/p>\n<\/div>\n\n\n\n<div class=\"wp-block-column is-layout-flow wp-block-column-is-layout-flow\">\n<p>2330 D\u00fcnen mit offenen Grasfl\u00e4chen mit <em>Corynephorus <\/em>und <em>Agrostis <\/em>(D\u00fcnen im Binnenland)<br><br>6120 Trockene, kalkreiche Sandrasen<\/p>\n<\/div>\n<\/div>\n\n\n\n<div class=\"wp-block-columns is-layout-flex wp-container-core-columns-layout-2 wp-block-columns-is-layout-flex\">\n<div class=\"wp-block-column is-layout-flow wp-block-column-is-layout-flow\">\n<p><strong>Ziel-Art (Anhang II FFH-RL):&nbsp;<\/strong><\/p>\n<\/div>\n\n\n\n<div class=\"wp-block-column is-layout-flow wp-block-column-is-layout-flow\">\n<p>Zauneidechse (<em>Lacerta agilis<\/em>)<\/p>\n<\/div>\n<\/div>\n\n\n\n<div class=\"wp-block-columns is-layout-flex wp-container-core-columns-layout-3 wp-block-columns-is-layout-flex\">\n<div class=\"wp-block-column is-layout-flow wp-block-column-is-layout-flow\">\n<p><a href=\"https:\/\/zan-bb.de\/?page_id=1156\">Vorheriges Gebiet<\/a><\/p>\n<\/div>\n\n\n\n<div class=\"wp-block-column is-layout-flow wp-block-column-is-layout-flow\">\n<p><a href=\"https:\/\/zan-bb.de\/?page_id=1169\">N\u00e4chstes Gebiet<\/a><\/p>\n<\/div>\n<\/div>\n","protected":false},"excerpt":{"rendered":"<p>EU-Nr.: DE4050-301Landesnr.: 630Landkreis: Oder-SpreeGebietsgr\u00f6\u00dfe: 401,3 ha Gebietscharakteristik Das FFH-Gebiet \u201eN\u00f6rdliches Spreewaldrandgebiet\u201c im Landkreis Dahme-Spreewald besteht aus sechs Teilfl\u00e4chen, darunter Briesener See, Barbassee, Klein Leiner Flie\u00df, Laasower Flie\u00df, Neu Zaucher Weinberg und Marienberg. Es umfasst Seen, Moore, Flie\u00dfgew\u00e4sser sowie Trockenrasen und Kiefernw\u00e4lder. Das Gebiet ist naturschutzfachlich bedeutsam f\u00fcr verschiedene Lebensr\u00e4ume wie Zwischen- und Flachmoore, vermoorte Niederungen &hellip; <\/p>\n<p class=\"link-more\"><a href=\"https:\/\/zan-bb.de\/?page_id=1162\" class=\"more-link\"><span class=\"screen-reader-text\">\u201eN\u00f6rdliches Spreewaldrandgebiet                                                                    (NSG Neuzaucher Weinberg)\u201c<\/span> weiterlesen<\/a><\/p>\n","protected":false},"author":2,"featured_media":0,"parent":0,"menu_order":0,"comment_status":"closed","ping_status":"closed","template":"","meta":{"footnotes":""},"yoast_head":"<!-- This site is optimized with the Yoast SEO plugin v21.9.1 - https:\/\/yoast.com\/wordpress\/plugins\/seo\/ -->\n<title>N\u00f6rdliches Spreewaldrandgebiet                                  (NSG Neuzaucher Weinberg) - ZAN-bb<\/title>\n<meta name=\"robots\" content=\"index, follow, max-snippet:-1, max-image-preview:large, max-video-preview:-1\" \/>\n<link rel=\"canonical\" href=\"http:\/\/zan-bb.de\/?page_id=1162\" \/>\n<meta property=\"og:locale\" content=\"de_DE\" \/>\n<meta property=\"og:type\" content=\"article\" \/>\n<meta property=\"og:title\" content=\"N\u00f6rdliches Spreewaldrandgebiet                                  (NSG Neuzaucher Weinberg) - ZAN-bb\" \/>\n<meta property=\"og:description\" content=\"EU-Nr.: DE4050-301Landesnr.: 630Landkreis: Oder-SpreeGebietsgr\u00f6\u00dfe: 401,3 ha Gebietscharakteristik Das FFH-Gebiet \u201eN\u00f6rdliches Spreewaldrandgebiet\u201c im Landkreis Dahme-Spreewald besteht aus sechs Teilfl\u00e4chen, darunter Briesener See, Barbassee, Klein Leiner Flie\u00df, Laasower Flie\u00df, Neu Zaucher Weinberg und Marienberg. Es umfasst Seen, Moore, Flie\u00dfgew\u00e4sser sowie Trockenrasen und Kiefernw\u00e4lder. Das Gebiet ist naturschutzfachlich bedeutsam f\u00fcr verschiedene Lebensr\u00e4ume wie Zwischen- und Flachmoore, vermoorte Niederungen &hellip; \u201eN\u00f6rdliches Spreewaldrandgebiet                                  (NSG Neuzaucher Weinberg)\u201c weiterlesen\" \/>\n<meta property=\"og:url\" content=\"http:\/\/zan-bb.de\/?page_id=1162\" \/>\n<meta property=\"og:site_name\" content=\"ZAN-bb\" \/>\n<meta property=\"article:modified_time\" content=\"2025-04-02T10:46:26+00:00\" \/>\n<meta name=\"twitter:card\" content=\"summary_large_image\" \/>\n<meta name=\"twitter:label1\" content=\"Gesch\u00e4tzte Lesezeit\" \/>\n\t<meta name=\"twitter:data1\" content=\"1\u00a0Minute\" \/>\n<script type=\"application\/ld+json\" class=\"yoast-schema-graph\">{\"@context\":\"https:\/\/schema.org\",\"@graph\":[{\"@type\":\"WebPage\",\"@id\":\"http:\/\/zan-bb.de\/?page_id=1162\",\"url\":\"http:\/\/zan-bb.de\/?page_id=1162\",\"name\":\"N\u00f6rdliches Spreewaldrandgebiet (NSG Neuzaucher Weinberg) - ZAN-bb\",\"isPartOf\":{\"@id\":\"https:\/\/zan-bb.de\/#website\"},\"datePublished\":\"2025-03-26T09:52:28+00:00\",\"dateModified\":\"2025-04-02T10:46:26+00:00\",\"breadcrumb\":{\"@id\":\"http:\/\/zan-bb.de\/?page_id=1162#breadcrumb\"},\"inLanguage\":\"de\",\"potentialAction\":[{\"@type\":\"ReadAction\",\"target\":[\"http:\/\/zan-bb.de\/?page_id=1162\"]}]},{\"@type\":\"BreadcrumbList\",\"@id\":\"http:\/\/zan-bb.de\/?page_id=1162#breadcrumb\",\"itemListElement\":[{\"@type\":\"ListItem\",\"position\":1,\"name\":\"Startseite\",\"item\":\"https:\/\/zan-bb.de\/\"},{\"@type\":\"ListItem\",\"position\":2,\"name\":\"N\u00f6rdliches Spreewaldrandgebiet (NSG Neuzaucher Weinberg)\"}]},{\"@type\":\"WebSite\",\"@id\":\"https:\/\/zan-bb.de\/#website\",\"url\":\"https:\/\/zan-bb.de\/\",\"name\":\"ZAN-bb\",\"description\":\"Zentrum angewandter Naturschutz in Brandenburg gGmbH\",\"publisher\":{\"@id\":\"https:\/\/zan-bb.de\/#organization\"},\"potentialAction\":[{\"@type\":\"SearchAction\",\"target\":{\"@type\":\"EntryPoint\",\"urlTemplate\":\"https:\/\/zan-bb.de\/?s={search_term_string}\"},\"query-input\":\"required name=search_term_string\"}],\"inLanguage\":\"de\"},{\"@type\":\"Organization\",\"@id\":\"https:\/\/zan-bb.de\/#organization\",\"name\":\"ZAN-bb\",\"url\":\"https:\/\/zan-bb.de\/\",\"logo\":{\"@type\":\"ImageObject\",\"inLanguage\":\"de\",\"@id\":\"https:\/\/zan-bb.de\/#\/schema\/logo\/image\/\",\"url\":\"https:\/\/zan-bb.de\/wp-content\/uploads\/2020\/05\/cropped-ZAN-logo-trans.png\",\"contentUrl\":\"https:\/\/zan-bb.de\/wp-content\/uploads\/2020\/05\/cropped-ZAN-logo-trans.png\",\"width\":250,\"height\":250,\"caption\":\"ZAN-bb\"},\"image\":{\"@id\":\"https:\/\/zan-bb.de\/#\/schema\/logo\/image\/\"}}]}<\/script>\n<!-- \/ Yoast SEO plugin. -->","yoast_head_json":{"title":"N\u00f6rdliches Spreewaldrandgebiet                                  (NSG Neuzaucher Weinberg) - ZAN-bb","robots":{"index":"index","follow":"follow","max-snippet":"max-snippet:-1","max-image-preview":"max-image-preview:large","max-video-preview":"max-video-preview:-1"},"canonical":"http:\/\/zan-bb.de\/?page_id=1162","og_locale":"de_DE","og_type":"article","og_title":"N\u00f6rdliches Spreewaldrandgebiet                                  (NSG Neuzaucher Weinberg) - ZAN-bb","og_description":"EU-Nr.: DE4050-301Landesnr.: 630Landkreis: Oder-SpreeGebietsgr\u00f6\u00dfe: 401,3 ha Gebietscharakteristik Das FFH-Gebiet \u201eN\u00f6rdliches Spreewaldrandgebiet\u201c im Landkreis Dahme-Spreewald besteht aus sechs Teilfl\u00e4chen, darunter Briesener See, Barbassee, Klein Leiner Flie\u00df, Laasower Flie\u00df, Neu Zaucher Weinberg und Marienberg. Es umfasst Seen, Moore, Flie\u00dfgew\u00e4sser sowie Trockenrasen und Kiefernw\u00e4lder. Das Gebiet ist naturschutzfachlich bedeutsam f\u00fcr verschiedene Lebensr\u00e4ume wie Zwischen- und Flachmoore, vermoorte Niederungen &hellip; \u201eN\u00f6rdliches Spreewaldrandgebiet                                  (NSG Neuzaucher Weinberg)\u201c weiterlesen","og_url":"http:\/\/zan-bb.de\/?page_id=1162","og_site_name":"ZAN-bb","article_modified_time":"2025-04-02T10:46:26+00:00","twitter_card":"summary_large_image","twitter_misc":{"Gesch\u00e4tzte Lesezeit":"1\u00a0Minute"},"schema":{"@context":"https:\/\/schema.org","@graph":[{"@type":"WebPage","@id":"http:\/\/zan-bb.de\/?page_id=1162","url":"http:\/\/zan-bb.de\/?page_id=1162","name":"N\u00f6rdliches Spreewaldrandgebiet (NSG Neuzaucher Weinberg) - ZAN-bb","isPartOf":{"@id":"https:\/\/zan-bb.de\/#website"},"datePublished":"2025-03-26T09:52:28+00:00","dateModified":"2025-04-02T10:46:26+00:00","breadcrumb":{"@id":"http:\/\/zan-bb.de\/?page_id=1162#breadcrumb"},"inLanguage":"de","potentialAction":[{"@type":"ReadAction","target":["http:\/\/zan-bb.de\/?page_id=1162"]}]},{"@type":"BreadcrumbList","@id":"http:\/\/zan-bb.de\/?page_id=1162#breadcrumb","itemListElement":[{"@type":"ListItem","position":1,"name":"Startseite","item":"https:\/\/zan-bb.de\/"},{"@type":"ListItem","position":2,"name":"N\u00f6rdliches Spreewaldrandgebiet (NSG Neuzaucher Weinberg)"}]},{"@type":"WebSite","@id":"https:\/\/zan-bb.de\/#website","url":"https:\/\/zan-bb.de\/","name":"ZAN-bb","description":"Zentrum angewandter Naturschutz in Brandenburg gGmbH","publisher":{"@id":"https:\/\/zan-bb.de\/#organization"},"potentialAction":[{"@type":"SearchAction","target":{"@type":"EntryPoint","urlTemplate":"https:\/\/zan-bb.de\/?s={search_term_string}"},"query-input":"required name=search_term_string"}],"inLanguage":"de"},{"@type":"Organization","@id":"https:\/\/zan-bb.de\/#organization","name":"ZAN-bb","url":"https:\/\/zan-bb.de\/","logo":{"@type":"ImageObject","inLanguage":"de","@id":"https:\/\/zan-bb.de\/#\/schema\/logo\/image\/","url":"https:\/\/zan-bb.de\/wp-content\/uploads\/2020\/05\/cropped-ZAN-logo-trans.png","contentUrl":"https:\/\/zan-bb.de\/wp-content\/uploads\/2020\/05\/cropped-ZAN-logo-trans.png","width":250,"height":250,"caption":"ZAN-bb"},"image":{"@id":"https:\/\/zan-bb.de\/#\/schema\/logo\/image\/"}}]}},"_links":{"self":[{"href":"https:\/\/zan-bb.de\/index.php?rest_route=\/wp\/v2\/pages\/1162"}],"collection":[{"href":"https:\/\/zan-bb.de\/index.php?rest_route=\/wp\/v2\/pages"}],"about":[{"href":"https:\/\/zan-bb.de\/index.php?rest_route=\/wp\/v2\/types\/page"}],"author":[{"embeddable":true,"href":"https:\/\/zan-bb.de\/index.php?rest_route=\/wp\/v2\/users\/2"}],"replies":[{"embeddable":true,"href":"https:\/\/zan-bb.de\/index.php?rest_route=%2Fwp%2Fv2%2Fcomments&post=1162"}],"version-history":[{"count":10,"href":"https:\/\/zan-bb.de\/index.php?rest_route=\/wp\/v2\/pages\/1162\/revisions"}],"predecessor-version":[{"id":1427,"href":"https:\/\/zan-bb.de\/index.php?rest_route=\/wp\/v2\/pages\/1162\/revisions\/1427"}],"wp:attachment":[{"href":"https:\/\/zan-bb.de\/index.php?rest_route=%2Fwp%2Fv2%2Fmedia&parent=1162"}],"curies":[{"name":"wp","href":"https:\/\/api.w.org\/{rel}","templated":true}]}}