{"id":1176,"date":"2025-03-26T10:13:45","date_gmt":"2025-03-26T10:13:45","guid":{"rendered":"https:\/\/zan-bb.de\/?page_id=1176"},"modified":"2025-04-02T10:57:23","modified_gmt":"2025-04-02T10:57:23","slug":"vetschauer-muehlenfliess-teiche-stradow","status":"publish","type":"page","link":"https:\/\/zan-bb.de\/?page_id=1176","title":{"rendered":"Vetschauer M\u00fchlenflie\u00df &#8211; Teiche Stradow"},"content":{"rendered":"\n<p><strong>EU-Nr.: <\/strong>DE4150-303<br><strong>Landesnr.: <\/strong>331<br><strong>Landkreis:<\/strong> Oder-Spree<br><strong>Gebietsgr\u00f6\u00dfe:<\/strong> 277,1 ha<\/p>\n\n\n\n<p class=\"has-medium-font-size\"><strong>Gebietscharakteristik<\/strong><\/p>\n\n\n\n<p>Das FFH-Gebiet \u201eVetschauer M\u00fchlenflie\u00df \u2013 Teiche Stradow\u201c liegt zwischen Vetschau, Naundorf und Stradow im Landkreis Oberspreewald-Lausitz, am S\u00fcdrand des Biosph\u00e4renreservats Spreewald.<\/p>\n\n\n\n<p>Es umfasst das Vetschauer M\u00fchlenflie\u00df, die Stradower Teiche und angrenzende Niederungsfl\u00e4chen mit vielf\u00e4ltigen Lebensr\u00e4umen wie schwach eutrophen Teichen, Auenw\u00e4ldern mit Erlen und Eschen sowie extensiv genutztem Gr\u00fcnland. Die Landschaft ist kleinr\u00e4umig gegliedert und wird teils ackerbaulich, teils als Gr\u00fcnland genutzt. Entw\u00e4sserungsgr\u00e4ben pr\u00e4gen das Gebiet zus\u00e4tzlich. Der Wiesenteich grenzt s\u00fcd\u00f6stlich direkt an, und das Gebiet ist von einem dichten Verkehrsnetz umgeben.<\/p>\n\n\n\n<div class=\"wp-block-columns is-layout-flex wp-container-core-columns-layout-1 wp-block-columns-is-layout-flex\">\n<div class=\"wp-block-column is-layout-flow wp-block-column-is-layout-flow\">\n<p><strong>Ziel-Art (Anhang II FFH-RL):&nbsp;<\/strong><\/p>\n<\/div>\n\n\n\n<div class=\"wp-block-column is-layout-flow wp-block-column-is-layout-flow\">\n<p>Biber (<em>Castor fiber<\/em>)<\/p>\n\n\n\n<p>Fischotter (<em>Lutra lutra<\/em>)<\/p>\n<\/div>\n<\/div>\n\n\n\n<div class=\"wp-block-columns is-layout-flex wp-container-core-columns-layout-2 wp-block-columns-is-layout-flex\">\n<div class=\"wp-block-column is-layout-flow wp-block-column-is-layout-flow\">\n<p><a href=\"https:\/\/zan-bb.de\/?page_id=1169\">Vorheriges Gebiet<\/a><\/p>\n<\/div>\n\n\n\n<div class=\"wp-block-column is-layout-flow wp-block-column-is-layout-flow\">\n<p><a href=\"https:\/\/zan-bb.de\/?page_id=1190\">N\u00e4chstes Gebiet<\/a><\/p>\n<\/div>\n<\/div>\n","protected":false},"excerpt":{"rendered":"<p>EU-Nr.: DE4150-303Landesnr.: 331Landkreis: Oder-SpreeGebietsgr\u00f6\u00dfe: 277,1 ha Gebietscharakteristik Das FFH-Gebiet \u201eVetschauer M\u00fchlenflie\u00df \u2013 Teiche Stradow\u201c liegt zwischen Vetschau, Naundorf und Stradow im Landkreis Oberspreewald-Lausitz, am S\u00fcdrand des Biosph\u00e4renreservats Spreewald. Es umfasst das Vetschauer M\u00fchlenflie\u00df, die Stradower Teiche und angrenzende Niederungsfl\u00e4chen mit vielf\u00e4ltigen Lebensr\u00e4umen wie schwach eutrophen Teichen, Auenw\u00e4ldern mit Erlen und Eschen sowie extensiv genutztem Gr\u00fcnland. &hellip; <\/p>\n<p class=\"link-more\"><a href=\"https:\/\/zan-bb.de\/?page_id=1176\" class=\"more-link\"><span class=\"screen-reader-text\">\u201eVetschauer M\u00fchlenflie\u00df &#8211; Teiche Stradow\u201c<\/span> weiterlesen<\/a><\/p>\n","protected":false},"author":2,"featured_media":0,"parent":0,"menu_order":0,"comment_status":"closed","ping_status":"closed","template":"","meta":{"footnotes":""},"yoast_head":"<!-- This site is optimized with the Yoast SEO plugin v21.9.1 - https:\/\/yoast.com\/wordpress\/plugins\/seo\/ -->\n<title>Vetschauer M\u00fchlenflie\u00df - Teiche Stradow - ZAN-bb<\/title>\n<meta name=\"robots\" content=\"index, follow, max-snippet:-1, max-image-preview:large, max-video-preview:-1\" \/>\n<link rel=\"canonical\" href=\"http:\/\/zan-bb.de\/?page_id=1176\" \/>\n<meta property=\"og:locale\" content=\"de_DE\" \/>\n<meta property=\"og:type\" content=\"article\" \/>\n<meta property=\"og:title\" content=\"Vetschauer M\u00fchlenflie\u00df - Teiche Stradow - ZAN-bb\" \/>\n<meta property=\"og:description\" content=\"EU-Nr.: DE4150-303Landesnr.: 331Landkreis: Oder-SpreeGebietsgr\u00f6\u00dfe: 277,1 ha Gebietscharakteristik Das FFH-Gebiet \u201eVetschauer M\u00fchlenflie\u00df \u2013 Teiche Stradow\u201c liegt zwischen Vetschau, Naundorf und Stradow im Landkreis Oberspreewald-Lausitz, am S\u00fcdrand des Biosph\u00e4renreservats Spreewald. Es umfasst das Vetschauer M\u00fchlenflie\u00df, die Stradower Teiche und angrenzende Niederungsfl\u00e4chen mit vielf\u00e4ltigen Lebensr\u00e4umen wie schwach eutrophen Teichen, Auenw\u00e4ldern mit Erlen und Eschen sowie extensiv genutztem Gr\u00fcnland. &hellip; \u201eVetschauer M\u00fchlenflie\u00df &#8211; Teiche Stradow\u201c weiterlesen\" \/>\n<meta property=\"og:url\" content=\"http:\/\/zan-bb.de\/?page_id=1176\" \/>\n<meta property=\"og:site_name\" content=\"ZAN-bb\" \/>\n<meta property=\"article:modified_time\" content=\"2025-04-02T10:57:23+00:00\" \/>\n<meta name=\"twitter:card\" content=\"summary_large_image\" \/>\n<meta name=\"twitter:label1\" content=\"Gesch\u00e4tzte Lesezeit\" \/>\n\t<meta name=\"twitter:data1\" content=\"1\u00a0Minute\" \/>\n<script type=\"application\/ld+json\" class=\"yoast-schema-graph\">{\"@context\":\"https:\/\/schema.org\",\"@graph\":[{\"@type\":\"WebPage\",\"@id\":\"http:\/\/zan-bb.de\/?page_id=1176\",\"url\":\"http:\/\/zan-bb.de\/?page_id=1176\",\"name\":\"Vetschauer M\u00fchlenflie\u00df - Teiche Stradow - ZAN-bb\",\"isPartOf\":{\"@id\":\"https:\/\/zan-bb.de\/#website\"},\"datePublished\":\"2025-03-26T10:13:45+00:00\",\"dateModified\":\"2025-04-02T10:57:23+00:00\",\"breadcrumb\":{\"@id\":\"http:\/\/zan-bb.de\/?page_id=1176#breadcrumb\"},\"inLanguage\":\"de\",\"potentialAction\":[{\"@type\":\"ReadAction\",\"target\":[\"http:\/\/zan-bb.de\/?page_id=1176\"]}]},{\"@type\":\"BreadcrumbList\",\"@id\":\"http:\/\/zan-bb.de\/?page_id=1176#breadcrumb\",\"itemListElement\":[{\"@type\":\"ListItem\",\"position\":1,\"name\":\"Startseite\",\"item\":\"https:\/\/zan-bb.de\/\"},{\"@type\":\"ListItem\",\"position\":2,\"name\":\"Vetschauer M\u00fchlenflie\u00df &#8211; Teiche Stradow\"}]},{\"@type\":\"WebSite\",\"@id\":\"https:\/\/zan-bb.de\/#website\",\"url\":\"https:\/\/zan-bb.de\/\",\"name\":\"ZAN-bb\",\"description\":\"Zentrum angewandter Naturschutz in Brandenburg gGmbH\",\"publisher\":{\"@id\":\"https:\/\/zan-bb.de\/#organization\"},\"potentialAction\":[{\"@type\":\"SearchAction\",\"target\":{\"@type\":\"EntryPoint\",\"urlTemplate\":\"https:\/\/zan-bb.de\/?s={search_term_string}\"},\"query-input\":\"required name=search_term_string\"}],\"inLanguage\":\"de\"},{\"@type\":\"Organization\",\"@id\":\"https:\/\/zan-bb.de\/#organization\",\"name\":\"ZAN-bb\",\"url\":\"https:\/\/zan-bb.de\/\",\"logo\":{\"@type\":\"ImageObject\",\"inLanguage\":\"de\",\"@id\":\"https:\/\/zan-bb.de\/#\/schema\/logo\/image\/\",\"url\":\"https:\/\/zan-bb.de\/wp-content\/uploads\/2020\/05\/cropped-ZAN-logo-trans.png\",\"contentUrl\":\"https:\/\/zan-bb.de\/wp-content\/uploads\/2020\/05\/cropped-ZAN-logo-trans.png\",\"width\":250,\"height\":250,\"caption\":\"ZAN-bb\"},\"image\":{\"@id\":\"https:\/\/zan-bb.de\/#\/schema\/logo\/image\/\"}}]}<\/script>\n<!-- \/ Yoast SEO plugin. -->","yoast_head_json":{"title":"Vetschauer M\u00fchlenflie\u00df - Teiche Stradow - ZAN-bb","robots":{"index":"index","follow":"follow","max-snippet":"max-snippet:-1","max-image-preview":"max-image-preview:large","max-video-preview":"max-video-preview:-1"},"canonical":"http:\/\/zan-bb.de\/?page_id=1176","og_locale":"de_DE","og_type":"article","og_title":"Vetschauer M\u00fchlenflie\u00df - Teiche Stradow - ZAN-bb","og_description":"EU-Nr.: DE4150-303Landesnr.: 331Landkreis: Oder-SpreeGebietsgr\u00f6\u00dfe: 277,1 ha Gebietscharakteristik Das FFH-Gebiet \u201eVetschauer M\u00fchlenflie\u00df \u2013 Teiche Stradow\u201c liegt zwischen Vetschau, Naundorf und Stradow im Landkreis Oberspreewald-Lausitz, am S\u00fcdrand des Biosph\u00e4renreservats Spreewald. Es umfasst das Vetschauer M\u00fchlenflie\u00df, die Stradower Teiche und angrenzende Niederungsfl\u00e4chen mit vielf\u00e4ltigen Lebensr\u00e4umen wie schwach eutrophen Teichen, Auenw\u00e4ldern mit Erlen und Eschen sowie extensiv genutztem Gr\u00fcnland. &hellip; \u201eVetschauer M\u00fchlenflie\u00df &#8211; Teiche Stradow\u201c weiterlesen","og_url":"http:\/\/zan-bb.de\/?page_id=1176","og_site_name":"ZAN-bb","article_modified_time":"2025-04-02T10:57:23+00:00","twitter_card":"summary_large_image","twitter_misc":{"Gesch\u00e4tzte Lesezeit":"1\u00a0Minute"},"schema":{"@context":"https:\/\/schema.org","@graph":[{"@type":"WebPage","@id":"http:\/\/zan-bb.de\/?page_id=1176","url":"http:\/\/zan-bb.de\/?page_id=1176","name":"Vetschauer M\u00fchlenflie\u00df - Teiche Stradow - ZAN-bb","isPartOf":{"@id":"https:\/\/zan-bb.de\/#website"},"datePublished":"2025-03-26T10:13:45+00:00","dateModified":"2025-04-02T10:57:23+00:00","breadcrumb":{"@id":"http:\/\/zan-bb.de\/?page_id=1176#breadcrumb"},"inLanguage":"de","potentialAction":[{"@type":"ReadAction","target":["http:\/\/zan-bb.de\/?page_id=1176"]}]},{"@type":"BreadcrumbList","@id":"http:\/\/zan-bb.de\/?page_id=1176#breadcrumb","itemListElement":[{"@type":"ListItem","position":1,"name":"Startseite","item":"https:\/\/zan-bb.de\/"},{"@type":"ListItem","position":2,"name":"Vetschauer M\u00fchlenflie\u00df &#8211; Teiche Stradow"}]},{"@type":"WebSite","@id":"https:\/\/zan-bb.de\/#website","url":"https:\/\/zan-bb.de\/","name":"ZAN-bb","description":"Zentrum angewandter Naturschutz in Brandenburg gGmbH","publisher":{"@id":"https:\/\/zan-bb.de\/#organization"},"potentialAction":[{"@type":"SearchAction","target":{"@type":"EntryPoint","urlTemplate":"https:\/\/zan-bb.de\/?s={search_term_string}"},"query-input":"required name=search_term_string"}],"inLanguage":"de"},{"@type":"Organization","@id":"https:\/\/zan-bb.de\/#organization","name":"ZAN-bb","url":"https:\/\/zan-bb.de\/","logo":{"@type":"ImageObject","inLanguage":"de","@id":"https:\/\/zan-bb.de\/#\/schema\/logo\/image\/","url":"https:\/\/zan-bb.de\/wp-content\/uploads\/2020\/05\/cropped-ZAN-logo-trans.png","contentUrl":"https:\/\/zan-bb.de\/wp-content\/uploads\/2020\/05\/cropped-ZAN-logo-trans.png","width":250,"height":250,"caption":"ZAN-bb"},"image":{"@id":"https:\/\/zan-bb.de\/#\/schema\/logo\/image\/"}}]}},"_links":{"self":[{"href":"https:\/\/zan-bb.de\/index.php?rest_route=\/wp\/v2\/pages\/1176"}],"collection":[{"href":"https:\/\/zan-bb.de\/index.php?rest_route=\/wp\/v2\/pages"}],"about":[{"href":"https:\/\/zan-bb.de\/index.php?rest_route=\/wp\/v2\/types\/page"}],"author":[{"embeddable":true,"href":"https:\/\/zan-bb.de\/index.php?rest_route=\/wp\/v2\/users\/2"}],"replies":[{"embeddable":true,"href":"https:\/\/zan-bb.de\/index.php?rest_route=%2Fwp%2Fv2%2Fcomments&post=1176"}],"version-history":[{"count":10,"href":"https:\/\/zan-bb.de\/index.php?rest_route=\/wp\/v2\/pages\/1176\/revisions"}],"predecessor-version":[{"id":1440,"href":"https:\/\/zan-bb.de\/index.php?rest_route=\/wp\/v2\/pages\/1176\/revisions\/1440"}],"wp:attachment":[{"href":"https:\/\/zan-bb.de\/index.php?rest_route=%2Fwp%2Fv2%2Fmedia&parent=1176"}],"curies":[{"name":"wp","href":"https:\/\/api.w.org\/{rel}","templated":true}]}}