{"id":1190,"date":"2025-03-26T11:22:39","date_gmt":"2025-03-26T11:22:39","guid":{"rendered":"https:\/\/zan-bb.de\/?page_id=1190"},"modified":"2025-04-02T10:59:25","modified_gmt":"2025-04-02T10:59:25","slug":"wiesenau-pfaffenberge","status":"publish","type":"page","link":"https:\/\/zan-bb.de\/?page_id=1190","title":{"rendered":"Wiesenau Pfaffenberge"},"content":{"rendered":"\n<p><strong>EU-Nr.: <\/strong>DE4049-301<br><strong>Landesnr.: <\/strong>60<br><strong>Landkreis:<\/strong> Oder-Spree<br><strong>Gebietsgr\u00f6\u00dfe:<\/strong> 479,8 ha<\/p>\n\n\n\n<p class=\"has-medium-font-size\"><strong>Gebietscharakteristik<\/strong><\/p>\n\n\n\n<p>Das FFH-Gebiet \u201eWiesenau-Pfaffenberge\u201c liegt im Landkreis Dahme-Spreewald, erstreckt sich \u00fcber rund 8 km durch L\u00fcbben (Spreewald) und Schlepzig und befindet sich vollst\u00e4ndig im Biosph\u00e4renreservat Spreewald. Es entstand 2016 durch die Zusammenlegung mehrerer ehemaliger FFH-Gebiete.<\/p>\n\n\n\n<p>Gepr\u00e4gt ist das Gebiet durch eine vielf\u00e4ltige Landschaft entlang der Spree mit Auen, kleinen Mooren, Altarmen, Eichen- und Laubw\u00e4ldern sowie Offenlandbereichen mit Flugsandfeldern und Binnend\u00fcnen (z.\u202fB. die \u201ePfaffenberge\u201c). Besonders hervorzuheben ist die gro\u00dffl\u00e4chige Niederung B\u00f6rnichen, ein entw\u00e4ssertes, landwirtschaftlich genutztes Gr\u00fcnlandgebiet. Weitere Gr\u00fcnl\u00e4nder liegen entlang der Spree, v.\u202fa. \u00f6stlich von Steinkirchen.<\/p>\n\n\n\n<div class=\"wp-block-columns is-layout-flex wp-container-core-columns-layout-1 wp-block-columns-is-layout-flex\">\n<div class=\"wp-block-column is-layout-flow wp-block-column-is-layout-flow\">\n<p><a href=\"https:\/\/zan-bb.de\/?page_id=1176\">Vorheriges Gebiet<\/a><\/p>\n<\/div>\n\n\n\n<div class=\"wp-block-column is-layout-flow wp-block-column-is-layout-flow\">\n<p><a href=\"https:\/\/zan-bb.de\/?page_id=1192\">N\u00e4chstes Gebiet<\/a><\/p>\n<\/div>\n<\/div>\n","protected":false},"excerpt":{"rendered":"<p>EU-Nr.: DE4049-301Landesnr.: 60Landkreis: Oder-SpreeGebietsgr\u00f6\u00dfe: 479,8 ha Gebietscharakteristik Das FFH-Gebiet \u201eWiesenau-Pfaffenberge\u201c liegt im Landkreis Dahme-Spreewald, erstreckt sich \u00fcber rund 8 km durch L\u00fcbben (Spreewald) und Schlepzig und befindet sich vollst\u00e4ndig im Biosph\u00e4renreservat Spreewald. Es entstand 2016 durch die Zusammenlegung mehrerer ehemaliger FFH-Gebiete. Gepr\u00e4gt ist das Gebiet durch eine vielf\u00e4ltige Landschaft entlang der Spree mit Auen, kleinen &hellip; <\/p>\n<p class=\"link-more\"><a href=\"https:\/\/zan-bb.de\/?page_id=1190\" class=\"more-link\"><span class=\"screen-reader-text\">\u201eWiesenau Pfaffenberge\u201c<\/span> weiterlesen<\/a><\/p>\n","protected":false},"author":2,"featured_media":0,"parent":0,"menu_order":0,"comment_status":"closed","ping_status":"closed","template":"","meta":{"footnotes":""},"yoast_head":"<!-- This site is optimized with the Yoast SEO plugin v21.9.1 - https:\/\/yoast.com\/wordpress\/plugins\/seo\/ -->\n<title>Wiesenau Pfaffenberge - ZAN-bb<\/title>\n<meta name=\"robots\" content=\"index, follow, max-snippet:-1, max-image-preview:large, max-video-preview:-1\" \/>\n<link rel=\"canonical\" href=\"http:\/\/zan-bb.de\/?page_id=1190\" \/>\n<meta property=\"og:locale\" content=\"de_DE\" \/>\n<meta property=\"og:type\" content=\"article\" \/>\n<meta property=\"og:title\" content=\"Wiesenau Pfaffenberge - ZAN-bb\" \/>\n<meta property=\"og:description\" content=\"EU-Nr.: DE4049-301Landesnr.: 60Landkreis: Oder-SpreeGebietsgr\u00f6\u00dfe: 479,8 ha Gebietscharakteristik Das FFH-Gebiet \u201eWiesenau-Pfaffenberge\u201c liegt im Landkreis Dahme-Spreewald, erstreckt sich \u00fcber rund 8 km durch L\u00fcbben (Spreewald) und Schlepzig und befindet sich vollst\u00e4ndig im Biosph\u00e4renreservat Spreewald. Es entstand 2016 durch die Zusammenlegung mehrerer ehemaliger FFH-Gebiete. Gepr\u00e4gt ist das Gebiet durch eine vielf\u00e4ltige Landschaft entlang der Spree mit Auen, kleinen &hellip; \u201eWiesenau Pfaffenberge\u201c weiterlesen\" \/>\n<meta property=\"og:url\" content=\"http:\/\/zan-bb.de\/?page_id=1190\" \/>\n<meta property=\"og:site_name\" content=\"ZAN-bb\" \/>\n<meta property=\"article:modified_time\" content=\"2025-04-02T10:59:25+00:00\" \/>\n<meta name=\"twitter:card\" content=\"summary_large_image\" \/>\n<meta name=\"twitter:label1\" content=\"Gesch\u00e4tzte Lesezeit\" \/>\n\t<meta name=\"twitter:data1\" content=\"1\u00a0Minute\" \/>\n<script type=\"application\/ld+json\" class=\"yoast-schema-graph\">{\"@context\":\"https:\/\/schema.org\",\"@graph\":[{\"@type\":\"WebPage\",\"@id\":\"http:\/\/zan-bb.de\/?page_id=1190\",\"url\":\"http:\/\/zan-bb.de\/?page_id=1190\",\"name\":\"Wiesenau Pfaffenberge - ZAN-bb\",\"isPartOf\":{\"@id\":\"https:\/\/zan-bb.de\/#website\"},\"datePublished\":\"2025-03-26T11:22:39+00:00\",\"dateModified\":\"2025-04-02T10:59:25+00:00\",\"breadcrumb\":{\"@id\":\"http:\/\/zan-bb.de\/?page_id=1190#breadcrumb\"},\"inLanguage\":\"de\",\"potentialAction\":[{\"@type\":\"ReadAction\",\"target\":[\"http:\/\/zan-bb.de\/?page_id=1190\"]}]},{\"@type\":\"BreadcrumbList\",\"@id\":\"http:\/\/zan-bb.de\/?page_id=1190#breadcrumb\",\"itemListElement\":[{\"@type\":\"ListItem\",\"position\":1,\"name\":\"Startseite\",\"item\":\"https:\/\/zan-bb.de\/\"},{\"@type\":\"ListItem\",\"position\":2,\"name\":\"Wiesenau Pfaffenberge\"}]},{\"@type\":\"WebSite\",\"@id\":\"https:\/\/zan-bb.de\/#website\",\"url\":\"https:\/\/zan-bb.de\/\",\"name\":\"ZAN-bb\",\"description\":\"Zentrum angewandter Naturschutz in Brandenburg gGmbH\",\"publisher\":{\"@id\":\"https:\/\/zan-bb.de\/#organization\"},\"potentialAction\":[{\"@type\":\"SearchAction\",\"target\":{\"@type\":\"EntryPoint\",\"urlTemplate\":\"https:\/\/zan-bb.de\/?s={search_term_string}\"},\"query-input\":\"required name=search_term_string\"}],\"inLanguage\":\"de\"},{\"@type\":\"Organization\",\"@id\":\"https:\/\/zan-bb.de\/#organization\",\"name\":\"ZAN-bb\",\"url\":\"https:\/\/zan-bb.de\/\",\"logo\":{\"@type\":\"ImageObject\",\"inLanguage\":\"de\",\"@id\":\"https:\/\/zan-bb.de\/#\/schema\/logo\/image\/\",\"url\":\"https:\/\/zan-bb.de\/wp-content\/uploads\/2020\/05\/cropped-ZAN-logo-trans.png\",\"contentUrl\":\"https:\/\/zan-bb.de\/wp-content\/uploads\/2020\/05\/cropped-ZAN-logo-trans.png\",\"width\":250,\"height\":250,\"caption\":\"ZAN-bb\"},\"image\":{\"@id\":\"https:\/\/zan-bb.de\/#\/schema\/logo\/image\/\"}}]}<\/script>\n<!-- \/ Yoast SEO plugin. -->","yoast_head_json":{"title":"Wiesenau Pfaffenberge - ZAN-bb","robots":{"index":"index","follow":"follow","max-snippet":"max-snippet:-1","max-image-preview":"max-image-preview:large","max-video-preview":"max-video-preview:-1"},"canonical":"http:\/\/zan-bb.de\/?page_id=1190","og_locale":"de_DE","og_type":"article","og_title":"Wiesenau Pfaffenberge - ZAN-bb","og_description":"EU-Nr.: DE4049-301Landesnr.: 60Landkreis: Oder-SpreeGebietsgr\u00f6\u00dfe: 479,8 ha Gebietscharakteristik Das FFH-Gebiet \u201eWiesenau-Pfaffenberge\u201c liegt im Landkreis Dahme-Spreewald, erstreckt sich \u00fcber rund 8 km durch L\u00fcbben (Spreewald) und Schlepzig und befindet sich vollst\u00e4ndig im Biosph\u00e4renreservat Spreewald. Es entstand 2016 durch die Zusammenlegung mehrerer ehemaliger FFH-Gebiete. Gepr\u00e4gt ist das Gebiet durch eine vielf\u00e4ltige Landschaft entlang der Spree mit Auen, kleinen &hellip; \u201eWiesenau Pfaffenberge\u201c weiterlesen","og_url":"http:\/\/zan-bb.de\/?page_id=1190","og_site_name":"ZAN-bb","article_modified_time":"2025-04-02T10:59:25+00:00","twitter_card":"summary_large_image","twitter_misc":{"Gesch\u00e4tzte Lesezeit":"1\u00a0Minute"},"schema":{"@context":"https:\/\/schema.org","@graph":[{"@type":"WebPage","@id":"http:\/\/zan-bb.de\/?page_id=1190","url":"http:\/\/zan-bb.de\/?page_id=1190","name":"Wiesenau Pfaffenberge - ZAN-bb","isPartOf":{"@id":"https:\/\/zan-bb.de\/#website"},"datePublished":"2025-03-26T11:22:39+00:00","dateModified":"2025-04-02T10:59:25+00:00","breadcrumb":{"@id":"http:\/\/zan-bb.de\/?page_id=1190#breadcrumb"},"inLanguage":"de","potentialAction":[{"@type":"ReadAction","target":["http:\/\/zan-bb.de\/?page_id=1190"]}]},{"@type":"BreadcrumbList","@id":"http:\/\/zan-bb.de\/?page_id=1190#breadcrumb","itemListElement":[{"@type":"ListItem","position":1,"name":"Startseite","item":"https:\/\/zan-bb.de\/"},{"@type":"ListItem","position":2,"name":"Wiesenau Pfaffenberge"}]},{"@type":"WebSite","@id":"https:\/\/zan-bb.de\/#website","url":"https:\/\/zan-bb.de\/","name":"ZAN-bb","description":"Zentrum angewandter Naturschutz in Brandenburg gGmbH","publisher":{"@id":"https:\/\/zan-bb.de\/#organization"},"potentialAction":[{"@type":"SearchAction","target":{"@type":"EntryPoint","urlTemplate":"https:\/\/zan-bb.de\/?s={search_term_string}"},"query-input":"required name=search_term_string"}],"inLanguage":"de"},{"@type":"Organization","@id":"https:\/\/zan-bb.de\/#organization","name":"ZAN-bb","url":"https:\/\/zan-bb.de\/","logo":{"@type":"ImageObject","inLanguage":"de","@id":"https:\/\/zan-bb.de\/#\/schema\/logo\/image\/","url":"https:\/\/zan-bb.de\/wp-content\/uploads\/2020\/05\/cropped-ZAN-logo-trans.png","contentUrl":"https:\/\/zan-bb.de\/wp-content\/uploads\/2020\/05\/cropped-ZAN-logo-trans.png","width":250,"height":250,"caption":"ZAN-bb"},"image":{"@id":"https:\/\/zan-bb.de\/#\/schema\/logo\/image\/"}}]}},"_links":{"self":[{"href":"https:\/\/zan-bb.de\/index.php?rest_route=\/wp\/v2\/pages\/1190"}],"collection":[{"href":"https:\/\/zan-bb.de\/index.php?rest_route=\/wp\/v2\/pages"}],"about":[{"href":"https:\/\/zan-bb.de\/index.php?rest_route=\/wp\/v2\/types\/page"}],"author":[{"embeddable":true,"href":"https:\/\/zan-bb.de\/index.php?rest_route=\/wp\/v2\/users\/2"}],"replies":[{"embeddable":true,"href":"https:\/\/zan-bb.de\/index.php?rest_route=%2Fwp%2Fv2%2Fcomments&post=1190"}],"version-history":[{"count":6,"href":"https:\/\/zan-bb.de\/index.php?rest_route=\/wp\/v2\/pages\/1190\/revisions"}],"predecessor-version":[{"id":1443,"href":"https:\/\/zan-bb.de\/index.php?rest_route=\/wp\/v2\/pages\/1190\/revisions\/1443"}],"wp:attachment":[{"href":"https:\/\/zan-bb.de\/index.php?rest_route=%2Fwp%2Fv2%2Fmedia&parent=1190"}],"curies":[{"name":"wp","href":"https:\/\/api.w.org\/{rel}","templated":true}]}}