{"id":1192,"date":"2025-03-26T11:26:05","date_gmt":"2025-03-26T11:26:05","guid":{"rendered":"https:\/\/zan-bb.de\/?page_id=1192"},"modified":"2025-04-02T10:48:17","modified_gmt":"2025-04-02T10:48:17","slug":"pretschener-spreeniederung","status":"publish","type":"page","link":"https:\/\/zan-bb.de\/?page_id=1192","title":{"rendered":"Pretschener Spreeniederung"},"content":{"rendered":"\n<p><strong>EU-Nr.: <\/strong>DE3949-302<br><strong>Landesnr.: <\/strong>313<br><strong>Landkreis:<\/strong> Oder-Spree<br><strong>Gebietsgr\u00f6\u00dfe:<\/strong> 793 ha<\/p>\n\n\n\n<p class=\"has-medium-font-size\"><strong>Gebietscharakteristik<\/strong><\/p>\n\n\n\n<p>Das FFH-Gebiet \u201ePretschener Spreeniederung\u201c liegt im Landkreis Dahme-Spreewald innerhalb der Gemeinden M\u00e4rkische Heide und Unterspreewald und ist Teil des Biosph\u00e4renreservats Spreewald. Es umfasst die Niederung der Pretschener Spree und erstreckt sich von der B 179 bis nach Pretschen, einschlie\u00dflich angrenzender Bereiche bei Neu-Schadow und Neu-L\u00fcbbenau.<\/p>\n\n\n\n<p>Der Gro\u00dfteil des Gebiets liegt in der Regenerierungszone (Zone IV) des Biosph\u00e4renreservats, kleinere Teile im Nordwesten und Nordosten in der Entwicklungszone (Zone III).<\/p>\n\n\n\n<div class=\"wp-block-columns is-layout-flex wp-container-core-columns-layout-1 wp-block-columns-is-layout-flex\">\n<div class=\"wp-block-column is-layout-flow wp-block-column-is-layout-flow\">\n<p><a href=\"https:\/\/zan-bb.de\/?page_id=1190\">Vorheriges Gebiet<\/a><\/p>\n<\/div>\n\n\n\n<div class=\"wp-block-column is-layout-flow wp-block-column-is-layout-flow\">\n<p><\/p>\n<\/div>\n<\/div>\n","protected":false},"excerpt":{"rendered":"<p>EU-Nr.: DE3949-302Landesnr.: 313Landkreis: Oder-SpreeGebietsgr\u00f6\u00dfe: 793 ha Gebietscharakteristik Das FFH-Gebiet \u201ePretschener Spreeniederung\u201c liegt im Landkreis Dahme-Spreewald innerhalb der Gemeinden M\u00e4rkische Heide und Unterspreewald und ist Teil des Biosph\u00e4renreservats Spreewald. Es umfasst die Niederung der Pretschener Spree und erstreckt sich von der B 179 bis nach Pretschen, einschlie\u00dflich angrenzender Bereiche bei Neu-Schadow und Neu-L\u00fcbbenau. Der Gro\u00dfteil des &hellip; <\/p>\n<p class=\"link-more\"><a href=\"https:\/\/zan-bb.de\/?page_id=1192\" class=\"more-link\"><span class=\"screen-reader-text\">\u201ePretschener Spreeniederung\u201c<\/span> weiterlesen<\/a><\/p>\n","protected":false},"author":2,"featured_media":0,"parent":0,"menu_order":0,"comment_status":"closed","ping_status":"closed","template":"","meta":{"footnotes":""},"yoast_head":"<!-- This site is optimized with the Yoast SEO plugin v21.9.1 - https:\/\/yoast.com\/wordpress\/plugins\/seo\/ -->\n<title>Pretschener Spreeniederung - ZAN-bb<\/title>\n<meta name=\"robots\" content=\"index, follow, max-snippet:-1, max-image-preview:large, max-video-preview:-1\" \/>\n<link rel=\"canonical\" href=\"http:\/\/zan-bb.de\/?page_id=1192\" \/>\n<meta property=\"og:locale\" content=\"de_DE\" \/>\n<meta property=\"og:type\" content=\"article\" \/>\n<meta property=\"og:title\" content=\"Pretschener Spreeniederung - ZAN-bb\" \/>\n<meta property=\"og:description\" content=\"EU-Nr.: DE3949-302Landesnr.: 313Landkreis: Oder-SpreeGebietsgr\u00f6\u00dfe: 793 ha Gebietscharakteristik Das FFH-Gebiet \u201ePretschener Spreeniederung\u201c liegt im Landkreis Dahme-Spreewald innerhalb der Gemeinden M\u00e4rkische Heide und Unterspreewald und ist Teil des Biosph\u00e4renreservats Spreewald. Es umfasst die Niederung der Pretschener Spree und erstreckt sich von der B 179 bis nach Pretschen, einschlie\u00dflich angrenzender Bereiche bei Neu-Schadow und Neu-L\u00fcbbenau. Der Gro\u00dfteil des &hellip; \u201ePretschener Spreeniederung\u201c weiterlesen\" \/>\n<meta property=\"og:url\" content=\"http:\/\/zan-bb.de\/?page_id=1192\" \/>\n<meta property=\"og:site_name\" content=\"ZAN-bb\" \/>\n<meta property=\"article:modified_time\" content=\"2025-04-02T10:48:17+00:00\" \/>\n<meta name=\"twitter:card\" content=\"summary_large_image\" \/>\n<meta name=\"twitter:label1\" content=\"Gesch\u00e4tzte Lesezeit\" \/>\n\t<meta name=\"twitter:data1\" content=\"1\u00a0Minute\" \/>\n<script type=\"application\/ld+json\" class=\"yoast-schema-graph\">{\"@context\":\"https:\/\/schema.org\",\"@graph\":[{\"@type\":\"WebPage\",\"@id\":\"http:\/\/zan-bb.de\/?page_id=1192\",\"url\":\"http:\/\/zan-bb.de\/?page_id=1192\",\"name\":\"Pretschener Spreeniederung - ZAN-bb\",\"isPartOf\":{\"@id\":\"https:\/\/zan-bb.de\/#website\"},\"datePublished\":\"2025-03-26T11:26:05+00:00\",\"dateModified\":\"2025-04-02T10:48:17+00:00\",\"breadcrumb\":{\"@id\":\"http:\/\/zan-bb.de\/?page_id=1192#breadcrumb\"},\"inLanguage\":\"de\",\"potentialAction\":[{\"@type\":\"ReadAction\",\"target\":[\"http:\/\/zan-bb.de\/?page_id=1192\"]}]},{\"@type\":\"BreadcrumbList\",\"@id\":\"http:\/\/zan-bb.de\/?page_id=1192#breadcrumb\",\"itemListElement\":[{\"@type\":\"ListItem\",\"position\":1,\"name\":\"Startseite\",\"item\":\"https:\/\/zan-bb.de\/\"},{\"@type\":\"ListItem\",\"position\":2,\"name\":\"Pretschener Spreeniederung\"}]},{\"@type\":\"WebSite\",\"@id\":\"https:\/\/zan-bb.de\/#website\",\"url\":\"https:\/\/zan-bb.de\/\",\"name\":\"ZAN-bb\",\"description\":\"Zentrum angewandter Naturschutz in Brandenburg gGmbH\",\"publisher\":{\"@id\":\"https:\/\/zan-bb.de\/#organization\"},\"potentialAction\":[{\"@type\":\"SearchAction\",\"target\":{\"@type\":\"EntryPoint\",\"urlTemplate\":\"https:\/\/zan-bb.de\/?s={search_term_string}\"},\"query-input\":\"required name=search_term_string\"}],\"inLanguage\":\"de\"},{\"@type\":\"Organization\",\"@id\":\"https:\/\/zan-bb.de\/#organization\",\"name\":\"ZAN-bb\",\"url\":\"https:\/\/zan-bb.de\/\",\"logo\":{\"@type\":\"ImageObject\",\"inLanguage\":\"de\",\"@id\":\"https:\/\/zan-bb.de\/#\/schema\/logo\/image\/\",\"url\":\"https:\/\/zan-bb.de\/wp-content\/uploads\/2020\/05\/cropped-ZAN-logo-trans.png\",\"contentUrl\":\"https:\/\/zan-bb.de\/wp-content\/uploads\/2020\/05\/cropped-ZAN-logo-trans.png\",\"width\":250,\"height\":250,\"caption\":\"ZAN-bb\"},\"image\":{\"@id\":\"https:\/\/zan-bb.de\/#\/schema\/logo\/image\/\"}}]}<\/script>\n<!-- \/ Yoast SEO plugin. -->","yoast_head_json":{"title":"Pretschener Spreeniederung - ZAN-bb","robots":{"index":"index","follow":"follow","max-snippet":"max-snippet:-1","max-image-preview":"max-image-preview:large","max-video-preview":"max-video-preview:-1"},"canonical":"http:\/\/zan-bb.de\/?page_id=1192","og_locale":"de_DE","og_type":"article","og_title":"Pretschener Spreeniederung - ZAN-bb","og_description":"EU-Nr.: DE3949-302Landesnr.: 313Landkreis: Oder-SpreeGebietsgr\u00f6\u00dfe: 793 ha Gebietscharakteristik Das FFH-Gebiet \u201ePretschener Spreeniederung\u201c liegt im Landkreis Dahme-Spreewald innerhalb der Gemeinden M\u00e4rkische Heide und Unterspreewald und ist Teil des Biosph\u00e4renreservats Spreewald. Es umfasst die Niederung der Pretschener Spree und erstreckt sich von der B 179 bis nach Pretschen, einschlie\u00dflich angrenzender Bereiche bei Neu-Schadow und Neu-L\u00fcbbenau. Der Gro\u00dfteil des &hellip; \u201ePretschener Spreeniederung\u201c weiterlesen","og_url":"http:\/\/zan-bb.de\/?page_id=1192","og_site_name":"ZAN-bb","article_modified_time":"2025-04-02T10:48:17+00:00","twitter_card":"summary_large_image","twitter_misc":{"Gesch\u00e4tzte Lesezeit":"1\u00a0Minute"},"schema":{"@context":"https:\/\/schema.org","@graph":[{"@type":"WebPage","@id":"http:\/\/zan-bb.de\/?page_id=1192","url":"http:\/\/zan-bb.de\/?page_id=1192","name":"Pretschener Spreeniederung - ZAN-bb","isPartOf":{"@id":"https:\/\/zan-bb.de\/#website"},"datePublished":"2025-03-26T11:26:05+00:00","dateModified":"2025-04-02T10:48:17+00:00","breadcrumb":{"@id":"http:\/\/zan-bb.de\/?page_id=1192#breadcrumb"},"inLanguage":"de","potentialAction":[{"@type":"ReadAction","target":["http:\/\/zan-bb.de\/?page_id=1192"]}]},{"@type":"BreadcrumbList","@id":"http:\/\/zan-bb.de\/?page_id=1192#breadcrumb","itemListElement":[{"@type":"ListItem","position":1,"name":"Startseite","item":"https:\/\/zan-bb.de\/"},{"@type":"ListItem","position":2,"name":"Pretschener Spreeniederung"}]},{"@type":"WebSite","@id":"https:\/\/zan-bb.de\/#website","url":"https:\/\/zan-bb.de\/","name":"ZAN-bb","description":"Zentrum angewandter Naturschutz in Brandenburg gGmbH","publisher":{"@id":"https:\/\/zan-bb.de\/#organization"},"potentialAction":[{"@type":"SearchAction","target":{"@type":"EntryPoint","urlTemplate":"https:\/\/zan-bb.de\/?s={search_term_string}"},"query-input":"required name=search_term_string"}],"inLanguage":"de"},{"@type":"Organization","@id":"https:\/\/zan-bb.de\/#organization","name":"ZAN-bb","url":"https:\/\/zan-bb.de\/","logo":{"@type":"ImageObject","inLanguage":"de","@id":"https:\/\/zan-bb.de\/#\/schema\/logo\/image\/","url":"https:\/\/zan-bb.de\/wp-content\/uploads\/2020\/05\/cropped-ZAN-logo-trans.png","contentUrl":"https:\/\/zan-bb.de\/wp-content\/uploads\/2020\/05\/cropped-ZAN-logo-trans.png","width":250,"height":250,"caption":"ZAN-bb"},"image":{"@id":"https:\/\/zan-bb.de\/#\/schema\/logo\/image\/"}}]}},"_links":{"self":[{"href":"https:\/\/zan-bb.de\/index.php?rest_route=\/wp\/v2\/pages\/1192"}],"collection":[{"href":"https:\/\/zan-bb.de\/index.php?rest_route=\/wp\/v2\/pages"}],"about":[{"href":"https:\/\/zan-bb.de\/index.php?rest_route=\/wp\/v2\/types\/page"}],"author":[{"embeddable":true,"href":"https:\/\/zan-bb.de\/index.php?rest_route=\/wp\/v2\/users\/2"}],"replies":[{"embeddable":true,"href":"https:\/\/zan-bb.de\/index.php?rest_route=%2Fwp%2Fv2%2Fcomments&post=1192"}],"version-history":[{"count":9,"href":"https:\/\/zan-bb.de\/index.php?rest_route=\/wp\/v2\/pages\/1192\/revisions"}],"predecessor-version":[{"id":1430,"href":"https:\/\/zan-bb.de\/index.php?rest_route=\/wp\/v2\/pages\/1192\/revisions\/1430"}],"wp:attachment":[{"href":"https:\/\/zan-bb.de\/index.php?rest_route=%2Fwp%2Fv2%2Fmedia&parent=1192"}],"curies":[{"name":"wp","href":"https:\/\/api.w.org\/{rel}","templated":true}]}}