{"id":1194,"date":"2025-03-26T11:03:13","date_gmt":"2025-03-26T11:03:13","guid":{"rendered":"https:\/\/zan-bb.de\/?page_id=1194"},"modified":"2025-06-23T07:07:42","modified_gmt":"2025-06-23T07:07:42","slug":"forschung","status":"publish","type":"page","link":"https:\/\/zan-bb.de\/?page_id=1194","title":{"rendered":"Forschung"},"content":{"rendered":"\n<p>Studie zu den Auswirkungen des Klimawandels auf die Schutzg\u00fcter des Naturschutzes und der Landschaftspflege in Brandenburg<\/p>\n\n\n<div class=\"wp-block-image\">\n<figure class=\"aligncenter size-full is-resized\"><img loading=\"lazy\" decoding=\"async\" width=\"2560\" height=\"1706\" src=\"http:\/\/zan-bb.de\/wp-content\/uploads\/2025\/03\/230603_112858_DSC05841_Linda_ILCE-7C-scaled.jpg\" alt=\"\" class=\"wp-image-1195\" style=\"aspect-ratio:1.5015015015015014;width:464px;height:auto\" srcset=\"https:\/\/zan-bb.de\/wp-content\/uploads\/2025\/03\/230603_112858_DSC05841_Linda_ILCE-7C-scaled.jpg 2560w, https:\/\/zan-bb.de\/wp-content\/uploads\/2025\/03\/230603_112858_DSC05841_Linda_ILCE-7C-300x200.jpg 300w, https:\/\/zan-bb.de\/wp-content\/uploads\/2025\/03\/230603_112858_DSC05841_Linda_ILCE-7C-1024x683.jpg 1024w, https:\/\/zan-bb.de\/wp-content\/uploads\/2025\/03\/230603_112858_DSC05841_Linda_ILCE-7C-768x512.jpg 768w, https:\/\/zan-bb.de\/wp-content\/uploads\/2025\/03\/230603_112858_DSC05841_Linda_ILCE-7C-1536x1024.jpg 1536w, https:\/\/zan-bb.de\/wp-content\/uploads\/2025\/03\/230603_112858_DSC05841_Linda_ILCE-7C-2048x1365.jpg 2048w\" sizes=\"(max-width: 767px) 89vw, (max-width: 1000px) 54vw, (max-width: 1071px) 543px, 580px\" \/><figcaption class=\"wp-element-caption\"><em>Breitbl\u00e4ttriges Knabenkraut in einer Pfeifengraswiese<\/em><\/figcaption><\/figure><\/div>\n\n\n<p>Das Ziel dieser Studie ist eine praxisorientierte Auswertung der bestehenden und verf\u00fcgbaren Kenntnisse, Daten und Studien sowie einer auf Brandenburg bezogenen Ableitung von Konzepten, Zielen und Ma\u00dfnahmen zum Umgang mit den Auswirkungen des Klimawandels auf Natura 2000-Arten und \u2013Lebensr\u00e4ume sowie weitere Arten und Lebensr\u00e4ume mit besonderer Verantwortung Brandenburgs, die f\u00fcr den Erhalt und die Wiederherstellung der Biodiversit\u00e4t wichtig sind.<\/p>\n\n\n\n<p>Bisherige Untersuchungen und Studien zu den Klimawandelfolgen und Anpassungs- oder Klimaschutzaufgaben waren h\u00e4ufig politikfeldbezogen oder sektoral und thematisch selektiv angelegt. Mit der EU-Verordnung zur Wiederherstellung der Natur wird das auf EU-Ebene ein St\u00fcck weit \u00fcberwunden. Hier werden die Bez\u00fcge zwischen Biodiversit\u00e4tsschutz und vielen weiteren Zielen und Ma\u00dfnahmen auf EU-Ebene (die sich auf Bundes- und Landesebene entsprechend etablieren) deutlich benannt. Ein entsprechender multifaktorieller Ansatz wird daher bei allen Ma\u00dfnahmen, Handlungsoptionen und Strategien zur Anwendung kommen und eine integrative Herangehensweise bei der naturschutzbeh\u00f6rdlichen Arbeit erfolgen, ohne den Hauptauftrag des Biodiversit\u00e4tsschutzes zu vernachl\u00e4ssigen. So werden auch die Wirkungen auf andere Schutzg\u00fcter der Politikfelder Wasser, Bodenschutz, Moorschutz, Klimaschutz (z.B. Emissionen von klimaaktiven Gasen), Land- und Forstwirtschaft betrachtet. Es wird ebenfalls ber\u00fccksichtigt, welchen Einfluss Ma\u00dfnahmen in den anderen genannten Politikfeldern auf Ma\u00dfnahmen des Naturschutzes haben. Gleichzeitig k\u00f6nnen so auch die Aspekte der Umsetzbarkeit von Erhaltungs- und Wiederherstellungsma\u00dfnahmen sowie deren fachrechtliche Genehmigungsf\u00e4higkeit oder Kompatibilit\u00e4t mit F\u00f6rdervorgaben fr\u00fchzeitig und grunds\u00e4tzlich gepr\u00fcft werden und potentiell unerw\u00fcnschte Nebenwirkungen (z.B. tempor\u00e4r erh\u00f6hte Verdunstung, Abflussminderung oder erh\u00f6hte Klimagas-Emissionen) oder fehlende nat\u00fcrliche Ressourcenverf\u00fcgbarkeit (z.B. Wasserverf\u00fcgbarkeit im Jahresgang) erkannt und ber\u00fccksichtigt werden.<\/p>\n\n\n\n<p>___________________________________________________________<\/p>\n\n\n\n<p><em>Dieses Projekt wird gef\u00f6rdert durch den Europ\u00e4ischen Landwirtschaftsfonds f\u00fcr die Entwicklung des l\u00e4ndlichen Raums (ELER) und kofinanziert aus Mitteln des Landes Brandenburg bzw. des Ministeriums f\u00fcr Land- und Ern\u00e4hrungswirtschaft, Umwelt und Verbraucherschutz (MLEUV).<\/em><\/p>\n\n\n\n<p><em>Mehr Informationen finden Sie unter ELER Brandenburg und auf der Webseite der Europ\u00e4ischen Kommission.<\/em><\/p>\n\n\n\n<figure class=\"wp-block-image size-large is-resized\"><img loading=\"lazy\" decoding=\"async\" width=\"1024\" height=\"176\" src=\"https:\/\/zan-bb.de\/wp-content\/uploads\/2025\/06\/Logos-1024x176.jpg\" alt=\"\" class=\"wp-image-1490\" style=\"width:784px;height:auto\" srcset=\"https:\/\/zan-bb.de\/wp-content\/uploads\/2025\/06\/Logos-1024x176.jpg 1024w, https:\/\/zan-bb.de\/wp-content\/uploads\/2025\/06\/Logos-300x52.jpg 300w, https:\/\/zan-bb.de\/wp-content\/uploads\/2025\/06\/Logos-768x132.jpg 768w, https:\/\/zan-bb.de\/wp-content\/uploads\/2025\/06\/Logos.jpg 1234w\" sizes=\"(max-width: 767px) 89vw, (max-width: 1000px) 54vw, (max-width: 1071px) 543px, 580px\" \/><\/figure>\n","protected":false},"excerpt":{"rendered":"<p>Studie zu den Auswirkungen des Klimawandels auf die Schutzg\u00fcter des Naturschutzes und der Landschaftspflege in Brandenburg Das Ziel dieser Studie ist eine praxisorientierte Auswertung der bestehenden und verf\u00fcgbaren Kenntnisse, Daten und Studien sowie einer auf Brandenburg bezogenen Ableitung von Konzepten, Zielen und Ma\u00dfnahmen zum Umgang mit den Auswirkungen des Klimawandels auf Natura 2000-Arten und \u2013Lebensr\u00e4ume &hellip; <\/p>\n<p class=\"link-more\"><a href=\"https:\/\/zan-bb.de\/?page_id=1194\" class=\"more-link\"><span class=\"screen-reader-text\">\u201eForschung\u201c<\/span> weiterlesen<\/a><\/p>\n","protected":false},"author":2,"featured_media":0,"parent":0,"menu_order":0,"comment_status":"closed","ping_status":"closed","template":"","meta":{"footnotes":""},"yoast_head":"<!-- This site is optimized with the Yoast SEO plugin v21.9.1 - https:\/\/yoast.com\/wordpress\/plugins\/seo\/ -->\n<title>Forschung - ZAN-bb<\/title>\n<meta name=\"robots\" content=\"index, follow, max-snippet:-1, max-image-preview:large, max-video-preview:-1\" \/>\n<link rel=\"canonical\" href=\"http:\/\/zan-bb.de\/?page_id=1194\" \/>\n<meta property=\"og:locale\" content=\"de_DE\" \/>\n<meta property=\"og:type\" content=\"article\" \/>\n<meta property=\"og:title\" content=\"Forschung - ZAN-bb\" \/>\n<meta property=\"og:description\" content=\"Studie zu den Auswirkungen des Klimawandels auf die Schutzg\u00fcter des Naturschutzes und der Landschaftspflege in Brandenburg Das Ziel dieser Studie ist eine praxisorientierte Auswertung der bestehenden und verf\u00fcgbaren Kenntnisse, Daten und Studien sowie einer auf Brandenburg bezogenen Ableitung von Konzepten, Zielen und Ma\u00dfnahmen zum Umgang mit den Auswirkungen des Klimawandels auf Natura 2000-Arten und \u2013Lebensr\u00e4ume &hellip; \u201eForschung\u201c weiterlesen\" \/>\n<meta property=\"og:url\" content=\"http:\/\/zan-bb.de\/?page_id=1194\" \/>\n<meta property=\"og:site_name\" content=\"ZAN-bb\" \/>\n<meta property=\"article:modified_time\" content=\"2025-06-23T07:07:42+00:00\" \/>\n<meta property=\"og:image\" content=\"http:\/\/zan-bb.de\/wp-content\/uploads\/2025\/03\/230603_112858_DSC05841_Linda_ILCE-7C-scaled.jpg\" \/>\n<meta name=\"twitter:card\" content=\"summary_large_image\" \/>\n<meta name=\"twitter:label1\" content=\"Gesch\u00e4tzte Lesezeit\" \/>\n\t<meta name=\"twitter:data1\" content=\"3\u00a0Minuten\" \/>\n<script type=\"application\/ld+json\" class=\"yoast-schema-graph\">{\"@context\":\"https:\/\/schema.org\",\"@graph\":[{\"@type\":\"WebPage\",\"@id\":\"http:\/\/zan-bb.de\/?page_id=1194\",\"url\":\"http:\/\/zan-bb.de\/?page_id=1194\",\"name\":\"Forschung - ZAN-bb\",\"isPartOf\":{\"@id\":\"https:\/\/zan-bb.de\/#website\"},\"datePublished\":\"2025-03-26T11:03:13+00:00\",\"dateModified\":\"2025-06-23T07:07:42+00:00\",\"breadcrumb\":{\"@id\":\"http:\/\/zan-bb.de\/?page_id=1194#breadcrumb\"},\"inLanguage\":\"de\",\"potentialAction\":[{\"@type\":\"ReadAction\",\"target\":[\"http:\/\/zan-bb.de\/?page_id=1194\"]}]},{\"@type\":\"BreadcrumbList\",\"@id\":\"http:\/\/zan-bb.de\/?page_id=1194#breadcrumb\",\"itemListElement\":[{\"@type\":\"ListItem\",\"position\":1,\"name\":\"Startseite\",\"item\":\"https:\/\/zan-bb.de\/\"},{\"@type\":\"ListItem\",\"position\":2,\"name\":\"Forschung\"}]},{\"@type\":\"WebSite\",\"@id\":\"https:\/\/zan-bb.de\/#website\",\"url\":\"https:\/\/zan-bb.de\/\",\"name\":\"ZAN-bb\",\"description\":\"Zentrum angewandter Naturschutz in Brandenburg gGmbH\",\"publisher\":{\"@id\":\"https:\/\/zan-bb.de\/#organization\"},\"potentialAction\":[{\"@type\":\"SearchAction\",\"target\":{\"@type\":\"EntryPoint\",\"urlTemplate\":\"https:\/\/zan-bb.de\/?s={search_term_string}\"},\"query-input\":\"required name=search_term_string\"}],\"inLanguage\":\"de\"},{\"@type\":\"Organization\",\"@id\":\"https:\/\/zan-bb.de\/#organization\",\"name\":\"ZAN-bb\",\"url\":\"https:\/\/zan-bb.de\/\",\"logo\":{\"@type\":\"ImageObject\",\"inLanguage\":\"de\",\"@id\":\"https:\/\/zan-bb.de\/#\/schema\/logo\/image\/\",\"url\":\"https:\/\/zan-bb.de\/wp-content\/uploads\/2020\/05\/cropped-ZAN-logo-trans.png\",\"contentUrl\":\"https:\/\/zan-bb.de\/wp-content\/uploads\/2020\/05\/cropped-ZAN-logo-trans.png\",\"width\":250,\"height\":250,\"caption\":\"ZAN-bb\"},\"image\":{\"@id\":\"https:\/\/zan-bb.de\/#\/schema\/logo\/image\/\"}}]}<\/script>\n<!-- \/ Yoast SEO plugin. -->","yoast_head_json":{"title":"Forschung - ZAN-bb","robots":{"index":"index","follow":"follow","max-snippet":"max-snippet:-1","max-image-preview":"max-image-preview:large","max-video-preview":"max-video-preview:-1"},"canonical":"http:\/\/zan-bb.de\/?page_id=1194","og_locale":"de_DE","og_type":"article","og_title":"Forschung - ZAN-bb","og_description":"Studie zu den Auswirkungen des Klimawandels auf die Schutzg\u00fcter des Naturschutzes und der Landschaftspflege in Brandenburg Das Ziel dieser Studie ist eine praxisorientierte Auswertung der bestehenden und verf\u00fcgbaren Kenntnisse, Daten und Studien sowie einer auf Brandenburg bezogenen Ableitung von Konzepten, Zielen und Ma\u00dfnahmen zum Umgang mit den Auswirkungen des Klimawandels auf Natura 2000-Arten und \u2013Lebensr\u00e4ume &hellip; \u201eForschung\u201c weiterlesen","og_url":"http:\/\/zan-bb.de\/?page_id=1194","og_site_name":"ZAN-bb","article_modified_time":"2025-06-23T07:07:42+00:00","og_image":[{"url":"http:\/\/zan-bb.de\/wp-content\/uploads\/2025\/03\/230603_112858_DSC05841_Linda_ILCE-7C-scaled.jpg"}],"twitter_card":"summary_large_image","twitter_misc":{"Gesch\u00e4tzte Lesezeit":"3\u00a0Minuten"},"schema":{"@context":"https:\/\/schema.org","@graph":[{"@type":"WebPage","@id":"http:\/\/zan-bb.de\/?page_id=1194","url":"http:\/\/zan-bb.de\/?page_id=1194","name":"Forschung - ZAN-bb","isPartOf":{"@id":"https:\/\/zan-bb.de\/#website"},"datePublished":"2025-03-26T11:03:13+00:00","dateModified":"2025-06-23T07:07:42+00:00","breadcrumb":{"@id":"http:\/\/zan-bb.de\/?page_id=1194#breadcrumb"},"inLanguage":"de","potentialAction":[{"@type":"ReadAction","target":["http:\/\/zan-bb.de\/?page_id=1194"]}]},{"@type":"BreadcrumbList","@id":"http:\/\/zan-bb.de\/?page_id=1194#breadcrumb","itemListElement":[{"@type":"ListItem","position":1,"name":"Startseite","item":"https:\/\/zan-bb.de\/"},{"@type":"ListItem","position":2,"name":"Forschung"}]},{"@type":"WebSite","@id":"https:\/\/zan-bb.de\/#website","url":"https:\/\/zan-bb.de\/","name":"ZAN-bb","description":"Zentrum angewandter Naturschutz in Brandenburg gGmbH","publisher":{"@id":"https:\/\/zan-bb.de\/#organization"},"potentialAction":[{"@type":"SearchAction","target":{"@type":"EntryPoint","urlTemplate":"https:\/\/zan-bb.de\/?s={search_term_string}"},"query-input":"required name=search_term_string"}],"inLanguage":"de"},{"@type":"Organization","@id":"https:\/\/zan-bb.de\/#organization","name":"ZAN-bb","url":"https:\/\/zan-bb.de\/","logo":{"@type":"ImageObject","inLanguage":"de","@id":"https:\/\/zan-bb.de\/#\/schema\/logo\/image\/","url":"https:\/\/zan-bb.de\/wp-content\/uploads\/2020\/05\/cropped-ZAN-logo-trans.png","contentUrl":"https:\/\/zan-bb.de\/wp-content\/uploads\/2020\/05\/cropped-ZAN-logo-trans.png","width":250,"height":250,"caption":"ZAN-bb"},"image":{"@id":"https:\/\/zan-bb.de\/#\/schema\/logo\/image\/"}}]}},"_links":{"self":[{"href":"https:\/\/zan-bb.de\/index.php?rest_route=\/wp\/v2\/pages\/1194"}],"collection":[{"href":"https:\/\/zan-bb.de\/index.php?rest_route=\/wp\/v2\/pages"}],"about":[{"href":"https:\/\/zan-bb.de\/index.php?rest_route=\/wp\/v2\/types\/page"}],"author":[{"embeddable":true,"href":"https:\/\/zan-bb.de\/index.php?rest_route=\/wp\/v2\/users\/2"}],"replies":[{"embeddable":true,"href":"https:\/\/zan-bb.de\/index.php?rest_route=%2Fwp%2Fv2%2Fcomments&post=1194"}],"version-history":[{"count":4,"href":"https:\/\/zan-bb.de\/index.php?rest_route=\/wp\/v2\/pages\/1194\/revisions"}],"predecessor-version":[{"id":1496,"href":"https:\/\/zan-bb.de\/index.php?rest_route=\/wp\/v2\/pages\/1194\/revisions\/1496"}],"wp:attachment":[{"href":"https:\/\/zan-bb.de\/index.php?rest_route=%2Fwp%2Fv2%2Fmedia&parent=1194"}],"curies":[{"name":"wp","href":"https:\/\/api.w.org\/{rel}","templated":true}]}}