{"id":136,"date":"2021-11-04T12:42:19","date_gmt":"2021-11-04T12:42:19","guid":{"rendered":"http:\/\/zan-bb.de\/?page_id=136"},"modified":"2025-06-23T07:05:05","modified_gmt":"2025-06-23T07:05:05","slug":"umweltsensi","status":"publish","type":"page","link":"https:\/\/zan-bb.de\/?page_id=136","title":{"rendered":"Umweltsensibilisierung"},"content":{"rendered":"\n<p>Aufgabe des ZAN im <strong>Umweltsensibilisierungsprojekt ist die Umsetzung von FFH-Ma\u00dfnahmen<\/strong> innerhalb einer brandenburgweiten Projektkulisse aus ausgew\u00e4hlten Natura 2000 Gebieten.<\/p>\n\n\n<div class=\"wp-block-image\">\n<figure class=\"aligncenter size-full is-resized\"><img loading=\"lazy\" decoding=\"async\" width=\"1000\" height=\"666\" src=\"http:\/\/zan-bb.de\/wp-content\/uploads\/2021\/11\/Alte-Bauernkiefer-1000x.jpg\" alt=\"Alte Baumkiefer ZAN GmbH\" class=\"wp-image-154\" style=\"aspect-ratio:1.5015015015015014;width:464px;height:auto\" srcset=\"https:\/\/zan-bb.de\/wp-content\/uploads\/2021\/11\/Alte-Bauernkiefer-1000x.jpg 1000w, https:\/\/zan-bb.de\/wp-content\/uploads\/2021\/11\/Alte-Bauernkiefer-1000x-300x200.jpg 300w, https:\/\/zan-bb.de\/wp-content\/uploads\/2021\/11\/Alte-Bauernkiefer-1000x-768x511.jpg 768w\" sizes=\"(max-width: 767px) 89vw, (max-width: 1000px) 54vw, (max-width: 1071px) 543px, 580px\" \/><figcaption class=\"wp-element-caption\">Alte Baumkiefer  <\/figcaption><\/figure><\/div>\n\n\n<p>Projekte zur Umweltsensibilisierung bieten die Chance, die zum Erhalt der Natura 2000 Gebiete notwendigen Schutz- und Bewirtschaftungsma\u00dfnahmen in enger Zusammenarbeit mit Gro\u00dfschutzgebietsverwaltungen bzw. Beh\u00f6rden, Eigent\u00fcmern und weiteren lokalen Akteuren umzusetzen.<\/p>\n\n\n\n<p>Die St\u00e4rke des Umweltsensibilisierungsprojektes des ZAN besteht<strong> in einem ganzheitlichen Ansatz<\/strong>, der sowohl ersteinrichtende Investivma\u00dfnahmen als auch die Vermittlung langfristiger Pflegema\u00dfnahmen gleicherma\u00dfen bedienen kann. Denn sehr h\u00e4ufig ist erst die Kombination aus beiden Faktoren langfristig zielf\u00fchrend.<\/p>\n\n\n\n<p>Zudem kann der Handlungsspielraum in einem Projektgebiet weiter vergr\u00f6\u00dfert werden, indem die ZAN in bestimmten F\u00e4llen auch selbst Tr\u00e4gerschaften \u00fcbernehmen kann, sofern sich keine lokalen Ma\u00dfnahmentr\u00e4ger ermitteln lassen.<\/p>\n\n\n\n<p><br><strong>Weiterf\u00fchrende Informationen <\/strong><\/p>\n\n\n\n<p><a href=\"http:\/\/zan-bb.de\/?page_id=158\"><span style=\"background-color:rgba(0, 0, 0, 0)\" class=\"has-inline-color has-vivid-cyan-blue-color\">Natura 2000 und die FFH-Richtlinie <\/span><\/a><\/p>\n\n\n\n<p><a href=\"http:\/\/zan-bb.de\/?page_id=160\"><span style=\"background-color:rgba(0, 0, 0, 0)\" class=\"has-inline-color has-vivid-cyan-blue-color\">Vorgehensweise<\/span><\/a><\/p>\n\n\n\n<p class=\"has-black-color has-text-color\"><a href=\"https:\/\/zan-bb.de\/?page_id=337\"><span style=\"background-color:rgba(0, 0, 0, 0)\" class=\"has-inline-color has-vivid-cyan-blue-color\">Gebietskulisse<\/span><\/a><\/p>\n\n\n\n<p>___________________________________________________________<\/p>\n\n\n\n<p><em>Dieses Projekt wird gef\u00f6rdert durch den Europ\u00e4ischen Landwirtschaftsfonds f\u00fcr die Entwicklung des l\u00e4ndlichen Raums (ELER) und kofinanziert aus Mitteln des Landes Brandenburg bzw. des Ministeriums  f\u00fcr Land- und Ern\u00e4hrungswirtschaft, Umwelt und Verbraucherschutz (MLEUV).<\/em><\/p>\n\n\n\n<p><em>Mehr Informationen finden Sie unter ELER Brandenburg und auf der Webseite der Europ\u00e4ischen Kommission.<\/em><\/p>\n\n\n\n<figure class=\"wp-block-image size-large is-resized\"><img loading=\"lazy\" decoding=\"async\" width=\"1024\" height=\"176\" src=\"https:\/\/zan-bb.de\/wp-content\/uploads\/2025\/06\/Logos-1024x176.jpg\" alt=\"\" class=\"wp-image-1490\" style=\"width:784px;height:auto\" srcset=\"https:\/\/zan-bb.de\/wp-content\/uploads\/2025\/06\/Logos-1024x176.jpg 1024w, https:\/\/zan-bb.de\/wp-content\/uploads\/2025\/06\/Logos-300x52.jpg 300w, https:\/\/zan-bb.de\/wp-content\/uploads\/2025\/06\/Logos-768x132.jpg 768w, https:\/\/zan-bb.de\/wp-content\/uploads\/2025\/06\/Logos.jpg 1234w\" sizes=\"(max-width: 767px) 89vw, (max-width: 1000px) 54vw, (max-width: 1071px) 543px, 580px\" \/><\/figure>\n","protected":false},"excerpt":{"rendered":"<p>Aufgabe des ZAN im Umweltsensibilisierungsprojekt ist die Umsetzung von FFH-Ma\u00dfnahmen innerhalb einer brandenburgweiten Projektkulisse aus ausgew\u00e4hlten Natura 2000 Gebieten. Projekte zur Umweltsensibilisierung bieten die Chance, die zum Erhalt der Natura 2000 Gebiete notwendigen Schutz- und Bewirtschaftungsma\u00dfnahmen in enger Zusammenarbeit mit Gro\u00dfschutzgebietsverwaltungen bzw. Beh\u00f6rden, Eigent\u00fcmern und weiteren lokalen Akteuren umzusetzen. Die St\u00e4rke des Umweltsensibilisierungsprojektes des ZAN &hellip; <\/p>\n<p class=\"link-more\"><a href=\"https:\/\/zan-bb.de\/?page_id=136\" class=\"more-link\"><span class=\"screen-reader-text\">\u201eUmweltsensibilisierung\u201c<\/span> weiterlesen<\/a><\/p>\n","protected":false},"author":1,"featured_media":0,"parent":0,"menu_order":0,"comment_status":"closed","ping_status":"closed","template":"","meta":{"footnotes":""},"yoast_head":"<!-- This site is optimized with the Yoast SEO plugin v21.9.1 - https:\/\/yoast.com\/wordpress\/plugins\/seo\/ -->\n<title>Umweltsensibilisierung - ZAN-bb<\/title>\n<meta name=\"robots\" content=\"index, follow, max-snippet:-1, max-image-preview:large, max-video-preview:-1\" \/>\n<link rel=\"canonical\" href=\"https:\/\/zan-bb.de\/?page_id=136\" \/>\n<meta property=\"og:locale\" content=\"de_DE\" \/>\n<meta property=\"og:type\" content=\"article\" \/>\n<meta property=\"og:title\" content=\"Umweltsensibilisierung - ZAN-bb\" \/>\n<meta property=\"og:description\" content=\"Aufgabe des ZAN im Umweltsensibilisierungsprojekt ist die Umsetzung von FFH-Ma\u00dfnahmen innerhalb einer brandenburgweiten Projektkulisse aus ausgew\u00e4hlten Natura 2000 Gebieten. Projekte zur Umweltsensibilisierung bieten die Chance, die zum Erhalt der Natura 2000 Gebiete notwendigen Schutz- und Bewirtschaftungsma\u00dfnahmen in enger Zusammenarbeit mit Gro\u00dfschutzgebietsverwaltungen bzw. Beh\u00f6rden, Eigent\u00fcmern und weiteren lokalen Akteuren umzusetzen. Die St\u00e4rke des Umweltsensibilisierungsprojektes des ZAN &hellip; \u201eUmweltsensibilisierung\u201c weiterlesen\" \/>\n<meta property=\"og:url\" content=\"https:\/\/zan-bb.de\/?page_id=136\" \/>\n<meta property=\"og:site_name\" content=\"ZAN-bb\" \/>\n<meta property=\"article:modified_time\" content=\"2025-06-23T07:05:05+00:00\" \/>\n<meta property=\"og:image\" content=\"http:\/\/zan-bb.de\/wp-content\/uploads\/2021\/11\/Alte-Bauernkiefer-1000x.jpg\" \/>\n<meta name=\"twitter:card\" content=\"summary_large_image\" \/>\n<meta name=\"twitter:label1\" content=\"Gesch\u00e4tzte Lesezeit\" \/>\n\t<meta name=\"twitter:data1\" content=\"2\u00a0Minuten\" \/>\n<script type=\"application\/ld+json\" class=\"yoast-schema-graph\">{\"@context\":\"https:\/\/schema.org\",\"@graph\":[{\"@type\":\"WebPage\",\"@id\":\"https:\/\/zan-bb.de\/?page_id=136\",\"url\":\"https:\/\/zan-bb.de\/?page_id=136\",\"name\":\"Umweltsensibilisierung - ZAN-bb\",\"isPartOf\":{\"@id\":\"https:\/\/zan-bb.de\/#website\"},\"datePublished\":\"2021-11-04T12:42:19+00:00\",\"dateModified\":\"2025-06-23T07:05:05+00:00\",\"breadcrumb\":{\"@id\":\"https:\/\/zan-bb.de\/?page_id=136#breadcrumb\"},\"inLanguage\":\"de\",\"potentialAction\":[{\"@type\":\"ReadAction\",\"target\":[\"https:\/\/zan-bb.de\/?page_id=136\"]}]},{\"@type\":\"BreadcrumbList\",\"@id\":\"https:\/\/zan-bb.de\/?page_id=136#breadcrumb\",\"itemListElement\":[{\"@type\":\"ListItem\",\"position\":1,\"name\":\"Startseite\",\"item\":\"https:\/\/zan-bb.de\/\"},{\"@type\":\"ListItem\",\"position\":2,\"name\":\"Umweltsensibilisierung\"}]},{\"@type\":\"WebSite\",\"@id\":\"https:\/\/zan-bb.de\/#website\",\"url\":\"https:\/\/zan-bb.de\/\",\"name\":\"ZAN-bb\",\"description\":\"Zentrum angewandter Naturschutz in Brandenburg gGmbH\",\"publisher\":{\"@id\":\"https:\/\/zan-bb.de\/#organization\"},\"potentialAction\":[{\"@type\":\"SearchAction\",\"target\":{\"@type\":\"EntryPoint\",\"urlTemplate\":\"https:\/\/zan-bb.de\/?s={search_term_string}\"},\"query-input\":\"required name=search_term_string\"}],\"inLanguage\":\"de\"},{\"@type\":\"Organization\",\"@id\":\"https:\/\/zan-bb.de\/#organization\",\"name\":\"ZAN-bb\",\"url\":\"https:\/\/zan-bb.de\/\",\"logo\":{\"@type\":\"ImageObject\",\"inLanguage\":\"de\",\"@id\":\"https:\/\/zan-bb.de\/#\/schema\/logo\/image\/\",\"url\":\"https:\/\/zan-bb.de\/wp-content\/uploads\/2020\/05\/cropped-ZAN-logo-trans.png\",\"contentUrl\":\"https:\/\/zan-bb.de\/wp-content\/uploads\/2020\/05\/cropped-ZAN-logo-trans.png\",\"width\":250,\"height\":250,\"caption\":\"ZAN-bb\"},\"image\":{\"@id\":\"https:\/\/zan-bb.de\/#\/schema\/logo\/image\/\"}}]}<\/script>\n<!-- \/ Yoast SEO plugin. -->","yoast_head_json":{"title":"Umweltsensibilisierung - ZAN-bb","robots":{"index":"index","follow":"follow","max-snippet":"max-snippet:-1","max-image-preview":"max-image-preview:large","max-video-preview":"max-video-preview:-1"},"canonical":"https:\/\/zan-bb.de\/?page_id=136","og_locale":"de_DE","og_type":"article","og_title":"Umweltsensibilisierung - ZAN-bb","og_description":"Aufgabe des ZAN im Umweltsensibilisierungsprojekt ist die Umsetzung von FFH-Ma\u00dfnahmen innerhalb einer brandenburgweiten Projektkulisse aus ausgew\u00e4hlten Natura 2000 Gebieten. Projekte zur Umweltsensibilisierung bieten die Chance, die zum Erhalt der Natura 2000 Gebiete notwendigen Schutz- und Bewirtschaftungsma\u00dfnahmen in enger Zusammenarbeit mit Gro\u00dfschutzgebietsverwaltungen bzw. Beh\u00f6rden, Eigent\u00fcmern und weiteren lokalen Akteuren umzusetzen. Die St\u00e4rke des Umweltsensibilisierungsprojektes des ZAN &hellip; \u201eUmweltsensibilisierung\u201c weiterlesen","og_url":"https:\/\/zan-bb.de\/?page_id=136","og_site_name":"ZAN-bb","article_modified_time":"2025-06-23T07:05:05+00:00","og_image":[{"url":"http:\/\/zan-bb.de\/wp-content\/uploads\/2021\/11\/Alte-Bauernkiefer-1000x.jpg"}],"twitter_card":"summary_large_image","twitter_misc":{"Gesch\u00e4tzte Lesezeit":"2\u00a0Minuten"},"schema":{"@context":"https:\/\/schema.org","@graph":[{"@type":"WebPage","@id":"https:\/\/zan-bb.de\/?page_id=136","url":"https:\/\/zan-bb.de\/?page_id=136","name":"Umweltsensibilisierung - ZAN-bb","isPartOf":{"@id":"https:\/\/zan-bb.de\/#website"},"datePublished":"2021-11-04T12:42:19+00:00","dateModified":"2025-06-23T07:05:05+00:00","breadcrumb":{"@id":"https:\/\/zan-bb.de\/?page_id=136#breadcrumb"},"inLanguage":"de","potentialAction":[{"@type":"ReadAction","target":["https:\/\/zan-bb.de\/?page_id=136"]}]},{"@type":"BreadcrumbList","@id":"https:\/\/zan-bb.de\/?page_id=136#breadcrumb","itemListElement":[{"@type":"ListItem","position":1,"name":"Startseite","item":"https:\/\/zan-bb.de\/"},{"@type":"ListItem","position":2,"name":"Umweltsensibilisierung"}]},{"@type":"WebSite","@id":"https:\/\/zan-bb.de\/#website","url":"https:\/\/zan-bb.de\/","name":"ZAN-bb","description":"Zentrum angewandter Naturschutz in Brandenburg gGmbH","publisher":{"@id":"https:\/\/zan-bb.de\/#organization"},"potentialAction":[{"@type":"SearchAction","target":{"@type":"EntryPoint","urlTemplate":"https:\/\/zan-bb.de\/?s={search_term_string}"},"query-input":"required name=search_term_string"}],"inLanguage":"de"},{"@type":"Organization","@id":"https:\/\/zan-bb.de\/#organization","name":"ZAN-bb","url":"https:\/\/zan-bb.de\/","logo":{"@type":"ImageObject","inLanguage":"de","@id":"https:\/\/zan-bb.de\/#\/schema\/logo\/image\/","url":"https:\/\/zan-bb.de\/wp-content\/uploads\/2020\/05\/cropped-ZAN-logo-trans.png","contentUrl":"https:\/\/zan-bb.de\/wp-content\/uploads\/2020\/05\/cropped-ZAN-logo-trans.png","width":250,"height":250,"caption":"ZAN-bb"},"image":{"@id":"https:\/\/zan-bb.de\/#\/schema\/logo\/image\/"}}]}},"_links":{"self":[{"href":"https:\/\/zan-bb.de\/index.php?rest_route=\/wp\/v2\/pages\/136"}],"collection":[{"href":"https:\/\/zan-bb.de\/index.php?rest_route=\/wp\/v2\/pages"}],"about":[{"href":"https:\/\/zan-bb.de\/index.php?rest_route=\/wp\/v2\/types\/page"}],"author":[{"embeddable":true,"href":"https:\/\/zan-bb.de\/index.php?rest_route=\/wp\/v2\/users\/1"}],"replies":[{"embeddable":true,"href":"https:\/\/zan-bb.de\/index.php?rest_route=%2Fwp%2Fv2%2Fcomments&post=136"}],"version-history":[{"count":20,"href":"https:\/\/zan-bb.de\/index.php?rest_route=\/wp\/v2\/pages\/136\/revisions"}],"predecessor-version":[{"id":1495,"href":"https:\/\/zan-bb.de\/index.php?rest_route=\/wp\/v2\/pages\/136\/revisions\/1495"}],"wp:attachment":[{"href":"https:\/\/zan-bb.de\/index.php?rest_route=%2Fwp%2Fv2%2Fmedia&parent=136"}],"curies":[{"name":"wp","href":"https:\/\/api.w.org\/{rel}","templated":true}]}}