{"id":1449,"date":"2025-06-03T08:37:11","date_gmt":"2025-06-03T08:37:11","guid":{"rendered":"https:\/\/zan-bb.de\/?page_id=1449"},"modified":"2026-01-29T08:24:47","modified_gmt":"2026-01-29T08:24:47","slug":"kontakt-2","status":"publish","type":"page","link":"https:\/\/zan-bb.de\/?page_id=1449","title":{"rendered":"Team"},"content":{"rendered":"\n<p><\/p>\n\n\n\n<div class=\"wp-block-columns is-layout-flex wp-container-core-columns-layout-1 wp-block-columns-is-layout-flex\">\n<div class=\"wp-block-column is-layout-flow wp-block-column-is-layout-flow\" style=\"flex-basis:55%\">\n<p>Gesch\u00e4ftsf\u00fchrer<br><br><strong>Gregor Weyer<\/strong><br>Dipl. Ing. Landschaftsplanung<\/p>\n\n\n\n<p>Tel.: (0331) 27577-90<br><span style=\"color: #cf2e2e;\">gregor.weyer@zan-bb.de<\/span><\/p>\n<\/div>\n\n\n\n<div class=\"wp-block-column is-layout-flow wp-block-column-is-layout-flow\" style=\"flex-basis:25%\">\n<figure class=\"wp-block-image size-full is-resized\"><img loading=\"lazy\" decoding=\"async\" width=\"2560\" height=\"1707\" src=\"https:\/\/zan-bb.de\/wp-content\/uploads\/2026\/01\/230223_134646_DSC01208_Linda_ILCE-7C-scaled.jpg\" alt=\"\" class=\"wp-image-1524\" style=\"width:165px\" srcset=\"https:\/\/zan-bb.de\/wp-content\/uploads\/2026\/01\/230223_134646_DSC01208_Linda_ILCE-7C-scaled.jpg 2560w, https:\/\/zan-bb.de\/wp-content\/uploads\/2026\/01\/230223_134646_DSC01208_Linda_ILCE-7C-300x200.jpg 300w, https:\/\/zan-bb.de\/wp-content\/uploads\/2026\/01\/230223_134646_DSC01208_Linda_ILCE-7C-1024x683.jpg 1024w, https:\/\/zan-bb.de\/wp-content\/uploads\/2026\/01\/230223_134646_DSC01208_Linda_ILCE-7C-768x512.jpg 768w, https:\/\/zan-bb.de\/wp-content\/uploads\/2026\/01\/230223_134646_DSC01208_Linda_ILCE-7C-1536x1024.jpg 1536w, https:\/\/zan-bb.de\/wp-content\/uploads\/2026\/01\/230223_134646_DSC01208_Linda_ILCE-7C-2048x1365.jpg 2048w\" sizes=\"(max-width: 767px) 89vw, (max-width: 1000px) 54vw, (max-width: 1071px) 543px, 580px\" \/><\/figure>\n<\/div>\n<\/div>\n\n\n\n<div class=\"wp-block-columns is-layout-flex wp-container-core-columns-layout-2 wp-block-columns-is-layout-flex\">\n<div class=\"wp-block-column is-layout-flow wp-block-column-is-layout-flow\" style=\"flex-basis:55%\">\n<p>Teamleitung<br><br><strong>Ronald Kruwinus<\/strong><br>Dipl. Landschafts\u00f6kologie<\/p>\n\n\n\n<p>Tel.: (0331) 27577-43<br><span style=\"color: #cf2e2e;\">ronald.kruwinus@zan-bb.de<\/span><\/p>\n<\/div>\n\n\n\n<div class=\"wp-block-column is-layout-flow wp-block-column-is-layout-flow\" style=\"flex-basis:25%\">\n<figure class=\"wp-block-image size-large is-resized\"><img loading=\"lazy\" decoding=\"async\" width=\"1024\" height=\"683\" src=\"https:\/\/zan-bb.de\/wp-content\/uploads\/2026\/01\/230628_092525_DSC06449_Linda_ILCE-7C-1024x683.jpg\" alt=\"\" class=\"wp-image-1528\" style=\"width:165px\" srcset=\"https:\/\/zan-bb.de\/wp-content\/uploads\/2026\/01\/230628_092525_DSC06449_Linda_ILCE-7C-1024x683.jpg 1024w, https:\/\/zan-bb.de\/wp-content\/uploads\/2026\/01\/230628_092525_DSC06449_Linda_ILCE-7C-300x200.jpg 300w, https:\/\/zan-bb.de\/wp-content\/uploads\/2026\/01\/230628_092525_DSC06449_Linda_ILCE-7C-768x512.jpg 768w, https:\/\/zan-bb.de\/wp-content\/uploads\/2026\/01\/230628_092525_DSC06449_Linda_ILCE-7C-1536x1024.jpg 1536w, https:\/\/zan-bb.de\/wp-content\/uploads\/2026\/01\/230628_092525_DSC06449_Linda_ILCE-7C-2048x1365.jpg 2048w\" sizes=\"(max-width: 767px) 89vw, (max-width: 1000px) 54vw, (max-width: 1071px) 543px, 580px\" \/><\/figure>\n<\/div>\n<\/div>\n\n\n\n<hr class=\"wp-block-separator has-text-color has-vivid-red-color has-alpha-channel-opacity has-vivid-red-background-color has-background is-style-dots\"\/>\n\n\n\n<div class=\"wp-block-columns is-layout-flex wp-container-core-columns-layout-3 wp-block-columns-is-layout-flex\">\n<div class=\"wp-block-column is-layout-flow wp-block-column-is-layout-flow\" style=\"flex-basis:25%\"><\/div>\n<\/div>\n\n\n\n<div class=\"wp-block-columns is-layout-flex wp-container-core-columns-layout-4 wp-block-columns-is-layout-flex\">\n<div class=\"wp-block-column is-layout-flow wp-block-column-is-layout-flow\" style=\"flex-basis:55%\">\n<p><strong>Dr. Kiowa Alraune Schulze<\/strong><br>M.Sc. \u00d6kologie, Evolution und Biodiversit\u00e4t<\/p>\n\n\n\n<p>Tel.: (0331) 27577-41<br><span style=\"color: #cf2e2e;\">kiowa.schulze@zan-bb.de<\/span><\/p>\n<\/div>\n\n\n\n<div class=\"wp-block-column is-layout-flow wp-block-column-is-layout-flow\" style=\"flex-basis:25%\">\n<figure class=\"wp-block-image size-full is-resized\"><img loading=\"lazy\" decoding=\"async\" width=\"768\" height=\"512\" src=\"https:\/\/zan-bb.de\/wp-content\/uploads\/2025\/10\/Kolpiner-Seen.jpg\" alt=\"\" class=\"wp-image-1505\" style=\"width:165px\" srcset=\"https:\/\/zan-bb.de\/wp-content\/uploads\/2025\/10\/Kolpiner-Seen.jpg 768w, https:\/\/zan-bb.de\/wp-content\/uploads\/2025\/10\/Kolpiner-Seen-300x200.jpg 300w\" sizes=\"(max-width: 767px) 89vw, (max-width: 1000px) 54vw, (max-width: 1071px) 543px, 580px\" \/><\/figure>\n<\/div>\n<\/div>\n\n\n\n<div class=\"wp-block-columns is-layout-flex wp-container-core-columns-layout-5 wp-block-columns-is-layout-flex\">\n<div class=\"wp-block-column is-layout-flow wp-block-column-is-layout-flow\" style=\"flex-basis:55%\">\n<p><strong>Christina Kuhlmann<\/strong><br>Dipl. Biologie<\/p>\n\n\n\n<p>Tel.: (0331) 27577-93<br><span style=\"color: #cf2e2e;\">christina.kuhlmann@zan-bb.de<\/span><\/p>\n<\/div>\n\n\n\n<div class=\"wp-block-column is-layout-flow wp-block-column-is-layout-flow\" style=\"flex-basis:25%\">\n<figure class=\"wp-block-image size-full is-resized\"><img loading=\"lazy\" decoding=\"async\" width=\"768\" height=\"576\" src=\"https:\/\/zan-bb.de\/wp-content\/uploads\/2025\/10\/Muencheberg-Nord.jpg\" alt=\"\" class=\"wp-image-1506\" style=\"width:165px\" srcset=\"https:\/\/zan-bb.de\/wp-content\/uploads\/2025\/10\/Muencheberg-Nord.jpg 768w, https:\/\/zan-bb.de\/wp-content\/uploads\/2025\/10\/Muencheberg-Nord-300x225.jpg 300w\" sizes=\"(max-width: 767px) 89vw, (max-width: 1000px) 54vw, (max-width: 1071px) 543px, 580px\" \/><\/figure>\n<\/div>\n<\/div>\n\n\n\n<div class=\"wp-block-columns is-layout-flex wp-container-core-columns-layout-6 wp-block-columns-is-layout-flex\">\n<div class=\"wp-block-column is-layout-flow wp-block-column-is-layout-flow\" style=\"flex-basis:55%\">\n<p><strong>Natalie Exner<\/strong><br>M.Sc. Regionalentwicklung und Naturschutz<\/p>\n\n\n\n<p>Tel.: (0331) 27577-42<br><span style=\"color: #cf2e2e;\">natalie.exner@zan-bb.de<\/span><\/p>\n<\/div>\n\n\n\n<div class=\"wp-block-column is-layout-flow wp-block-column-is-layout-flow\" style=\"flex-basis:25%\">\n<figure class=\"wp-block-image size-full is-resized\"><img loading=\"lazy\" decoding=\"async\" width=\"2560\" height=\"1920\" src=\"https:\/\/zan-bb.de\/wp-content\/uploads\/2026\/01\/20230713_161754-scaled.jpg\" alt=\"\" class=\"wp-image-1529\" style=\"width:165px;height:auto\" srcset=\"https:\/\/zan-bb.de\/wp-content\/uploads\/2026\/01\/20230713_161754-scaled.jpg 2560w, https:\/\/zan-bb.de\/wp-content\/uploads\/2026\/01\/20230713_161754-300x225.jpg 300w, https:\/\/zan-bb.de\/wp-content\/uploads\/2026\/01\/20230713_161754-1024x768.jpg 1024w, https:\/\/zan-bb.de\/wp-content\/uploads\/2026\/01\/20230713_161754-768x576.jpg 768w, https:\/\/zan-bb.de\/wp-content\/uploads\/2026\/01\/20230713_161754-1536x1152.jpg 1536w, https:\/\/zan-bb.de\/wp-content\/uploads\/2026\/01\/20230713_161754-2048x1536.jpg 2048w\" sizes=\"(max-width: 767px) 89vw, (max-width: 1000px) 54vw, (max-width: 1071px) 543px, 580px\" \/><\/figure>\n<\/div>\n<\/div>\n\n\n\n<div class=\"wp-block-columns is-layout-flex wp-container-core-columns-layout-7 wp-block-columns-is-layout-flex\">\n<div class=\"wp-block-column is-layout-flow wp-block-column-is-layout-flow\" style=\"flex-basis:55%\">\n<p><strong>Anna Boll<\/strong><br>Dipl. Geo\u00f6kologie<\/p>\n\n\n\n<p>Tel.: (0331) 27577-91<br><span style=\"color: #cf2e2e;\">anna.boll@zan-bb.de<\/span><\/p>\n<\/div>\n\n\n\n<div class=\"wp-block-column is-layout-flow wp-block-column-is-layout-flow\" style=\"flex-basis:25%\">\n<figure class=\"wp-block-image size-large is-resized\"><img loading=\"lazy\" decoding=\"async\" width=\"1024\" height=\"768\" src=\"http:\/\/zan-bb.de\/wp-content\/uploads\/2025\/03\/IMG_9584-1024x768.jpg\" alt=\"\" class=\"wp-image-1395\" style=\"width:165px;height:auto\" srcset=\"https:\/\/zan-bb.de\/wp-content\/uploads\/2025\/03\/IMG_9584-1024x768.jpg 1024w, https:\/\/zan-bb.de\/wp-content\/uploads\/2025\/03\/IMG_9584-300x225.jpg 300w, https:\/\/zan-bb.de\/wp-content\/uploads\/2025\/03\/IMG_9584-768x576.jpg 768w, https:\/\/zan-bb.de\/wp-content\/uploads\/2025\/03\/IMG_9584-1536x1152.jpg 1536w, https:\/\/zan-bb.de\/wp-content\/uploads\/2025\/03\/IMG_9584-2048x1536.jpg 2048w\" sizes=\"(max-width: 767px) 89vw, (max-width: 1000px) 54vw, (max-width: 1071px) 543px, 580px\" \/><\/figure>\n<\/div>\n<\/div>\n\n\n\n<div class=\"wp-block-columns is-layout-flex wp-container-core-columns-layout-8 wp-block-columns-is-layout-flex\">\n<div class=\"wp-block-column is-layout-flow wp-block-column-is-layout-flow\" style=\"flex-basis:55%\">\n<p><strong>Linda B\u00f6ckenhoff<\/strong><br>M.Sc. \u00d6kologie, Evolution und Naturschutz<\/p>\n\n\n\n<p>Tel.: (0331) 27577-92<br><span style=\"color: #cf2e2e;\">linda.boeckenhoff@zan-bb.de<\/span><\/p>\n<\/div>\n\n\n\n<div class=\"wp-block-column is-layout-flow wp-block-column-is-layout-flow\" style=\"flex-basis:25%\">\n<figure class=\"wp-block-image size-full is-resized\"><img loading=\"lazy\" decoding=\"async\" width=\"505\" height=\"382\" src=\"https:\/\/zan-bb.de\/wp-content\/uploads\/2025\/10\/123.png\" alt=\"\" class=\"wp-image-1502\" style=\"width:165px;height:auto\" srcset=\"https:\/\/zan-bb.de\/wp-content\/uploads\/2025\/10\/123.png 505w, https:\/\/zan-bb.de\/wp-content\/uploads\/2025\/10\/123-300x227.png 300w\" sizes=\"(max-width: 505px) 100vw, 505px\" \/><\/figure>\n<\/div>\n<\/div>\n\n\n\n<div class=\"wp-block-columns is-layout-flex wp-container-core-columns-layout-9 wp-block-columns-is-layout-flex\">\n<div class=\"wp-block-column is-layout-flow wp-block-column-is-layout-flow\" style=\"flex-basis:55%\">\n<p><strong>Stefanie Kempfer<\/strong><br>M.Sc. Regionalentwicklung und Naturschutz<\/p>\n\n\n\n<p><br><span style=\"color: #cf2e2e;\">stefanie.kempfer@zan-bb.de<\/span><\/p>\n<\/div>\n\n\n\n<div class=\"wp-block-column is-layout-flow wp-block-column-is-layout-flow\" style=\"flex-basis:25%\">\n<figure class=\"wp-block-image size-large is-resized\"><img loading=\"lazy\" decoding=\"async\" width=\"1024\" height=\"768\" src=\"https:\/\/zan-bb.de\/wp-content\/uploads\/2026\/01\/IMG_4954-1024x768.jpg\" alt=\"\" class=\"wp-image-1531\" style=\"width:165px;height:auto\" srcset=\"https:\/\/zan-bb.de\/wp-content\/uploads\/2026\/01\/IMG_4954-1024x768.jpg 1024w, https:\/\/zan-bb.de\/wp-content\/uploads\/2026\/01\/IMG_4954-300x225.jpg 300w, https:\/\/zan-bb.de\/wp-content\/uploads\/2026\/01\/IMG_4954-768x576.jpg 768w, https:\/\/zan-bb.de\/wp-content\/uploads\/2026\/01\/IMG_4954.jpg 1252w\" sizes=\"(max-width: 767px) 89vw, (max-width: 1000px) 54vw, (max-width: 1071px) 543px, 580px\" \/><\/figure>\n<\/div>\n<\/div>\n\n\n\n<div class=\"wp-block-columns is-layout-flex wp-container-core-columns-layout-10 wp-block-columns-is-layout-flex\">\n<div class=\"wp-block-column is-layout-flow wp-block-column-is-layout-flow\" style=\"flex-basis:55%\">\n<p><strong>Oliver J\u00e4hnichen<\/strong><br>M.Sc. Landscape Ecology and Nature Conservation<\/p>\n\n\n\n<p>Tel.: 0175 884 9599<br><span style=\"color: #cf2e2e;\">oliver.jaehnichen@zan-bb.de<\/span><\/p>\n<\/div>\n\n\n\n<div class=\"wp-block-column is-layout-flow wp-block-column-is-layout-flow\" style=\"flex-basis:25%\">\n<figure class=\"wp-block-image size-large is-resized\"><img loading=\"lazy\" decoding=\"async\" width=\"1024\" height=\"768\" src=\"https:\/\/zan-bb.de\/wp-content\/uploads\/2026\/01\/IMG_0510-1024x768.jpg\" alt=\"\" class=\"wp-image-1527\" style=\"width:165px;height:auto\" srcset=\"https:\/\/zan-bb.de\/wp-content\/uploads\/2026\/01\/IMG_0510-1024x768.jpg 1024w, https:\/\/zan-bb.de\/wp-content\/uploads\/2026\/01\/IMG_0510-300x225.jpg 300w, https:\/\/zan-bb.de\/wp-content\/uploads\/2026\/01\/IMG_0510-768x576.jpg 768w, https:\/\/zan-bb.de\/wp-content\/uploads\/2026\/01\/IMG_0510-1536x1152.jpg 1536w, https:\/\/zan-bb.de\/wp-content\/uploads\/2026\/01\/IMG_0510-2048x1536.jpg 2048w\" sizes=\"(max-width: 767px) 89vw, (max-width: 1000px) 54vw, (max-width: 1071px) 543px, 580px\" \/><\/figure>\n<\/div>\n<\/div>\n","protected":false},"excerpt":{"rendered":"<p>Gesch\u00e4ftsf\u00fchrer Gregor WeyerDipl. Ing. Landschaftsplanung Tel.: (0331) 27577-90gregor.weyer@zan-bb.de Teamleitung Ronald KruwinusDipl. Landschafts\u00f6kologie Tel.: (0331) 27577-43ronald.kruwinus@zan-bb.de Dr. Kiowa Alraune SchulzeM.Sc. \u00d6kologie, Evolution und Biodiversit\u00e4t Tel.: (0331) 27577-41kiowa.schulze@zan-bb.de Christina KuhlmannDipl. Biologie Tel.: (0331) 27577-93christina.kuhlmann@zan-bb.de Natalie ExnerM.Sc. Regionalentwicklung und Naturschutz Tel.: (0331) 27577-42natalie.exner@zan-bb.de Anna BollDipl. Geo\u00f6kologie Tel.: (0331) 27577-91anna.boll@zan-bb.de Linda B\u00f6ckenhoffM.Sc. \u00d6kologie, Evolution und Naturschutz Tel.: (0331) 27577-92linda.boeckenhoff@zan-bb.de &hellip; <\/p>\n<p class=\"link-more\"><a href=\"https:\/\/zan-bb.de\/?page_id=1449\" class=\"more-link\"><span class=\"screen-reader-text\">\u201eTeam\u201c<\/span> weiterlesen<\/a><\/p>\n","protected":false},"author":2,"featured_media":0,"parent":24,"menu_order":0,"comment_status":"closed","ping_status":"closed","template":"","meta":{"footnotes":""},"yoast_head":"<!-- This site is optimized with the Yoast SEO plugin v21.9.1 - https:\/\/yoast.com\/wordpress\/plugins\/seo\/ -->\n<title>Team - ZAN-bb<\/title>\n<meta name=\"robots\" content=\"index, follow, max-snippet:-1, max-image-preview:large, max-video-preview:-1\" \/>\n<link rel=\"canonical\" href=\"https:\/\/zan-bb.de\/?page_id=1449\" \/>\n<meta property=\"og:locale\" content=\"de_DE\" \/>\n<meta property=\"og:type\" content=\"article\" \/>\n<meta property=\"og:title\" content=\"Team - ZAN-bb\" \/>\n<meta property=\"og:description\" content=\"Gesch\u00e4ftsf\u00fchrer Gregor WeyerDipl. Ing. Landschaftsplanung Tel.: (0331) 27577-90gregor.weyer@zan-bb.de Teamleitung Ronald KruwinusDipl. Landschafts\u00f6kologie Tel.: (0331) 27577-43ronald.kruwinus@zan-bb.de Dr. Kiowa Alraune SchulzeM.Sc. \u00d6kologie, Evolution und Biodiversit\u00e4t Tel.: (0331) 27577-41kiowa.schulze@zan-bb.de Christina KuhlmannDipl. Biologie Tel.: (0331) 27577-93christina.kuhlmann@zan-bb.de Natalie ExnerM.Sc. Regionalentwicklung und Naturschutz Tel.: (0331) 27577-42natalie.exner@zan-bb.de Anna BollDipl. Geo\u00f6kologie Tel.: (0331) 27577-91anna.boll@zan-bb.de Linda B\u00f6ckenhoffM.Sc. \u00d6kologie, Evolution und Naturschutz Tel.: (0331) 27577-92linda.boeckenhoff@zan-bb.de &hellip; \u201eTeam\u201c weiterlesen\" \/>\n<meta property=\"og:url\" content=\"https:\/\/zan-bb.de\/?page_id=1449\" \/>\n<meta property=\"og:site_name\" content=\"ZAN-bb\" \/>\n<meta property=\"article:modified_time\" content=\"2026-01-29T08:24:47+00:00\" \/>\n<meta property=\"og:image\" content=\"https:\/\/zan-bb.de\/wp-content\/uploads\/2026\/01\/230223_134646_DSC01208_Linda_ILCE-7C-scaled.jpg\" \/>\n<meta name=\"twitter:card\" content=\"summary_large_image\" \/>\n<meta name=\"twitter:label1\" content=\"Gesch\u00e4tzte Lesezeit\" \/>\n\t<meta name=\"twitter:data1\" content=\"3\u00a0Minuten\" \/>\n<script type=\"application\/ld+json\" class=\"yoast-schema-graph\">{\"@context\":\"https:\/\/schema.org\",\"@graph\":[{\"@type\":\"WebPage\",\"@id\":\"https:\/\/zan-bb.de\/?page_id=1449\",\"url\":\"https:\/\/zan-bb.de\/?page_id=1449\",\"name\":\"Team - ZAN-bb\",\"isPartOf\":{\"@id\":\"https:\/\/zan-bb.de\/#website\"},\"datePublished\":\"2025-06-03T08:37:11+00:00\",\"dateModified\":\"2026-01-29T08:24:47+00:00\",\"breadcrumb\":{\"@id\":\"https:\/\/zan-bb.de\/?page_id=1449#breadcrumb\"},\"inLanguage\":\"de\",\"potentialAction\":[{\"@type\":\"ReadAction\",\"target\":[\"https:\/\/zan-bb.de\/?page_id=1449\"]}]},{\"@type\":\"BreadcrumbList\",\"@id\":\"https:\/\/zan-bb.de\/?page_id=1449#breadcrumb\",\"itemListElement\":[{\"@type\":\"ListItem\",\"position\":1,\"name\":\"Startseite\",\"item\":\"https:\/\/zan-bb.de\/\"},{\"@type\":\"ListItem\",\"position\":2,\"name\":\"\u00dcber uns\",\"item\":\"https:\/\/zan-bb.de\/?page_id=24\"},{\"@type\":\"ListItem\",\"position\":3,\"name\":\"Team\"}]},{\"@type\":\"WebSite\",\"@id\":\"https:\/\/zan-bb.de\/#website\",\"url\":\"https:\/\/zan-bb.de\/\",\"name\":\"ZAN-bb\",\"description\":\"Zentrum angewandter Naturschutz in Brandenburg gGmbH\",\"publisher\":{\"@id\":\"https:\/\/zan-bb.de\/#organization\"},\"potentialAction\":[{\"@type\":\"SearchAction\",\"target\":{\"@type\":\"EntryPoint\",\"urlTemplate\":\"https:\/\/zan-bb.de\/?s={search_term_string}\"},\"query-input\":\"required name=search_term_string\"}],\"inLanguage\":\"de\"},{\"@type\":\"Organization\",\"@id\":\"https:\/\/zan-bb.de\/#organization\",\"name\":\"ZAN-bb\",\"url\":\"https:\/\/zan-bb.de\/\",\"logo\":{\"@type\":\"ImageObject\",\"inLanguage\":\"de\",\"@id\":\"https:\/\/zan-bb.de\/#\/schema\/logo\/image\/\",\"url\":\"https:\/\/zan-bb.de\/wp-content\/uploads\/2020\/05\/cropped-ZAN-logo-trans.png\",\"contentUrl\":\"https:\/\/zan-bb.de\/wp-content\/uploads\/2020\/05\/cropped-ZAN-logo-trans.png\",\"width\":250,\"height\":250,\"caption\":\"ZAN-bb\"},\"image\":{\"@id\":\"https:\/\/zan-bb.de\/#\/schema\/logo\/image\/\"}}]}<\/script>\n<!-- \/ Yoast SEO plugin. -->","yoast_head_json":{"title":"Team - ZAN-bb","robots":{"index":"index","follow":"follow","max-snippet":"max-snippet:-1","max-image-preview":"max-image-preview:large","max-video-preview":"max-video-preview:-1"},"canonical":"https:\/\/zan-bb.de\/?page_id=1449","og_locale":"de_DE","og_type":"article","og_title":"Team - ZAN-bb","og_description":"Gesch\u00e4ftsf\u00fchrer Gregor WeyerDipl. Ing. Landschaftsplanung Tel.: (0331) 27577-90gregor.weyer@zan-bb.de Teamleitung Ronald KruwinusDipl. Landschafts\u00f6kologie Tel.: (0331) 27577-43ronald.kruwinus@zan-bb.de Dr. Kiowa Alraune SchulzeM.Sc. \u00d6kologie, Evolution und Biodiversit\u00e4t Tel.: (0331) 27577-41kiowa.schulze@zan-bb.de Christina KuhlmannDipl. Biologie Tel.: (0331) 27577-93christina.kuhlmann@zan-bb.de Natalie ExnerM.Sc. Regionalentwicklung und Naturschutz Tel.: (0331) 27577-42natalie.exner@zan-bb.de Anna BollDipl. Geo\u00f6kologie Tel.: (0331) 27577-91anna.boll@zan-bb.de Linda B\u00f6ckenhoffM.Sc. \u00d6kologie, Evolution und Naturschutz Tel.: (0331) 27577-92linda.boeckenhoff@zan-bb.de &hellip; \u201eTeam\u201c weiterlesen","og_url":"https:\/\/zan-bb.de\/?page_id=1449","og_site_name":"ZAN-bb","article_modified_time":"2026-01-29T08:24:47+00:00","og_image":[{"url":"https:\/\/zan-bb.de\/wp-content\/uploads\/2026\/01\/230223_134646_DSC01208_Linda_ILCE-7C-scaled.jpg"}],"twitter_card":"summary_large_image","twitter_misc":{"Gesch\u00e4tzte Lesezeit":"3\u00a0Minuten"},"schema":{"@context":"https:\/\/schema.org","@graph":[{"@type":"WebPage","@id":"https:\/\/zan-bb.de\/?page_id=1449","url":"https:\/\/zan-bb.de\/?page_id=1449","name":"Team - ZAN-bb","isPartOf":{"@id":"https:\/\/zan-bb.de\/#website"},"datePublished":"2025-06-03T08:37:11+00:00","dateModified":"2026-01-29T08:24:47+00:00","breadcrumb":{"@id":"https:\/\/zan-bb.de\/?page_id=1449#breadcrumb"},"inLanguage":"de","potentialAction":[{"@type":"ReadAction","target":["https:\/\/zan-bb.de\/?page_id=1449"]}]},{"@type":"BreadcrumbList","@id":"https:\/\/zan-bb.de\/?page_id=1449#breadcrumb","itemListElement":[{"@type":"ListItem","position":1,"name":"Startseite","item":"https:\/\/zan-bb.de\/"},{"@type":"ListItem","position":2,"name":"\u00dcber uns","item":"https:\/\/zan-bb.de\/?page_id=24"},{"@type":"ListItem","position":3,"name":"Team"}]},{"@type":"WebSite","@id":"https:\/\/zan-bb.de\/#website","url":"https:\/\/zan-bb.de\/","name":"ZAN-bb","description":"Zentrum angewandter Naturschutz in Brandenburg gGmbH","publisher":{"@id":"https:\/\/zan-bb.de\/#organization"},"potentialAction":[{"@type":"SearchAction","target":{"@type":"EntryPoint","urlTemplate":"https:\/\/zan-bb.de\/?s={search_term_string}"},"query-input":"required name=search_term_string"}],"inLanguage":"de"},{"@type":"Organization","@id":"https:\/\/zan-bb.de\/#organization","name":"ZAN-bb","url":"https:\/\/zan-bb.de\/","logo":{"@type":"ImageObject","inLanguage":"de","@id":"https:\/\/zan-bb.de\/#\/schema\/logo\/image\/","url":"https:\/\/zan-bb.de\/wp-content\/uploads\/2020\/05\/cropped-ZAN-logo-trans.png","contentUrl":"https:\/\/zan-bb.de\/wp-content\/uploads\/2020\/05\/cropped-ZAN-logo-trans.png","width":250,"height":250,"caption":"ZAN-bb"},"image":{"@id":"https:\/\/zan-bb.de\/#\/schema\/logo\/image\/"}}]}},"_links":{"self":[{"href":"https:\/\/zan-bb.de\/index.php?rest_route=\/wp\/v2\/pages\/1449"}],"collection":[{"href":"https:\/\/zan-bb.de\/index.php?rest_route=\/wp\/v2\/pages"}],"about":[{"href":"https:\/\/zan-bb.de\/index.php?rest_route=\/wp\/v2\/types\/page"}],"author":[{"embeddable":true,"href":"https:\/\/zan-bb.de\/index.php?rest_route=\/wp\/v2\/users\/2"}],"replies":[{"embeddable":true,"href":"https:\/\/zan-bb.de\/index.php?rest_route=%2Fwp%2Fv2%2Fcomments&post=1449"}],"version-history":[{"count":23,"href":"https:\/\/zan-bb.de\/index.php?rest_route=\/wp\/v2\/pages\/1449\/revisions"}],"predecessor-version":[{"id":1533,"href":"https:\/\/zan-bb.de\/index.php?rest_route=\/wp\/v2\/pages\/1449\/revisions\/1533"}],"up":[{"embeddable":true,"href":"https:\/\/zan-bb.de\/index.php?rest_route=\/wp\/v2\/pages\/24"}],"wp:attachment":[{"href":"https:\/\/zan-bb.de\/index.php?rest_route=%2Fwp%2Fv2%2Fmedia&parent=1449"}],"curies":[{"name":"wp","href":"https:\/\/api.w.org\/{rel}","templated":true}]}}