{"id":160,"date":"2021-11-04T12:48:01","date_gmt":"2021-11-04T12:48:01","guid":{"rendered":"http:\/\/zan-bb.de\/?page_id=160"},"modified":"2023-12-07T09:31:13","modified_gmt":"2023-12-07T09:31:13","slug":"vorgehensweise","status":"publish","type":"page","link":"https:\/\/zan-bb.de\/?page_id=160","title":{"rendered":"Vorgehensweise"},"content":{"rendered":"\n<p>Das Projekt teilt sich in zwei Phasen auf. Zun\u00e4chst wird mit einer Phase der Vorsondierung, in der die FFH-Gebieten des Landes Brandenburg, bzw. Gebietskomplexen n\u00e4her hinsichtlich ihrer Durchf\u00fchrbarkeit \u00fcberpr\u00fcft wird, begonnen. <br>Das weitere Vorgehen besteht in der Vorbereitung der Ma\u00dfnahmenumsetzung mit dem Ziel der Ausfertigung von genauen Ma\u00dfnahmenskizzen, der Ausformulierung eventueller F\u00f6rderantr\u00e4ge und der M\u00f6glichkeit der \u00dcbernahme einer administrativen Projekttr\u00e4gerschaft.<\/p>\n\n\n\n<p style=\"font-size:25px\">Schritt 1<\/p>\n\n\n\n<figure class=\"wp-block-image size-full is-resized\"><img loading=\"lazy\" decoding=\"async\" width=\"578\" height=\"457\" src=\"https:\/\/zan-bb.de\/wp-content\/uploads\/2023\/11\/grafik-2-edited.png\" alt=\"\" class=\"wp-image-514\" style=\"aspect-ratio:1.2645985401459854;width:505px;height:auto\" srcset=\"https:\/\/zan-bb.de\/wp-content\/uploads\/2023\/11\/grafik-2-edited.png 578w, https:\/\/zan-bb.de\/wp-content\/uploads\/2023\/11\/grafik-2-edited-300x237.png 300w\" sizes=\"(max-width: 578px) 100vw, 578px\" \/><\/figure>\n\n\n\n<p style=\"font-size:25px\">Schritt 2<\/p>\n\n\n\n<figure class=\"wp-block-image size-full is-resized\"><img loading=\"lazy\" decoding=\"async\" width=\"537\" height=\"442\" src=\"http:\/\/zan-bb.de\/wp-content\/uploads\/2023\/11\/Unbenannt-1.png\" alt=\"\" class=\"wp-image-512\" style=\"aspect-ratio:1.2041984732824427;width:497px;height:auto\" srcset=\"https:\/\/zan-bb.de\/wp-content\/uploads\/2023\/11\/Unbenannt-1.png 537w, https:\/\/zan-bb.de\/wp-content\/uploads\/2023\/11\/Unbenannt-1-300x247.png 300w\" sizes=\"(max-width: 537px) 100vw, 537px\" \/><\/figure>\n\n\n\n<p><strong>Einige Beispiele f\u00fcr h\u00e4ufig verwendete F\u00f6rderinstrumente:<\/strong><\/p>\n\n\n\n<ul>\n<li>Richtlinie f\u00fcr &#8222;Nat\u00fcrliches Erbe&#8220;<\/li>\n\n\n\n<li>Verwaltungsvorschrift Vertragsnaturschutz im Offenland<\/li>\n\n\n\n<li>Verwaltungsvorschrift Vertragsnaturschutz im Wald<\/li>\n\n\n\n<li>MLUK-Forst-RL-NSW und BEW<\/li>\n\n\n\n<li>EU-MLUL-Forst-RL<\/li>\n\n\n\n<li>&#8230;<\/li>\n<\/ul>\n","protected":false},"excerpt":{"rendered":"<p>Das Projekt teilt sich in zwei Phasen auf. Zun\u00e4chst wird mit einer Phase der Vorsondierung, in der die FFH-Gebieten des Landes Brandenburg, bzw. Gebietskomplexen n\u00e4her hinsichtlich ihrer Durchf\u00fchrbarkeit \u00fcberpr\u00fcft wird, begonnen. Das weitere Vorgehen besteht in der Vorbereitung der Ma\u00dfnahmenumsetzung mit dem Ziel der Ausfertigung von genauen Ma\u00dfnahmenskizzen, der Ausformulierung eventueller F\u00f6rderantr\u00e4ge und der M\u00f6glichkeit &hellip; <\/p>\n<p class=\"link-more\"><a href=\"https:\/\/zan-bb.de\/?page_id=160\" class=\"more-link\"><span class=\"screen-reader-text\">\u201eVorgehensweise\u201c<\/span> weiterlesen<\/a><\/p>\n","protected":false},"author":1,"featured_media":0,"parent":0,"menu_order":0,"comment_status":"closed","ping_status":"closed","template":"","meta":{"footnotes":""},"yoast_head":"<!-- This site is optimized with the Yoast SEO plugin v21.9.1 - https:\/\/yoast.com\/wordpress\/plugins\/seo\/ -->\n<title>Vorgehensweise - ZAN-bb<\/title>\n<meta name=\"robots\" content=\"index, follow, max-snippet:-1, max-image-preview:large, max-video-preview:-1\" \/>\n<link rel=\"canonical\" href=\"https:\/\/zan-bb.de\/?page_id=160\" \/>\n<meta property=\"og:locale\" content=\"de_DE\" \/>\n<meta property=\"og:type\" content=\"article\" \/>\n<meta property=\"og:title\" content=\"Vorgehensweise - ZAN-bb\" \/>\n<meta property=\"og:description\" content=\"Das Projekt teilt sich in zwei Phasen auf. Zun\u00e4chst wird mit einer Phase der Vorsondierung, in der die FFH-Gebieten des Landes Brandenburg, bzw. Gebietskomplexen n\u00e4her hinsichtlich ihrer Durchf\u00fchrbarkeit \u00fcberpr\u00fcft wird, begonnen. Das weitere Vorgehen besteht in der Vorbereitung der Ma\u00dfnahmenumsetzung mit dem Ziel der Ausfertigung von genauen Ma\u00dfnahmenskizzen, der Ausformulierung eventueller F\u00f6rderantr\u00e4ge und der M\u00f6glichkeit &hellip; \u201eVorgehensweise\u201c weiterlesen\" \/>\n<meta property=\"og:url\" content=\"https:\/\/zan-bb.de\/?page_id=160\" \/>\n<meta property=\"og:site_name\" content=\"ZAN-bb\" \/>\n<meta property=\"article:modified_time\" content=\"2023-12-07T09:31:13+00:00\" \/>\n<meta property=\"og:image\" content=\"https:\/\/zan-bb.de\/wp-content\/uploads\/2023\/11\/grafik-2-edited.png\" \/>\n<meta name=\"twitter:card\" content=\"summary_large_image\" \/>\n<meta name=\"twitter:label1\" content=\"Gesch\u00e4tzte Lesezeit\" \/>\n\t<meta name=\"twitter:data1\" content=\"1\u00a0Minute\" \/>\n<script type=\"application\/ld+json\" class=\"yoast-schema-graph\">{\"@context\":\"https:\/\/schema.org\",\"@graph\":[{\"@type\":\"WebPage\",\"@id\":\"https:\/\/zan-bb.de\/?page_id=160\",\"url\":\"https:\/\/zan-bb.de\/?page_id=160\",\"name\":\"Vorgehensweise - ZAN-bb\",\"isPartOf\":{\"@id\":\"https:\/\/zan-bb.de\/#website\"},\"datePublished\":\"2021-11-04T12:48:01+00:00\",\"dateModified\":\"2023-12-07T09:31:13+00:00\",\"breadcrumb\":{\"@id\":\"https:\/\/zan-bb.de\/?page_id=160#breadcrumb\"},\"inLanguage\":\"de\",\"potentialAction\":[{\"@type\":\"ReadAction\",\"target\":[\"https:\/\/zan-bb.de\/?page_id=160\"]}]},{\"@type\":\"BreadcrumbList\",\"@id\":\"https:\/\/zan-bb.de\/?page_id=160#breadcrumb\",\"itemListElement\":[{\"@type\":\"ListItem\",\"position\":1,\"name\":\"Startseite\",\"item\":\"https:\/\/zan-bb.de\/\"},{\"@type\":\"ListItem\",\"position\":2,\"name\":\"Vorgehensweise\"}]},{\"@type\":\"WebSite\",\"@id\":\"https:\/\/zan-bb.de\/#website\",\"url\":\"https:\/\/zan-bb.de\/\",\"name\":\"ZAN-bb\",\"description\":\"Zentrum angewandter Naturschutz in Brandenburg gGmbH\",\"publisher\":{\"@id\":\"https:\/\/zan-bb.de\/#organization\"},\"potentialAction\":[{\"@type\":\"SearchAction\",\"target\":{\"@type\":\"EntryPoint\",\"urlTemplate\":\"https:\/\/zan-bb.de\/?s={search_term_string}\"},\"query-input\":\"required name=search_term_string\"}],\"inLanguage\":\"de\"},{\"@type\":\"Organization\",\"@id\":\"https:\/\/zan-bb.de\/#organization\",\"name\":\"ZAN-bb\",\"url\":\"https:\/\/zan-bb.de\/\",\"logo\":{\"@type\":\"ImageObject\",\"inLanguage\":\"de\",\"@id\":\"https:\/\/zan-bb.de\/#\/schema\/logo\/image\/\",\"url\":\"https:\/\/zan-bb.de\/wp-content\/uploads\/2020\/05\/cropped-ZAN-logo-trans.png\",\"contentUrl\":\"https:\/\/zan-bb.de\/wp-content\/uploads\/2020\/05\/cropped-ZAN-logo-trans.png\",\"width\":250,\"height\":250,\"caption\":\"ZAN-bb\"},\"image\":{\"@id\":\"https:\/\/zan-bb.de\/#\/schema\/logo\/image\/\"}}]}<\/script>\n<!-- \/ Yoast SEO plugin. -->","yoast_head_json":{"title":"Vorgehensweise - ZAN-bb","robots":{"index":"index","follow":"follow","max-snippet":"max-snippet:-1","max-image-preview":"max-image-preview:large","max-video-preview":"max-video-preview:-1"},"canonical":"https:\/\/zan-bb.de\/?page_id=160","og_locale":"de_DE","og_type":"article","og_title":"Vorgehensweise - ZAN-bb","og_description":"Das Projekt teilt sich in zwei Phasen auf. Zun\u00e4chst wird mit einer Phase der Vorsondierung, in der die FFH-Gebieten des Landes Brandenburg, bzw. Gebietskomplexen n\u00e4her hinsichtlich ihrer Durchf\u00fchrbarkeit \u00fcberpr\u00fcft wird, begonnen. Das weitere Vorgehen besteht in der Vorbereitung der Ma\u00dfnahmenumsetzung mit dem Ziel der Ausfertigung von genauen Ma\u00dfnahmenskizzen, der Ausformulierung eventueller F\u00f6rderantr\u00e4ge und der M\u00f6glichkeit &hellip; \u201eVorgehensweise\u201c weiterlesen","og_url":"https:\/\/zan-bb.de\/?page_id=160","og_site_name":"ZAN-bb","article_modified_time":"2023-12-07T09:31:13+00:00","og_image":[{"url":"https:\/\/zan-bb.de\/wp-content\/uploads\/2023\/11\/grafik-2-edited.png"}],"twitter_card":"summary_large_image","twitter_misc":{"Gesch\u00e4tzte Lesezeit":"1\u00a0Minute"},"schema":{"@context":"https:\/\/schema.org","@graph":[{"@type":"WebPage","@id":"https:\/\/zan-bb.de\/?page_id=160","url":"https:\/\/zan-bb.de\/?page_id=160","name":"Vorgehensweise - ZAN-bb","isPartOf":{"@id":"https:\/\/zan-bb.de\/#website"},"datePublished":"2021-11-04T12:48:01+00:00","dateModified":"2023-12-07T09:31:13+00:00","breadcrumb":{"@id":"https:\/\/zan-bb.de\/?page_id=160#breadcrumb"},"inLanguage":"de","potentialAction":[{"@type":"ReadAction","target":["https:\/\/zan-bb.de\/?page_id=160"]}]},{"@type":"BreadcrumbList","@id":"https:\/\/zan-bb.de\/?page_id=160#breadcrumb","itemListElement":[{"@type":"ListItem","position":1,"name":"Startseite","item":"https:\/\/zan-bb.de\/"},{"@type":"ListItem","position":2,"name":"Vorgehensweise"}]},{"@type":"WebSite","@id":"https:\/\/zan-bb.de\/#website","url":"https:\/\/zan-bb.de\/","name":"ZAN-bb","description":"Zentrum angewandter Naturschutz in Brandenburg gGmbH","publisher":{"@id":"https:\/\/zan-bb.de\/#organization"},"potentialAction":[{"@type":"SearchAction","target":{"@type":"EntryPoint","urlTemplate":"https:\/\/zan-bb.de\/?s={search_term_string}"},"query-input":"required name=search_term_string"}],"inLanguage":"de"},{"@type":"Organization","@id":"https:\/\/zan-bb.de\/#organization","name":"ZAN-bb","url":"https:\/\/zan-bb.de\/","logo":{"@type":"ImageObject","inLanguage":"de","@id":"https:\/\/zan-bb.de\/#\/schema\/logo\/image\/","url":"https:\/\/zan-bb.de\/wp-content\/uploads\/2020\/05\/cropped-ZAN-logo-trans.png","contentUrl":"https:\/\/zan-bb.de\/wp-content\/uploads\/2020\/05\/cropped-ZAN-logo-trans.png","width":250,"height":250,"caption":"ZAN-bb"},"image":{"@id":"https:\/\/zan-bb.de\/#\/schema\/logo\/image\/"}}]}},"_links":{"self":[{"href":"https:\/\/zan-bb.de\/index.php?rest_route=\/wp\/v2\/pages\/160"}],"collection":[{"href":"https:\/\/zan-bb.de\/index.php?rest_route=\/wp\/v2\/pages"}],"about":[{"href":"https:\/\/zan-bb.de\/index.php?rest_route=\/wp\/v2\/types\/page"}],"author":[{"embeddable":true,"href":"https:\/\/zan-bb.de\/index.php?rest_route=\/wp\/v2\/users\/1"}],"replies":[{"embeddable":true,"href":"https:\/\/zan-bb.de\/index.php?rest_route=%2Fwp%2Fv2%2Fcomments&post=160"}],"version-history":[{"count":11,"href":"https:\/\/zan-bb.de\/index.php?rest_route=\/wp\/v2\/pages\/160\/revisions"}],"predecessor-version":[{"id":662,"href":"https:\/\/zan-bb.de\/index.php?rest_route=\/wp\/v2\/pages\/160\/revisions\/662"}],"wp:attachment":[{"href":"https:\/\/zan-bb.de\/index.php?rest_route=%2Fwp%2Fv2%2Fmedia&parent=160"}],"curies":[{"name":"wp","href":"https:\/\/api.w.org\/{rel}","templated":true}]}}