{"id":21,"date":"2020-05-07T13:16:19","date_gmt":"2020-05-07T13:16:19","guid":{"rendered":"http:\/\/zan-bb.de\/?page_id=21"},"modified":"2023-11-29T09:17:32","modified_gmt":"2023-11-29T09:17:32","slug":"projekte","status":"publish","type":"page","link":"https:\/\/zan-bb.de\/?page_id=21","title":{"rendered":"Impressionen"},"content":{"rendered":"\n<p>ZAN f\u00fchrt seit 2019 erfolgreich Pflegema\u00dfnahmen in Brandenburg durch.<\/p>\n\n\n\n<p><br><\/p>\n\n\n\n<p>Bodenverwundungen zur Schaffung vilef\u00e4ltiger Lebensr\u00e4ume mit differenzierter Besonnung und Feuchte<\/p>\n\n\n\n<div class=\"wp-block-columns is-layout-flex wp-container-core-columns-layout-1 wp-block-columns-is-layout-flex\">\n<div class=\"wp-block-column is-layout-flow wp-block-column-is-layout-flow\">\n<figure class=\"wp-block-image size-large is-resized is-style-default\"><img loading=\"lazy\" decoding=\"async\" width=\"964\" height=\"542\" src=\"https:\/\/zan-bb.de\/wp-content\/uploads\/2023\/11\/DSC_1297-e1700737082818-edited-1.jpg\" alt=\"\" class=\"wp-image-468\" style=\"aspect-ratio:1.5103244837758112;width:396px;height:auto\" srcset=\"https:\/\/zan-bb.de\/wp-content\/uploads\/2023\/11\/DSC_1297-e1700737082818-edited-1.jpg 964w, https:\/\/zan-bb.de\/wp-content\/uploads\/2023\/11\/DSC_1297-e1700737082818-edited-1-300x169.jpg 300w, https:\/\/zan-bb.de\/wp-content\/uploads\/2023\/11\/DSC_1297-e1700737082818-edited-1-768x432.jpg 768w\" sizes=\"(max-width: 767px) 89vw, (max-width: 1000px) 54vw, (max-width: 1071px) 543px, 580px\" \/><\/figure>\n<\/div>\n\n\n\n<div class=\"wp-block-column is-layout-flow wp-block-column-is-layout-flow\">\n<figure class=\"wp-block-image size-full is-resized\"><img loading=\"lazy\" decoding=\"async\" width=\"735\" height=\"498\" src=\"http:\/\/zan-bb.de\/wp-content\/uploads\/2023\/11\/Pflege-Heide-edited-e1700739231311.jpg\" alt=\"\" class=\"wp-image-466\" style=\"aspect-ratio:1.4759036144578312;width:345px;height:auto\" srcset=\"https:\/\/zan-bb.de\/wp-content\/uploads\/2023\/11\/Pflege-Heide-edited-e1700739231311.jpg 735w, https:\/\/zan-bb.de\/wp-content\/uploads\/2023\/11\/Pflege-Heide-edited-e1700739231311-300x203.jpg 300w\" sizes=\"(max-width: 735px) 100vw, 735px\" \/><\/figure>\n<\/div>\n<\/div>\n\n\n\n<p><br><\/p>\n\n\n\n<p>Video vom Rundflug \u00fcber das Gebiet<\/p>\n\n\n<div class=\"wp-block-image is-style-default\">\n<figure class=\"aligncenter size-full is-resized\"><a href=\"http:\/\/zan-bb.de\/wp-content\/uploads\/2020\/12\/MALTE-12-2020-rundflug720.mp4\"><img loading=\"lazy\" decoding=\"async\" width=\"853\" height=\"480\" src=\"https:\/\/zan-bb.de\/wp-content\/uploads\/2023\/11\/MALTE-12-2020-rundflug720_Moment-1024x576-1-edited-2.jpg\" alt=\"\" class=\"wp-image-440\" style=\"aspect-ratio:1.7770833333333333;width:436px;height:auto\" srcset=\"https:\/\/zan-bb.de\/wp-content\/uploads\/2023\/11\/MALTE-12-2020-rundflug720_Moment-1024x576-1-edited-2.jpg 853w, https:\/\/zan-bb.de\/wp-content\/uploads\/2023\/11\/MALTE-12-2020-rundflug720_Moment-1024x576-1-edited-2-300x169.jpg 300w, https:\/\/zan-bb.de\/wp-content\/uploads\/2023\/11\/MALTE-12-2020-rundflug720_Moment-1024x576-1-edited-2-768x432.jpg 768w\" sizes=\"(max-width: 767px) 89vw, (max-width: 1000px) 54vw, (max-width: 1071px) 543px, 580px\" \/><\/a><\/figure><\/div>\n\n\n<p><br><\/p>\n\n\n\n<p>Reichhaltige &#8222;Ernte&#8220; &#8211; die gepolterten Geh\u00f6lze kurz vor der Aufbereitung<\/p>\n\n\n\n<div class=\"wp-block-columns is-layout-flex wp-container-core-columns-layout-2 wp-block-columns-is-layout-flex\">\n<div class=\"wp-block-column is-layout-flow wp-block-column-is-layout-flow\">\n<figure class=\"wp-block-image size-large is-resized\"><img loading=\"lazy\" decoding=\"async\" width=\"1024\" height=\"576\" src=\"http:\/\/zan-bb.de\/wp-content\/uploads\/2023\/11\/PXL_20201209_133216627.MP_-1024x576.jpg\" alt=\"\" class=\"wp-image-470\" style=\"aspect-ratio:1.7777777777777777;width:387px;height:auto\" srcset=\"https:\/\/zan-bb.de\/wp-content\/uploads\/2023\/11\/PXL_20201209_133216627.MP_-1024x576.jpg 1024w, https:\/\/zan-bb.de\/wp-content\/uploads\/2023\/11\/PXL_20201209_133216627.MP_-300x169.jpg 300w, https:\/\/zan-bb.de\/wp-content\/uploads\/2023\/11\/PXL_20201209_133216627.MP_-768x432.jpg 768w, https:\/\/zan-bb.de\/wp-content\/uploads\/2023\/11\/PXL_20201209_133216627.MP_-1536x864.jpg 1536w, https:\/\/zan-bb.de\/wp-content\/uploads\/2023\/11\/PXL_20201209_133216627.MP_-2048x1152.jpg 2048w\" sizes=\"(max-width: 767px) 89vw, (max-width: 1000px) 54vw, (max-width: 1071px) 543px, 580px\" \/><\/figure>\n<\/div>\n\n\n\n<div class=\"wp-block-column is-layout-flow wp-block-column-is-layout-flow\">\n<figure class=\"wp-block-image size-large is-resized\"><img loading=\"lazy\" decoding=\"async\" width=\"1024\" height=\"576\" src=\"http:\/\/zan-bb.de\/wp-content\/uploads\/2023\/11\/h-1024x576.jpg\" alt=\"\" class=\"wp-image-294\" style=\"aspect-ratio:1.7777777777777777;width:386px;height:auto\" srcset=\"https:\/\/zan-bb.de\/wp-content\/uploads\/2023\/11\/h-1024x576.jpg 1024w, https:\/\/zan-bb.de\/wp-content\/uploads\/2023\/11\/h-300x169.jpg 300w, https:\/\/zan-bb.de\/wp-content\/uploads\/2023\/11\/h-768x432.jpg 768w, https:\/\/zan-bb.de\/wp-content\/uploads\/2023\/11\/h-1536x864.jpg 1536w, https:\/\/zan-bb.de\/wp-content\/uploads\/2023\/11\/h-2048x1152.jpg 2048w\" sizes=\"(max-width: 767px) 89vw, (max-width: 1000px) 54vw, (max-width: 1071px) 543px, 580px\" \/><\/figure>\n<\/div>\n<\/div>\n\n\n\n<p><br><\/p>\n\n\n\n<p>Entnahme von hernwachsenden Sukzessionsgeh\u00f6lzen<\/p>\n\n\n<div class=\"wp-block-image is-style-default\">\n<figure class=\"aligncenter size-large is-resized\"><a href=\"http:\/\/zan-bb.de\/wp-content\/uploads\/2023\/11\/PXL_20211207_142542262.mp4\"><img loading=\"lazy\" decoding=\"async\" width=\"928\" height=\"598\" src=\"https:\/\/zan-bb.de\/wp-content\/uploads\/2023\/11\/fhg1-edited.png\" alt=\"\" class=\"wp-image-505\" style=\"aspect-ratio:1.5865051903114187;width:436px;height:auto\" srcset=\"https:\/\/zan-bb.de\/wp-content\/uploads\/2023\/11\/fhg1-edited.png 928w, https:\/\/zan-bb.de\/wp-content\/uploads\/2023\/11\/fhg1-edited-300x193.png 300w, https:\/\/zan-bb.de\/wp-content\/uploads\/2023\/11\/fhg1-edited-768x495.png 768w\" sizes=\"(max-width: 767px) 89vw, (max-width: 1000px) 54vw, (max-width: 1071px) 543px, 580px\" \/><\/a><\/figure><\/div>\n\n\n<p><br><\/p>\n\n\n\n<p>Sammelmulchen der Altheide<\/p>\n\n\n\n<div class=\"wp-block-columns is-layout-flex wp-container-core-columns-layout-3 wp-block-columns-is-layout-flex\">\n<div class=\"wp-block-column is-layout-flow wp-block-column-is-layout-flow\">\n<figure class=\"wp-block-image size-full is-resized\"><img decoding=\"async\" src=\"http:\/\/zan-bb.de\/wp-content\/uploads\/2023\/11\/grafik-5-e1700738793416.png\" alt=\"\" class=\"wp-image-383\" style=\"aspect-ratio:1.4055555555555554;width:369px;height:auto\"\/><\/figure>\n<\/div>\n\n\n\n<div class=\"wp-block-column is-layout-flow wp-block-column-is-layout-flow\">\n<figure class=\"wp-block-image size-large is-resized\"><img loading=\"lazy\" decoding=\"async\" width=\"1024\" height=\"769\" src=\"http:\/\/zan-bb.de\/wp-content\/uploads\/2023\/11\/grafik-6-1024x769.png\" alt=\"\" class=\"wp-image-481\" style=\"aspect-ratio:1.3315994798439532;width:338px;height:auto\" srcset=\"https:\/\/zan-bb.de\/wp-content\/uploads\/2023\/11\/grafik-6-1024x769.png 1024w, https:\/\/zan-bb.de\/wp-content\/uploads\/2023\/11\/grafik-6-300x225.png 300w, https:\/\/zan-bb.de\/wp-content\/uploads\/2023\/11\/grafik-6-768x577.png 768w, https:\/\/zan-bb.de\/wp-content\/uploads\/2023\/11\/grafik-6.png 1075w\" sizes=\"(max-width: 767px) 89vw, (max-width: 1000px) 54vw, (max-width: 1071px) 543px, 580px\" \/><\/figure>\n<\/div>\n<\/div>\n","protected":false},"excerpt":{"rendered":"<p>ZAN f\u00fchrt seit 2019 erfolgreich Pflegema\u00dfnahmen in Brandenburg durch. Bodenverwundungen zur Schaffung vilef\u00e4ltiger Lebensr\u00e4ume mit differenzierter Besonnung und Feuchte Video vom Rundflug \u00fcber das Gebiet Reichhaltige &#8222;Ernte&#8220; &#8211; die gepolterten Geh\u00f6lze kurz vor der Aufbereitung Entnahme von hernwachsenden Sukzessionsgeh\u00f6lzen Sammelmulchen der Altheide<\/p>\n","protected":false},"author":1,"featured_media":0,"parent":0,"menu_order":0,"comment_status":"closed","ping_status":"closed","template":"","meta":{"footnotes":""},"yoast_head":"<!-- This site is optimized with the Yoast SEO plugin v21.9.1 - https:\/\/yoast.com\/wordpress\/plugins\/seo\/ -->\n<title>Impressionen - ZAN-bb<\/title>\n<meta name=\"robots\" content=\"index, follow, max-snippet:-1, max-image-preview:large, max-video-preview:-1\" \/>\n<link rel=\"canonical\" href=\"https:\/\/zan-bb.de\/?page_id=21\" \/>\n<meta property=\"og:locale\" content=\"de_DE\" \/>\n<meta property=\"og:type\" content=\"article\" \/>\n<meta property=\"og:title\" content=\"Impressionen - ZAN-bb\" \/>\n<meta property=\"og:description\" content=\"ZAN f\u00fchrt seit 2019 erfolgreich Pflegema\u00dfnahmen in Brandenburg durch. Bodenverwundungen zur Schaffung vilef\u00e4ltiger Lebensr\u00e4ume mit differenzierter Besonnung und Feuchte Video vom Rundflug \u00fcber das Gebiet Reichhaltige &#8222;Ernte&#8220; &#8211; die gepolterten Geh\u00f6lze kurz vor der Aufbereitung Entnahme von hernwachsenden Sukzessionsgeh\u00f6lzen Sammelmulchen der Altheide\" \/>\n<meta property=\"og:url\" content=\"https:\/\/zan-bb.de\/?page_id=21\" \/>\n<meta property=\"og:site_name\" content=\"ZAN-bb\" \/>\n<meta property=\"article:modified_time\" content=\"2023-11-29T09:17:32+00:00\" \/>\n<meta property=\"og:image\" content=\"https:\/\/zan-bb.de\/wp-content\/uploads\/2023\/11\/DSC_1297-e1700737082818-edited-1.jpg\" \/>\n<meta name=\"twitter:card\" content=\"summary_large_image\" \/>\n<meta name=\"twitter:label1\" content=\"Gesch\u00e4tzte Lesezeit\" \/>\n\t<meta name=\"twitter:data1\" content=\"2\u00a0Minuten\" \/>\n<script type=\"application\/ld+json\" class=\"yoast-schema-graph\">{\"@context\":\"https:\/\/schema.org\",\"@graph\":[{\"@type\":\"WebPage\",\"@id\":\"https:\/\/zan-bb.de\/?page_id=21\",\"url\":\"https:\/\/zan-bb.de\/?page_id=21\",\"name\":\"Impressionen - ZAN-bb\",\"isPartOf\":{\"@id\":\"https:\/\/zan-bb.de\/#website\"},\"datePublished\":\"2020-05-07T13:16:19+00:00\",\"dateModified\":\"2023-11-29T09:17:32+00:00\",\"breadcrumb\":{\"@id\":\"https:\/\/zan-bb.de\/?page_id=21#breadcrumb\"},\"inLanguage\":\"de\",\"potentialAction\":[{\"@type\":\"ReadAction\",\"target\":[\"https:\/\/zan-bb.de\/?page_id=21\"]}]},{\"@type\":\"BreadcrumbList\",\"@id\":\"https:\/\/zan-bb.de\/?page_id=21#breadcrumb\",\"itemListElement\":[{\"@type\":\"ListItem\",\"position\":1,\"name\":\"Startseite\",\"item\":\"https:\/\/zan-bb.de\/\"},{\"@type\":\"ListItem\",\"position\":2,\"name\":\"Impressionen\"}]},{\"@type\":\"WebSite\",\"@id\":\"https:\/\/zan-bb.de\/#website\",\"url\":\"https:\/\/zan-bb.de\/\",\"name\":\"ZAN-bb\",\"description\":\"Zentrum angewandter Naturschutz in Brandenburg gGmbH\",\"publisher\":{\"@id\":\"https:\/\/zan-bb.de\/#organization\"},\"potentialAction\":[{\"@type\":\"SearchAction\",\"target\":{\"@type\":\"EntryPoint\",\"urlTemplate\":\"https:\/\/zan-bb.de\/?s={search_term_string}\"},\"query-input\":\"required name=search_term_string\"}],\"inLanguage\":\"de\"},{\"@type\":\"Organization\",\"@id\":\"https:\/\/zan-bb.de\/#organization\",\"name\":\"ZAN-bb\",\"url\":\"https:\/\/zan-bb.de\/\",\"logo\":{\"@type\":\"ImageObject\",\"inLanguage\":\"de\",\"@id\":\"https:\/\/zan-bb.de\/#\/schema\/logo\/image\/\",\"url\":\"https:\/\/zan-bb.de\/wp-content\/uploads\/2020\/05\/cropped-ZAN-logo-trans.png\",\"contentUrl\":\"https:\/\/zan-bb.de\/wp-content\/uploads\/2020\/05\/cropped-ZAN-logo-trans.png\",\"width\":250,\"height\":250,\"caption\":\"ZAN-bb\"},\"image\":{\"@id\":\"https:\/\/zan-bb.de\/#\/schema\/logo\/image\/\"}}]}<\/script>\n<!-- \/ Yoast SEO plugin. -->","yoast_head_json":{"title":"Impressionen - ZAN-bb","robots":{"index":"index","follow":"follow","max-snippet":"max-snippet:-1","max-image-preview":"max-image-preview:large","max-video-preview":"max-video-preview:-1"},"canonical":"https:\/\/zan-bb.de\/?page_id=21","og_locale":"de_DE","og_type":"article","og_title":"Impressionen - ZAN-bb","og_description":"ZAN f\u00fchrt seit 2019 erfolgreich Pflegema\u00dfnahmen in Brandenburg durch. Bodenverwundungen zur Schaffung vilef\u00e4ltiger Lebensr\u00e4ume mit differenzierter Besonnung und Feuchte Video vom Rundflug \u00fcber das Gebiet Reichhaltige &#8222;Ernte&#8220; &#8211; die gepolterten Geh\u00f6lze kurz vor der Aufbereitung Entnahme von hernwachsenden Sukzessionsgeh\u00f6lzen Sammelmulchen der Altheide","og_url":"https:\/\/zan-bb.de\/?page_id=21","og_site_name":"ZAN-bb","article_modified_time":"2023-11-29T09:17:32+00:00","og_image":[{"url":"https:\/\/zan-bb.de\/wp-content\/uploads\/2023\/11\/DSC_1297-e1700737082818-edited-1.jpg"}],"twitter_card":"summary_large_image","twitter_misc":{"Gesch\u00e4tzte Lesezeit":"2\u00a0Minuten"},"schema":{"@context":"https:\/\/schema.org","@graph":[{"@type":"WebPage","@id":"https:\/\/zan-bb.de\/?page_id=21","url":"https:\/\/zan-bb.de\/?page_id=21","name":"Impressionen - ZAN-bb","isPartOf":{"@id":"https:\/\/zan-bb.de\/#website"},"datePublished":"2020-05-07T13:16:19+00:00","dateModified":"2023-11-29T09:17:32+00:00","breadcrumb":{"@id":"https:\/\/zan-bb.de\/?page_id=21#breadcrumb"},"inLanguage":"de","potentialAction":[{"@type":"ReadAction","target":["https:\/\/zan-bb.de\/?page_id=21"]}]},{"@type":"BreadcrumbList","@id":"https:\/\/zan-bb.de\/?page_id=21#breadcrumb","itemListElement":[{"@type":"ListItem","position":1,"name":"Startseite","item":"https:\/\/zan-bb.de\/"},{"@type":"ListItem","position":2,"name":"Impressionen"}]},{"@type":"WebSite","@id":"https:\/\/zan-bb.de\/#website","url":"https:\/\/zan-bb.de\/","name":"ZAN-bb","description":"Zentrum angewandter Naturschutz in Brandenburg gGmbH","publisher":{"@id":"https:\/\/zan-bb.de\/#organization"},"potentialAction":[{"@type":"SearchAction","target":{"@type":"EntryPoint","urlTemplate":"https:\/\/zan-bb.de\/?s={search_term_string}"},"query-input":"required name=search_term_string"}],"inLanguage":"de"},{"@type":"Organization","@id":"https:\/\/zan-bb.de\/#organization","name":"ZAN-bb","url":"https:\/\/zan-bb.de\/","logo":{"@type":"ImageObject","inLanguage":"de","@id":"https:\/\/zan-bb.de\/#\/schema\/logo\/image\/","url":"https:\/\/zan-bb.de\/wp-content\/uploads\/2020\/05\/cropped-ZAN-logo-trans.png","contentUrl":"https:\/\/zan-bb.de\/wp-content\/uploads\/2020\/05\/cropped-ZAN-logo-trans.png","width":250,"height":250,"caption":"ZAN-bb"},"image":{"@id":"https:\/\/zan-bb.de\/#\/schema\/logo\/image\/"}}]}},"_links":{"self":[{"href":"https:\/\/zan-bb.de\/index.php?rest_route=\/wp\/v2\/pages\/21"}],"collection":[{"href":"https:\/\/zan-bb.de\/index.php?rest_route=\/wp\/v2\/pages"}],"about":[{"href":"https:\/\/zan-bb.de\/index.php?rest_route=\/wp\/v2\/types\/page"}],"author":[{"embeddable":true,"href":"https:\/\/zan-bb.de\/index.php?rest_route=\/wp\/v2\/users\/1"}],"replies":[{"embeddable":true,"href":"https:\/\/zan-bb.de\/index.php?rest_route=%2Fwp%2Fv2%2Fcomments&post=21"}],"version-history":[{"count":58,"href":"https:\/\/zan-bb.de\/index.php?rest_route=\/wp\/v2\/pages\/21\/revisions"}],"predecessor-version":[{"id":508,"href":"https:\/\/zan-bb.de\/index.php?rest_route=\/wp\/v2\/pages\/21\/revisions\/508"}],"wp:attachment":[{"href":"https:\/\/zan-bb.de\/index.php?rest_route=%2Fwp%2Fv2%2Fmedia&parent=21"}],"curies":[{"name":"wp","href":"https:\/\/api.w.org\/{rel}","templated":true}]}}