{"id":283,"date":"2023-11-22T10:24:40","date_gmt":"2023-11-22T10:24:40","guid":{"rendered":"https:\/\/zan-bb.de\/?page_id=283"},"modified":"2023-12-13T11:41:14","modified_gmt":"2023-12-13T11:41:14","slug":"ffh-gebiet-perleberger-schiessplatz","status":"publish","type":"page","link":"https:\/\/zan-bb.de\/?page_id=283","title":{"rendered":"FFH-Gebiet Perleberger Schie\u00dfplatz"},"content":{"rendered":"\n<div class=\"wp-block-columns is-layout-flex wp-container-core-columns-layout-1 wp-block-columns-is-layout-flex\">\n<div class=\"wp-block-column is-layout-flow wp-block-column-is-layout-flow\">\n<figure class=\"wp-block-image size-large is-resized\"><img loading=\"lazy\" decoding=\"async\" width=\"1024\" height=\"768\" src=\"http:\/\/zan-bb.de\/wp-content\/uploads\/2023\/12\/20210427_124939-1024x768.jpg\" alt=\"\" class=\"wp-image-929\" style=\"aspect-ratio:1.3333333333333333;width:313px;height:auto\" srcset=\"https:\/\/zan-bb.de\/wp-content\/uploads\/2023\/12\/20210427_124939-1024x768.jpg 1024w, https:\/\/zan-bb.de\/wp-content\/uploads\/2023\/12\/20210427_124939-300x225.jpg 300w, https:\/\/zan-bb.de\/wp-content\/uploads\/2023\/12\/20210427_124939-768x576.jpg 768w, https:\/\/zan-bb.de\/wp-content\/uploads\/2023\/12\/20210427_124939-1536x1152.jpg 1536w, https:\/\/zan-bb.de\/wp-content\/uploads\/2023\/12\/20210427_124939-2048x1536.jpg 2048w\" sizes=\"(max-width: 767px) 89vw, (max-width: 1000px) 54vw, (max-width: 1071px) 543px, 580px\" \/><figcaption class=\"wp-element-caption\">FFH-Gebiet vor den Pflegema\u00dfnahmen<\/figcaption><\/figure>\n<\/div>\n\n\n\n<div class=\"wp-block-column is-layout-flow wp-block-column-is-layout-flow\">\n<figure class=\"wp-block-image size-large is-resized\"><img loading=\"lazy\" decoding=\"async\" width=\"1024\" height=\"683\" src=\"http:\/\/zan-bb.de\/wp-content\/uploads\/2023\/11\/oe-1-1024x683.jpg\" alt=\"\" class=\"wp-image-299\" style=\"aspect-ratio:1.499267935578331;width:358px;height:auto\" srcset=\"https:\/\/zan-bb.de\/wp-content\/uploads\/2023\/11\/oe-1-1024x683.jpg 1024w, https:\/\/zan-bb.de\/wp-content\/uploads\/2023\/11\/oe-1-300x200.jpg 300w, https:\/\/zan-bb.de\/wp-content\/uploads\/2023\/11\/oe-1-768x512.jpg 768w, https:\/\/zan-bb.de\/wp-content\/uploads\/2023\/11\/oe-1-1536x1024.jpg 1536w, https:\/\/zan-bb.de\/wp-content\/uploads\/2023\/11\/oe-1-2048x1365.jpg 2048w\" sizes=\"(max-width: 767px) 89vw, (max-width: 1000px) 54vw, (max-width: 1071px) 543px, 580px\" \/><figcaption class=\"wp-element-caption\">FFH-Gebiet nach den Pflegema\u00dfnahmen<\/figcaption><\/figure>\n<\/div>\n<\/div>\n\n\n\n<p>Das FFH-Gebiet \u201ePerleberger Schie\u00dfplatz\u201c (DE 2936-301) befindet sich im Nordwesten von Brandenburg im Landkreis Prignitz. Das ca. 354 ha gro\u00dfe Gebiet erstreckt sich zwischen der Stadt Perleberg im Nordosten und Weisen im S\u00fcdwesten und wird Richtung Westen von der Bundesstra\u00dfe 189 sowie Richtung Osten von der Stepenitz-Niederung begrenzt. Im Zentrum des ehemaligen Truppen\u00fcbungsplatzes wurden Panzer\u00fcbungen durchgef\u00fchrt, was zur Entstehung der wertvollen Heiden und Trockenrasen f\u00fchrte. <\/p>\n\n\n\n<p>Das FFH-Gebiet \u201ePerleberger Schie\u00dfplatz\u201c ist unter anderem mit dem Ziel als FFH-Gebiet in das Natura 2000-Netz aufgenommen worden, um die hier vorkommenden FFH-Lebensraumtypen \u201eTrockene Sandheiden mit Calluna und Genista\u201c (LRT 2310), \u201eD\u00fcnen mit offenen Grasfl\u00e4chen\u201c (LRT 2330) und \u201eTrockene europ\u00e4ische Heiden\u201c (LRT 4030), einschlie\u00dflich ihrer an sie gebundenen Tier- und Pflanzenarten, zu erhalten und zu entwickeln.<\/p>\n\n\n\n<p><strong>Pflegema\u00dfnahmen<\/strong><\/p>\n\n\n\n<p>FFH-Gebiet &#8222;Perleberger Schie\u00dfplatz&#8220; wurde auf ca. 7 ha der LRT 2310 (Trockene Sandheiden mit Calluna und Genista) sowie auf 0,6 ha der LRT 2330 (D\u00fcnen mit offenen Grasfl\u00e4chen mit Corynephorus und Agrostis) revitalisiert. Dar\u00fcber hinaus wurden 4,8 ha des LRT 2310 bzw. 1,4 ha des LRT 2330 entwickelt.<\/p>\n\n\n\n<ul>\n<li>Zur langfristigen Besonnung der Heide und zur Sicherung der Offenlandstruktur wurden die herangewachsenen Sukzessionsgeh\u00f6lze entnommen.<\/li>\n\n\n\n<li>Es wurde kleinteilig durch Plaggen oder Schoppern die akkumulierte Biomasse inkl. Moosschicht entnommen. <\/li>\n\n\n\n<li>Wertvolle, strukturgebende Einzelb\u00e4ume und Geh\u00f6lzinseln wurden auf der Fl\u00e4che belassen.<\/li>\n<\/ul>\n\n\n\n<p>Durch die erfolgten Pflegema\u00dfnahmen kann jetzt auf der gesamten Fl\u00e4che von 14 ha eine preiswerte und dauerhafte Pflege durch Beweidung erfolgen. Die Beweidung mit robusten Schafsorten und Ziegen unterdr\u00fcckt erfolgreich die Besiedlung des Offenlands mit Sukzessionsgeh\u00f6lzen.<\/p>\n\n\n\n<p>Auf dem &#8222;Perleberger Schie\u00dfplatz&#8220; ist somit der Erhalt dieses empfindlichen und pflegebed\u00fcrftigen Lebensraums gesichert.<\/p>\n\n\n<div class=\"wp-block-image\">\n<figure class=\"aligncenter size-large is-resized\"><img loading=\"lazy\" decoding=\"async\" width=\"1024\" height=\"768\" src=\"https:\/\/zan-bb.de\/wp-content\/uploads\/2023\/11\/k-1024x768.jpg\" alt=\"\" class=\"wp-image-296\" style=\"aspect-ratio:1.3333333333333333;width:508px;height:auto\" srcset=\"https:\/\/zan-bb.de\/wp-content\/uploads\/2023\/11\/k-1024x768.jpg 1024w, https:\/\/zan-bb.de\/wp-content\/uploads\/2023\/11\/k-300x225.jpg 300w, https:\/\/zan-bb.de\/wp-content\/uploads\/2023\/11\/k-768x576.jpg 768w, https:\/\/zan-bb.de\/wp-content\/uploads\/2023\/11\/k-1536x1152.jpg 1536w, https:\/\/zan-bb.de\/wp-content\/uploads\/2023\/11\/k-2048x1536.jpg 2048w\" sizes=\"(max-width: 767px) 89vw, (max-width: 1000px) 54vw, (max-width: 1071px) 543px, 580px\" \/><figcaption class=\"wp-element-caption\">Beginn der kleinteiligen Entnahme des organischen Oberbodens (Plaggen). <\/figcaption><\/figure><\/div>","protected":false},"excerpt":{"rendered":"<p>Das FFH-Gebiet \u201ePerleberger Schie\u00dfplatz\u201c (DE 2936-301) befindet sich im Nordwesten von Brandenburg im Landkreis Prignitz. Das ca. 354 ha gro\u00dfe Gebiet erstreckt sich zwischen der Stadt Perleberg im Nordosten und Weisen im S\u00fcdwesten und wird Richtung Westen von der Bundesstra\u00dfe 189 sowie Richtung Osten von der Stepenitz-Niederung begrenzt. Im Zentrum des ehemaligen Truppen\u00fcbungsplatzes wurden Panzer\u00fcbungen &hellip; <\/p>\n<p class=\"link-more\"><a href=\"https:\/\/zan-bb.de\/?page_id=283\" class=\"more-link\"><span class=\"screen-reader-text\">\u201eFFH-Gebiet Perleberger Schie\u00dfplatz\u201c<\/span> weiterlesen<\/a><\/p>\n","protected":false},"author":1,"featured_media":0,"parent":0,"menu_order":0,"comment_status":"closed","ping_status":"closed","template":"","meta":{"footnotes":""},"yoast_head":"<!-- This site is optimized with the Yoast SEO plugin v21.9.1 - https:\/\/yoast.com\/wordpress\/plugins\/seo\/ -->\n<title>FFH-Gebiet Perleberger Schie\u00dfplatz - ZAN-bb<\/title>\n<meta name=\"robots\" content=\"index, follow, max-snippet:-1, max-image-preview:large, max-video-preview:-1\" \/>\n<link rel=\"canonical\" href=\"https:\/\/zan-bb.de\/?page_id=283\" \/>\n<meta property=\"og:locale\" content=\"de_DE\" \/>\n<meta property=\"og:type\" content=\"article\" \/>\n<meta property=\"og:title\" content=\"FFH-Gebiet Perleberger Schie\u00dfplatz - ZAN-bb\" \/>\n<meta property=\"og:description\" content=\"Das FFH-Gebiet \u201ePerleberger Schie\u00dfplatz\u201c (DE 2936-301) befindet sich im Nordwesten von Brandenburg im Landkreis Prignitz. Das ca. 354 ha gro\u00dfe Gebiet erstreckt sich zwischen der Stadt Perleberg im Nordosten und Weisen im S\u00fcdwesten und wird Richtung Westen von der Bundesstra\u00dfe 189 sowie Richtung Osten von der Stepenitz-Niederung begrenzt. Im Zentrum des ehemaligen Truppen\u00fcbungsplatzes wurden Panzer\u00fcbungen &hellip; \u201eFFH-Gebiet Perleberger Schie\u00dfplatz\u201c weiterlesen\" \/>\n<meta property=\"og:url\" content=\"https:\/\/zan-bb.de\/?page_id=283\" \/>\n<meta property=\"og:site_name\" content=\"ZAN-bb\" \/>\n<meta property=\"article:modified_time\" content=\"2023-12-13T11:41:14+00:00\" \/>\n<meta property=\"og:image\" content=\"http:\/\/zan-bb.de\/wp-content\/uploads\/2023\/12\/20210427_124939-1024x768.jpg\" \/>\n<meta name=\"twitter:card\" content=\"summary_large_image\" \/>\n<meta name=\"twitter:label1\" content=\"Gesch\u00e4tzte Lesezeit\" \/>\n\t<meta name=\"twitter:data1\" content=\"3\u00a0Minuten\" \/>\n<script type=\"application\/ld+json\" class=\"yoast-schema-graph\">{\"@context\":\"https:\/\/schema.org\",\"@graph\":[{\"@type\":\"WebPage\",\"@id\":\"https:\/\/zan-bb.de\/?page_id=283\",\"url\":\"https:\/\/zan-bb.de\/?page_id=283\",\"name\":\"FFH-Gebiet Perleberger Schie\u00dfplatz - ZAN-bb\",\"isPartOf\":{\"@id\":\"https:\/\/zan-bb.de\/#website\"},\"datePublished\":\"2023-11-22T10:24:40+00:00\",\"dateModified\":\"2023-12-13T11:41:14+00:00\",\"breadcrumb\":{\"@id\":\"https:\/\/zan-bb.de\/?page_id=283#breadcrumb\"},\"inLanguage\":\"de\",\"potentialAction\":[{\"@type\":\"ReadAction\",\"target\":[\"https:\/\/zan-bb.de\/?page_id=283\"]}]},{\"@type\":\"BreadcrumbList\",\"@id\":\"https:\/\/zan-bb.de\/?page_id=283#breadcrumb\",\"itemListElement\":[{\"@type\":\"ListItem\",\"position\":1,\"name\":\"Startseite\",\"item\":\"https:\/\/zan-bb.de\/\"},{\"@type\":\"ListItem\",\"position\":2,\"name\":\"FFH-Gebiet Perleberger Schie\u00dfplatz\"}]},{\"@type\":\"WebSite\",\"@id\":\"https:\/\/zan-bb.de\/#website\",\"url\":\"https:\/\/zan-bb.de\/\",\"name\":\"ZAN-bb\",\"description\":\"Zentrum angewandter Naturschutz in Brandenburg gGmbH\",\"publisher\":{\"@id\":\"https:\/\/zan-bb.de\/#organization\"},\"potentialAction\":[{\"@type\":\"SearchAction\",\"target\":{\"@type\":\"EntryPoint\",\"urlTemplate\":\"https:\/\/zan-bb.de\/?s={search_term_string}\"},\"query-input\":\"required name=search_term_string\"}],\"inLanguage\":\"de\"},{\"@type\":\"Organization\",\"@id\":\"https:\/\/zan-bb.de\/#organization\",\"name\":\"ZAN-bb\",\"url\":\"https:\/\/zan-bb.de\/\",\"logo\":{\"@type\":\"ImageObject\",\"inLanguage\":\"de\",\"@id\":\"https:\/\/zan-bb.de\/#\/schema\/logo\/image\/\",\"url\":\"https:\/\/zan-bb.de\/wp-content\/uploads\/2020\/05\/cropped-ZAN-logo-trans.png\",\"contentUrl\":\"https:\/\/zan-bb.de\/wp-content\/uploads\/2020\/05\/cropped-ZAN-logo-trans.png\",\"width\":250,\"height\":250,\"caption\":\"ZAN-bb\"},\"image\":{\"@id\":\"https:\/\/zan-bb.de\/#\/schema\/logo\/image\/\"}}]}<\/script>\n<!-- \/ Yoast SEO plugin. -->","yoast_head_json":{"title":"FFH-Gebiet Perleberger Schie\u00dfplatz - ZAN-bb","robots":{"index":"index","follow":"follow","max-snippet":"max-snippet:-1","max-image-preview":"max-image-preview:large","max-video-preview":"max-video-preview:-1"},"canonical":"https:\/\/zan-bb.de\/?page_id=283","og_locale":"de_DE","og_type":"article","og_title":"FFH-Gebiet Perleberger Schie\u00dfplatz - ZAN-bb","og_description":"Das FFH-Gebiet \u201ePerleberger Schie\u00dfplatz\u201c (DE 2936-301) befindet sich im Nordwesten von Brandenburg im Landkreis Prignitz. Das ca. 354 ha gro\u00dfe Gebiet erstreckt sich zwischen der Stadt Perleberg im Nordosten und Weisen im S\u00fcdwesten und wird Richtung Westen von der Bundesstra\u00dfe 189 sowie Richtung Osten von der Stepenitz-Niederung begrenzt. Im Zentrum des ehemaligen Truppen\u00fcbungsplatzes wurden Panzer\u00fcbungen &hellip; \u201eFFH-Gebiet Perleberger Schie\u00dfplatz\u201c weiterlesen","og_url":"https:\/\/zan-bb.de\/?page_id=283","og_site_name":"ZAN-bb","article_modified_time":"2023-12-13T11:41:14+00:00","og_image":[{"url":"http:\/\/zan-bb.de\/wp-content\/uploads\/2023\/12\/20210427_124939-1024x768.jpg"}],"twitter_card":"summary_large_image","twitter_misc":{"Gesch\u00e4tzte Lesezeit":"3\u00a0Minuten"},"schema":{"@context":"https:\/\/schema.org","@graph":[{"@type":"WebPage","@id":"https:\/\/zan-bb.de\/?page_id=283","url":"https:\/\/zan-bb.de\/?page_id=283","name":"FFH-Gebiet Perleberger Schie\u00dfplatz - ZAN-bb","isPartOf":{"@id":"https:\/\/zan-bb.de\/#website"},"datePublished":"2023-11-22T10:24:40+00:00","dateModified":"2023-12-13T11:41:14+00:00","breadcrumb":{"@id":"https:\/\/zan-bb.de\/?page_id=283#breadcrumb"},"inLanguage":"de","potentialAction":[{"@type":"ReadAction","target":["https:\/\/zan-bb.de\/?page_id=283"]}]},{"@type":"BreadcrumbList","@id":"https:\/\/zan-bb.de\/?page_id=283#breadcrumb","itemListElement":[{"@type":"ListItem","position":1,"name":"Startseite","item":"https:\/\/zan-bb.de\/"},{"@type":"ListItem","position":2,"name":"FFH-Gebiet Perleberger Schie\u00dfplatz"}]},{"@type":"WebSite","@id":"https:\/\/zan-bb.de\/#website","url":"https:\/\/zan-bb.de\/","name":"ZAN-bb","description":"Zentrum angewandter Naturschutz in Brandenburg gGmbH","publisher":{"@id":"https:\/\/zan-bb.de\/#organization"},"potentialAction":[{"@type":"SearchAction","target":{"@type":"EntryPoint","urlTemplate":"https:\/\/zan-bb.de\/?s={search_term_string}"},"query-input":"required name=search_term_string"}],"inLanguage":"de"},{"@type":"Organization","@id":"https:\/\/zan-bb.de\/#organization","name":"ZAN-bb","url":"https:\/\/zan-bb.de\/","logo":{"@type":"ImageObject","inLanguage":"de","@id":"https:\/\/zan-bb.de\/#\/schema\/logo\/image\/","url":"https:\/\/zan-bb.de\/wp-content\/uploads\/2020\/05\/cropped-ZAN-logo-trans.png","contentUrl":"https:\/\/zan-bb.de\/wp-content\/uploads\/2020\/05\/cropped-ZAN-logo-trans.png","width":250,"height":250,"caption":"ZAN-bb"},"image":{"@id":"https:\/\/zan-bb.de\/#\/schema\/logo\/image\/"}}]}},"_links":{"self":[{"href":"https:\/\/zan-bb.de\/index.php?rest_route=\/wp\/v2\/pages\/283"}],"collection":[{"href":"https:\/\/zan-bb.de\/index.php?rest_route=\/wp\/v2\/pages"}],"about":[{"href":"https:\/\/zan-bb.de\/index.php?rest_route=\/wp\/v2\/types\/page"}],"author":[{"embeddable":true,"href":"https:\/\/zan-bb.de\/index.php?rest_route=\/wp\/v2\/users\/1"}],"replies":[{"embeddable":true,"href":"https:\/\/zan-bb.de\/index.php?rest_route=%2Fwp%2Fv2%2Fcomments&post=283"}],"version-history":[{"count":18,"href":"https:\/\/zan-bb.de\/index.php?rest_route=\/wp\/v2\/pages\/283\/revisions"}],"predecessor-version":[{"id":938,"href":"https:\/\/zan-bb.de\/index.php?rest_route=\/wp\/v2\/pages\/283\/revisions\/938"}],"wp:attachment":[{"href":"https:\/\/zan-bb.de\/index.php?rest_route=%2Fwp%2Fv2%2Fmedia&parent=283"}],"curies":[{"name":"wp","href":"https:\/\/api.w.org\/{rel}","templated":true}]}}