{"id":29,"date":"2020-05-07T13:29:03","date_gmt":"2020-05-07T13:29:03","guid":{"rendered":"http:\/\/zan-bb.de\/?page_id=29"},"modified":"2023-11-29T09:14:03","modified_gmt":"2023-11-29T09:14:03","slug":"impressum","status":"publish","type":"page","link":"https:\/\/zan-bb.de\/?page_id=29","title":{"rendered":"Impressum"},"content":{"rendered":"\n<figure class=\"wp-block-image size-full is-resized\"><img loading=\"lazy\" decoding=\"async\" width=\"336\" height=\"250\" src=\"http:\/\/zan-bb.de\/wp-content\/uploads\/2020\/05\/cropped-ZAN-logo-color.jpg\" alt=\"\" class=\"wp-image-6\" style=\"aspect-ratio:1;width:111px;height:auto\" srcset=\"https:\/\/zan-bb.de\/wp-content\/uploads\/2020\/05\/cropped-ZAN-logo-color.jpg 336w, https:\/\/zan-bb.de\/wp-content\/uploads\/2020\/05\/cropped-ZAN-logo-color-300x223.jpg 300w\" sizes=\"(max-width: 336px) 100vw, 336px\" \/><\/figure>\n\n\n\n<p>ZAN gGmbH <\/p>\n\n\n\n<p>Donarstr. 17<br> D-14482 Potsdam<br>fon +49 331 275 77 -30<br> Fax +49 331 275 77 -99<br>Email: <a href=\"mailto: info@zan-bb.de\">info@zan-bb.de<\/a><br><\/p>\n\n\n\n<p> Handelsregister: Potsdam HRB 1234P<br> Amtsgericht Potsdam <br> UStID.: DE30 123 45 67<br> Gesch\u00e4ftsf\u00fchrer:   Dipl. Ing. Gregor L. Weyer<\/p>\n\n\n\n<h2 class=\"wp-block-heading\">Haftungsausschluss<\/h2>\n\n\n\n<p>Der Herausgeber dieser Homepage \u00fcbernimmt keinerlei Gew\u00e4hr f\u00fcr die \nKorrektheit, Aktualit\u00e4t, Vollst\u00e4ndigkeit oder Qualit\u00e4t der \nbereitgestellten Informationen. Der Herausgeber beh\u00e4lt es sich \nausdr\u00fccklich vor, Teile der Seiten oder das Angebot ohne gesonderte \nAnk\u00fcndigung zu ver\u00e4ndern, zu erg\u00e4nzen, zu l\u00f6schen oder die \nVer\u00f6ffentlichung zeitweise oder gar endg\u00fcltig einzustellen. \nHaftungsanspr\u00fcche gegen den Inhaber, die sich auf Sch\u00e4den materieller \noder ideeller Art beziehen, welche durch die Nutzung oder Nichtnutzung \nder dargebotenen Informationen bzw. durch die Nutzung fehlerhafter und \nunvollst\u00e4ndiger Informationen verursacht wurden sind ausgeschlossen.<\/p>\n\n\n\n<h4 class=\"wp-block-heading\">Inhaltlich verantwortlich gem\u00e4\u00df \u00a7 55 Abs. 2 RStV:<\/h4>\n\n\n\n<p>Dipl. Ing. Gregor L. Weyer <\/p>\n\n\n\n<h4 class=\"wp-block-heading\">Technischer Hinweis:<\/h4>\n\n\n\n<p>Um die angebotenen PDF-Dateien lesen und drucken zu k\u00f6nnen, wird der Adobe Reader (oder ein gleichwertiges Programm) ben\u00f6tigt.<\/p>\n\n\n\n<p><strong>Verantwortlich im Sinne des Pressegesetzes:<\/strong><\/p>\n\n\n\n<p>Dipl. Ing. Gregor Weyer<\/p>\n\n\n\n<p><strong>Copyright:<\/strong><\/p>\n\n\n\n<p>Copyright 2020<br> LUP \u2013 Luftbild Umwelt Planung GmbH<\/p>\n","protected":false},"excerpt":{"rendered":"<p>ZAN gGmbH Donarstr. 17 D-14482 Potsdamfon +49 331 275 77 -30 Fax +49 331 275 77 -99Email: info@zan-bb.de Handelsregister: Potsdam HRB 1234P Amtsgericht Potsdam UStID.: DE30 123 45 67 Gesch\u00e4ftsf\u00fchrer: Dipl. Ing. Gregor L. Weyer Haftungsausschluss Der Herausgeber dieser Homepage \u00fcbernimmt keinerlei Gew\u00e4hr f\u00fcr die Korrektheit, Aktualit\u00e4t, Vollst\u00e4ndigkeit oder Qualit\u00e4t der bereitgestellten Informationen. Der Herausgeber &hellip; <\/p>\n<p class=\"link-more\"><a href=\"https:\/\/zan-bb.de\/?page_id=29\" class=\"more-link\"><span class=\"screen-reader-text\">\u201eImpressum\u201c<\/span> weiterlesen<\/a><\/p>\n","protected":false},"author":1,"featured_media":0,"parent":0,"menu_order":0,"comment_status":"closed","ping_status":"closed","template":"","meta":{"footnotes":""},"yoast_head":"<!-- This site is optimized with the Yoast SEO plugin v21.9.1 - https:\/\/yoast.com\/wordpress\/plugins\/seo\/ -->\n<title>Impressum - ZAN-bb<\/title>\n<meta name=\"robots\" content=\"index, follow, max-snippet:-1, max-image-preview:large, max-video-preview:-1\" \/>\n<link rel=\"canonical\" href=\"http:\/\/zan-bb.de\/?page_id=29\" \/>\n<meta property=\"og:locale\" content=\"de_DE\" \/>\n<meta property=\"og:type\" content=\"article\" \/>\n<meta property=\"og:title\" content=\"Impressum - ZAN-bb\" \/>\n<meta property=\"og:description\" content=\"ZAN gGmbH Donarstr. 17 D-14482 Potsdamfon +49 331 275 77 -30 Fax +49 331 275 77 -99Email: info@zan-bb.de Handelsregister: Potsdam HRB 1234P Amtsgericht Potsdam UStID.: DE30 123 45 67 Gesch\u00e4ftsf\u00fchrer: Dipl. Ing. Gregor L. Weyer Haftungsausschluss Der Herausgeber dieser Homepage \u00fcbernimmt keinerlei Gew\u00e4hr f\u00fcr die Korrektheit, Aktualit\u00e4t, Vollst\u00e4ndigkeit oder Qualit\u00e4t der bereitgestellten Informationen. Der Herausgeber &hellip; \u201eImpressum\u201c weiterlesen\" \/>\n<meta property=\"og:url\" content=\"http:\/\/zan-bb.de\/?page_id=29\" \/>\n<meta property=\"og:site_name\" content=\"ZAN-bb\" \/>\n<meta property=\"article:modified_time\" content=\"2023-11-29T09:14:03+00:00\" \/>\n<meta property=\"og:image\" content=\"http:\/\/zan-bb.de\/wp-content\/uploads\/2020\/05\/cropped-ZAN-logo-color.jpg\" \/>\n<meta name=\"twitter:card\" content=\"summary_large_image\" \/>\n<meta name=\"twitter:label1\" content=\"Gesch\u00e4tzte Lesezeit\" \/>\n\t<meta name=\"twitter:data1\" content=\"2\u00a0Minuten\" \/>\n<script type=\"application\/ld+json\" class=\"yoast-schema-graph\">{\"@context\":\"https:\/\/schema.org\",\"@graph\":[{\"@type\":\"WebPage\",\"@id\":\"http:\/\/zan-bb.de\/?page_id=29\",\"url\":\"http:\/\/zan-bb.de\/?page_id=29\",\"name\":\"Impressum - ZAN-bb\",\"isPartOf\":{\"@id\":\"https:\/\/zan-bb.de\/#website\"},\"datePublished\":\"2020-05-07T13:29:03+00:00\",\"dateModified\":\"2023-11-29T09:14:03+00:00\",\"breadcrumb\":{\"@id\":\"http:\/\/zan-bb.de\/?page_id=29#breadcrumb\"},\"inLanguage\":\"de\",\"potentialAction\":[{\"@type\":\"ReadAction\",\"target\":[\"http:\/\/zan-bb.de\/?page_id=29\"]}]},{\"@type\":\"BreadcrumbList\",\"@id\":\"http:\/\/zan-bb.de\/?page_id=29#breadcrumb\",\"itemListElement\":[{\"@type\":\"ListItem\",\"position\":1,\"name\":\"Startseite\",\"item\":\"https:\/\/zan-bb.de\/\"},{\"@type\":\"ListItem\",\"position\":2,\"name\":\"Impressum\"}]},{\"@type\":\"WebSite\",\"@id\":\"https:\/\/zan-bb.de\/#website\",\"url\":\"https:\/\/zan-bb.de\/\",\"name\":\"ZAN-bb\",\"description\":\"Zentrum angewandter Naturschutz in Brandenburg gGmbH\",\"publisher\":{\"@id\":\"https:\/\/zan-bb.de\/#organization\"},\"potentialAction\":[{\"@type\":\"SearchAction\",\"target\":{\"@type\":\"EntryPoint\",\"urlTemplate\":\"https:\/\/zan-bb.de\/?s={search_term_string}\"},\"query-input\":\"required name=search_term_string\"}],\"inLanguage\":\"de\"},{\"@type\":\"Organization\",\"@id\":\"https:\/\/zan-bb.de\/#organization\",\"name\":\"ZAN-bb\",\"url\":\"https:\/\/zan-bb.de\/\",\"logo\":{\"@type\":\"ImageObject\",\"inLanguage\":\"de\",\"@id\":\"https:\/\/zan-bb.de\/#\/schema\/logo\/image\/\",\"url\":\"https:\/\/zan-bb.de\/wp-content\/uploads\/2020\/05\/cropped-ZAN-logo-trans.png\",\"contentUrl\":\"https:\/\/zan-bb.de\/wp-content\/uploads\/2020\/05\/cropped-ZAN-logo-trans.png\",\"width\":250,\"height\":250,\"caption\":\"ZAN-bb\"},\"image\":{\"@id\":\"https:\/\/zan-bb.de\/#\/schema\/logo\/image\/\"}}]}<\/script>\n<!-- \/ Yoast SEO plugin. -->","yoast_head_json":{"title":"Impressum - ZAN-bb","robots":{"index":"index","follow":"follow","max-snippet":"max-snippet:-1","max-image-preview":"max-image-preview:large","max-video-preview":"max-video-preview:-1"},"canonical":"http:\/\/zan-bb.de\/?page_id=29","og_locale":"de_DE","og_type":"article","og_title":"Impressum - ZAN-bb","og_description":"ZAN gGmbH Donarstr. 17 D-14482 Potsdamfon +49 331 275 77 -30 Fax +49 331 275 77 -99Email: info@zan-bb.de Handelsregister: Potsdam HRB 1234P Amtsgericht Potsdam UStID.: DE30 123 45 67 Gesch\u00e4ftsf\u00fchrer: Dipl. Ing. Gregor L. Weyer Haftungsausschluss Der Herausgeber dieser Homepage \u00fcbernimmt keinerlei Gew\u00e4hr f\u00fcr die Korrektheit, Aktualit\u00e4t, Vollst\u00e4ndigkeit oder Qualit\u00e4t der bereitgestellten Informationen. Der Herausgeber &hellip; \u201eImpressum\u201c weiterlesen","og_url":"http:\/\/zan-bb.de\/?page_id=29","og_site_name":"ZAN-bb","article_modified_time":"2023-11-29T09:14:03+00:00","og_image":[{"url":"http:\/\/zan-bb.de\/wp-content\/uploads\/2020\/05\/cropped-ZAN-logo-color.jpg"}],"twitter_card":"summary_large_image","twitter_misc":{"Gesch\u00e4tzte Lesezeit":"2\u00a0Minuten"},"schema":{"@context":"https:\/\/schema.org","@graph":[{"@type":"WebPage","@id":"http:\/\/zan-bb.de\/?page_id=29","url":"http:\/\/zan-bb.de\/?page_id=29","name":"Impressum - ZAN-bb","isPartOf":{"@id":"https:\/\/zan-bb.de\/#website"},"datePublished":"2020-05-07T13:29:03+00:00","dateModified":"2023-11-29T09:14:03+00:00","breadcrumb":{"@id":"http:\/\/zan-bb.de\/?page_id=29#breadcrumb"},"inLanguage":"de","potentialAction":[{"@type":"ReadAction","target":["http:\/\/zan-bb.de\/?page_id=29"]}]},{"@type":"BreadcrumbList","@id":"http:\/\/zan-bb.de\/?page_id=29#breadcrumb","itemListElement":[{"@type":"ListItem","position":1,"name":"Startseite","item":"https:\/\/zan-bb.de\/"},{"@type":"ListItem","position":2,"name":"Impressum"}]},{"@type":"WebSite","@id":"https:\/\/zan-bb.de\/#website","url":"https:\/\/zan-bb.de\/","name":"ZAN-bb","description":"Zentrum angewandter Naturschutz in Brandenburg gGmbH","publisher":{"@id":"https:\/\/zan-bb.de\/#organization"},"potentialAction":[{"@type":"SearchAction","target":{"@type":"EntryPoint","urlTemplate":"https:\/\/zan-bb.de\/?s={search_term_string}"},"query-input":"required name=search_term_string"}],"inLanguage":"de"},{"@type":"Organization","@id":"https:\/\/zan-bb.de\/#organization","name":"ZAN-bb","url":"https:\/\/zan-bb.de\/","logo":{"@type":"ImageObject","inLanguage":"de","@id":"https:\/\/zan-bb.de\/#\/schema\/logo\/image\/","url":"https:\/\/zan-bb.de\/wp-content\/uploads\/2020\/05\/cropped-ZAN-logo-trans.png","contentUrl":"https:\/\/zan-bb.de\/wp-content\/uploads\/2020\/05\/cropped-ZAN-logo-trans.png","width":250,"height":250,"caption":"ZAN-bb"},"image":{"@id":"https:\/\/zan-bb.de\/#\/schema\/logo\/image\/"}}]}},"_links":{"self":[{"href":"https:\/\/zan-bb.de\/index.php?rest_route=\/wp\/v2\/pages\/29"}],"collection":[{"href":"https:\/\/zan-bb.de\/index.php?rest_route=\/wp\/v2\/pages"}],"about":[{"href":"https:\/\/zan-bb.de\/index.php?rest_route=\/wp\/v2\/types\/page"}],"author":[{"embeddable":true,"href":"https:\/\/zan-bb.de\/index.php?rest_route=\/wp\/v2\/users\/1"}],"replies":[{"embeddable":true,"href":"https:\/\/zan-bb.de\/index.php?rest_route=%2Fwp%2Fv2%2Fcomments&post=29"}],"version-history":[{"count":4,"href":"https:\/\/zan-bb.de\/index.php?rest_route=\/wp\/v2\/pages\/29\/revisions"}],"predecessor-version":[{"id":504,"href":"https:\/\/zan-bb.de\/index.php?rest_route=\/wp\/v2\/pages\/29\/revisions\/504"}],"wp:attachment":[{"href":"https:\/\/zan-bb.de\/index.php?rest_route=%2Fwp%2Fv2%2Fmedia&parent=29"}],"curies":[{"name":"wp","href":"https:\/\/api.w.org\/{rel}","templated":true}]}}