{"id":398,"date":"2023-11-23T08:35:12","date_gmt":"2023-11-23T08:35:12","guid":{"rendered":"https:\/\/zan-bb.de\/?page_id=398"},"modified":"2023-12-13T11:55:24","modified_gmt":"2023-12-13T11:55:24","slug":"ffh-gebiet-kienheide","status":"publish","type":"page","link":"https:\/\/zan-bb.de\/?page_id=398","title":{"rendered":"FFH-Gebiet Kienheide"},"content":{"rendered":"<div class=\"wp-block-image\">\n<figure class=\"aligncenter size-large is-resized\"><img loading=\"lazy\" decoding=\"async\" width=\"1024\" height=\"768\" src=\"http:\/\/zan-bb.de\/wp-content\/uploads\/2023\/12\/IMG_2676-1024x768.jpg\" alt=\"\" class=\"wp-image-624\" style=\"aspect-ratio:1.3333333333333333;width:482px;height:auto\" srcset=\"https:\/\/zan-bb.de\/wp-content\/uploads\/2023\/12\/IMG_2676-1024x768.jpg 1024w, https:\/\/zan-bb.de\/wp-content\/uploads\/2023\/12\/IMG_2676-300x225.jpg 300w, https:\/\/zan-bb.de\/wp-content\/uploads\/2023\/12\/IMG_2676-768x576.jpg 768w, https:\/\/zan-bb.de\/wp-content\/uploads\/2023\/12\/IMG_2676-1536x1152.jpg 1536w, https:\/\/zan-bb.de\/wp-content\/uploads\/2023\/12\/IMG_2676-2048x1536.jpg 2048w\" sizes=\"(max-width: 767px) 89vw, (max-width: 1000px) 54vw, (max-width: 1071px) 543px, 580px\" \/><figcaption class=\"wp-element-caption\">FFH-Gebiet &#8222;Kienheide&#8220;<\/figcaption><\/figure><\/div>\n\n\n<p>Das FFH-Gebiet \u201eKienheide\u201c (DE 3849-303) befindet sich s\u00fcd\u00f6stlich von Berlin im Naturpark \u201eDahme-Heideseen\u201c und nimmt insgesamt eine Fl\u00e4che von etwa 920 ha ein. Es liegt innerhalb der naturr\u00e4umlichen Landschaftseinheit Dahme-Seengebiet und ist Bestandteil der Talsandebene der Storkower Heide sowie im Osten angrenzender Grundmor\u00e4nenbereiche. Die Projektfl\u00e4che befindet sich im Teilbereich Bugker Sahara im nordwestlichen Randbereich des FFH-Gebietes zwischen der Ortschaft Bugk im Westen und dem Gro\u00dfen Wucksee im Osten.<\/p>\n\n\n\n<p>Die \u201eKienheide\u201c ist u.a. mit dem Ziel als FFH-Gebiet in das Natura 2000-Netz aufgenommen worden, um den hier vorkommenden FFH-Lebensraumtypen \u201eMitteleurop\u00e4ische Flechten-Kiefernw\u00e4lder\u201c (LRT 91T0), einschlie\u00dflich ihrer an sie gebundenen Tier- und Pflanzenarten, zu erhalten und zu entwickeln.<\/p>\n\n\n\n<p><strong>Pflegema\u00dfnahmen<\/strong><\/p>\n\n\n\n<p>Im FFH-Gebiet &#8222;Kienheide&#8220; werden auf 14 ha der Lebensraumtyp \u201eMitteleurop\u00e4ische Flechten-Kiefernw\u00e4lder\u201c (LRT 91T0) revitalisiert.<\/p>\n\n\n\n<ul>\n<li>Partielle Geh\u00f6lzauflichtung im Bauernkiefernwald (Erhalt und Verbesserung des 91T0 LRT) und im Stangenkiefernforst (Entwicklung zum 91T0 LRT) <\/li>\n\n\n\n<li>Vollst\u00e4ndige Beseitigung nicht standortgerechter Geh\u00f6lze mit Ziehung des Wurzelstocks <\/li>\n\n\n\n<li>Beseitigung von Kaktusmoos aus Flechtenteppichen<\/li>\n\n\n\n<li>Schoppern \/ Plaggen zur Entfernung der Moos- und Humusauflage bzw. Schaffung von Rohboden in belichteten Bereichen<\/li>\n\n\n\n<li>Sammeln von Flechtenmaterial aus kaktusmoosfreien Spenderfl\u00e4chen und Ausbringung auf Rohbodenstandorten (manuell)<\/li>\n<\/ul>\n\n\n\n<p>Die Beseitigung von Kaktusmoos aus Flechtenteppichen wird im FFH-Gebiet &#8222;Kienheide&#8220; erstmalig umgesetzt. Die Naturwacht Dahme-Heideseen wird nach Abschluss der Ma\u00dfnahmen den Ma\u00dfnahmenerfolg, insbesondere hinsichtlich der Flechten vs. Kaktusmoosentwicklung durch ein Monitoring begleiten, das kann wertvolle Erkenntnisse \u00fcber die Nachhaltigkeit solcher Ma\u00dfnahmen liefern. Das Projekt kann wegweisend f\u00fcr \u00e4hnliche Projekte in der Zukunft sein.<\/p>\n\n\n<div class=\"wp-block-image\">\n<figure class=\"aligncenter size-large is-resized\"><img loading=\"lazy\" decoding=\"async\" width=\"1024\" height=\"768\" src=\"http:\/\/zan-bb.de\/wp-content\/uploads\/2023\/12\/IMG_3452-1024x768.jpg\" alt=\"\" class=\"wp-image-626\" style=\"aspect-ratio:1.3333333333333333;width:468px;height:auto\" srcset=\"https:\/\/zan-bb.de\/wp-content\/uploads\/2023\/12\/IMG_3452-1024x768.jpg 1024w, https:\/\/zan-bb.de\/wp-content\/uploads\/2023\/12\/IMG_3452-300x225.jpg 300w, https:\/\/zan-bb.de\/wp-content\/uploads\/2023\/12\/IMG_3452-768x576.jpg 768w, https:\/\/zan-bb.de\/wp-content\/uploads\/2023\/12\/IMG_3452-1536x1152.jpg 1536w, https:\/\/zan-bb.de\/wp-content\/uploads\/2023\/12\/IMG_3452-2048x1536.jpg 2048w\" sizes=\"(max-width: 767px) 89vw, (max-width: 1000px) 54vw, (max-width: 1071px) 543px, 580px\" \/><figcaption class=\"wp-element-caption\">Pflegema\u00dfnahme Schoppern \/ Plaggen<\/figcaption><\/figure><\/div>","protected":false},"excerpt":{"rendered":"<p>Das FFH-Gebiet \u201eKienheide\u201c (DE 3849-303) befindet sich s\u00fcd\u00f6stlich von Berlin im Naturpark \u201eDahme-Heideseen\u201c und nimmt insgesamt eine Fl\u00e4che von etwa 920 ha ein. Es liegt innerhalb der naturr\u00e4umlichen Landschaftseinheit Dahme-Seengebiet und ist Bestandteil der Talsandebene der Storkower Heide sowie im Osten angrenzender Grundmor\u00e4nenbereiche. Die Projektfl\u00e4che befindet sich im Teilbereich Bugker Sahara im nordwestlichen Randbereich des &hellip; <\/p>\n<p class=\"link-more\"><a href=\"https:\/\/zan-bb.de\/?page_id=398\" class=\"more-link\"><span class=\"screen-reader-text\">\u201eFFH-Gebiet Kienheide\u201c<\/span> weiterlesen<\/a><\/p>\n","protected":false},"author":1,"featured_media":0,"parent":0,"menu_order":0,"comment_status":"closed","ping_status":"closed","template":"","meta":{"footnotes":""},"yoast_head":"<!-- This site is optimized with the Yoast SEO plugin v21.9.1 - https:\/\/yoast.com\/wordpress\/plugins\/seo\/ -->\n<title>FFH-Gebiet Kienheide - ZAN-bb<\/title>\n<meta name=\"robots\" content=\"index, follow, max-snippet:-1, max-image-preview:large, max-video-preview:-1\" \/>\n<link rel=\"canonical\" href=\"http:\/\/zan-bb.de\/?page_id=398\" \/>\n<meta property=\"og:locale\" content=\"de_DE\" \/>\n<meta property=\"og:type\" content=\"article\" \/>\n<meta property=\"og:title\" content=\"FFH-Gebiet Kienheide - ZAN-bb\" \/>\n<meta property=\"og:description\" content=\"Das FFH-Gebiet \u201eKienheide\u201c (DE 3849-303) befindet sich s\u00fcd\u00f6stlich von Berlin im Naturpark \u201eDahme-Heideseen\u201c und nimmt insgesamt eine Fl\u00e4che von etwa 920 ha ein. Es liegt innerhalb der naturr\u00e4umlichen Landschaftseinheit Dahme-Seengebiet und ist Bestandteil der Talsandebene der Storkower Heide sowie im Osten angrenzender Grundmor\u00e4nenbereiche. Die Projektfl\u00e4che befindet sich im Teilbereich Bugker Sahara im nordwestlichen Randbereich des &hellip; \u201eFFH-Gebiet Kienheide\u201c weiterlesen\" \/>\n<meta property=\"og:url\" content=\"http:\/\/zan-bb.de\/?page_id=398\" \/>\n<meta property=\"og:site_name\" content=\"ZAN-bb\" \/>\n<meta property=\"article:modified_time\" content=\"2023-12-13T11:55:24+00:00\" \/>\n<meta property=\"og:image\" content=\"http:\/\/zan-bb.de\/wp-content\/uploads\/2023\/12\/IMG_2676-1024x768.jpg\" \/>\n<meta name=\"twitter:card\" content=\"summary_large_image\" \/>\n<meta name=\"twitter:label1\" content=\"Gesch\u00e4tzte Lesezeit\" \/>\n\t<meta name=\"twitter:data1\" content=\"2\u00a0Minuten\" \/>\n<script type=\"application\/ld+json\" class=\"yoast-schema-graph\">{\"@context\":\"https:\/\/schema.org\",\"@graph\":[{\"@type\":\"WebPage\",\"@id\":\"http:\/\/zan-bb.de\/?page_id=398\",\"url\":\"http:\/\/zan-bb.de\/?page_id=398\",\"name\":\"FFH-Gebiet Kienheide - ZAN-bb\",\"isPartOf\":{\"@id\":\"https:\/\/zan-bb.de\/#website\"},\"datePublished\":\"2023-11-23T08:35:12+00:00\",\"dateModified\":\"2023-12-13T11:55:24+00:00\",\"breadcrumb\":{\"@id\":\"http:\/\/zan-bb.de\/?page_id=398#breadcrumb\"},\"inLanguage\":\"de\",\"potentialAction\":[{\"@type\":\"ReadAction\",\"target\":[\"http:\/\/zan-bb.de\/?page_id=398\"]}]},{\"@type\":\"BreadcrumbList\",\"@id\":\"http:\/\/zan-bb.de\/?page_id=398#breadcrumb\",\"itemListElement\":[{\"@type\":\"ListItem\",\"position\":1,\"name\":\"Startseite\",\"item\":\"https:\/\/zan-bb.de\/\"},{\"@type\":\"ListItem\",\"position\":2,\"name\":\"FFH-Gebiet Kienheide\"}]},{\"@type\":\"WebSite\",\"@id\":\"https:\/\/zan-bb.de\/#website\",\"url\":\"https:\/\/zan-bb.de\/\",\"name\":\"ZAN-bb\",\"description\":\"Zentrum angewandter Naturschutz in Brandenburg gGmbH\",\"publisher\":{\"@id\":\"https:\/\/zan-bb.de\/#organization\"},\"potentialAction\":[{\"@type\":\"SearchAction\",\"target\":{\"@type\":\"EntryPoint\",\"urlTemplate\":\"https:\/\/zan-bb.de\/?s={search_term_string}\"},\"query-input\":\"required name=search_term_string\"}],\"inLanguage\":\"de\"},{\"@type\":\"Organization\",\"@id\":\"https:\/\/zan-bb.de\/#organization\",\"name\":\"ZAN-bb\",\"url\":\"https:\/\/zan-bb.de\/\",\"logo\":{\"@type\":\"ImageObject\",\"inLanguage\":\"de\",\"@id\":\"https:\/\/zan-bb.de\/#\/schema\/logo\/image\/\",\"url\":\"https:\/\/zan-bb.de\/wp-content\/uploads\/2020\/05\/cropped-ZAN-logo-trans.png\",\"contentUrl\":\"https:\/\/zan-bb.de\/wp-content\/uploads\/2020\/05\/cropped-ZAN-logo-trans.png\",\"width\":250,\"height\":250,\"caption\":\"ZAN-bb\"},\"image\":{\"@id\":\"https:\/\/zan-bb.de\/#\/schema\/logo\/image\/\"}}]}<\/script>\n<!-- \/ Yoast SEO plugin. -->","yoast_head_json":{"title":"FFH-Gebiet Kienheide - ZAN-bb","robots":{"index":"index","follow":"follow","max-snippet":"max-snippet:-1","max-image-preview":"max-image-preview:large","max-video-preview":"max-video-preview:-1"},"canonical":"http:\/\/zan-bb.de\/?page_id=398","og_locale":"de_DE","og_type":"article","og_title":"FFH-Gebiet Kienheide - ZAN-bb","og_description":"Das FFH-Gebiet \u201eKienheide\u201c (DE 3849-303) befindet sich s\u00fcd\u00f6stlich von Berlin im Naturpark \u201eDahme-Heideseen\u201c und nimmt insgesamt eine Fl\u00e4che von etwa 920 ha ein. Es liegt innerhalb der naturr\u00e4umlichen Landschaftseinheit Dahme-Seengebiet und ist Bestandteil der Talsandebene der Storkower Heide sowie im Osten angrenzender Grundmor\u00e4nenbereiche. Die Projektfl\u00e4che befindet sich im Teilbereich Bugker Sahara im nordwestlichen Randbereich des &hellip; \u201eFFH-Gebiet Kienheide\u201c weiterlesen","og_url":"http:\/\/zan-bb.de\/?page_id=398","og_site_name":"ZAN-bb","article_modified_time":"2023-12-13T11:55:24+00:00","og_image":[{"url":"http:\/\/zan-bb.de\/wp-content\/uploads\/2023\/12\/IMG_2676-1024x768.jpg"}],"twitter_card":"summary_large_image","twitter_misc":{"Gesch\u00e4tzte Lesezeit":"2\u00a0Minuten"},"schema":{"@context":"https:\/\/schema.org","@graph":[{"@type":"WebPage","@id":"http:\/\/zan-bb.de\/?page_id=398","url":"http:\/\/zan-bb.de\/?page_id=398","name":"FFH-Gebiet Kienheide - ZAN-bb","isPartOf":{"@id":"https:\/\/zan-bb.de\/#website"},"datePublished":"2023-11-23T08:35:12+00:00","dateModified":"2023-12-13T11:55:24+00:00","breadcrumb":{"@id":"http:\/\/zan-bb.de\/?page_id=398#breadcrumb"},"inLanguage":"de","potentialAction":[{"@type":"ReadAction","target":["http:\/\/zan-bb.de\/?page_id=398"]}]},{"@type":"BreadcrumbList","@id":"http:\/\/zan-bb.de\/?page_id=398#breadcrumb","itemListElement":[{"@type":"ListItem","position":1,"name":"Startseite","item":"https:\/\/zan-bb.de\/"},{"@type":"ListItem","position":2,"name":"FFH-Gebiet Kienheide"}]},{"@type":"WebSite","@id":"https:\/\/zan-bb.de\/#website","url":"https:\/\/zan-bb.de\/","name":"ZAN-bb","description":"Zentrum angewandter Naturschutz in Brandenburg gGmbH","publisher":{"@id":"https:\/\/zan-bb.de\/#organization"},"potentialAction":[{"@type":"SearchAction","target":{"@type":"EntryPoint","urlTemplate":"https:\/\/zan-bb.de\/?s={search_term_string}"},"query-input":"required name=search_term_string"}],"inLanguage":"de"},{"@type":"Organization","@id":"https:\/\/zan-bb.de\/#organization","name":"ZAN-bb","url":"https:\/\/zan-bb.de\/","logo":{"@type":"ImageObject","inLanguage":"de","@id":"https:\/\/zan-bb.de\/#\/schema\/logo\/image\/","url":"https:\/\/zan-bb.de\/wp-content\/uploads\/2020\/05\/cropped-ZAN-logo-trans.png","contentUrl":"https:\/\/zan-bb.de\/wp-content\/uploads\/2020\/05\/cropped-ZAN-logo-trans.png","width":250,"height":250,"caption":"ZAN-bb"},"image":{"@id":"https:\/\/zan-bb.de\/#\/schema\/logo\/image\/"}}]}},"_links":{"self":[{"href":"https:\/\/zan-bb.de\/index.php?rest_route=\/wp\/v2\/pages\/398"}],"collection":[{"href":"https:\/\/zan-bb.de\/index.php?rest_route=\/wp\/v2\/pages"}],"about":[{"href":"https:\/\/zan-bb.de\/index.php?rest_route=\/wp\/v2\/types\/page"}],"author":[{"embeddable":true,"href":"https:\/\/zan-bb.de\/index.php?rest_route=\/wp\/v2\/users\/1"}],"replies":[{"embeddable":true,"href":"https:\/\/zan-bb.de\/index.php?rest_route=%2Fwp%2Fv2%2Fcomments&post=398"}],"version-history":[{"count":12,"href":"https:\/\/zan-bb.de\/index.php?rest_route=\/wp\/v2\/pages\/398\/revisions"}],"predecessor-version":[{"id":948,"href":"https:\/\/zan-bb.de\/index.php?rest_route=\/wp\/v2\/pages\/398\/revisions\/948"}],"wp:attachment":[{"href":"https:\/\/zan-bb.de\/index.php?rest_route=%2Fwp%2Fv2%2Fmedia&parent=398"}],"curies":[{"name":"wp","href":"https:\/\/api.w.org\/{rel}","templated":true}]}}