{"id":41,"date":"2020-05-07T13:50:36","date_gmt":"2020-05-07T13:50:36","guid":{"rendered":"http:\/\/zan-bb.de\/?page_id=41"},"modified":"2023-12-19T09:12:10","modified_gmt":"2023-12-19T09:12:10","slug":"pflege-malte","status":"publish","type":"page","link":"https:\/\/zan-bb.de\/?page_id=41","title":{"rendered":"FFH-Gebiet Heide Malterhausen"},"content":{"rendered":"\n<div class=\"wp-block-columns is-layout-flex wp-container-core-columns-layout-1 wp-block-columns-is-layout-flex\">\n<div class=\"wp-block-column is-layout-flow wp-block-column-is-layout-flow\">\n<figure class=\"wp-block-image size-full is-resized\"><img loading=\"lazy\" decoding=\"async\" width=\"532\" height=\"348\" src=\"http:\/\/zan-bb.de\/wp-content\/uploads\/2023\/12\/789.png\" alt=\"\" class=\"wp-image-961\" style=\"aspect-ratio:1.528735632183908;width:365px;height:auto\" srcset=\"https:\/\/zan-bb.de\/wp-content\/uploads\/2023\/12\/789.png 532w, https:\/\/zan-bb.de\/wp-content\/uploads\/2023\/12\/789-300x196.png 300w\" sizes=\"(max-width: 532px) 100vw, 532px\" \/><figcaption class=\"wp-element-caption\">FFH-Gebiet vor den Pflegema\u00dfnahmen<\/figcaption><\/figure>\n<\/div>\n\n\n\n<div class=\"wp-block-column is-layout-flow wp-block-column-is-layout-flow\">\n<figure class=\"wp-block-image size-full is-resized\"><img loading=\"lazy\" decoding=\"async\" width=\"526\" height=\"348\" src=\"http:\/\/zan-bb.de\/wp-content\/uploads\/2023\/12\/417.png\" alt=\"\" class=\"wp-image-960\" style=\"aspect-ratio:1.5114942528735633;width:363px;height:auto\" srcset=\"https:\/\/zan-bb.de\/wp-content\/uploads\/2023\/12\/417.png 526w, https:\/\/zan-bb.de\/wp-content\/uploads\/2023\/12\/417-300x198.png 300w\" sizes=\"(max-width: 526px) 100vw, 526px\" \/><figcaption class=\"wp-element-caption\">FFH-Gebiet nach den Pflegema\u00dfnahmen<\/figcaption><\/figure>\n<\/div>\n<\/div>\n\n\n\n<p>Das Fauna-Flora-Habitat-Gebiet \u201eHeide Malterhausen\u201c (DE 3943-303) befindet sich im Landkreis Teltow-Fl\u00e4ming in unmittelbarer N\u00e4he zur Siedlung Altes Lager bei J\u00fcterbog. Nach dem zweiten Weltkrieg wurden die Fl\u00e4chen im Zeitraum von 1960 bis 1990 von den sowjetischen Westtruppen als Infanterieschie\u00dfplatz genutzt. Die jahrzehntelange milit\u00e4rische Nutzung, welche die aufkommende Vegetation immer wieder vernichtete, brachte weitr\u00e4umige und n\u00e4hrstoffarme Offenlandschaften hervor, die sich durch europaweit seltene und gef\u00e4hrdete Lebensraumtypen und Arten auszeichnen. <\/p>\n\n\n\n<p>Die 247 ha gro\u00dfe \u201eHeide Malterhausen\u201c ist mit dem Ziel als FFH-Gebiet in das Natura 2000-Netz aufgenommen worden, um den hier vorkommenden FFH-Lebensraumtyp \u201eTrockene europ\u00e4ische Heiden\u201c (LRT 4030), einschlie\u00dflich seiner an ihn gebundenen Tier- und Pflanzenarten zu erhalten und zu entwickeln. Laut Standarddatenbogen sind f\u00fcr das FFH-Gebiet \u201eHeide Malterhausen\u201c im Jahr 2012 insgesamt 82,3 ha des LRT 4030 gemeldet worden (Fortschreibung Standarddatenbogen, SDB 2015).<\/p>\n\n\n\n<p><strong>Pflegema\u00dfnahmen<\/strong><\/p>\n\n\n\n<p>Im FFH-Gebiet &#8222;Heide Malterhausen&#8220; wurde auf 42 ha der Lebensraumtyp trockene europ\u00e4ische Heide (LRT 4030) revitalisiert. <\/p>\n\n\n\n<ul>\n<li>Es wurden \u00fcber 25.000 St\u00e4mme entfernt (Vornehmlich Birkenaufwuchs).<\/li>\n\n\n\n<li>Es wurden 150.000 qm stark eutrophierte Heide durch Plaggen zur\u00fcck gesetzt.<\/li>\n\n\n\n<li>Es wurden 15 ha \u00fcberaltete Heide bodennah abgetrennt, um einen vitalen Wuchs zu f\u00f6rdern.<\/li>\n<\/ul>\n\n\n\n<p>Durch die erfolgten Pflegema\u00dfnahmen kann jetzt auf der gesamten Fl\u00e4che von 42 ha eine preiswerte und dauerhafte Pflege durch Beweidung erfolgen. Die Beweidung mit robusten Schafsorten und Ziegen unterdr\u00fcckt erfolgreich die Besiedlung des Offenlands mit Sukzessionsgeh\u00f6lzen. <\/p>\n\n\n\n<p>In der &#8222;Heide Malterhausen&#8220; ist somit der Erhalt dieses empfindlichen und pflegebed\u00fcrftigen Lebensraums gesichert. <\/p>\n\n\n<div class=\"wp-block-image\">\n<figure class=\"aligncenter size-full is-resized\"><img loading=\"lazy\" decoding=\"async\" width=\"571\" height=\"379\" src=\"https:\/\/zan-bb.de\/wp-content\/uploads\/2023\/11\/Unbenannt.png\" alt=\"\" class=\"wp-image-306\" style=\"aspect-ratio:1.5065963060686016;width:439px;height:auto\" srcset=\"https:\/\/zan-bb.de\/wp-content\/uploads\/2023\/11\/Unbenannt.png 571w, https:\/\/zan-bb.de\/wp-content\/uploads\/2023\/11\/Unbenannt-300x199.png 300w\" sizes=\"(max-width: 571px) 100vw, 571px\" \/><figcaption class=\"wp-element-caption\">Nach den St\u00e4mmen wurden auch die Wurzeln gerodet. Ohne Roden der Wurzeln w\u00fcrden die Birken zeitnah wieder austreiben, die Heide beschatten und verdr\u00e4ngen.<\/figcaption><\/figure><\/div>\n\n\n<p><\/p>\n\n\n\n<p class=\"has-text-align-center\"> <\/p>\n\n\n\n<p><\/p>\n","protected":false},"excerpt":{"rendered":"<p>Das Fauna-Flora-Habitat-Gebiet \u201eHeide Malterhausen\u201c (DE 3943-303) befindet sich im Landkreis Teltow-Fl\u00e4ming in unmittelbarer N\u00e4he zur Siedlung Altes Lager bei J\u00fcterbog. Nach dem zweiten Weltkrieg wurden die Fl\u00e4chen im Zeitraum von 1960 bis 1990 von den sowjetischen Westtruppen als Infanterieschie\u00dfplatz genutzt. Die jahrzehntelange milit\u00e4rische Nutzung, welche die aufkommende Vegetation immer wieder vernichtete, brachte weitr\u00e4umige und n\u00e4hrstoffarme &hellip; <\/p>\n<p class=\"link-more\"><a href=\"https:\/\/zan-bb.de\/?page_id=41\" class=\"more-link\"><span class=\"screen-reader-text\">\u201eFFH-Gebiet Heide Malterhausen\u201c<\/span> weiterlesen<\/a><\/p>\n","protected":false},"author":1,"featured_media":0,"parent":0,"menu_order":0,"comment_status":"closed","ping_status":"closed","template":"","meta":{"footnotes":""},"yoast_head":"<!-- This site is optimized with the Yoast SEO plugin v21.9.1 - https:\/\/yoast.com\/wordpress\/plugins\/seo\/ -->\n<title>FFH-Gebiet Heide Malterhausen - ZAN-bb<\/title>\n<meta name=\"robots\" content=\"index, follow, max-snippet:-1, max-image-preview:large, max-video-preview:-1\" \/>\n<link rel=\"canonical\" href=\"https:\/\/zan-bb.de\/?page_id=41\" \/>\n<meta property=\"og:locale\" content=\"de_DE\" \/>\n<meta property=\"og:type\" content=\"article\" \/>\n<meta property=\"og:title\" content=\"FFH-Gebiet Heide Malterhausen - ZAN-bb\" \/>\n<meta property=\"og:description\" content=\"Das Fauna-Flora-Habitat-Gebiet \u201eHeide Malterhausen\u201c (DE 3943-303) befindet sich im Landkreis Teltow-Fl\u00e4ming in unmittelbarer N\u00e4he zur Siedlung Altes Lager bei J\u00fcterbog. Nach dem zweiten Weltkrieg wurden die Fl\u00e4chen im Zeitraum von 1960 bis 1990 von den sowjetischen Westtruppen als Infanterieschie\u00dfplatz genutzt. Die jahrzehntelange milit\u00e4rische Nutzung, welche die aufkommende Vegetation immer wieder vernichtete, brachte weitr\u00e4umige und n\u00e4hrstoffarme &hellip; \u201eFFH-Gebiet Heide Malterhausen\u201c weiterlesen\" \/>\n<meta property=\"og:url\" content=\"https:\/\/zan-bb.de\/?page_id=41\" \/>\n<meta property=\"og:site_name\" content=\"ZAN-bb\" \/>\n<meta property=\"article:modified_time\" content=\"2023-12-19T09:12:10+00:00\" \/>\n<meta property=\"og:image\" content=\"http:\/\/zan-bb.de\/wp-content\/uploads\/2023\/12\/789.png\" \/>\n<meta name=\"twitter:card\" content=\"summary_large_image\" \/>\n<meta name=\"twitter:label1\" content=\"Gesch\u00e4tzte Lesezeit\" \/>\n\t<meta name=\"twitter:data1\" content=\"3\u00a0Minuten\" \/>\n<script type=\"application\/ld+json\" class=\"yoast-schema-graph\">{\"@context\":\"https:\/\/schema.org\",\"@graph\":[{\"@type\":\"WebPage\",\"@id\":\"https:\/\/zan-bb.de\/?page_id=41\",\"url\":\"https:\/\/zan-bb.de\/?page_id=41\",\"name\":\"FFH-Gebiet Heide Malterhausen - ZAN-bb\",\"isPartOf\":{\"@id\":\"https:\/\/zan-bb.de\/#website\"},\"datePublished\":\"2020-05-07T13:50:36+00:00\",\"dateModified\":\"2023-12-19T09:12:10+00:00\",\"breadcrumb\":{\"@id\":\"https:\/\/zan-bb.de\/?page_id=41#breadcrumb\"},\"inLanguage\":\"de\",\"potentialAction\":[{\"@type\":\"ReadAction\",\"target\":[\"https:\/\/zan-bb.de\/?page_id=41\"]}]},{\"@type\":\"BreadcrumbList\",\"@id\":\"https:\/\/zan-bb.de\/?page_id=41#breadcrumb\",\"itemListElement\":[{\"@type\":\"ListItem\",\"position\":1,\"name\":\"Startseite\",\"item\":\"https:\/\/zan-bb.de\/\"},{\"@type\":\"ListItem\",\"position\":2,\"name\":\"FFH-Gebiet Heide Malterhausen\"}]},{\"@type\":\"WebSite\",\"@id\":\"https:\/\/zan-bb.de\/#website\",\"url\":\"https:\/\/zan-bb.de\/\",\"name\":\"ZAN-bb\",\"description\":\"Zentrum angewandter Naturschutz in Brandenburg gGmbH\",\"publisher\":{\"@id\":\"https:\/\/zan-bb.de\/#organization\"},\"potentialAction\":[{\"@type\":\"SearchAction\",\"target\":{\"@type\":\"EntryPoint\",\"urlTemplate\":\"https:\/\/zan-bb.de\/?s={search_term_string}\"},\"query-input\":\"required name=search_term_string\"}],\"inLanguage\":\"de\"},{\"@type\":\"Organization\",\"@id\":\"https:\/\/zan-bb.de\/#organization\",\"name\":\"ZAN-bb\",\"url\":\"https:\/\/zan-bb.de\/\",\"logo\":{\"@type\":\"ImageObject\",\"inLanguage\":\"de\",\"@id\":\"https:\/\/zan-bb.de\/#\/schema\/logo\/image\/\",\"url\":\"https:\/\/zan-bb.de\/wp-content\/uploads\/2020\/05\/cropped-ZAN-logo-trans.png\",\"contentUrl\":\"https:\/\/zan-bb.de\/wp-content\/uploads\/2020\/05\/cropped-ZAN-logo-trans.png\",\"width\":250,\"height\":250,\"caption\":\"ZAN-bb\"},\"image\":{\"@id\":\"https:\/\/zan-bb.de\/#\/schema\/logo\/image\/\"}}]}<\/script>\n<!-- \/ Yoast SEO plugin. -->","yoast_head_json":{"title":"FFH-Gebiet Heide Malterhausen - ZAN-bb","robots":{"index":"index","follow":"follow","max-snippet":"max-snippet:-1","max-image-preview":"max-image-preview:large","max-video-preview":"max-video-preview:-1"},"canonical":"https:\/\/zan-bb.de\/?page_id=41","og_locale":"de_DE","og_type":"article","og_title":"FFH-Gebiet Heide Malterhausen - ZAN-bb","og_description":"Das Fauna-Flora-Habitat-Gebiet \u201eHeide Malterhausen\u201c (DE 3943-303) befindet sich im Landkreis Teltow-Fl\u00e4ming in unmittelbarer N\u00e4he zur Siedlung Altes Lager bei J\u00fcterbog. Nach dem zweiten Weltkrieg wurden die Fl\u00e4chen im Zeitraum von 1960 bis 1990 von den sowjetischen Westtruppen als Infanterieschie\u00dfplatz genutzt. Die jahrzehntelange milit\u00e4rische Nutzung, welche die aufkommende Vegetation immer wieder vernichtete, brachte weitr\u00e4umige und n\u00e4hrstoffarme &hellip; \u201eFFH-Gebiet Heide Malterhausen\u201c weiterlesen","og_url":"https:\/\/zan-bb.de\/?page_id=41","og_site_name":"ZAN-bb","article_modified_time":"2023-12-19T09:12:10+00:00","og_image":[{"url":"http:\/\/zan-bb.de\/wp-content\/uploads\/2023\/12\/789.png"}],"twitter_card":"summary_large_image","twitter_misc":{"Gesch\u00e4tzte Lesezeit":"3\u00a0Minuten"},"schema":{"@context":"https:\/\/schema.org","@graph":[{"@type":"WebPage","@id":"https:\/\/zan-bb.de\/?page_id=41","url":"https:\/\/zan-bb.de\/?page_id=41","name":"FFH-Gebiet Heide Malterhausen - ZAN-bb","isPartOf":{"@id":"https:\/\/zan-bb.de\/#website"},"datePublished":"2020-05-07T13:50:36+00:00","dateModified":"2023-12-19T09:12:10+00:00","breadcrumb":{"@id":"https:\/\/zan-bb.de\/?page_id=41#breadcrumb"},"inLanguage":"de","potentialAction":[{"@type":"ReadAction","target":["https:\/\/zan-bb.de\/?page_id=41"]}]},{"@type":"BreadcrumbList","@id":"https:\/\/zan-bb.de\/?page_id=41#breadcrumb","itemListElement":[{"@type":"ListItem","position":1,"name":"Startseite","item":"https:\/\/zan-bb.de\/"},{"@type":"ListItem","position":2,"name":"FFH-Gebiet Heide Malterhausen"}]},{"@type":"WebSite","@id":"https:\/\/zan-bb.de\/#website","url":"https:\/\/zan-bb.de\/","name":"ZAN-bb","description":"Zentrum angewandter Naturschutz in Brandenburg gGmbH","publisher":{"@id":"https:\/\/zan-bb.de\/#organization"},"potentialAction":[{"@type":"SearchAction","target":{"@type":"EntryPoint","urlTemplate":"https:\/\/zan-bb.de\/?s={search_term_string}"},"query-input":"required name=search_term_string"}],"inLanguage":"de"},{"@type":"Organization","@id":"https:\/\/zan-bb.de\/#organization","name":"ZAN-bb","url":"https:\/\/zan-bb.de\/","logo":{"@type":"ImageObject","inLanguage":"de","@id":"https:\/\/zan-bb.de\/#\/schema\/logo\/image\/","url":"https:\/\/zan-bb.de\/wp-content\/uploads\/2020\/05\/cropped-ZAN-logo-trans.png","contentUrl":"https:\/\/zan-bb.de\/wp-content\/uploads\/2020\/05\/cropped-ZAN-logo-trans.png","width":250,"height":250,"caption":"ZAN-bb"},"image":{"@id":"https:\/\/zan-bb.de\/#\/schema\/logo\/image\/"}}]}},"_links":{"self":[{"href":"https:\/\/zan-bb.de\/index.php?rest_route=\/wp\/v2\/pages\/41"}],"collection":[{"href":"https:\/\/zan-bb.de\/index.php?rest_route=\/wp\/v2\/pages"}],"about":[{"href":"https:\/\/zan-bb.de\/index.php?rest_route=\/wp\/v2\/types\/page"}],"author":[{"embeddable":true,"href":"https:\/\/zan-bb.de\/index.php?rest_route=\/wp\/v2\/users\/1"}],"replies":[{"embeddable":true,"href":"https:\/\/zan-bb.de\/index.php?rest_route=%2Fwp%2Fv2%2Fcomments&post=41"}],"version-history":[{"count":21,"href":"https:\/\/zan-bb.de\/index.php?rest_route=\/wp\/v2\/pages\/41\/revisions"}],"predecessor-version":[{"id":1017,"href":"https:\/\/zan-bb.de\/index.php?rest_route=\/wp\/v2\/pages\/41\/revisions\/1017"}],"wp:attachment":[{"href":"https:\/\/zan-bb.de\/index.php?rest_route=%2Fwp%2Fv2%2Fmedia&parent=41"}],"curies":[{"name":"wp","href":"https:\/\/api.w.org\/{rel}","templated":true}]}}