{"id":517,"date":"2023-11-29T09:31:47","date_gmt":"2023-11-29T09:31:47","guid":{"rendered":"https:\/\/zan-bb.de\/?page_id=517"},"modified":"2023-12-13T09:44:28","modified_gmt":"2023-12-13T09:44:28","slug":"binnenduenenkomplex-woschkow","status":"publish","type":"page","link":"https:\/\/zan-bb.de\/?page_id=517","title":{"rendered":"Binnend\u00fcnenkomplex Woschkow"},"content":{"rendered":"\n<p><strong>EU-Nr.: <\/strong>DE 4350-302<br><strong>Landesnr.:<\/strong> 374<br><strong>Landkreis:<\/strong> Oberspreewald-Lausitz<br><strong>Gebietsgr\u00f6\u00dfe:<\/strong> 118 ha<\/p>\n\n\n\n<p class=\"has-medium-font-size\"><strong>Gebietscharakteristik<\/strong><\/p>\n\n\n\n<p>Das Gebiet liegt zwischen Altd\u00f6bern und Gro\u00dfr\u00e4schenund geh\u00f6rt zum Lasitzer Grenzwall. Die D\u00fcnen mit den offenen Grasfl\u00e4chen sind postglazialen Ursprungs. Das Gebiet geh\u00f6rte teilweise zum Grubenvorfeld des Tagebaues Greifenhain und wird durch mehrere Schneisen und Trassen durchschnitten. Die Artenvielfalt der Bodenflora ist durch die Nutzung entstanden.<\/p>\n\n\n\n<div class=\"wp-block-columns is-layout-flex wp-container-core-columns-layout-1 wp-block-columns-is-layout-flex\">\n<div class=\"wp-block-column is-layout-flow wp-block-column-is-layout-flow\" style=\"flex-basis:33.33%\">\n<p><strong>Ziel-LRT (Anhang I FFH-RL):<\/strong><\/p>\n<\/div>\n\n\n\n<div class=\"wp-block-column is-layout-flow wp-block-column-is-layout-flow\" style=\"flex-basis:66.66%\">\n<p>2310 Trockene Sandheiden mit Calluna und Genista<\/p>\n\n\n\n<p>2330 D\u00fcnen mit offenen Grasfl\u00e4chen mit Corynephorus und Agrostis<\/p>\n<\/div>\n<\/div>\n\n\n\n<div class=\"wp-block-columns is-layout-flex wp-container-core-columns-layout-2 wp-block-columns-is-layout-flex\">\n<div class=\"wp-block-column is-layout-flow wp-block-column-is-layout-flow\">\n<p><\/p>\n<\/div>\n\n\n\n<div class=\"wp-block-column is-layout-flow wp-block-column-is-layout-flow\"><\/div>\n<\/div>\n","protected":false},"excerpt":{"rendered":"<p>EU-Nr.: DE 4350-302Landesnr.: 374Landkreis: Oberspreewald-LausitzGebietsgr\u00f6\u00dfe: 118 ha Gebietscharakteristik Das Gebiet liegt zwischen Altd\u00f6bern und Gro\u00dfr\u00e4schenund geh\u00f6rt zum Lasitzer Grenzwall. Die D\u00fcnen mit den offenen Grasfl\u00e4chen sind postglazialen Ursprungs. Das Gebiet geh\u00f6rte teilweise zum Grubenvorfeld des Tagebaues Greifenhain und wird durch mehrere Schneisen und Trassen durchschnitten. Die Artenvielfalt der Bodenflora ist durch die Nutzung entstanden. Ziel-LRT &hellip; <\/p>\n<p class=\"link-more\"><a href=\"https:\/\/zan-bb.de\/?page_id=517\" class=\"more-link\"><span class=\"screen-reader-text\">\u201eBinnend\u00fcnenkomplex Woschkow\u201c<\/span> weiterlesen<\/a><\/p>\n","protected":false},"author":1,"featured_media":0,"parent":0,"menu_order":0,"comment_status":"closed","ping_status":"closed","template":"","meta":{"footnotes":""},"yoast_head":"<!-- This site is optimized with the Yoast SEO plugin v21.9.1 - https:\/\/yoast.com\/wordpress\/plugins\/seo\/ -->\n<title>Binnend\u00fcnenkomplex Woschkow - ZAN-bb<\/title>\n<meta name=\"robots\" content=\"index, follow, max-snippet:-1, max-image-preview:large, max-video-preview:-1\" \/>\n<link rel=\"canonical\" href=\"https:\/\/zan-bb.de\/?page_id=517\" \/>\n<meta property=\"og:locale\" content=\"de_DE\" \/>\n<meta property=\"og:type\" content=\"article\" \/>\n<meta property=\"og:title\" content=\"Binnend\u00fcnenkomplex Woschkow - ZAN-bb\" \/>\n<meta property=\"og:description\" content=\"EU-Nr.: DE 4350-302Landesnr.: 374Landkreis: Oberspreewald-LausitzGebietsgr\u00f6\u00dfe: 118 ha Gebietscharakteristik Das Gebiet liegt zwischen Altd\u00f6bern und Gro\u00dfr\u00e4schenund geh\u00f6rt zum Lasitzer Grenzwall. Die D\u00fcnen mit den offenen Grasfl\u00e4chen sind postglazialen Ursprungs. Das Gebiet geh\u00f6rte teilweise zum Grubenvorfeld des Tagebaues Greifenhain und wird durch mehrere Schneisen und Trassen durchschnitten. Die Artenvielfalt der Bodenflora ist durch die Nutzung entstanden. Ziel-LRT &hellip; \u201eBinnend\u00fcnenkomplex Woschkow\u201c weiterlesen\" \/>\n<meta property=\"og:url\" content=\"https:\/\/zan-bb.de\/?page_id=517\" \/>\n<meta property=\"og:site_name\" content=\"ZAN-bb\" \/>\n<meta property=\"article:modified_time\" content=\"2023-12-13T09:44:28+00:00\" \/>\n<meta name=\"twitter:card\" content=\"summary_large_image\" \/>\n<meta name=\"twitter:label1\" content=\"Gesch\u00e4tzte Lesezeit\" \/>\n\t<meta name=\"twitter:data1\" content=\"1\u00a0Minute\" \/>\n<script type=\"application\/ld+json\" class=\"yoast-schema-graph\">{\"@context\":\"https:\/\/schema.org\",\"@graph\":[{\"@type\":\"WebPage\",\"@id\":\"https:\/\/zan-bb.de\/?page_id=517\",\"url\":\"https:\/\/zan-bb.de\/?page_id=517\",\"name\":\"Binnend\u00fcnenkomplex Woschkow - ZAN-bb\",\"isPartOf\":{\"@id\":\"https:\/\/zan-bb.de\/#website\"},\"datePublished\":\"2023-11-29T09:31:47+00:00\",\"dateModified\":\"2023-12-13T09:44:28+00:00\",\"breadcrumb\":{\"@id\":\"https:\/\/zan-bb.de\/?page_id=517#breadcrumb\"},\"inLanguage\":\"de\",\"potentialAction\":[{\"@type\":\"ReadAction\",\"target\":[\"https:\/\/zan-bb.de\/?page_id=517\"]}]},{\"@type\":\"BreadcrumbList\",\"@id\":\"https:\/\/zan-bb.de\/?page_id=517#breadcrumb\",\"itemListElement\":[{\"@type\":\"ListItem\",\"position\":1,\"name\":\"Startseite\",\"item\":\"https:\/\/zan-bb.de\/\"},{\"@type\":\"ListItem\",\"position\":2,\"name\":\"Binnend\u00fcnenkomplex Woschkow\"}]},{\"@type\":\"WebSite\",\"@id\":\"https:\/\/zan-bb.de\/#website\",\"url\":\"https:\/\/zan-bb.de\/\",\"name\":\"ZAN-bb\",\"description\":\"Zentrum angewandter Naturschutz in Brandenburg gGmbH\",\"publisher\":{\"@id\":\"https:\/\/zan-bb.de\/#organization\"},\"potentialAction\":[{\"@type\":\"SearchAction\",\"target\":{\"@type\":\"EntryPoint\",\"urlTemplate\":\"https:\/\/zan-bb.de\/?s={search_term_string}\"},\"query-input\":\"required name=search_term_string\"}],\"inLanguage\":\"de\"},{\"@type\":\"Organization\",\"@id\":\"https:\/\/zan-bb.de\/#organization\",\"name\":\"ZAN-bb\",\"url\":\"https:\/\/zan-bb.de\/\",\"logo\":{\"@type\":\"ImageObject\",\"inLanguage\":\"de\",\"@id\":\"https:\/\/zan-bb.de\/#\/schema\/logo\/image\/\",\"url\":\"https:\/\/zan-bb.de\/wp-content\/uploads\/2020\/05\/cropped-ZAN-logo-trans.png\",\"contentUrl\":\"https:\/\/zan-bb.de\/wp-content\/uploads\/2020\/05\/cropped-ZAN-logo-trans.png\",\"width\":250,\"height\":250,\"caption\":\"ZAN-bb\"},\"image\":{\"@id\":\"https:\/\/zan-bb.de\/#\/schema\/logo\/image\/\"}}]}<\/script>\n<!-- \/ Yoast SEO plugin. -->","yoast_head_json":{"title":"Binnend\u00fcnenkomplex Woschkow - ZAN-bb","robots":{"index":"index","follow":"follow","max-snippet":"max-snippet:-1","max-image-preview":"max-image-preview:large","max-video-preview":"max-video-preview:-1"},"canonical":"https:\/\/zan-bb.de\/?page_id=517","og_locale":"de_DE","og_type":"article","og_title":"Binnend\u00fcnenkomplex Woschkow - ZAN-bb","og_description":"EU-Nr.: DE 4350-302Landesnr.: 374Landkreis: Oberspreewald-LausitzGebietsgr\u00f6\u00dfe: 118 ha Gebietscharakteristik Das Gebiet liegt zwischen Altd\u00f6bern und Gro\u00dfr\u00e4schenund geh\u00f6rt zum Lasitzer Grenzwall. Die D\u00fcnen mit den offenen Grasfl\u00e4chen sind postglazialen Ursprungs. Das Gebiet geh\u00f6rte teilweise zum Grubenvorfeld des Tagebaues Greifenhain und wird durch mehrere Schneisen und Trassen durchschnitten. Die Artenvielfalt der Bodenflora ist durch die Nutzung entstanden. Ziel-LRT &hellip; \u201eBinnend\u00fcnenkomplex Woschkow\u201c weiterlesen","og_url":"https:\/\/zan-bb.de\/?page_id=517","og_site_name":"ZAN-bb","article_modified_time":"2023-12-13T09:44:28+00:00","twitter_card":"summary_large_image","twitter_misc":{"Gesch\u00e4tzte Lesezeit":"1\u00a0Minute"},"schema":{"@context":"https:\/\/schema.org","@graph":[{"@type":"WebPage","@id":"https:\/\/zan-bb.de\/?page_id=517","url":"https:\/\/zan-bb.de\/?page_id=517","name":"Binnend\u00fcnenkomplex Woschkow - ZAN-bb","isPartOf":{"@id":"https:\/\/zan-bb.de\/#website"},"datePublished":"2023-11-29T09:31:47+00:00","dateModified":"2023-12-13T09:44:28+00:00","breadcrumb":{"@id":"https:\/\/zan-bb.de\/?page_id=517#breadcrumb"},"inLanguage":"de","potentialAction":[{"@type":"ReadAction","target":["https:\/\/zan-bb.de\/?page_id=517"]}]},{"@type":"BreadcrumbList","@id":"https:\/\/zan-bb.de\/?page_id=517#breadcrumb","itemListElement":[{"@type":"ListItem","position":1,"name":"Startseite","item":"https:\/\/zan-bb.de\/"},{"@type":"ListItem","position":2,"name":"Binnend\u00fcnenkomplex Woschkow"}]},{"@type":"WebSite","@id":"https:\/\/zan-bb.de\/#website","url":"https:\/\/zan-bb.de\/","name":"ZAN-bb","description":"Zentrum angewandter Naturschutz in Brandenburg gGmbH","publisher":{"@id":"https:\/\/zan-bb.de\/#organization"},"potentialAction":[{"@type":"SearchAction","target":{"@type":"EntryPoint","urlTemplate":"https:\/\/zan-bb.de\/?s={search_term_string}"},"query-input":"required name=search_term_string"}],"inLanguage":"de"},{"@type":"Organization","@id":"https:\/\/zan-bb.de\/#organization","name":"ZAN-bb","url":"https:\/\/zan-bb.de\/","logo":{"@type":"ImageObject","inLanguage":"de","@id":"https:\/\/zan-bb.de\/#\/schema\/logo\/image\/","url":"https:\/\/zan-bb.de\/wp-content\/uploads\/2020\/05\/cropped-ZAN-logo-trans.png","contentUrl":"https:\/\/zan-bb.de\/wp-content\/uploads\/2020\/05\/cropped-ZAN-logo-trans.png","width":250,"height":250,"caption":"ZAN-bb"},"image":{"@id":"https:\/\/zan-bb.de\/#\/schema\/logo\/image\/"}}]}},"_links":{"self":[{"href":"https:\/\/zan-bb.de\/index.php?rest_route=\/wp\/v2\/pages\/517"}],"collection":[{"href":"https:\/\/zan-bb.de\/index.php?rest_route=\/wp\/v2\/pages"}],"about":[{"href":"https:\/\/zan-bb.de\/index.php?rest_route=\/wp\/v2\/types\/page"}],"author":[{"embeddable":true,"href":"https:\/\/zan-bb.de\/index.php?rest_route=\/wp\/v2\/users\/1"}],"replies":[{"embeddable":true,"href":"https:\/\/zan-bb.de\/index.php?rest_route=%2Fwp%2Fv2%2Fcomments&post=517"}],"version-history":[{"count":10,"href":"https:\/\/zan-bb.de\/index.php?rest_route=\/wp\/v2\/pages\/517\/revisions"}],"predecessor-version":[{"id":879,"href":"https:\/\/zan-bb.de\/index.php?rest_route=\/wp\/v2\/pages\/517\/revisions\/879"}],"wp:attachment":[{"href":"https:\/\/zan-bb.de\/index.php?rest_route=%2Fwp%2Fv2%2Fmedia&parent=517"}],"curies":[{"name":"wp","href":"https:\/\/api.w.org\/{rel}","templated":true}]}}