{"id":526,"date":"2023-11-29T09:41:24","date_gmt":"2023-11-29T09:41:24","guid":{"rendered":"https:\/\/zan-bb.de\/?page_id=526"},"modified":"2023-12-13T09:03:01","modified_gmt":"2023-12-13T09:03:01","slug":"boitzenburger-tiergarten-und-strom","status":"publish","type":"page","link":"https:\/\/zan-bb.de\/?page_id=526","title":{"rendered":"Boitzenburger Tiergarten und Strom"},"content":{"rendered":"\n<p><strong>EU-Nr.: <\/strong>DE 2947-302<br><strong>Landesnr.:<\/strong> 121<br><strong>Landkreis:<\/strong> Uckermark<br><strong>Gebietsgr\u00f6\u00dfe:<\/strong> 1.195 ha<\/p>\n\n\n\n<p class=\"has-medium-font-size\"><strong>Gebietscharakteristik<\/strong><\/p>\n\n\n\n<p>Das FFH-Gebiet Boitzenburger Tiergarten und Strom liegt im Naturpark Uckerm\u00e4rkische Seenlandschaft. Das Gebiet erstreckt sich entlang des naturnahen Flie\u00dfgew\u00e4ssers Strom von Boitzenburg im Westen \u00fcber eine L\u00e4nge von etwa 14,5 km bis Prenzlau im Osten. Das FFH-Gebiet ist deckungsgleich zum gleichnamigen Naturschutzgebiet und liegt innerhalb des Landschaftsschutzgebietes \u201eNorduckerm\u00e4rkische Seenlandschaft\u201c, sowie des Vogelschutzgebietes \u201eUckerm\u00e4rkische Seenlandschaft\u201c.<\/p>\n\n\n\n<div class=\"wp-block-columns is-layout-flex wp-container-core-columns-layout-1 wp-block-columns-is-layout-flex\">\n<div class=\"wp-block-column is-layout-flow wp-block-column-is-layout-flow\" style=\"flex-basis:33.33%\">\n<p><strong>Ziel-LRT (Anhang I FFH-RL):&nbsp;<\/strong><\/p>\n<\/div>\n\n\n\n<div class=\"wp-block-column is-layout-flow wp-block-column-is-layout-flow\" style=\"flex-basis:66.66%\">\n<p>6410 Pfeifengraswiesen auf kalkreichen Boden, torfigen und tonigschluffigen B\u00f6den (<em>Molinion caeruleae<\/em>)<\/p>\n\n\n\n<p>6210 Naturnahe Kalk-Trockenrasen und deren Verbuschungsstadien (Festuco-Brometalia)<\/p>\n<\/div>\n<\/div>\n\n\n\n<p><\/p>\n\n\n\n<div class=\"wp-block-columns is-layout-flex wp-container-core-columns-layout-2 wp-block-columns-is-layout-flex\">\n<div class=\"wp-block-column is-layout-flow wp-block-column-is-layout-flow\"><\/div>\n\n\n\n<div class=\"wp-block-column is-layout-flow wp-block-column-is-layout-flow\"><\/div>\n<\/div>\n","protected":false},"excerpt":{"rendered":"<p>EU-Nr.: DE 2947-302Landesnr.: 121Landkreis: UckermarkGebietsgr\u00f6\u00dfe: 1.195 ha Gebietscharakteristik Das FFH-Gebiet Boitzenburger Tiergarten und Strom liegt im Naturpark Uckerm\u00e4rkische Seenlandschaft. Das Gebiet erstreckt sich entlang des naturnahen Flie\u00dfgew\u00e4ssers Strom von Boitzenburg im Westen \u00fcber eine L\u00e4nge von etwa 14,5 km bis Prenzlau im Osten. Das FFH-Gebiet ist deckungsgleich zum gleichnamigen Naturschutzgebiet und liegt innerhalb des Landschaftsschutzgebietes &hellip; <\/p>\n<p class=\"link-more\"><a href=\"https:\/\/zan-bb.de\/?page_id=526\" class=\"more-link\"><span class=\"screen-reader-text\">\u201eBoitzenburger Tiergarten und Strom\u201c<\/span> weiterlesen<\/a><\/p>\n","protected":false},"author":1,"featured_media":0,"parent":0,"menu_order":0,"comment_status":"closed","ping_status":"closed","template":"","meta":{"footnotes":""},"yoast_head":"<!-- This site is optimized with the Yoast SEO plugin v21.9.1 - https:\/\/yoast.com\/wordpress\/plugins\/seo\/ -->\n<title>Boitzenburger Tiergarten und Strom - ZAN-bb<\/title>\n<meta name=\"robots\" content=\"index, follow, max-snippet:-1, max-image-preview:large, max-video-preview:-1\" \/>\n<link rel=\"canonical\" href=\"https:\/\/zan-bb.de\/?page_id=526\" \/>\n<meta property=\"og:locale\" content=\"de_DE\" \/>\n<meta property=\"og:type\" content=\"article\" \/>\n<meta property=\"og:title\" content=\"Boitzenburger Tiergarten und Strom - ZAN-bb\" \/>\n<meta property=\"og:description\" content=\"EU-Nr.: DE 2947-302Landesnr.: 121Landkreis: UckermarkGebietsgr\u00f6\u00dfe: 1.195 ha Gebietscharakteristik Das FFH-Gebiet Boitzenburger Tiergarten und Strom liegt im Naturpark Uckerm\u00e4rkische Seenlandschaft. Das Gebiet erstreckt sich entlang des naturnahen Flie\u00dfgew\u00e4ssers Strom von Boitzenburg im Westen \u00fcber eine L\u00e4nge von etwa 14,5 km bis Prenzlau im Osten. Das FFH-Gebiet ist deckungsgleich zum gleichnamigen Naturschutzgebiet und liegt innerhalb des Landschaftsschutzgebietes &hellip; \u201eBoitzenburger Tiergarten und Strom\u201c weiterlesen\" \/>\n<meta property=\"og:url\" content=\"https:\/\/zan-bb.de\/?page_id=526\" \/>\n<meta property=\"og:site_name\" content=\"ZAN-bb\" \/>\n<meta property=\"article:modified_time\" content=\"2023-12-13T09:03:01+00:00\" \/>\n<meta name=\"twitter:card\" content=\"summary_large_image\" \/>\n<meta name=\"twitter:label1\" content=\"Gesch\u00e4tzte Lesezeit\" \/>\n\t<meta name=\"twitter:data1\" content=\"1\u00a0Minute\" \/>\n<script type=\"application\/ld+json\" class=\"yoast-schema-graph\">{\"@context\":\"https:\/\/schema.org\",\"@graph\":[{\"@type\":\"WebPage\",\"@id\":\"https:\/\/zan-bb.de\/?page_id=526\",\"url\":\"https:\/\/zan-bb.de\/?page_id=526\",\"name\":\"Boitzenburger Tiergarten und Strom - ZAN-bb\",\"isPartOf\":{\"@id\":\"https:\/\/zan-bb.de\/#website\"},\"datePublished\":\"2023-11-29T09:41:24+00:00\",\"dateModified\":\"2023-12-13T09:03:01+00:00\",\"breadcrumb\":{\"@id\":\"https:\/\/zan-bb.de\/?page_id=526#breadcrumb\"},\"inLanguage\":\"de\",\"potentialAction\":[{\"@type\":\"ReadAction\",\"target\":[\"https:\/\/zan-bb.de\/?page_id=526\"]}]},{\"@type\":\"BreadcrumbList\",\"@id\":\"https:\/\/zan-bb.de\/?page_id=526#breadcrumb\",\"itemListElement\":[{\"@type\":\"ListItem\",\"position\":1,\"name\":\"Startseite\",\"item\":\"https:\/\/zan-bb.de\/\"},{\"@type\":\"ListItem\",\"position\":2,\"name\":\"Boitzenburger Tiergarten und Strom\"}]},{\"@type\":\"WebSite\",\"@id\":\"https:\/\/zan-bb.de\/#website\",\"url\":\"https:\/\/zan-bb.de\/\",\"name\":\"ZAN-bb\",\"description\":\"Zentrum angewandter Naturschutz in Brandenburg gGmbH\",\"publisher\":{\"@id\":\"https:\/\/zan-bb.de\/#organization\"},\"potentialAction\":[{\"@type\":\"SearchAction\",\"target\":{\"@type\":\"EntryPoint\",\"urlTemplate\":\"https:\/\/zan-bb.de\/?s={search_term_string}\"},\"query-input\":\"required name=search_term_string\"}],\"inLanguage\":\"de\"},{\"@type\":\"Organization\",\"@id\":\"https:\/\/zan-bb.de\/#organization\",\"name\":\"ZAN-bb\",\"url\":\"https:\/\/zan-bb.de\/\",\"logo\":{\"@type\":\"ImageObject\",\"inLanguage\":\"de\",\"@id\":\"https:\/\/zan-bb.de\/#\/schema\/logo\/image\/\",\"url\":\"https:\/\/zan-bb.de\/wp-content\/uploads\/2020\/05\/cropped-ZAN-logo-trans.png\",\"contentUrl\":\"https:\/\/zan-bb.de\/wp-content\/uploads\/2020\/05\/cropped-ZAN-logo-trans.png\",\"width\":250,\"height\":250,\"caption\":\"ZAN-bb\"},\"image\":{\"@id\":\"https:\/\/zan-bb.de\/#\/schema\/logo\/image\/\"}}]}<\/script>\n<!-- \/ Yoast SEO plugin. -->","yoast_head_json":{"title":"Boitzenburger Tiergarten und Strom - ZAN-bb","robots":{"index":"index","follow":"follow","max-snippet":"max-snippet:-1","max-image-preview":"max-image-preview:large","max-video-preview":"max-video-preview:-1"},"canonical":"https:\/\/zan-bb.de\/?page_id=526","og_locale":"de_DE","og_type":"article","og_title":"Boitzenburger Tiergarten und Strom - ZAN-bb","og_description":"EU-Nr.: DE 2947-302Landesnr.: 121Landkreis: UckermarkGebietsgr\u00f6\u00dfe: 1.195 ha Gebietscharakteristik Das FFH-Gebiet Boitzenburger Tiergarten und Strom liegt im Naturpark Uckerm\u00e4rkische Seenlandschaft. Das Gebiet erstreckt sich entlang des naturnahen Flie\u00dfgew\u00e4ssers Strom von Boitzenburg im Westen \u00fcber eine L\u00e4nge von etwa 14,5 km bis Prenzlau im Osten. Das FFH-Gebiet ist deckungsgleich zum gleichnamigen Naturschutzgebiet und liegt innerhalb des Landschaftsschutzgebietes &hellip; \u201eBoitzenburger Tiergarten und Strom\u201c weiterlesen","og_url":"https:\/\/zan-bb.de\/?page_id=526","og_site_name":"ZAN-bb","article_modified_time":"2023-12-13T09:03:01+00:00","twitter_card":"summary_large_image","twitter_misc":{"Gesch\u00e4tzte Lesezeit":"1\u00a0Minute"},"schema":{"@context":"https:\/\/schema.org","@graph":[{"@type":"WebPage","@id":"https:\/\/zan-bb.de\/?page_id=526","url":"https:\/\/zan-bb.de\/?page_id=526","name":"Boitzenburger Tiergarten und Strom - ZAN-bb","isPartOf":{"@id":"https:\/\/zan-bb.de\/#website"},"datePublished":"2023-11-29T09:41:24+00:00","dateModified":"2023-12-13T09:03:01+00:00","breadcrumb":{"@id":"https:\/\/zan-bb.de\/?page_id=526#breadcrumb"},"inLanguage":"de","potentialAction":[{"@type":"ReadAction","target":["https:\/\/zan-bb.de\/?page_id=526"]}]},{"@type":"BreadcrumbList","@id":"https:\/\/zan-bb.de\/?page_id=526#breadcrumb","itemListElement":[{"@type":"ListItem","position":1,"name":"Startseite","item":"https:\/\/zan-bb.de\/"},{"@type":"ListItem","position":2,"name":"Boitzenburger Tiergarten und Strom"}]},{"@type":"WebSite","@id":"https:\/\/zan-bb.de\/#website","url":"https:\/\/zan-bb.de\/","name":"ZAN-bb","description":"Zentrum angewandter Naturschutz in Brandenburg gGmbH","publisher":{"@id":"https:\/\/zan-bb.de\/#organization"},"potentialAction":[{"@type":"SearchAction","target":{"@type":"EntryPoint","urlTemplate":"https:\/\/zan-bb.de\/?s={search_term_string}"},"query-input":"required name=search_term_string"}],"inLanguage":"de"},{"@type":"Organization","@id":"https:\/\/zan-bb.de\/#organization","name":"ZAN-bb","url":"https:\/\/zan-bb.de\/","logo":{"@type":"ImageObject","inLanguage":"de","@id":"https:\/\/zan-bb.de\/#\/schema\/logo\/image\/","url":"https:\/\/zan-bb.de\/wp-content\/uploads\/2020\/05\/cropped-ZAN-logo-trans.png","contentUrl":"https:\/\/zan-bb.de\/wp-content\/uploads\/2020\/05\/cropped-ZAN-logo-trans.png","width":250,"height":250,"caption":"ZAN-bb"},"image":{"@id":"https:\/\/zan-bb.de\/#\/schema\/logo\/image\/"}}]}},"_links":{"self":[{"href":"https:\/\/zan-bb.de\/index.php?rest_route=\/wp\/v2\/pages\/526"}],"collection":[{"href":"https:\/\/zan-bb.de\/index.php?rest_route=\/wp\/v2\/pages"}],"about":[{"href":"https:\/\/zan-bb.de\/index.php?rest_route=\/wp\/v2\/types\/page"}],"author":[{"embeddable":true,"href":"https:\/\/zan-bb.de\/index.php?rest_route=\/wp\/v2\/users\/1"}],"replies":[{"embeddable":true,"href":"https:\/\/zan-bb.de\/index.php?rest_route=%2Fwp%2Fv2%2Fcomments&post=526"}],"version-history":[{"count":7,"href":"https:\/\/zan-bb.de\/index.php?rest_route=\/wp\/v2\/pages\/526\/revisions"}],"predecessor-version":[{"id":862,"href":"https:\/\/zan-bb.de\/index.php?rest_route=\/wp\/v2\/pages\/526\/revisions\/862"}],"wp:attachment":[{"href":"https:\/\/zan-bb.de\/index.php?rest_route=%2Fwp%2Fv2%2Fmedia&parent=526"}],"curies":[{"name":"wp","href":"https:\/\/api.w.org\/{rel}","templated":true}]}}