{"id":545,"date":"2023-11-29T10:19:26","date_gmt":"2023-11-29T10:19:26","guid":{"rendered":"https:\/\/zan-bb.de\/?page_id=545"},"modified":"2023-12-13T09:15:29","modified_gmt":"2023-12-13T09:15:29","slug":"gross-schauener-seenkette","status":"publish","type":"page","link":"https:\/\/zan-bb.de\/?page_id=545","title":{"rendered":"Gro\u00df Schauener Seenkette"},"content":{"rendered":"\n<p><strong>EU-Nr.: <\/strong>DE 3749-301<br><strong>Landesnr.:<\/strong> 158<br><strong>Landkreis:<\/strong> Oder-Spree<br><strong>Gebietsgr\u00f6\u00dfe:<\/strong> 1.897 ha<\/p>\n\n\n\n<p class=\"has-medium-font-size\"><strong>Gebietscharakteristik<\/strong><\/p>\n\n\n\n<p>Das FFH-Gebiet liegt in der Storkower Talsandebene und umfasst die Gro\u00df Schauener Seenkette mit ihren ufernahen Verlandungszonen. Das FFH-Gebiet entspricht weitestgehend dem gleichnamigen Naturschutzgebiet (NSG). In n\u00f6rdlicher Richtung grenzt das FFH-Gebiet unmittelbar an die Stadt Storkow (Mark) sowie Gro\u00df Schauen.<\/p>\n\n\n\n<div class=\"wp-block-columns is-layout-flex wp-container-core-columns-layout-3 wp-block-columns-is-layout-flex\">\n<div class=\"wp-block-column is-layout-flow wp-block-column-is-layout-flow\" style=\"flex-basis:33.33%\">\n<p><strong>Ziel-LRT (Anhang I FFH-RL):<\/strong><\/p>\n\n\n\n<div class=\"wp-block-columns is-layout-flex wp-container-core-columns-layout-1 wp-block-columns-is-layout-flex\">\n<div class=\"wp-block-column is-layout-flow wp-block-column-is-layout-flow\"><\/div>\n<\/div>\n<\/div>\n\n\n\n<div class=\"wp-block-column is-layout-flow wp-block-column-is-layout-flow\" style=\"flex-basis:66.66%\">\n<p>1340 Salzwiesen im Binnenland<\/p>\n\n\n\n<p>6410 Pfeifengraswiesen<\/p>\n\n\n\n<p>6510 Magere Flachlandm\u00e4hwiesen<\/p>\n\n\n\n<div class=\"wp-block-columns is-layout-flex wp-container-core-columns-layout-2 wp-block-columns-is-layout-flex\">\n<div class=\"wp-block-column is-layout-flow wp-block-column-is-layout-flow\">\n<p><\/p>\n<\/div>\n<\/div>\n<\/div>\n<\/div>\n\n\n\n<div class=\"wp-block-columns is-layout-flex wp-container-core-columns-layout-4 wp-block-columns-is-layout-flex\">\n<div class=\"wp-block-column is-layout-flow wp-block-column-is-layout-flow\" style=\"flex-basis:33.33%\">\n<p><strong>Weitere Ziel-Arten:&nbsp;<\/strong><\/p>\n<\/div>\n\n\n\n<div class=\"wp-block-column is-layout-flow wp-block-column-is-layout-flow\" style=\"flex-basis:66.66%\">\n<p>Rotbauchunke (Bombina bombina)<\/p>\n<\/div>\n<\/div>\n\n\n\n<div class=\"wp-block-columns is-layout-flex wp-container-core-columns-layout-5 wp-block-columns-is-layout-flex\">\n<div class=\"wp-block-column is-layout-flow wp-block-column-is-layout-flow\"><\/div>\n\n\n\n<div class=\"wp-block-column is-layout-flow wp-block-column-is-layout-flow\"><\/div>\n<\/div>\n","protected":false},"excerpt":{"rendered":"<p>EU-Nr.: DE 3749-301Landesnr.: 158Landkreis: Oder-SpreeGebietsgr\u00f6\u00dfe: 1.897 ha Gebietscharakteristik Das FFH-Gebiet liegt in der Storkower Talsandebene und umfasst die Gro\u00df Schauener Seenkette mit ihren ufernahen Verlandungszonen. Das FFH-Gebiet entspricht weitestgehend dem gleichnamigen Naturschutzgebiet (NSG). In n\u00f6rdlicher Richtung grenzt das FFH-Gebiet unmittelbar an die Stadt Storkow (Mark) sowie Gro\u00df Schauen. Ziel-LRT (Anhang I FFH-RL): 1340 Salzwiesen im &hellip; <\/p>\n<p class=\"link-more\"><a href=\"https:\/\/zan-bb.de\/?page_id=545\" class=\"more-link\"><span class=\"screen-reader-text\">\u201eGro\u00df Schauener Seenkette\u201c<\/span> weiterlesen<\/a><\/p>\n","protected":false},"author":1,"featured_media":0,"parent":0,"menu_order":0,"comment_status":"closed","ping_status":"closed","template":"","meta":{"footnotes":""},"yoast_head":"<!-- This site is optimized with the Yoast SEO plugin v21.9.1 - https:\/\/yoast.com\/wordpress\/plugins\/seo\/ -->\n<title>Gro\u00df Schauener Seenkette - ZAN-bb<\/title>\n<meta name=\"robots\" content=\"index, follow, max-snippet:-1, max-image-preview:large, max-video-preview:-1\" \/>\n<link rel=\"canonical\" href=\"https:\/\/zan-bb.de\/?page_id=545\" \/>\n<meta property=\"og:locale\" content=\"de_DE\" \/>\n<meta property=\"og:type\" content=\"article\" \/>\n<meta property=\"og:title\" content=\"Gro\u00df Schauener Seenkette - ZAN-bb\" \/>\n<meta property=\"og:description\" content=\"EU-Nr.: DE 3749-301Landesnr.: 158Landkreis: Oder-SpreeGebietsgr\u00f6\u00dfe: 1.897 ha Gebietscharakteristik Das FFH-Gebiet liegt in der Storkower Talsandebene und umfasst die Gro\u00df Schauener Seenkette mit ihren ufernahen Verlandungszonen. Das FFH-Gebiet entspricht weitestgehend dem gleichnamigen Naturschutzgebiet (NSG). In n\u00f6rdlicher Richtung grenzt das FFH-Gebiet unmittelbar an die Stadt Storkow (Mark) sowie Gro\u00df Schauen. Ziel-LRT (Anhang I FFH-RL): 1340 Salzwiesen im &hellip; \u201eGro\u00df Schauener Seenkette\u201c weiterlesen\" \/>\n<meta property=\"og:url\" content=\"https:\/\/zan-bb.de\/?page_id=545\" \/>\n<meta property=\"og:site_name\" content=\"ZAN-bb\" \/>\n<meta property=\"article:modified_time\" content=\"2023-12-13T09:15:29+00:00\" \/>\n<meta name=\"twitter:card\" content=\"summary_large_image\" \/>\n<meta name=\"twitter:label1\" content=\"Gesch\u00e4tzte Lesezeit\" \/>\n\t<meta name=\"twitter:data1\" content=\"1\u00a0Minute\" \/>\n<script type=\"application\/ld+json\" class=\"yoast-schema-graph\">{\"@context\":\"https:\/\/schema.org\",\"@graph\":[{\"@type\":\"WebPage\",\"@id\":\"https:\/\/zan-bb.de\/?page_id=545\",\"url\":\"https:\/\/zan-bb.de\/?page_id=545\",\"name\":\"Gro\u00df Schauener Seenkette - ZAN-bb\",\"isPartOf\":{\"@id\":\"https:\/\/zan-bb.de\/#website\"},\"datePublished\":\"2023-11-29T10:19:26+00:00\",\"dateModified\":\"2023-12-13T09:15:29+00:00\",\"breadcrumb\":{\"@id\":\"https:\/\/zan-bb.de\/?page_id=545#breadcrumb\"},\"inLanguage\":\"de\",\"potentialAction\":[{\"@type\":\"ReadAction\",\"target\":[\"https:\/\/zan-bb.de\/?page_id=545\"]}]},{\"@type\":\"BreadcrumbList\",\"@id\":\"https:\/\/zan-bb.de\/?page_id=545#breadcrumb\",\"itemListElement\":[{\"@type\":\"ListItem\",\"position\":1,\"name\":\"Startseite\",\"item\":\"https:\/\/zan-bb.de\/\"},{\"@type\":\"ListItem\",\"position\":2,\"name\":\"Gro\u00df Schauener Seenkette\"}]},{\"@type\":\"WebSite\",\"@id\":\"https:\/\/zan-bb.de\/#website\",\"url\":\"https:\/\/zan-bb.de\/\",\"name\":\"ZAN-bb\",\"description\":\"Zentrum angewandter Naturschutz in Brandenburg gGmbH\",\"publisher\":{\"@id\":\"https:\/\/zan-bb.de\/#organization\"},\"potentialAction\":[{\"@type\":\"SearchAction\",\"target\":{\"@type\":\"EntryPoint\",\"urlTemplate\":\"https:\/\/zan-bb.de\/?s={search_term_string}\"},\"query-input\":\"required name=search_term_string\"}],\"inLanguage\":\"de\"},{\"@type\":\"Organization\",\"@id\":\"https:\/\/zan-bb.de\/#organization\",\"name\":\"ZAN-bb\",\"url\":\"https:\/\/zan-bb.de\/\",\"logo\":{\"@type\":\"ImageObject\",\"inLanguage\":\"de\",\"@id\":\"https:\/\/zan-bb.de\/#\/schema\/logo\/image\/\",\"url\":\"https:\/\/zan-bb.de\/wp-content\/uploads\/2020\/05\/cropped-ZAN-logo-trans.png\",\"contentUrl\":\"https:\/\/zan-bb.de\/wp-content\/uploads\/2020\/05\/cropped-ZAN-logo-trans.png\",\"width\":250,\"height\":250,\"caption\":\"ZAN-bb\"},\"image\":{\"@id\":\"https:\/\/zan-bb.de\/#\/schema\/logo\/image\/\"}}]}<\/script>\n<!-- \/ Yoast SEO plugin. -->","yoast_head_json":{"title":"Gro\u00df Schauener Seenkette - ZAN-bb","robots":{"index":"index","follow":"follow","max-snippet":"max-snippet:-1","max-image-preview":"max-image-preview:large","max-video-preview":"max-video-preview:-1"},"canonical":"https:\/\/zan-bb.de\/?page_id=545","og_locale":"de_DE","og_type":"article","og_title":"Gro\u00df Schauener Seenkette - ZAN-bb","og_description":"EU-Nr.: DE 3749-301Landesnr.: 158Landkreis: Oder-SpreeGebietsgr\u00f6\u00dfe: 1.897 ha Gebietscharakteristik Das FFH-Gebiet liegt in der Storkower Talsandebene und umfasst die Gro\u00df Schauener Seenkette mit ihren ufernahen Verlandungszonen. Das FFH-Gebiet entspricht weitestgehend dem gleichnamigen Naturschutzgebiet (NSG). In n\u00f6rdlicher Richtung grenzt das FFH-Gebiet unmittelbar an die Stadt Storkow (Mark) sowie Gro\u00df Schauen. Ziel-LRT (Anhang I FFH-RL): 1340 Salzwiesen im &hellip; \u201eGro\u00df Schauener Seenkette\u201c weiterlesen","og_url":"https:\/\/zan-bb.de\/?page_id=545","og_site_name":"ZAN-bb","article_modified_time":"2023-12-13T09:15:29+00:00","twitter_card":"summary_large_image","twitter_misc":{"Gesch\u00e4tzte Lesezeit":"1\u00a0Minute"},"schema":{"@context":"https:\/\/schema.org","@graph":[{"@type":"WebPage","@id":"https:\/\/zan-bb.de\/?page_id=545","url":"https:\/\/zan-bb.de\/?page_id=545","name":"Gro\u00df Schauener Seenkette - ZAN-bb","isPartOf":{"@id":"https:\/\/zan-bb.de\/#website"},"datePublished":"2023-11-29T10:19:26+00:00","dateModified":"2023-12-13T09:15:29+00:00","breadcrumb":{"@id":"https:\/\/zan-bb.de\/?page_id=545#breadcrumb"},"inLanguage":"de","potentialAction":[{"@type":"ReadAction","target":["https:\/\/zan-bb.de\/?page_id=545"]}]},{"@type":"BreadcrumbList","@id":"https:\/\/zan-bb.de\/?page_id=545#breadcrumb","itemListElement":[{"@type":"ListItem","position":1,"name":"Startseite","item":"https:\/\/zan-bb.de\/"},{"@type":"ListItem","position":2,"name":"Gro\u00df Schauener Seenkette"}]},{"@type":"WebSite","@id":"https:\/\/zan-bb.de\/#website","url":"https:\/\/zan-bb.de\/","name":"ZAN-bb","description":"Zentrum angewandter Naturschutz in Brandenburg gGmbH","publisher":{"@id":"https:\/\/zan-bb.de\/#organization"},"potentialAction":[{"@type":"SearchAction","target":{"@type":"EntryPoint","urlTemplate":"https:\/\/zan-bb.de\/?s={search_term_string}"},"query-input":"required name=search_term_string"}],"inLanguage":"de"},{"@type":"Organization","@id":"https:\/\/zan-bb.de\/#organization","name":"ZAN-bb","url":"https:\/\/zan-bb.de\/","logo":{"@type":"ImageObject","inLanguage":"de","@id":"https:\/\/zan-bb.de\/#\/schema\/logo\/image\/","url":"https:\/\/zan-bb.de\/wp-content\/uploads\/2020\/05\/cropped-ZAN-logo-trans.png","contentUrl":"https:\/\/zan-bb.de\/wp-content\/uploads\/2020\/05\/cropped-ZAN-logo-trans.png","width":250,"height":250,"caption":"ZAN-bb"},"image":{"@id":"https:\/\/zan-bb.de\/#\/schema\/logo\/image\/"}}]}},"_links":{"self":[{"href":"https:\/\/zan-bb.de\/index.php?rest_route=\/wp\/v2\/pages\/545"}],"collection":[{"href":"https:\/\/zan-bb.de\/index.php?rest_route=\/wp\/v2\/pages"}],"about":[{"href":"https:\/\/zan-bb.de\/index.php?rest_route=\/wp\/v2\/types\/page"}],"author":[{"embeddable":true,"href":"https:\/\/zan-bb.de\/index.php?rest_route=\/wp\/v2\/users\/1"}],"replies":[{"embeddable":true,"href":"https:\/\/zan-bb.de\/index.php?rest_route=%2Fwp%2Fv2%2Fcomments&post=545"}],"version-history":[{"count":5,"href":"https:\/\/zan-bb.de\/index.php?rest_route=\/wp\/v2\/pages\/545\/revisions"}],"predecessor-version":[{"id":868,"href":"https:\/\/zan-bb.de\/index.php?rest_route=\/wp\/v2\/pages\/545\/revisions\/868"}],"wp:attachment":[{"href":"https:\/\/zan-bb.de\/index.php?rest_route=%2Fwp%2Fv2%2Fmedia&parent=545"}],"curies":[{"name":"wp","href":"https:\/\/api.w.org\/{rel}","templated":true}]}}