{"id":550,"date":"2023-11-29T10:25:21","date_gmt":"2023-11-29T10:25:21","guid":{"rendered":"https:\/\/zan-bb.de\/?page_id=550"},"modified":"2024-01-10T08:15:41","modified_gmt":"2024-01-10T08:15:41","slug":"jaegersberg-schirknitzberg","status":"publish","type":"page","link":"https:\/\/zan-bb.de\/?page_id=550","title":{"rendered":"J\u00e4gersberg-Schirknitzberg"},"content":{"rendered":"<div class=\"wp-block-image\">\n<figure class=\"aligncenter size-large is-resized\"><img loading=\"lazy\" decoding=\"async\" width=\"1024\" height=\"683\" src=\"http:\/\/zan-bb.de\/wp-content\/uploads\/2024\/01\/221212_123558_DSC05486_Linda_ILCE-7C-1024x683.jpg\" alt=\"\" class=\"wp-image-1030\" style=\"aspect-ratio:1.499267935578331;width:483px;height:auto\" srcset=\"https:\/\/zan-bb.de\/wp-content\/uploads\/2024\/01\/221212_123558_DSC05486_Linda_ILCE-7C-1024x683.jpg 1024w, https:\/\/zan-bb.de\/wp-content\/uploads\/2024\/01\/221212_123558_DSC05486_Linda_ILCE-7C-300x200.jpg 300w, https:\/\/zan-bb.de\/wp-content\/uploads\/2024\/01\/221212_123558_DSC05486_Linda_ILCE-7C-768x512.jpg 768w, https:\/\/zan-bb.de\/wp-content\/uploads\/2024\/01\/221212_123558_DSC05486_Linda_ILCE-7C-1536x1024.jpg 1536w, https:\/\/zan-bb.de\/wp-content\/uploads\/2024\/01\/221212_123558_DSC05486_Linda_ILCE-7C-2048x1365.jpg 2048w\" sizes=\"(max-width: 767px) 89vw, (max-width: 1000px) 54vw, (max-width: 1071px) 543px, 580px\" \/><figcaption class=\"wp-element-caption\">FFH-Gebiet &#8222;J\u00e4gersberg-Schirknitzberg&#8220;<\/figcaption><\/figure><\/div>\n\n\n<p><strong>EU-Nr.: <\/strong>DE 3847-307<br><strong>Landesnr.:<\/strong> 193<br><strong>Landkreis:<\/strong> Teltow-Fl\u00e4ming<br><strong>Gebietsgr\u00f6\u00dfe:<\/strong> 1.595 ha<\/p>\n\n\n\n<p class=\"has-medium-font-size\"><strong>Gebietscharakteristik<\/strong><\/p>\n\n\n\n<p>Das FFH-Gebiet \u201eJ\u00e4gersberg-Schirknitzberg\u201c liegt auf dem ehemaligen Truppen\u00fcbungsplatzes (T\u00dcP) W\u00fcnsdorf-T\u00f6pchin. Im Westen grenzt liegt die Ortschaft W\u00fcnsdorf Waldstadt und im Norden die Ortschaft Zossen. Im S\u00fcden im Bereich des Gro\u00dfen M\u00f6ggelinsees grenzt das Gebiet an das NSG \u201eGro\u00dfer und Kleiner M\u00f6ggelinsee\u201c<\/p>\n\n\n\n<div class=\"wp-block-columns is-layout-flex wp-container-core-columns-layout-1 wp-block-columns-is-layout-flex\">\n<div class=\"wp-block-column is-layout-flow wp-block-column-is-layout-flow\" style=\"flex-basis:33.33%\">\n<p><strong>Ziel-LRT (Anhang I FFH-RL):<\/strong><\/p>\n<\/div>\n\n\n\n<div class=\"wp-block-column is-layout-flow wp-block-column-is-layout-flow\" style=\"flex-basis:66.66%\">\n<p>2330 D\u00fcnen mit offenen Grasfl\u00e4chen mit Corynephorus und Agrostis<\/p>\n\n\n\n<p>4030 Trockene europ\u00e4ische Heiden<\/p>\n<\/div>\n<\/div>\n\n\n\n<div class=\"wp-block-columns is-layout-flex wp-container-core-columns-layout-2 wp-block-columns-is-layout-flex\">\n<div class=\"wp-block-column is-layout-flow wp-block-column-is-layout-flow\"><\/div>\n\n\n\n<div class=\"wp-block-column is-layout-flow wp-block-column-is-layout-flow\"><\/div>\n<\/div>\n","protected":false},"excerpt":{"rendered":"<p>EU-Nr.: DE 3847-307Landesnr.: 193Landkreis: Teltow-Fl\u00e4mingGebietsgr\u00f6\u00dfe: 1.595 ha Gebietscharakteristik Das FFH-Gebiet \u201eJ\u00e4gersberg-Schirknitzberg\u201c liegt auf dem ehemaligen Truppen\u00fcbungsplatzes (T\u00dcP) W\u00fcnsdorf-T\u00f6pchin. Im Westen grenzt liegt die Ortschaft W\u00fcnsdorf Waldstadt und im Norden die Ortschaft Zossen. Im S\u00fcden im Bereich des Gro\u00dfen M\u00f6ggelinsees grenzt das Gebiet an das NSG \u201eGro\u00dfer und Kleiner M\u00f6ggelinsee\u201c Ziel-LRT (Anhang I FFH-RL): 2330 D\u00fcnen &hellip; <\/p>\n<p class=\"link-more\"><a href=\"https:\/\/zan-bb.de\/?page_id=550\" class=\"more-link\"><span class=\"screen-reader-text\">\u201eJ\u00e4gersberg-Schirknitzberg\u201c<\/span> weiterlesen<\/a><\/p>\n","protected":false},"author":1,"featured_media":0,"parent":0,"menu_order":0,"comment_status":"closed","ping_status":"closed","template":"","meta":{"footnotes":""},"yoast_head":"<!-- This site is optimized with the Yoast SEO plugin v21.9.1 - https:\/\/yoast.com\/wordpress\/plugins\/seo\/ -->\n<title>J\u00e4gersberg-Schirknitzberg - ZAN-bb<\/title>\n<meta name=\"robots\" content=\"index, follow, max-snippet:-1, max-image-preview:large, max-video-preview:-1\" \/>\n<link rel=\"canonical\" href=\"http:\/\/zan-bb.de\/?page_id=550\" \/>\n<meta property=\"og:locale\" content=\"de_DE\" \/>\n<meta property=\"og:type\" content=\"article\" \/>\n<meta property=\"og:title\" content=\"J\u00e4gersberg-Schirknitzberg - ZAN-bb\" \/>\n<meta property=\"og:description\" content=\"EU-Nr.: DE 3847-307Landesnr.: 193Landkreis: Teltow-Fl\u00e4mingGebietsgr\u00f6\u00dfe: 1.595 ha Gebietscharakteristik Das FFH-Gebiet \u201eJ\u00e4gersberg-Schirknitzberg\u201c liegt auf dem ehemaligen Truppen\u00fcbungsplatzes (T\u00dcP) W\u00fcnsdorf-T\u00f6pchin. Im Westen grenzt liegt die Ortschaft W\u00fcnsdorf Waldstadt und im Norden die Ortschaft Zossen. Im S\u00fcden im Bereich des Gro\u00dfen M\u00f6ggelinsees grenzt das Gebiet an das NSG \u201eGro\u00dfer und Kleiner M\u00f6ggelinsee\u201c Ziel-LRT (Anhang I FFH-RL): 2330 D\u00fcnen &hellip; \u201eJ\u00e4gersberg-Schirknitzberg\u201c weiterlesen\" \/>\n<meta property=\"og:url\" content=\"http:\/\/zan-bb.de\/?page_id=550\" \/>\n<meta property=\"og:site_name\" content=\"ZAN-bb\" \/>\n<meta property=\"article:modified_time\" content=\"2024-01-10T08:15:41+00:00\" \/>\n<meta property=\"og:image\" content=\"http:\/\/zan-bb.de\/wp-content\/uploads\/2024\/01\/221212_123558_DSC05486_Linda_ILCE-7C-1024x683.jpg\" \/>\n<meta name=\"twitter:card\" content=\"summary_large_image\" \/>\n<meta name=\"twitter:label1\" content=\"Gesch\u00e4tzte Lesezeit\" \/>\n\t<meta name=\"twitter:data1\" content=\"1\u00a0Minute\" \/>\n<script type=\"application\/ld+json\" class=\"yoast-schema-graph\">{\"@context\":\"https:\/\/schema.org\",\"@graph\":[{\"@type\":\"WebPage\",\"@id\":\"http:\/\/zan-bb.de\/?page_id=550\",\"url\":\"http:\/\/zan-bb.de\/?page_id=550\",\"name\":\"J\u00e4gersberg-Schirknitzberg - ZAN-bb\",\"isPartOf\":{\"@id\":\"https:\/\/zan-bb.de\/#website\"},\"datePublished\":\"2023-11-29T10:25:21+00:00\",\"dateModified\":\"2024-01-10T08:15:41+00:00\",\"breadcrumb\":{\"@id\":\"http:\/\/zan-bb.de\/?page_id=550#breadcrumb\"},\"inLanguage\":\"de\",\"potentialAction\":[{\"@type\":\"ReadAction\",\"target\":[\"http:\/\/zan-bb.de\/?page_id=550\"]}]},{\"@type\":\"BreadcrumbList\",\"@id\":\"http:\/\/zan-bb.de\/?page_id=550#breadcrumb\",\"itemListElement\":[{\"@type\":\"ListItem\",\"position\":1,\"name\":\"Startseite\",\"item\":\"https:\/\/zan-bb.de\/\"},{\"@type\":\"ListItem\",\"position\":2,\"name\":\"J\u00e4gersberg-Schirknitzberg\"}]},{\"@type\":\"WebSite\",\"@id\":\"https:\/\/zan-bb.de\/#website\",\"url\":\"https:\/\/zan-bb.de\/\",\"name\":\"ZAN-bb\",\"description\":\"Zentrum angewandter Naturschutz in Brandenburg gGmbH\",\"publisher\":{\"@id\":\"https:\/\/zan-bb.de\/#organization\"},\"potentialAction\":[{\"@type\":\"SearchAction\",\"target\":{\"@type\":\"EntryPoint\",\"urlTemplate\":\"https:\/\/zan-bb.de\/?s={search_term_string}\"},\"query-input\":\"required name=search_term_string\"}],\"inLanguage\":\"de\"},{\"@type\":\"Organization\",\"@id\":\"https:\/\/zan-bb.de\/#organization\",\"name\":\"ZAN-bb\",\"url\":\"https:\/\/zan-bb.de\/\",\"logo\":{\"@type\":\"ImageObject\",\"inLanguage\":\"de\",\"@id\":\"https:\/\/zan-bb.de\/#\/schema\/logo\/image\/\",\"url\":\"https:\/\/zan-bb.de\/wp-content\/uploads\/2020\/05\/cropped-ZAN-logo-trans.png\",\"contentUrl\":\"https:\/\/zan-bb.de\/wp-content\/uploads\/2020\/05\/cropped-ZAN-logo-trans.png\",\"width\":250,\"height\":250,\"caption\":\"ZAN-bb\"},\"image\":{\"@id\":\"https:\/\/zan-bb.de\/#\/schema\/logo\/image\/\"}}]}<\/script>\n<!-- \/ Yoast SEO plugin. -->","yoast_head_json":{"title":"J\u00e4gersberg-Schirknitzberg - ZAN-bb","robots":{"index":"index","follow":"follow","max-snippet":"max-snippet:-1","max-image-preview":"max-image-preview:large","max-video-preview":"max-video-preview:-1"},"canonical":"http:\/\/zan-bb.de\/?page_id=550","og_locale":"de_DE","og_type":"article","og_title":"J\u00e4gersberg-Schirknitzberg - ZAN-bb","og_description":"EU-Nr.: DE 3847-307Landesnr.: 193Landkreis: Teltow-Fl\u00e4mingGebietsgr\u00f6\u00dfe: 1.595 ha Gebietscharakteristik Das FFH-Gebiet \u201eJ\u00e4gersberg-Schirknitzberg\u201c liegt auf dem ehemaligen Truppen\u00fcbungsplatzes (T\u00dcP) W\u00fcnsdorf-T\u00f6pchin. Im Westen grenzt liegt die Ortschaft W\u00fcnsdorf Waldstadt und im Norden die Ortschaft Zossen. Im S\u00fcden im Bereich des Gro\u00dfen M\u00f6ggelinsees grenzt das Gebiet an das NSG \u201eGro\u00dfer und Kleiner M\u00f6ggelinsee\u201c Ziel-LRT (Anhang I FFH-RL): 2330 D\u00fcnen &hellip; \u201eJ\u00e4gersberg-Schirknitzberg\u201c weiterlesen","og_url":"http:\/\/zan-bb.de\/?page_id=550","og_site_name":"ZAN-bb","article_modified_time":"2024-01-10T08:15:41+00:00","og_image":[{"url":"http:\/\/zan-bb.de\/wp-content\/uploads\/2024\/01\/221212_123558_DSC05486_Linda_ILCE-7C-1024x683.jpg"}],"twitter_card":"summary_large_image","twitter_misc":{"Gesch\u00e4tzte Lesezeit":"1\u00a0Minute"},"schema":{"@context":"https:\/\/schema.org","@graph":[{"@type":"WebPage","@id":"http:\/\/zan-bb.de\/?page_id=550","url":"http:\/\/zan-bb.de\/?page_id=550","name":"J\u00e4gersberg-Schirknitzberg - ZAN-bb","isPartOf":{"@id":"https:\/\/zan-bb.de\/#website"},"datePublished":"2023-11-29T10:25:21+00:00","dateModified":"2024-01-10T08:15:41+00:00","breadcrumb":{"@id":"http:\/\/zan-bb.de\/?page_id=550#breadcrumb"},"inLanguage":"de","potentialAction":[{"@type":"ReadAction","target":["http:\/\/zan-bb.de\/?page_id=550"]}]},{"@type":"BreadcrumbList","@id":"http:\/\/zan-bb.de\/?page_id=550#breadcrumb","itemListElement":[{"@type":"ListItem","position":1,"name":"Startseite","item":"https:\/\/zan-bb.de\/"},{"@type":"ListItem","position":2,"name":"J\u00e4gersberg-Schirknitzberg"}]},{"@type":"WebSite","@id":"https:\/\/zan-bb.de\/#website","url":"https:\/\/zan-bb.de\/","name":"ZAN-bb","description":"Zentrum angewandter Naturschutz in Brandenburg gGmbH","publisher":{"@id":"https:\/\/zan-bb.de\/#organization"},"potentialAction":[{"@type":"SearchAction","target":{"@type":"EntryPoint","urlTemplate":"https:\/\/zan-bb.de\/?s={search_term_string}"},"query-input":"required name=search_term_string"}],"inLanguage":"de"},{"@type":"Organization","@id":"https:\/\/zan-bb.de\/#organization","name":"ZAN-bb","url":"https:\/\/zan-bb.de\/","logo":{"@type":"ImageObject","inLanguage":"de","@id":"https:\/\/zan-bb.de\/#\/schema\/logo\/image\/","url":"https:\/\/zan-bb.de\/wp-content\/uploads\/2020\/05\/cropped-ZAN-logo-trans.png","contentUrl":"https:\/\/zan-bb.de\/wp-content\/uploads\/2020\/05\/cropped-ZAN-logo-trans.png","width":250,"height":250,"caption":"ZAN-bb"},"image":{"@id":"https:\/\/zan-bb.de\/#\/schema\/logo\/image\/"}}]}},"_links":{"self":[{"href":"https:\/\/zan-bb.de\/index.php?rest_route=\/wp\/v2\/pages\/550"}],"collection":[{"href":"https:\/\/zan-bb.de\/index.php?rest_route=\/wp\/v2\/pages"}],"about":[{"href":"https:\/\/zan-bb.de\/index.php?rest_route=\/wp\/v2\/types\/page"}],"author":[{"embeddable":true,"href":"https:\/\/zan-bb.de\/index.php?rest_route=\/wp\/v2\/users\/1"}],"replies":[{"embeddable":true,"href":"https:\/\/zan-bb.de\/index.php?rest_route=%2Fwp%2Fv2%2Fcomments&post=550"}],"version-history":[{"count":5,"href":"https:\/\/zan-bb.de\/index.php?rest_route=\/wp\/v2\/pages\/550\/revisions"}],"predecessor-version":[{"id":1031,"href":"https:\/\/zan-bb.de\/index.php?rest_route=\/wp\/v2\/pages\/550\/revisions\/1031"}],"wp:attachment":[{"href":"https:\/\/zan-bb.de\/index.php?rest_route=%2Fwp%2Fv2%2Fmedia&parent=550"}],"curies":[{"name":"wp","href":"https:\/\/api.w.org\/{rel}","templated":true}]}}