{"id":570,"date":"2023-11-29T10:44:32","date_gmt":"2023-11-29T10:44:32","guid":{"rendered":"https:\/\/zan-bb.de\/?page_id=570"},"modified":"2023-12-13T09:02:29","modified_gmt":"2023-12-13T09:02:29","slug":"netzowsee-metzelthiner-feldmark","status":"publish","type":"page","link":"https:\/\/zan-bb.de\/?page_id=570","title":{"rendered":"Netzowsee-Metzelthiner Feldmark"},"content":{"rendered":"\n<p><strong>EU-Nr.: <\/strong>DE 2847-304<br><strong>Landesnr.:<\/strong> 147<br><strong>Landkreis:<\/strong> Uckermark<br><strong>Gebietsgr\u00f6\u00dfe:<\/strong> 1.258 ha<\/p>\n\n\n\n<p class=\"has-medium-font-size\"><strong>Gebietscharakteristik<\/strong><\/p>\n\n\n\n<p>Das FFH-Gebiet \u201eNetzowsee-Metzelthiner Feldmark\u201c liegt im Landschaftschutzgebiet \u201eNorduckerm\u00e4rkische Seenlandschaft\u201c und ist mit dem gleichlautenden Naturschutzgebiet \u201eNetzowsee-Metzelthiner Feldmark\u201c deckungsgleich. Es besteht aus zwei voneinander getrennten Teilfl\u00e4chen n\u00f6rdlich von Templin.<\/p>\n\n\n\n<div class=\"wp-block-columns is-layout-flex wp-container-core-columns-layout-1 wp-block-columns-is-layout-flex\">\n<div class=\"wp-block-column is-layout-flow wp-block-column-is-layout-flow\" style=\"flex-basis:33.33%\">\n<p><strong>Ziel-LRT (Anhang I FFH-RL):<\/strong><\/p>\n<\/div>\n\n\n\n<div class=\"wp-block-column is-layout-flow wp-block-column-is-layout-flow\" style=\"flex-basis:66.66%\">\n<p>7230 Kalkreiche Niedermoore<\/p>\n<\/div>\n<\/div>\n\n\n\n<div class=\"wp-block-columns is-layout-flex wp-container-core-columns-layout-2 wp-block-columns-is-layout-flex\">\n<div class=\"wp-block-column is-layout-flow wp-block-column-is-layout-flow\" style=\"flex-basis:33.33%\">\n<p><strong>Ziel-Art (Anhang II FFH-RL):<\/strong><\/p>\n<\/div>\n\n\n\n<div class=\"wp-block-column is-layout-flow wp-block-column-is-layout-flow\" style=\"flex-basis:66.66%\">\n<p>Gro\u00dfe Moosjungfer (<em>Leucorrhinia pectoralis<\/em>)<\/p>\n<\/div>\n<\/div>\n\n\n\n<div class=\"wp-block-columns is-layout-flex wp-container-core-columns-layout-3 wp-block-columns-is-layout-flex\">\n<div class=\"wp-block-column is-layout-flow wp-block-column-is-layout-flow\"><\/div>\n\n\n\n<div class=\"wp-block-column is-layout-flow wp-block-column-is-layout-flow\"><\/div>\n<\/div>\n","protected":false},"excerpt":{"rendered":"<p>EU-Nr.: DE 2847-304Landesnr.: 147Landkreis: UckermarkGebietsgr\u00f6\u00dfe: 1.258 ha Gebietscharakteristik Das FFH-Gebiet \u201eNetzowsee-Metzelthiner Feldmark\u201c liegt im Landschaftschutzgebiet \u201eNorduckerm\u00e4rkische Seenlandschaft\u201c und ist mit dem gleichlautenden Naturschutzgebiet \u201eNetzowsee-Metzelthiner Feldmark\u201c deckungsgleich. Es besteht aus zwei voneinander getrennten Teilfl\u00e4chen n\u00f6rdlich von Templin. Ziel-LRT (Anhang I FFH-RL): 7230 Kalkreiche Niedermoore Ziel-Art (Anhang II FFH-RL): Gro\u00dfe Moosjungfer (Leucorrhinia pectoralis)<\/p>\n","protected":false},"author":1,"featured_media":0,"parent":0,"menu_order":0,"comment_status":"closed","ping_status":"closed","template":"","meta":{"footnotes":""},"yoast_head":"<!-- This site is optimized with the Yoast SEO plugin v21.9.1 - https:\/\/yoast.com\/wordpress\/plugins\/seo\/ -->\n<title>Netzowsee-Metzelthiner Feldmark - ZAN-bb<\/title>\n<meta name=\"robots\" content=\"index, follow, max-snippet:-1, max-image-preview:large, max-video-preview:-1\" \/>\n<link rel=\"canonical\" href=\"http:\/\/zan-bb.de\/?page_id=570\" \/>\n<meta property=\"og:locale\" content=\"de_DE\" \/>\n<meta property=\"og:type\" content=\"article\" \/>\n<meta property=\"og:title\" content=\"Netzowsee-Metzelthiner Feldmark - ZAN-bb\" \/>\n<meta property=\"og:description\" content=\"EU-Nr.: DE 2847-304Landesnr.: 147Landkreis: UckermarkGebietsgr\u00f6\u00dfe: 1.258 ha Gebietscharakteristik Das FFH-Gebiet \u201eNetzowsee-Metzelthiner Feldmark\u201c liegt im Landschaftschutzgebiet \u201eNorduckerm\u00e4rkische Seenlandschaft\u201c und ist mit dem gleichlautenden Naturschutzgebiet \u201eNetzowsee-Metzelthiner Feldmark\u201c deckungsgleich. Es besteht aus zwei voneinander getrennten Teilfl\u00e4chen n\u00f6rdlich von Templin. Ziel-LRT (Anhang I FFH-RL): 7230 Kalkreiche Niedermoore Ziel-Art (Anhang II FFH-RL): Gro\u00dfe Moosjungfer (Leucorrhinia pectoralis)\" \/>\n<meta property=\"og:url\" content=\"http:\/\/zan-bb.de\/?page_id=570\" \/>\n<meta property=\"og:site_name\" content=\"ZAN-bb\" \/>\n<meta property=\"article:modified_time\" content=\"2023-12-13T09:02:29+00:00\" \/>\n<meta name=\"twitter:card\" content=\"summary_large_image\" \/>\n<meta name=\"twitter:label1\" content=\"Gesch\u00e4tzte Lesezeit\" \/>\n\t<meta name=\"twitter:data1\" content=\"1\u00a0Minute\" \/>\n<script type=\"application\/ld+json\" class=\"yoast-schema-graph\">{\"@context\":\"https:\/\/schema.org\",\"@graph\":[{\"@type\":\"WebPage\",\"@id\":\"http:\/\/zan-bb.de\/?page_id=570\",\"url\":\"http:\/\/zan-bb.de\/?page_id=570\",\"name\":\"Netzowsee-Metzelthiner Feldmark - ZAN-bb\",\"isPartOf\":{\"@id\":\"https:\/\/zan-bb.de\/#website\"},\"datePublished\":\"2023-11-29T10:44:32+00:00\",\"dateModified\":\"2023-12-13T09:02:29+00:00\",\"breadcrumb\":{\"@id\":\"http:\/\/zan-bb.de\/?page_id=570#breadcrumb\"},\"inLanguage\":\"de\",\"potentialAction\":[{\"@type\":\"ReadAction\",\"target\":[\"http:\/\/zan-bb.de\/?page_id=570\"]}]},{\"@type\":\"BreadcrumbList\",\"@id\":\"http:\/\/zan-bb.de\/?page_id=570#breadcrumb\",\"itemListElement\":[{\"@type\":\"ListItem\",\"position\":1,\"name\":\"Startseite\",\"item\":\"https:\/\/zan-bb.de\/\"},{\"@type\":\"ListItem\",\"position\":2,\"name\":\"Netzowsee-Metzelthiner Feldmark\"}]},{\"@type\":\"WebSite\",\"@id\":\"https:\/\/zan-bb.de\/#website\",\"url\":\"https:\/\/zan-bb.de\/\",\"name\":\"ZAN-bb\",\"description\":\"Zentrum angewandter Naturschutz in Brandenburg gGmbH\",\"publisher\":{\"@id\":\"https:\/\/zan-bb.de\/#organization\"},\"potentialAction\":[{\"@type\":\"SearchAction\",\"target\":{\"@type\":\"EntryPoint\",\"urlTemplate\":\"https:\/\/zan-bb.de\/?s={search_term_string}\"},\"query-input\":\"required name=search_term_string\"}],\"inLanguage\":\"de\"},{\"@type\":\"Organization\",\"@id\":\"https:\/\/zan-bb.de\/#organization\",\"name\":\"ZAN-bb\",\"url\":\"https:\/\/zan-bb.de\/\",\"logo\":{\"@type\":\"ImageObject\",\"inLanguage\":\"de\",\"@id\":\"https:\/\/zan-bb.de\/#\/schema\/logo\/image\/\",\"url\":\"https:\/\/zan-bb.de\/wp-content\/uploads\/2020\/05\/cropped-ZAN-logo-trans.png\",\"contentUrl\":\"https:\/\/zan-bb.de\/wp-content\/uploads\/2020\/05\/cropped-ZAN-logo-trans.png\",\"width\":250,\"height\":250,\"caption\":\"ZAN-bb\"},\"image\":{\"@id\":\"https:\/\/zan-bb.de\/#\/schema\/logo\/image\/\"}}]}<\/script>\n<!-- \/ Yoast SEO plugin. -->","yoast_head_json":{"title":"Netzowsee-Metzelthiner Feldmark - ZAN-bb","robots":{"index":"index","follow":"follow","max-snippet":"max-snippet:-1","max-image-preview":"max-image-preview:large","max-video-preview":"max-video-preview:-1"},"canonical":"http:\/\/zan-bb.de\/?page_id=570","og_locale":"de_DE","og_type":"article","og_title":"Netzowsee-Metzelthiner Feldmark - ZAN-bb","og_description":"EU-Nr.: DE 2847-304Landesnr.: 147Landkreis: UckermarkGebietsgr\u00f6\u00dfe: 1.258 ha Gebietscharakteristik Das FFH-Gebiet \u201eNetzowsee-Metzelthiner Feldmark\u201c liegt im Landschaftschutzgebiet \u201eNorduckerm\u00e4rkische Seenlandschaft\u201c und ist mit dem gleichlautenden Naturschutzgebiet \u201eNetzowsee-Metzelthiner Feldmark\u201c deckungsgleich. Es besteht aus zwei voneinander getrennten Teilfl\u00e4chen n\u00f6rdlich von Templin. Ziel-LRT (Anhang I FFH-RL): 7230 Kalkreiche Niedermoore Ziel-Art (Anhang II FFH-RL): Gro\u00dfe Moosjungfer (Leucorrhinia pectoralis)","og_url":"http:\/\/zan-bb.de\/?page_id=570","og_site_name":"ZAN-bb","article_modified_time":"2023-12-13T09:02:29+00:00","twitter_card":"summary_large_image","twitter_misc":{"Gesch\u00e4tzte Lesezeit":"1\u00a0Minute"},"schema":{"@context":"https:\/\/schema.org","@graph":[{"@type":"WebPage","@id":"http:\/\/zan-bb.de\/?page_id=570","url":"http:\/\/zan-bb.de\/?page_id=570","name":"Netzowsee-Metzelthiner Feldmark - ZAN-bb","isPartOf":{"@id":"https:\/\/zan-bb.de\/#website"},"datePublished":"2023-11-29T10:44:32+00:00","dateModified":"2023-12-13T09:02:29+00:00","breadcrumb":{"@id":"http:\/\/zan-bb.de\/?page_id=570#breadcrumb"},"inLanguage":"de","potentialAction":[{"@type":"ReadAction","target":["http:\/\/zan-bb.de\/?page_id=570"]}]},{"@type":"BreadcrumbList","@id":"http:\/\/zan-bb.de\/?page_id=570#breadcrumb","itemListElement":[{"@type":"ListItem","position":1,"name":"Startseite","item":"https:\/\/zan-bb.de\/"},{"@type":"ListItem","position":2,"name":"Netzowsee-Metzelthiner Feldmark"}]},{"@type":"WebSite","@id":"https:\/\/zan-bb.de\/#website","url":"https:\/\/zan-bb.de\/","name":"ZAN-bb","description":"Zentrum angewandter Naturschutz in Brandenburg gGmbH","publisher":{"@id":"https:\/\/zan-bb.de\/#organization"},"potentialAction":[{"@type":"SearchAction","target":{"@type":"EntryPoint","urlTemplate":"https:\/\/zan-bb.de\/?s={search_term_string}"},"query-input":"required name=search_term_string"}],"inLanguage":"de"},{"@type":"Organization","@id":"https:\/\/zan-bb.de\/#organization","name":"ZAN-bb","url":"https:\/\/zan-bb.de\/","logo":{"@type":"ImageObject","inLanguage":"de","@id":"https:\/\/zan-bb.de\/#\/schema\/logo\/image\/","url":"https:\/\/zan-bb.de\/wp-content\/uploads\/2020\/05\/cropped-ZAN-logo-trans.png","contentUrl":"https:\/\/zan-bb.de\/wp-content\/uploads\/2020\/05\/cropped-ZAN-logo-trans.png","width":250,"height":250,"caption":"ZAN-bb"},"image":{"@id":"https:\/\/zan-bb.de\/#\/schema\/logo\/image\/"}}]}},"_links":{"self":[{"href":"https:\/\/zan-bb.de\/index.php?rest_route=\/wp\/v2\/pages\/570"}],"collection":[{"href":"https:\/\/zan-bb.de\/index.php?rest_route=\/wp\/v2\/pages"}],"about":[{"href":"https:\/\/zan-bb.de\/index.php?rest_route=\/wp\/v2\/types\/page"}],"author":[{"embeddable":true,"href":"https:\/\/zan-bb.de\/index.php?rest_route=\/wp\/v2\/users\/1"}],"replies":[{"embeddable":true,"href":"https:\/\/zan-bb.de\/index.php?rest_route=%2Fwp%2Fv2%2Fcomments&post=570"}],"version-history":[{"count":3,"href":"https:\/\/zan-bb.de\/index.php?rest_route=\/wp\/v2\/pages\/570\/revisions"}],"predecessor-version":[{"id":861,"href":"https:\/\/zan-bb.de\/index.php?rest_route=\/wp\/v2\/pages\/570\/revisions\/861"}],"wp:attachment":[{"href":"https:\/\/zan-bb.de\/index.php?rest_route=%2Fwp%2Fv2%2Fmedia&parent=570"}],"curies":[{"name":"wp","href":"https:\/\/api.w.org\/{rel}","templated":true}]}}