{"id":576,"date":"2023-11-29T10:49:22","date_gmt":"2023-11-29T10:49:22","guid":{"rendered":"https:\/\/zan-bb.de\/?page_id=576"},"modified":"2023-12-13T09:23:54","modified_gmt":"2023-12-13T09:23:54","slug":"obere-dahme","status":"publish","type":"page","link":"https:\/\/zan-bb.de\/?page_id=576","title":{"rendered":"Obere Dahme"},"content":{"rendered":"\n<p><strong>EU-Nr.: <\/strong>DE 4047-306<br><strong>Landesnr.:<\/strong> 639<br><strong>Landkreis:<\/strong> Teltow-Fl\u00e4ming, Dahme-Spreewald<br><strong>Gebietsgr\u00f6\u00dfe:<\/strong> 280 ha<\/p>\n\n\n\n<p class=\"has-medium-font-size\"><strong>Gebietscharakteristik<\/strong><\/p>\n\n\n\n<p>Das FFH-Gebiet umfasst den Bach- und Auenbereich des Moosebaches n\u00f6rdlich der Stadt Dahme\/ Mark bis zur M\u00fcndung in die Dahme, sowie deren Flusslauf mit seinen ufernahen Bereichen zwischen der Stadt Dahme und der Grenze des Naturparks \u201eDahme-Heideseen\u201c bei Staakow.<\/p>\n\n\n\n<div class=\"wp-block-columns is-layout-flex wp-container-core-columns-layout-1 wp-block-columns-is-layout-flex\">\n<div class=\"wp-block-column is-layout-flow wp-block-column-is-layout-flow\" style=\"flex-basis:33.33%\">\n<p><strong>Ziel-LRT (Anhang I FFH-RL):<\/strong><\/p>\n<\/div>\n\n\n\n<div class=\"wp-block-column is-layout-flow wp-block-column-is-layout-flow\" style=\"flex-basis:66.66%\">\n<p>3260 Fl\u00fcsse der planaren bis montanen Stufe mit Vegetation des Ranunculion fluitantis und des Callitricho-Batrachion<\/p>\n<\/div>\n<\/div>\n\n\n\n<div class=\"wp-block-columns is-layout-flex wp-container-core-columns-layout-2 wp-block-columns-is-layout-flex\">\n<div class=\"wp-block-column is-layout-flow wp-block-column-is-layout-flow\"><\/div>\n\n\n\n<div class=\"wp-block-column is-layout-flow wp-block-column-is-layout-flow\"><\/div>\n<\/div>\n","protected":false},"excerpt":{"rendered":"<p>EU-Nr.: DE 4047-306Landesnr.: 639Landkreis: Teltow-Fl\u00e4ming, Dahme-SpreewaldGebietsgr\u00f6\u00dfe: 280 ha Gebietscharakteristik Das FFH-Gebiet umfasst den Bach- und Auenbereich des Moosebaches n\u00f6rdlich der Stadt Dahme\/ Mark bis zur M\u00fcndung in die Dahme, sowie deren Flusslauf mit seinen ufernahen Bereichen zwischen der Stadt Dahme und der Grenze des Naturparks \u201eDahme-Heideseen\u201c bei Staakow. Ziel-LRT (Anhang I FFH-RL): 3260 Fl\u00fcsse der &hellip; <\/p>\n<p class=\"link-more\"><a href=\"https:\/\/zan-bb.de\/?page_id=576\" class=\"more-link\"><span class=\"screen-reader-text\">\u201eObere Dahme\u201c<\/span> weiterlesen<\/a><\/p>\n","protected":false},"author":1,"featured_media":0,"parent":0,"menu_order":0,"comment_status":"closed","ping_status":"closed","template":"","meta":{"footnotes":""},"yoast_head":"<!-- This site is optimized with the Yoast SEO plugin v21.9.1 - https:\/\/yoast.com\/wordpress\/plugins\/seo\/ -->\n<title>Obere Dahme - ZAN-bb<\/title>\n<meta name=\"robots\" content=\"index, follow, max-snippet:-1, max-image-preview:large, max-video-preview:-1\" \/>\n<link rel=\"canonical\" href=\"http:\/\/zan-bb.de\/?page_id=576\" \/>\n<meta property=\"og:locale\" content=\"de_DE\" \/>\n<meta property=\"og:type\" content=\"article\" \/>\n<meta property=\"og:title\" content=\"Obere Dahme - ZAN-bb\" \/>\n<meta property=\"og:description\" content=\"EU-Nr.: DE 4047-306Landesnr.: 639Landkreis: Teltow-Fl\u00e4ming, Dahme-SpreewaldGebietsgr\u00f6\u00dfe: 280 ha Gebietscharakteristik Das FFH-Gebiet umfasst den Bach- und Auenbereich des Moosebaches n\u00f6rdlich der Stadt Dahme\/ Mark bis zur M\u00fcndung in die Dahme, sowie deren Flusslauf mit seinen ufernahen Bereichen zwischen der Stadt Dahme und der Grenze des Naturparks \u201eDahme-Heideseen\u201c bei Staakow. Ziel-LRT (Anhang I FFH-RL): 3260 Fl\u00fcsse der &hellip; \u201eObere Dahme\u201c weiterlesen\" \/>\n<meta property=\"og:url\" content=\"http:\/\/zan-bb.de\/?page_id=576\" \/>\n<meta property=\"og:site_name\" content=\"ZAN-bb\" \/>\n<meta property=\"article:modified_time\" content=\"2023-12-13T09:23:54+00:00\" \/>\n<meta name=\"twitter:card\" content=\"summary_large_image\" \/>\n<meta name=\"twitter:label1\" content=\"Gesch\u00e4tzte Lesezeit\" \/>\n\t<meta name=\"twitter:data1\" content=\"1\u00a0Minute\" \/>\n<script type=\"application\/ld+json\" class=\"yoast-schema-graph\">{\"@context\":\"https:\/\/schema.org\",\"@graph\":[{\"@type\":\"WebPage\",\"@id\":\"http:\/\/zan-bb.de\/?page_id=576\",\"url\":\"http:\/\/zan-bb.de\/?page_id=576\",\"name\":\"Obere Dahme - ZAN-bb\",\"isPartOf\":{\"@id\":\"https:\/\/zan-bb.de\/#website\"},\"datePublished\":\"2023-11-29T10:49:22+00:00\",\"dateModified\":\"2023-12-13T09:23:54+00:00\",\"breadcrumb\":{\"@id\":\"http:\/\/zan-bb.de\/?page_id=576#breadcrumb\"},\"inLanguage\":\"de\",\"potentialAction\":[{\"@type\":\"ReadAction\",\"target\":[\"http:\/\/zan-bb.de\/?page_id=576\"]}]},{\"@type\":\"BreadcrumbList\",\"@id\":\"http:\/\/zan-bb.de\/?page_id=576#breadcrumb\",\"itemListElement\":[{\"@type\":\"ListItem\",\"position\":1,\"name\":\"Startseite\",\"item\":\"https:\/\/zan-bb.de\/\"},{\"@type\":\"ListItem\",\"position\":2,\"name\":\"Obere Dahme\"}]},{\"@type\":\"WebSite\",\"@id\":\"https:\/\/zan-bb.de\/#website\",\"url\":\"https:\/\/zan-bb.de\/\",\"name\":\"ZAN-bb\",\"description\":\"Zentrum angewandter Naturschutz in Brandenburg gGmbH\",\"publisher\":{\"@id\":\"https:\/\/zan-bb.de\/#organization\"},\"potentialAction\":[{\"@type\":\"SearchAction\",\"target\":{\"@type\":\"EntryPoint\",\"urlTemplate\":\"https:\/\/zan-bb.de\/?s={search_term_string}\"},\"query-input\":\"required name=search_term_string\"}],\"inLanguage\":\"de\"},{\"@type\":\"Organization\",\"@id\":\"https:\/\/zan-bb.de\/#organization\",\"name\":\"ZAN-bb\",\"url\":\"https:\/\/zan-bb.de\/\",\"logo\":{\"@type\":\"ImageObject\",\"inLanguage\":\"de\",\"@id\":\"https:\/\/zan-bb.de\/#\/schema\/logo\/image\/\",\"url\":\"https:\/\/zan-bb.de\/wp-content\/uploads\/2020\/05\/cropped-ZAN-logo-trans.png\",\"contentUrl\":\"https:\/\/zan-bb.de\/wp-content\/uploads\/2020\/05\/cropped-ZAN-logo-trans.png\",\"width\":250,\"height\":250,\"caption\":\"ZAN-bb\"},\"image\":{\"@id\":\"https:\/\/zan-bb.de\/#\/schema\/logo\/image\/\"}}]}<\/script>\n<!-- \/ Yoast SEO plugin. -->","yoast_head_json":{"title":"Obere Dahme - ZAN-bb","robots":{"index":"index","follow":"follow","max-snippet":"max-snippet:-1","max-image-preview":"max-image-preview:large","max-video-preview":"max-video-preview:-1"},"canonical":"http:\/\/zan-bb.de\/?page_id=576","og_locale":"de_DE","og_type":"article","og_title":"Obere Dahme - ZAN-bb","og_description":"EU-Nr.: DE 4047-306Landesnr.: 639Landkreis: Teltow-Fl\u00e4ming, Dahme-SpreewaldGebietsgr\u00f6\u00dfe: 280 ha Gebietscharakteristik Das FFH-Gebiet umfasst den Bach- und Auenbereich des Moosebaches n\u00f6rdlich der Stadt Dahme\/ Mark bis zur M\u00fcndung in die Dahme, sowie deren Flusslauf mit seinen ufernahen Bereichen zwischen der Stadt Dahme und der Grenze des Naturparks \u201eDahme-Heideseen\u201c bei Staakow. Ziel-LRT (Anhang I FFH-RL): 3260 Fl\u00fcsse der &hellip; \u201eObere Dahme\u201c weiterlesen","og_url":"http:\/\/zan-bb.de\/?page_id=576","og_site_name":"ZAN-bb","article_modified_time":"2023-12-13T09:23:54+00:00","twitter_card":"summary_large_image","twitter_misc":{"Gesch\u00e4tzte Lesezeit":"1\u00a0Minute"},"schema":{"@context":"https:\/\/schema.org","@graph":[{"@type":"WebPage","@id":"http:\/\/zan-bb.de\/?page_id=576","url":"http:\/\/zan-bb.de\/?page_id=576","name":"Obere Dahme - ZAN-bb","isPartOf":{"@id":"https:\/\/zan-bb.de\/#website"},"datePublished":"2023-11-29T10:49:22+00:00","dateModified":"2023-12-13T09:23:54+00:00","breadcrumb":{"@id":"http:\/\/zan-bb.de\/?page_id=576#breadcrumb"},"inLanguage":"de","potentialAction":[{"@type":"ReadAction","target":["http:\/\/zan-bb.de\/?page_id=576"]}]},{"@type":"BreadcrumbList","@id":"http:\/\/zan-bb.de\/?page_id=576#breadcrumb","itemListElement":[{"@type":"ListItem","position":1,"name":"Startseite","item":"https:\/\/zan-bb.de\/"},{"@type":"ListItem","position":2,"name":"Obere Dahme"}]},{"@type":"WebSite","@id":"https:\/\/zan-bb.de\/#website","url":"https:\/\/zan-bb.de\/","name":"ZAN-bb","description":"Zentrum angewandter Naturschutz in Brandenburg gGmbH","publisher":{"@id":"https:\/\/zan-bb.de\/#organization"},"potentialAction":[{"@type":"SearchAction","target":{"@type":"EntryPoint","urlTemplate":"https:\/\/zan-bb.de\/?s={search_term_string}"},"query-input":"required name=search_term_string"}],"inLanguage":"de"},{"@type":"Organization","@id":"https:\/\/zan-bb.de\/#organization","name":"ZAN-bb","url":"https:\/\/zan-bb.de\/","logo":{"@type":"ImageObject","inLanguage":"de","@id":"https:\/\/zan-bb.de\/#\/schema\/logo\/image\/","url":"https:\/\/zan-bb.de\/wp-content\/uploads\/2020\/05\/cropped-ZAN-logo-trans.png","contentUrl":"https:\/\/zan-bb.de\/wp-content\/uploads\/2020\/05\/cropped-ZAN-logo-trans.png","width":250,"height":250,"caption":"ZAN-bb"},"image":{"@id":"https:\/\/zan-bb.de\/#\/schema\/logo\/image\/"}}]}},"_links":{"self":[{"href":"https:\/\/zan-bb.de\/index.php?rest_route=\/wp\/v2\/pages\/576"}],"collection":[{"href":"https:\/\/zan-bb.de\/index.php?rest_route=\/wp\/v2\/pages"}],"about":[{"href":"https:\/\/zan-bb.de\/index.php?rest_route=\/wp\/v2\/types\/page"}],"author":[{"embeddable":true,"href":"https:\/\/zan-bb.de\/index.php?rest_route=\/wp\/v2\/users\/1"}],"replies":[{"embeddable":true,"href":"https:\/\/zan-bb.de\/index.php?rest_route=%2Fwp%2Fv2%2Fcomments&post=576"}],"version-history":[{"count":3,"href":"https:\/\/zan-bb.de\/index.php?rest_route=\/wp\/v2\/pages\/576\/revisions"}],"predecessor-version":[{"id":872,"href":"https:\/\/zan-bb.de\/index.php?rest_route=\/wp\/v2\/pages\/576\/revisions\/872"}],"wp:attachment":[{"href":"https:\/\/zan-bb.de\/index.php?rest_route=%2Fwp%2Fv2%2Fmedia&parent=576"}],"curies":[{"name":"wp","href":"https:\/\/api.w.org\/{rel}","templated":true}]}}