{"id":579,"date":"2023-11-29T10:53:15","date_gmt":"2023-11-29T10:53:15","guid":{"rendered":"https:\/\/zan-bb.de\/?page_id=579"},"modified":"2023-12-13T09:40:13","modified_gmt":"2023-12-13T09:40:13","slug":"oderwiesen-neu-ruednitz","status":"publish","type":"page","link":"https:\/\/zan-bb.de\/?page_id=579","title":{"rendered":"Oderwiesen Neu R\u00fcdnitz"},"content":{"rendered":"\n<p><strong>EU-Nr.: <\/strong>DE 3151-301<br><strong>Landesnr.: <\/strong>387<br><strong>Landkreis:<\/strong> M\u00e4rkisch-Oderland&nbsp;<br><strong>Gebietsgr\u00f6\u00dfe:<\/strong> 1.047 ha<\/p>\n\n\n\n<p class=\"has-medium-font-size\"><strong>Gebietscharakteristik<\/strong><\/p>\n\n\n\n<p>Das FFH-Gebiet liegt an der \u00f6stlichen Landesgrenze von Brandenburg. Das FFH-Gebiet entspricht weitestgehend dem gleichnamigen Naturschutzgebiet (NSG). Es umfasst einen Flussabschnitt der Oder mit angrenzenden, von den schwankenden Flusswasserst\u00e4nden gepr\u00e4gten, naturnahen Auenlebensr\u00e4umen.<\/p>\n\n\n\n<div class=\"wp-block-columns is-layout-flex wp-container-core-columns-layout-1 wp-block-columns-is-layout-flex\">\n<div class=\"wp-block-column is-layout-flow wp-block-column-is-layout-flow\" style=\"flex-basis:33.33%\">\n<p><strong>Ziel-LRT (Anhang I FFH-RL):<\/strong><\/p>\n<\/div>\n\n\n\n<div class=\"wp-block-column is-layout-flow wp-block-column-is-layout-flow\" style=\"flex-basis:66.66%\">\n<p>6440 Brenndolden-Auenwiesen<\/p>\n<\/div>\n<\/div>\n\n\n\n<div class=\"wp-block-columns is-layout-flex wp-container-core-columns-layout-2 wp-block-columns-is-layout-flex\">\n<div class=\"wp-block-column is-layout-flow wp-block-column-is-layout-flow\"><\/div>\n\n\n\n<div class=\"wp-block-column is-layout-flow wp-block-column-is-layout-flow\"><\/div>\n<\/div>\n","protected":false},"excerpt":{"rendered":"<p>EU-Nr.: DE 3151-301Landesnr.: 387Landkreis: M\u00e4rkisch-Oderland&nbsp;Gebietsgr\u00f6\u00dfe: 1.047 ha Gebietscharakteristik Das FFH-Gebiet liegt an der \u00f6stlichen Landesgrenze von Brandenburg. Das FFH-Gebiet entspricht weitestgehend dem gleichnamigen Naturschutzgebiet (NSG). Es umfasst einen Flussabschnitt der Oder mit angrenzenden, von den schwankenden Flusswasserst\u00e4nden gepr\u00e4gten, naturnahen Auenlebensr\u00e4umen. Ziel-LRT (Anhang I FFH-RL): 6440 Brenndolden-Auenwiesen<\/p>\n","protected":false},"author":1,"featured_media":0,"parent":0,"menu_order":0,"comment_status":"closed","ping_status":"closed","template":"","meta":{"footnotes":""},"yoast_head":"<!-- This site is optimized with the Yoast SEO plugin v21.9.1 - https:\/\/yoast.com\/wordpress\/plugins\/seo\/ -->\n<title>Oderwiesen Neu R\u00fcdnitz - ZAN-bb<\/title>\n<meta name=\"robots\" content=\"index, follow, max-snippet:-1, max-image-preview:large, max-video-preview:-1\" \/>\n<link rel=\"canonical\" href=\"https:\/\/zan-bb.de\/?page_id=579\" \/>\n<meta property=\"og:locale\" content=\"de_DE\" \/>\n<meta property=\"og:type\" content=\"article\" \/>\n<meta property=\"og:title\" content=\"Oderwiesen Neu R\u00fcdnitz - ZAN-bb\" \/>\n<meta property=\"og:description\" content=\"EU-Nr.: DE 3151-301Landesnr.: 387Landkreis: M\u00e4rkisch-Oderland&nbsp;Gebietsgr\u00f6\u00dfe: 1.047 ha Gebietscharakteristik Das FFH-Gebiet liegt an der \u00f6stlichen Landesgrenze von Brandenburg. Das FFH-Gebiet entspricht weitestgehend dem gleichnamigen Naturschutzgebiet (NSG). Es umfasst einen Flussabschnitt der Oder mit angrenzenden, von den schwankenden Flusswasserst\u00e4nden gepr\u00e4gten, naturnahen Auenlebensr\u00e4umen. Ziel-LRT (Anhang I FFH-RL): 6440 Brenndolden-Auenwiesen\" \/>\n<meta property=\"og:url\" content=\"https:\/\/zan-bb.de\/?page_id=579\" \/>\n<meta property=\"og:site_name\" content=\"ZAN-bb\" \/>\n<meta property=\"article:modified_time\" content=\"2023-12-13T09:40:13+00:00\" \/>\n<meta name=\"twitter:card\" content=\"summary_large_image\" \/>\n<meta name=\"twitter:label1\" content=\"Gesch\u00e4tzte Lesezeit\" \/>\n\t<meta name=\"twitter:data1\" content=\"1\u00a0Minute\" \/>\n<script type=\"application\/ld+json\" class=\"yoast-schema-graph\">{\"@context\":\"https:\/\/schema.org\",\"@graph\":[{\"@type\":\"WebPage\",\"@id\":\"https:\/\/zan-bb.de\/?page_id=579\",\"url\":\"https:\/\/zan-bb.de\/?page_id=579\",\"name\":\"Oderwiesen Neu R\u00fcdnitz - ZAN-bb\",\"isPartOf\":{\"@id\":\"https:\/\/zan-bb.de\/#website\"},\"datePublished\":\"2023-11-29T10:53:15+00:00\",\"dateModified\":\"2023-12-13T09:40:13+00:00\",\"breadcrumb\":{\"@id\":\"https:\/\/zan-bb.de\/?page_id=579#breadcrumb\"},\"inLanguage\":\"de\",\"potentialAction\":[{\"@type\":\"ReadAction\",\"target\":[\"https:\/\/zan-bb.de\/?page_id=579\"]}]},{\"@type\":\"BreadcrumbList\",\"@id\":\"https:\/\/zan-bb.de\/?page_id=579#breadcrumb\",\"itemListElement\":[{\"@type\":\"ListItem\",\"position\":1,\"name\":\"Startseite\",\"item\":\"https:\/\/zan-bb.de\/\"},{\"@type\":\"ListItem\",\"position\":2,\"name\":\"Oderwiesen Neu R\u00fcdnitz\"}]},{\"@type\":\"WebSite\",\"@id\":\"https:\/\/zan-bb.de\/#website\",\"url\":\"https:\/\/zan-bb.de\/\",\"name\":\"ZAN-bb\",\"description\":\"Zentrum angewandter Naturschutz in Brandenburg gGmbH\",\"publisher\":{\"@id\":\"https:\/\/zan-bb.de\/#organization\"},\"potentialAction\":[{\"@type\":\"SearchAction\",\"target\":{\"@type\":\"EntryPoint\",\"urlTemplate\":\"https:\/\/zan-bb.de\/?s={search_term_string}\"},\"query-input\":\"required name=search_term_string\"}],\"inLanguage\":\"de\"},{\"@type\":\"Organization\",\"@id\":\"https:\/\/zan-bb.de\/#organization\",\"name\":\"ZAN-bb\",\"url\":\"https:\/\/zan-bb.de\/\",\"logo\":{\"@type\":\"ImageObject\",\"inLanguage\":\"de\",\"@id\":\"https:\/\/zan-bb.de\/#\/schema\/logo\/image\/\",\"url\":\"https:\/\/zan-bb.de\/wp-content\/uploads\/2020\/05\/cropped-ZAN-logo-trans.png\",\"contentUrl\":\"https:\/\/zan-bb.de\/wp-content\/uploads\/2020\/05\/cropped-ZAN-logo-trans.png\",\"width\":250,\"height\":250,\"caption\":\"ZAN-bb\"},\"image\":{\"@id\":\"https:\/\/zan-bb.de\/#\/schema\/logo\/image\/\"}}]}<\/script>\n<!-- \/ Yoast SEO plugin. -->","yoast_head_json":{"title":"Oderwiesen Neu R\u00fcdnitz - ZAN-bb","robots":{"index":"index","follow":"follow","max-snippet":"max-snippet:-1","max-image-preview":"max-image-preview:large","max-video-preview":"max-video-preview:-1"},"canonical":"https:\/\/zan-bb.de\/?page_id=579","og_locale":"de_DE","og_type":"article","og_title":"Oderwiesen Neu R\u00fcdnitz - ZAN-bb","og_description":"EU-Nr.: DE 3151-301Landesnr.: 387Landkreis: M\u00e4rkisch-Oderland&nbsp;Gebietsgr\u00f6\u00dfe: 1.047 ha Gebietscharakteristik Das FFH-Gebiet liegt an der \u00f6stlichen Landesgrenze von Brandenburg. Das FFH-Gebiet entspricht weitestgehend dem gleichnamigen Naturschutzgebiet (NSG). Es umfasst einen Flussabschnitt der Oder mit angrenzenden, von den schwankenden Flusswasserst\u00e4nden gepr\u00e4gten, naturnahen Auenlebensr\u00e4umen. Ziel-LRT (Anhang I FFH-RL): 6440 Brenndolden-Auenwiesen","og_url":"https:\/\/zan-bb.de\/?page_id=579","og_site_name":"ZAN-bb","article_modified_time":"2023-12-13T09:40:13+00:00","twitter_card":"summary_large_image","twitter_misc":{"Gesch\u00e4tzte Lesezeit":"1\u00a0Minute"},"schema":{"@context":"https:\/\/schema.org","@graph":[{"@type":"WebPage","@id":"https:\/\/zan-bb.de\/?page_id=579","url":"https:\/\/zan-bb.de\/?page_id=579","name":"Oderwiesen Neu R\u00fcdnitz - ZAN-bb","isPartOf":{"@id":"https:\/\/zan-bb.de\/#website"},"datePublished":"2023-11-29T10:53:15+00:00","dateModified":"2023-12-13T09:40:13+00:00","breadcrumb":{"@id":"https:\/\/zan-bb.de\/?page_id=579#breadcrumb"},"inLanguage":"de","potentialAction":[{"@type":"ReadAction","target":["https:\/\/zan-bb.de\/?page_id=579"]}]},{"@type":"BreadcrumbList","@id":"https:\/\/zan-bb.de\/?page_id=579#breadcrumb","itemListElement":[{"@type":"ListItem","position":1,"name":"Startseite","item":"https:\/\/zan-bb.de\/"},{"@type":"ListItem","position":2,"name":"Oderwiesen Neu R\u00fcdnitz"}]},{"@type":"WebSite","@id":"https:\/\/zan-bb.de\/#website","url":"https:\/\/zan-bb.de\/","name":"ZAN-bb","description":"Zentrum angewandter Naturschutz in Brandenburg gGmbH","publisher":{"@id":"https:\/\/zan-bb.de\/#organization"},"potentialAction":[{"@type":"SearchAction","target":{"@type":"EntryPoint","urlTemplate":"https:\/\/zan-bb.de\/?s={search_term_string}"},"query-input":"required name=search_term_string"}],"inLanguage":"de"},{"@type":"Organization","@id":"https:\/\/zan-bb.de\/#organization","name":"ZAN-bb","url":"https:\/\/zan-bb.de\/","logo":{"@type":"ImageObject","inLanguage":"de","@id":"https:\/\/zan-bb.de\/#\/schema\/logo\/image\/","url":"https:\/\/zan-bb.de\/wp-content\/uploads\/2020\/05\/cropped-ZAN-logo-trans.png","contentUrl":"https:\/\/zan-bb.de\/wp-content\/uploads\/2020\/05\/cropped-ZAN-logo-trans.png","width":250,"height":250,"caption":"ZAN-bb"},"image":{"@id":"https:\/\/zan-bb.de\/#\/schema\/logo\/image\/"}}]}},"_links":{"self":[{"href":"https:\/\/zan-bb.de\/index.php?rest_route=\/wp\/v2\/pages\/579"}],"collection":[{"href":"https:\/\/zan-bb.de\/index.php?rest_route=\/wp\/v2\/pages"}],"about":[{"href":"https:\/\/zan-bb.de\/index.php?rest_route=\/wp\/v2\/types\/page"}],"author":[{"embeddable":true,"href":"https:\/\/zan-bb.de\/index.php?rest_route=\/wp\/v2\/users\/1"}],"replies":[{"embeddable":true,"href":"https:\/\/zan-bb.de\/index.php?rest_route=%2Fwp%2Fv2%2Fcomments&post=579"}],"version-history":[{"count":5,"href":"https:\/\/zan-bb.de\/index.php?rest_route=\/wp\/v2\/pages\/579\/revisions"}],"predecessor-version":[{"id":877,"href":"https:\/\/zan-bb.de\/index.php?rest_route=\/wp\/v2\/pages\/579\/revisions\/877"}],"wp:attachment":[{"href":"https:\/\/zan-bb.de\/index.php?rest_route=%2Fwp%2Fv2%2Fmedia&parent=579"}],"curies":[{"name":"wp","href":"https:\/\/api.w.org\/{rel}","templated":true}]}}