{"id":585,"date":"2023-11-29T10:59:37","date_gmt":"2023-11-29T10:59:37","guid":{"rendered":"https:\/\/zan-bb.de\/?page_id=585"},"modified":"2023-12-19T08:14:45","modified_gmt":"2023-12-19T08:14:45","slug":"reicherskreuzer-heide-und-grosse-goehlenze","status":"publish","type":"page","link":"https:\/\/zan-bb.de\/?page_id=585","title":{"rendered":"Reicherskreuzer Heide und Gro\u00dfe G\u00f6hlenze"},"content":{"rendered":"<div class=\"wp-block-image\">\n<figure class=\"aligncenter size-large is-resized\"><img loading=\"lazy\" decoding=\"async\" width=\"1024\" height=\"683\" src=\"http:\/\/zan-bb.de\/wp-content\/uploads\/2023\/12\/Reicherskreuzer_Heide-1024x683.jpg\" alt=\"\" class=\"wp-image-987\" style=\"aspect-ratio:1.499267935578331;width:570px;height:auto\" srcset=\"https:\/\/zan-bb.de\/wp-content\/uploads\/2023\/12\/Reicherskreuzer_Heide-1024x683.jpg 1024w, https:\/\/zan-bb.de\/wp-content\/uploads\/2023\/12\/Reicherskreuzer_Heide-300x200.jpg 300w, https:\/\/zan-bb.de\/wp-content\/uploads\/2023\/12\/Reicherskreuzer_Heide-768x512.jpg 768w, https:\/\/zan-bb.de\/wp-content\/uploads\/2023\/12\/Reicherskreuzer_Heide-1536x1024.jpg 1536w, https:\/\/zan-bb.de\/wp-content\/uploads\/2023\/12\/Reicherskreuzer_Heide-2048x1365.jpg 2048w\" sizes=\"(max-width: 767px) 89vw, (max-width: 1000px) 54vw, (max-width: 1071px) 543px, 580px\" \/><figcaption class=\"wp-element-caption\">FFH-Gebiet &#8222;Reicherskreuzer Heide und Gro\u00dfe G\u00f6hlenze&#8220;<\/figcaption><\/figure><\/div>\n\n\n<p><strong>EU-Nr.: <\/strong>DE 3952-301<br><strong>Landesnr.:<\/strong> 63<br><strong>Landkreis:<\/strong> Spree-Nei\u00dfe<br><strong>Gebietsgr\u00f6\u00dfe:<\/strong> 3.064 ha<\/p>\n\n\n\n<p class=\"has-medium-font-size\"><strong>Gebietscharakteristik<\/strong><\/p>\n\n\n\n<p>Das FFH-Gebiet \u201eReicherskreuzer Heide und Gro\u00dfe G\u00f6hlenze\u201c liegt mitten im Naturpark Schlaubetal. Im Norden wird das Gebiet von der Landesstra\u00dfe L452 und im S\u00fcden von der Bundesstra\u00dfe B320 begrenzt. Westlich vom Gebiet liegt die Ortschaft Lieberose. Das FFH- Gebiet z\u00e4hlt zu der Region Lieberoser Heide im s\u00fcdlichen Brandenburg.<\/p>\n\n\n\n<div class=\"wp-block-columns is-layout-flex wp-container-core-columns-layout-1 wp-block-columns-is-layout-flex\">\n<div class=\"wp-block-column is-layout-flow wp-block-column-is-layout-flow\" style=\"flex-basis:33.33%\">\n<p><strong>Ziel-LRT (Anhang I FFH-RL):<\/strong><\/p>\n<\/div>\n\n\n\n<div class=\"wp-block-column is-layout-flow wp-block-column-is-layout-flow\" style=\"flex-basis:66.66%\">\n<p>4030 Trockene europ\u00e4ische Heiden<\/p>\n<\/div>\n<\/div>\n\n\n\n<div class=\"wp-block-columns is-layout-flex wp-container-core-columns-layout-2 wp-block-columns-is-layout-flex\">\n<div class=\"wp-block-column is-layout-flow wp-block-column-is-layout-flow\"><\/div>\n\n\n\n<div class=\"wp-block-column is-layout-flow wp-block-column-is-layout-flow\"><\/div>\n<\/div>\n","protected":false},"excerpt":{"rendered":"<p>EU-Nr.: DE 3952-301Landesnr.: 63Landkreis: Spree-Nei\u00dfeGebietsgr\u00f6\u00dfe: 3.064 ha Gebietscharakteristik Das FFH-Gebiet \u201eReicherskreuzer Heide und Gro\u00dfe G\u00f6hlenze\u201c liegt mitten im Naturpark Schlaubetal. Im Norden wird das Gebiet von der Landesstra\u00dfe L452 und im S\u00fcden von der Bundesstra\u00dfe B320 begrenzt. Westlich vom Gebiet liegt die Ortschaft Lieberose. Das FFH- Gebiet z\u00e4hlt zu der Region Lieberoser Heide im s\u00fcdlichen &hellip; <\/p>\n<p class=\"link-more\"><a href=\"https:\/\/zan-bb.de\/?page_id=585\" class=\"more-link\"><span class=\"screen-reader-text\">\u201eReicherskreuzer Heide und Gro\u00dfe G\u00f6hlenze\u201c<\/span> weiterlesen<\/a><\/p>\n","protected":false},"author":1,"featured_media":0,"parent":0,"menu_order":0,"comment_status":"closed","ping_status":"closed","template":"","meta":{"footnotes":""},"yoast_head":"<!-- This site is optimized with the Yoast SEO plugin v21.9.1 - https:\/\/yoast.com\/wordpress\/plugins\/seo\/ -->\n<title>Reicherskreuzer Heide und Gro\u00dfe G\u00f6hlenze - ZAN-bb<\/title>\n<meta name=\"robots\" content=\"index, follow, max-snippet:-1, max-image-preview:large, max-video-preview:-1\" \/>\n<link rel=\"canonical\" href=\"https:\/\/zan-bb.de\/?page_id=585\" \/>\n<meta property=\"og:locale\" content=\"de_DE\" \/>\n<meta property=\"og:type\" content=\"article\" \/>\n<meta property=\"og:title\" content=\"Reicherskreuzer Heide und Gro\u00dfe G\u00f6hlenze - ZAN-bb\" \/>\n<meta property=\"og:description\" content=\"EU-Nr.: DE 3952-301Landesnr.: 63Landkreis: Spree-Nei\u00dfeGebietsgr\u00f6\u00dfe: 3.064 ha Gebietscharakteristik Das FFH-Gebiet \u201eReicherskreuzer Heide und Gro\u00dfe G\u00f6hlenze\u201c liegt mitten im Naturpark Schlaubetal. Im Norden wird das Gebiet von der Landesstra\u00dfe L452 und im S\u00fcden von der Bundesstra\u00dfe B320 begrenzt. Westlich vom Gebiet liegt die Ortschaft Lieberose. Das FFH- Gebiet z\u00e4hlt zu der Region Lieberoser Heide im s\u00fcdlichen &hellip; \u201eReicherskreuzer Heide und Gro\u00dfe G\u00f6hlenze\u201c weiterlesen\" \/>\n<meta property=\"og:url\" content=\"https:\/\/zan-bb.de\/?page_id=585\" \/>\n<meta property=\"og:site_name\" content=\"ZAN-bb\" \/>\n<meta property=\"article:modified_time\" content=\"2023-12-19T08:14:45+00:00\" \/>\n<meta property=\"og:image\" content=\"http:\/\/zan-bb.de\/wp-content\/uploads\/2023\/12\/Reicherskreuzer_Heide-1024x683.jpg\" \/>\n<meta name=\"twitter:card\" content=\"summary_large_image\" \/>\n<meta name=\"twitter:label1\" content=\"Gesch\u00e4tzte Lesezeit\" \/>\n\t<meta name=\"twitter:data1\" content=\"1\u00a0Minute\" \/>\n<script type=\"application\/ld+json\" class=\"yoast-schema-graph\">{\"@context\":\"https:\/\/schema.org\",\"@graph\":[{\"@type\":\"WebPage\",\"@id\":\"https:\/\/zan-bb.de\/?page_id=585\",\"url\":\"https:\/\/zan-bb.de\/?page_id=585\",\"name\":\"Reicherskreuzer Heide und Gro\u00dfe G\u00f6hlenze - ZAN-bb\",\"isPartOf\":{\"@id\":\"https:\/\/zan-bb.de\/#website\"},\"datePublished\":\"2023-11-29T10:59:37+00:00\",\"dateModified\":\"2023-12-19T08:14:45+00:00\",\"breadcrumb\":{\"@id\":\"https:\/\/zan-bb.de\/?page_id=585#breadcrumb\"},\"inLanguage\":\"de\",\"potentialAction\":[{\"@type\":\"ReadAction\",\"target\":[\"https:\/\/zan-bb.de\/?page_id=585\"]}]},{\"@type\":\"BreadcrumbList\",\"@id\":\"https:\/\/zan-bb.de\/?page_id=585#breadcrumb\",\"itemListElement\":[{\"@type\":\"ListItem\",\"position\":1,\"name\":\"Startseite\",\"item\":\"https:\/\/zan-bb.de\/\"},{\"@type\":\"ListItem\",\"position\":2,\"name\":\"Reicherskreuzer Heide und Gro\u00dfe G\u00f6hlenze\"}]},{\"@type\":\"WebSite\",\"@id\":\"https:\/\/zan-bb.de\/#website\",\"url\":\"https:\/\/zan-bb.de\/\",\"name\":\"ZAN-bb\",\"description\":\"Zentrum angewandter Naturschutz in Brandenburg gGmbH\",\"publisher\":{\"@id\":\"https:\/\/zan-bb.de\/#organization\"},\"potentialAction\":[{\"@type\":\"SearchAction\",\"target\":{\"@type\":\"EntryPoint\",\"urlTemplate\":\"https:\/\/zan-bb.de\/?s={search_term_string}\"},\"query-input\":\"required name=search_term_string\"}],\"inLanguage\":\"de\"},{\"@type\":\"Organization\",\"@id\":\"https:\/\/zan-bb.de\/#organization\",\"name\":\"ZAN-bb\",\"url\":\"https:\/\/zan-bb.de\/\",\"logo\":{\"@type\":\"ImageObject\",\"inLanguage\":\"de\",\"@id\":\"https:\/\/zan-bb.de\/#\/schema\/logo\/image\/\",\"url\":\"https:\/\/zan-bb.de\/wp-content\/uploads\/2020\/05\/cropped-ZAN-logo-trans.png\",\"contentUrl\":\"https:\/\/zan-bb.de\/wp-content\/uploads\/2020\/05\/cropped-ZAN-logo-trans.png\",\"width\":250,\"height\":250,\"caption\":\"ZAN-bb\"},\"image\":{\"@id\":\"https:\/\/zan-bb.de\/#\/schema\/logo\/image\/\"}}]}<\/script>\n<!-- \/ Yoast SEO plugin. -->","yoast_head_json":{"title":"Reicherskreuzer Heide und Gro\u00dfe G\u00f6hlenze - ZAN-bb","robots":{"index":"index","follow":"follow","max-snippet":"max-snippet:-1","max-image-preview":"max-image-preview:large","max-video-preview":"max-video-preview:-1"},"canonical":"https:\/\/zan-bb.de\/?page_id=585","og_locale":"de_DE","og_type":"article","og_title":"Reicherskreuzer Heide und Gro\u00dfe G\u00f6hlenze - ZAN-bb","og_description":"EU-Nr.: DE 3952-301Landesnr.: 63Landkreis: Spree-Nei\u00dfeGebietsgr\u00f6\u00dfe: 3.064 ha Gebietscharakteristik Das FFH-Gebiet \u201eReicherskreuzer Heide und Gro\u00dfe G\u00f6hlenze\u201c liegt mitten im Naturpark Schlaubetal. Im Norden wird das Gebiet von der Landesstra\u00dfe L452 und im S\u00fcden von der Bundesstra\u00dfe B320 begrenzt. Westlich vom Gebiet liegt die Ortschaft Lieberose. Das FFH- Gebiet z\u00e4hlt zu der Region Lieberoser Heide im s\u00fcdlichen &hellip; \u201eReicherskreuzer Heide und Gro\u00dfe G\u00f6hlenze\u201c weiterlesen","og_url":"https:\/\/zan-bb.de\/?page_id=585","og_site_name":"ZAN-bb","article_modified_time":"2023-12-19T08:14:45+00:00","og_image":[{"url":"http:\/\/zan-bb.de\/wp-content\/uploads\/2023\/12\/Reicherskreuzer_Heide-1024x683.jpg"}],"twitter_card":"summary_large_image","twitter_misc":{"Gesch\u00e4tzte Lesezeit":"1\u00a0Minute"},"schema":{"@context":"https:\/\/schema.org","@graph":[{"@type":"WebPage","@id":"https:\/\/zan-bb.de\/?page_id=585","url":"https:\/\/zan-bb.de\/?page_id=585","name":"Reicherskreuzer Heide und Gro\u00dfe G\u00f6hlenze - ZAN-bb","isPartOf":{"@id":"https:\/\/zan-bb.de\/#website"},"datePublished":"2023-11-29T10:59:37+00:00","dateModified":"2023-12-19T08:14:45+00:00","breadcrumb":{"@id":"https:\/\/zan-bb.de\/?page_id=585#breadcrumb"},"inLanguage":"de","potentialAction":[{"@type":"ReadAction","target":["https:\/\/zan-bb.de\/?page_id=585"]}]},{"@type":"BreadcrumbList","@id":"https:\/\/zan-bb.de\/?page_id=585#breadcrumb","itemListElement":[{"@type":"ListItem","position":1,"name":"Startseite","item":"https:\/\/zan-bb.de\/"},{"@type":"ListItem","position":2,"name":"Reicherskreuzer Heide und Gro\u00dfe G\u00f6hlenze"}]},{"@type":"WebSite","@id":"https:\/\/zan-bb.de\/#website","url":"https:\/\/zan-bb.de\/","name":"ZAN-bb","description":"Zentrum angewandter Naturschutz in Brandenburg gGmbH","publisher":{"@id":"https:\/\/zan-bb.de\/#organization"},"potentialAction":[{"@type":"SearchAction","target":{"@type":"EntryPoint","urlTemplate":"https:\/\/zan-bb.de\/?s={search_term_string}"},"query-input":"required name=search_term_string"}],"inLanguage":"de"},{"@type":"Organization","@id":"https:\/\/zan-bb.de\/#organization","name":"ZAN-bb","url":"https:\/\/zan-bb.de\/","logo":{"@type":"ImageObject","inLanguage":"de","@id":"https:\/\/zan-bb.de\/#\/schema\/logo\/image\/","url":"https:\/\/zan-bb.de\/wp-content\/uploads\/2020\/05\/cropped-ZAN-logo-trans.png","contentUrl":"https:\/\/zan-bb.de\/wp-content\/uploads\/2020\/05\/cropped-ZAN-logo-trans.png","width":250,"height":250,"caption":"ZAN-bb"},"image":{"@id":"https:\/\/zan-bb.de\/#\/schema\/logo\/image\/"}}]}},"_links":{"self":[{"href":"https:\/\/zan-bb.de\/index.php?rest_route=\/wp\/v2\/pages\/585"}],"collection":[{"href":"https:\/\/zan-bb.de\/index.php?rest_route=\/wp\/v2\/pages"}],"about":[{"href":"https:\/\/zan-bb.de\/index.php?rest_route=\/wp\/v2\/types\/page"}],"author":[{"embeddable":true,"href":"https:\/\/zan-bb.de\/index.php?rest_route=\/wp\/v2\/users\/1"}],"replies":[{"embeddable":true,"href":"https:\/\/zan-bb.de\/index.php?rest_route=%2Fwp%2Fv2%2Fcomments&post=585"}],"version-history":[{"count":4,"href":"https:\/\/zan-bb.de\/index.php?rest_route=\/wp\/v2\/pages\/585\/revisions"}],"predecessor-version":[{"id":989,"href":"https:\/\/zan-bb.de\/index.php?rest_route=\/wp\/v2\/pages\/585\/revisions\/989"}],"wp:attachment":[{"href":"https:\/\/zan-bb.de\/index.php?rest_route=%2Fwp%2Fv2%2Fmedia&parent=585"}],"curies":[{"name":"wp","href":"https:\/\/api.w.org\/{rel}","templated":true}]}}