{"id":591,"date":"2023-11-29T11:06:34","date_gmt":"2023-11-29T11:06:34","guid":{"rendered":"https:\/\/zan-bb.de\/?page_id=591"},"modified":"2023-12-19T08:15:48","modified_gmt":"2023-12-19T08:15:48","slug":"streganzsee-dahme-und-buergerheide","status":"publish","type":"page","link":"https:\/\/zan-bb.de\/?page_id=591","title":{"rendered":"Streganzsee, Dahme und B\u00fcrgerheide"},"content":{"rendered":"<div class=\"wp-block-image\">\n<figure class=\"aligncenter size-large is-resized\"><img loading=\"lazy\" decoding=\"async\" width=\"1024\" height=\"768\" src=\"http:\/\/zan-bb.de\/wp-content\/uploads\/2023\/12\/IMG_4954-1024x768.jpg\" alt=\"\" class=\"wp-image-979\" style=\"aspect-ratio:1.3333333333333333;width:492px;height:auto\" srcset=\"https:\/\/zan-bb.de\/wp-content\/uploads\/2023\/12\/IMG_4954-1024x768.jpg 1024w, https:\/\/zan-bb.de\/wp-content\/uploads\/2023\/12\/IMG_4954-300x225.jpg 300w, https:\/\/zan-bb.de\/wp-content\/uploads\/2023\/12\/IMG_4954-768x576.jpg 768w, https:\/\/zan-bb.de\/wp-content\/uploads\/2023\/12\/IMG_4954.jpg 1252w\" sizes=\"(max-width: 767px) 89vw, (max-width: 1000px) 54vw, (max-width: 1071px) 543px, 580px\" \/><figcaption class=\"wp-element-caption\">FFH-Gebiet &#8222;Streganzsee, Dahme und B\u00fcrgerheide&#8220;<\/figcaption><\/figure><\/div>\n\n\n<p><strong>EU-Nr.: <\/strong>DE 3848-306<br><strong>Landesnr.:<\/strong> 253<br><strong>Landkreis:<\/strong> Dahme-Spreewald<br><strong>Gebietsgr\u00f6\u00dfe:<\/strong> 1.635 ha<\/p>\n\n\n\n<p class=\"has-medium-font-size\"><strong>Gebietscharakteristik<\/strong><\/p>\n\n\n\n<p>Das FFH-Gebiet \u201eStreganzsee-Dahme und B\u00fcrgerheide\u201c liegt im Naturpark Dahme-Heideseen. Es umfasst die Dahme-Niederung zwischen M\u00e4rkisch Buchholz im S\u00fcden und dem Streganzer See bei Prieros im Norden. Es ist Bestandteil einer ausgedehnten Talsandebene innerhalb der naturr\u00e4umlichen Landschaftseinheit Dahme-Seengebiet.<\/p>\n\n\n\n<div class=\"wp-block-columns is-layout-flex wp-container-core-columns-layout-1 wp-block-columns-is-layout-flex\">\n<div class=\"wp-block-column is-layout-flow wp-block-column-is-layout-flow\" style=\"flex-basis:33.33%\">\n<p><strong>Ziel-LRT (Anhang I FFH-RL):<\/strong><\/p>\n<\/div>\n\n\n\n<div class=\"wp-block-column is-layout-flow wp-block-column-is-layout-flow\" style=\"flex-basis:66.66%\">\n<p>91T0 Mitteleurop\u00e4ische Flechten-Kiefernw\u00e4lder<\/p>\n\n\n\n<p>6230 Artenreiche montane Borstgrasrasen (und submontan auf dem europ\u00e4ischen Festland) auf Silikatb\u00f6den<\/p>\n<\/div>\n<\/div>\n\n\n\n<div class=\"wp-block-columns is-layout-flex wp-container-core-columns-layout-2 wp-block-columns-is-layout-flex\">\n<div class=\"wp-block-column is-layout-flow wp-block-column-is-layout-flow\"><\/div>\n\n\n\n<div class=\"wp-block-column is-layout-flow wp-block-column-is-layout-flow\"><\/div>\n<\/div>\n","protected":false},"excerpt":{"rendered":"<p>EU-Nr.: DE 3848-306Landesnr.: 253Landkreis: Dahme-SpreewaldGebietsgr\u00f6\u00dfe: 1.635 ha Gebietscharakteristik Das FFH-Gebiet \u201eStreganzsee-Dahme und B\u00fcrgerheide\u201c liegt im Naturpark Dahme-Heideseen. Es umfasst die Dahme-Niederung zwischen M\u00e4rkisch Buchholz im S\u00fcden und dem Streganzer See bei Prieros im Norden. Es ist Bestandteil einer ausgedehnten Talsandebene innerhalb der naturr\u00e4umlichen Landschaftseinheit Dahme-Seengebiet. Ziel-LRT (Anhang I FFH-RL): 91T0 Mitteleurop\u00e4ische Flechten-Kiefernw\u00e4lder 6230 Artenreiche montane &hellip; <\/p>\n<p class=\"link-more\"><a href=\"https:\/\/zan-bb.de\/?page_id=591\" class=\"more-link\"><span class=\"screen-reader-text\">\u201eStreganzsee, Dahme und B\u00fcrgerheide\u201c<\/span> weiterlesen<\/a><\/p>\n","protected":false},"author":1,"featured_media":0,"parent":0,"menu_order":0,"comment_status":"closed","ping_status":"closed","template":"","meta":{"footnotes":""},"yoast_head":"<!-- This site is optimized with the Yoast SEO plugin v21.9.1 - https:\/\/yoast.com\/wordpress\/plugins\/seo\/ -->\n<title>Streganzsee, Dahme und B\u00fcrgerheide - ZAN-bb<\/title>\n<meta name=\"robots\" content=\"index, follow, max-snippet:-1, max-image-preview:large, max-video-preview:-1\" \/>\n<link rel=\"canonical\" href=\"http:\/\/zan-bb.de\/?page_id=591\" \/>\n<meta property=\"og:locale\" content=\"de_DE\" \/>\n<meta property=\"og:type\" content=\"article\" \/>\n<meta property=\"og:title\" content=\"Streganzsee, Dahme und B\u00fcrgerheide - ZAN-bb\" \/>\n<meta property=\"og:description\" content=\"EU-Nr.: DE 3848-306Landesnr.: 253Landkreis: Dahme-SpreewaldGebietsgr\u00f6\u00dfe: 1.635 ha Gebietscharakteristik Das FFH-Gebiet \u201eStreganzsee-Dahme und B\u00fcrgerheide\u201c liegt im Naturpark Dahme-Heideseen. Es umfasst die Dahme-Niederung zwischen M\u00e4rkisch Buchholz im S\u00fcden und dem Streganzer See bei Prieros im Norden. Es ist Bestandteil einer ausgedehnten Talsandebene innerhalb der naturr\u00e4umlichen Landschaftseinheit Dahme-Seengebiet. Ziel-LRT (Anhang I FFH-RL): 91T0 Mitteleurop\u00e4ische Flechten-Kiefernw\u00e4lder 6230 Artenreiche montane &hellip; \u201eStreganzsee, Dahme und B\u00fcrgerheide\u201c weiterlesen\" \/>\n<meta property=\"og:url\" content=\"http:\/\/zan-bb.de\/?page_id=591\" \/>\n<meta property=\"og:site_name\" content=\"ZAN-bb\" \/>\n<meta property=\"article:modified_time\" content=\"2023-12-19T08:15:48+00:00\" \/>\n<meta property=\"og:image\" content=\"http:\/\/zan-bb.de\/wp-content\/uploads\/2023\/12\/IMG_4954-1024x768.jpg\" \/>\n<meta name=\"twitter:card\" content=\"summary_large_image\" \/>\n<meta name=\"twitter:label1\" content=\"Gesch\u00e4tzte Lesezeit\" \/>\n\t<meta name=\"twitter:data1\" content=\"1\u00a0Minute\" \/>\n<script type=\"application\/ld+json\" class=\"yoast-schema-graph\">{\"@context\":\"https:\/\/schema.org\",\"@graph\":[{\"@type\":\"WebPage\",\"@id\":\"http:\/\/zan-bb.de\/?page_id=591\",\"url\":\"http:\/\/zan-bb.de\/?page_id=591\",\"name\":\"Streganzsee, Dahme und B\u00fcrgerheide - ZAN-bb\",\"isPartOf\":{\"@id\":\"https:\/\/zan-bb.de\/#website\"},\"datePublished\":\"2023-11-29T11:06:34+00:00\",\"dateModified\":\"2023-12-19T08:15:48+00:00\",\"breadcrumb\":{\"@id\":\"http:\/\/zan-bb.de\/?page_id=591#breadcrumb\"},\"inLanguage\":\"de\",\"potentialAction\":[{\"@type\":\"ReadAction\",\"target\":[\"http:\/\/zan-bb.de\/?page_id=591\"]}]},{\"@type\":\"BreadcrumbList\",\"@id\":\"http:\/\/zan-bb.de\/?page_id=591#breadcrumb\",\"itemListElement\":[{\"@type\":\"ListItem\",\"position\":1,\"name\":\"Startseite\",\"item\":\"https:\/\/zan-bb.de\/\"},{\"@type\":\"ListItem\",\"position\":2,\"name\":\"Streganzsee, Dahme und B\u00fcrgerheide\"}]},{\"@type\":\"WebSite\",\"@id\":\"https:\/\/zan-bb.de\/#website\",\"url\":\"https:\/\/zan-bb.de\/\",\"name\":\"ZAN-bb\",\"description\":\"Zentrum angewandter Naturschutz in Brandenburg gGmbH\",\"publisher\":{\"@id\":\"https:\/\/zan-bb.de\/#organization\"},\"potentialAction\":[{\"@type\":\"SearchAction\",\"target\":{\"@type\":\"EntryPoint\",\"urlTemplate\":\"https:\/\/zan-bb.de\/?s={search_term_string}\"},\"query-input\":\"required name=search_term_string\"}],\"inLanguage\":\"de\"},{\"@type\":\"Organization\",\"@id\":\"https:\/\/zan-bb.de\/#organization\",\"name\":\"ZAN-bb\",\"url\":\"https:\/\/zan-bb.de\/\",\"logo\":{\"@type\":\"ImageObject\",\"inLanguage\":\"de\",\"@id\":\"https:\/\/zan-bb.de\/#\/schema\/logo\/image\/\",\"url\":\"https:\/\/zan-bb.de\/wp-content\/uploads\/2020\/05\/cropped-ZAN-logo-trans.png\",\"contentUrl\":\"https:\/\/zan-bb.de\/wp-content\/uploads\/2020\/05\/cropped-ZAN-logo-trans.png\",\"width\":250,\"height\":250,\"caption\":\"ZAN-bb\"},\"image\":{\"@id\":\"https:\/\/zan-bb.de\/#\/schema\/logo\/image\/\"}}]}<\/script>\n<!-- \/ Yoast SEO plugin. -->","yoast_head_json":{"title":"Streganzsee, Dahme und B\u00fcrgerheide - ZAN-bb","robots":{"index":"index","follow":"follow","max-snippet":"max-snippet:-1","max-image-preview":"max-image-preview:large","max-video-preview":"max-video-preview:-1"},"canonical":"http:\/\/zan-bb.de\/?page_id=591","og_locale":"de_DE","og_type":"article","og_title":"Streganzsee, Dahme und B\u00fcrgerheide - ZAN-bb","og_description":"EU-Nr.: DE 3848-306Landesnr.: 253Landkreis: Dahme-SpreewaldGebietsgr\u00f6\u00dfe: 1.635 ha Gebietscharakteristik Das FFH-Gebiet \u201eStreganzsee-Dahme und B\u00fcrgerheide\u201c liegt im Naturpark Dahme-Heideseen. Es umfasst die Dahme-Niederung zwischen M\u00e4rkisch Buchholz im S\u00fcden und dem Streganzer See bei Prieros im Norden. Es ist Bestandteil einer ausgedehnten Talsandebene innerhalb der naturr\u00e4umlichen Landschaftseinheit Dahme-Seengebiet. Ziel-LRT (Anhang I FFH-RL): 91T0 Mitteleurop\u00e4ische Flechten-Kiefernw\u00e4lder 6230 Artenreiche montane &hellip; \u201eStreganzsee, Dahme und B\u00fcrgerheide\u201c weiterlesen","og_url":"http:\/\/zan-bb.de\/?page_id=591","og_site_name":"ZAN-bb","article_modified_time":"2023-12-19T08:15:48+00:00","og_image":[{"url":"http:\/\/zan-bb.de\/wp-content\/uploads\/2023\/12\/IMG_4954-1024x768.jpg"}],"twitter_card":"summary_large_image","twitter_misc":{"Gesch\u00e4tzte Lesezeit":"1\u00a0Minute"},"schema":{"@context":"https:\/\/schema.org","@graph":[{"@type":"WebPage","@id":"http:\/\/zan-bb.de\/?page_id=591","url":"http:\/\/zan-bb.de\/?page_id=591","name":"Streganzsee, Dahme und B\u00fcrgerheide - ZAN-bb","isPartOf":{"@id":"https:\/\/zan-bb.de\/#website"},"datePublished":"2023-11-29T11:06:34+00:00","dateModified":"2023-12-19T08:15:48+00:00","breadcrumb":{"@id":"http:\/\/zan-bb.de\/?page_id=591#breadcrumb"},"inLanguage":"de","potentialAction":[{"@type":"ReadAction","target":["http:\/\/zan-bb.de\/?page_id=591"]}]},{"@type":"BreadcrumbList","@id":"http:\/\/zan-bb.de\/?page_id=591#breadcrumb","itemListElement":[{"@type":"ListItem","position":1,"name":"Startseite","item":"https:\/\/zan-bb.de\/"},{"@type":"ListItem","position":2,"name":"Streganzsee, Dahme und B\u00fcrgerheide"}]},{"@type":"WebSite","@id":"https:\/\/zan-bb.de\/#website","url":"https:\/\/zan-bb.de\/","name":"ZAN-bb","description":"Zentrum angewandter Naturschutz in Brandenburg gGmbH","publisher":{"@id":"https:\/\/zan-bb.de\/#organization"},"potentialAction":[{"@type":"SearchAction","target":{"@type":"EntryPoint","urlTemplate":"https:\/\/zan-bb.de\/?s={search_term_string}"},"query-input":"required name=search_term_string"}],"inLanguage":"de"},{"@type":"Organization","@id":"https:\/\/zan-bb.de\/#organization","name":"ZAN-bb","url":"https:\/\/zan-bb.de\/","logo":{"@type":"ImageObject","inLanguage":"de","@id":"https:\/\/zan-bb.de\/#\/schema\/logo\/image\/","url":"https:\/\/zan-bb.de\/wp-content\/uploads\/2020\/05\/cropped-ZAN-logo-trans.png","contentUrl":"https:\/\/zan-bb.de\/wp-content\/uploads\/2020\/05\/cropped-ZAN-logo-trans.png","width":250,"height":250,"caption":"ZAN-bb"},"image":{"@id":"https:\/\/zan-bb.de\/#\/schema\/logo\/image\/"}}]}},"_links":{"self":[{"href":"https:\/\/zan-bb.de\/index.php?rest_route=\/wp\/v2\/pages\/591"}],"collection":[{"href":"https:\/\/zan-bb.de\/index.php?rest_route=\/wp\/v2\/pages"}],"about":[{"href":"https:\/\/zan-bb.de\/index.php?rest_route=\/wp\/v2\/types\/page"}],"author":[{"embeddable":true,"href":"https:\/\/zan-bb.de\/index.php?rest_route=\/wp\/v2\/users\/1"}],"replies":[{"embeddable":true,"href":"https:\/\/zan-bb.de\/index.php?rest_route=%2Fwp%2Fv2%2Fcomments&post=591"}],"version-history":[{"count":5,"href":"https:\/\/zan-bb.de\/index.php?rest_route=\/wp\/v2\/pages\/591\/revisions"}],"predecessor-version":[{"id":991,"href":"https:\/\/zan-bb.de\/index.php?rest_route=\/wp\/v2\/pages\/591\/revisions\/991"}],"wp:attachment":[{"href":"https:\/\/zan-bb.de\/index.php?rest_route=%2Fwp%2Fv2%2Fmedia&parent=591"}],"curies":[{"name":"wp","href":"https:\/\/api.w.org\/{rel}","templated":true}]}}