{"id":597,"date":"2023-11-29T11:12:26","date_gmt":"2023-11-29T11:12:26","guid":{"rendered":"https:\/\/zan-bb.de\/?page_id=597"},"modified":"2023-12-19T08:17:19","modified_gmt":"2023-12-19T08:17:19","slug":"unteres-schlaubetal","status":"publish","type":"page","link":"https:\/\/zan-bb.de\/?page_id=597","title":{"rendered":"Unteres Schlaubetal"},"content":{"rendered":"<div class=\"wp-block-image\">\n<figure class=\"aligncenter size-large is-resized\"><img loading=\"lazy\" decoding=\"async\" width=\"1024\" height=\"768\" src=\"http:\/\/zan-bb.de\/wp-content\/uploads\/2023\/12\/20211116_112419-1024x768.jpg\" alt=\"\" class=\"wp-image-982\" style=\"aspect-ratio:1.3333333333333333;width:522px;height:auto\" srcset=\"https:\/\/zan-bb.de\/wp-content\/uploads\/2023\/12\/20211116_112419-1024x768.jpg 1024w, https:\/\/zan-bb.de\/wp-content\/uploads\/2023\/12\/20211116_112419-300x225.jpg 300w, https:\/\/zan-bb.de\/wp-content\/uploads\/2023\/12\/20211116_112419-768x576.jpg 768w, https:\/\/zan-bb.de\/wp-content\/uploads\/2023\/12\/20211116_112419-1536x1152.jpg 1536w, https:\/\/zan-bb.de\/wp-content\/uploads\/2023\/12\/20211116_112419-2048x1536.jpg 2048w\" sizes=\"(max-width: 767px) 89vw, (max-width: 1000px) 54vw, (max-width: 1071px) 543px, 580px\" \/><figcaption class=\"wp-element-caption\">FFH-Gebiet &#8222;Unteres Schlaubetal&#8220;<\/figcaption><\/figure><\/div>\n\n\n<p><strong>EU-Nr.: <\/strong>DE 3752-302<br><strong>Landesnr.:<\/strong> 184<br><strong>Landkreis:<\/strong> Ode-Spree<br><strong>Gebietsgr\u00f6\u00dfe:<\/strong> 360 ha<\/p>\n\n\n\n<p class=\"has-medium-font-size\"><strong>Gebietscharakteristik<\/strong><\/p>\n\n\n\n<p>Das FFH-Gebiet \u201eUnteres Schlaubetal\u201c befindet sich s\u00fcdlich von M\u00fcllrose am n\u00f6rdlichen Rand des Naturparks Schlaubetal. Im Norden erreicht es den s\u00fcdlichen Ausl\u00e4ufer des Gro\u00dfen M\u00fcllroser Sees und zieht sich zwischen der Ortschaften Mixdorf im Westen und Schernsdorf im S\u00fcdosten entlang der Schlauberinne nach S\u00fcden bis zum Kupferhammer.<\/p>\n\n\n\n<div class=\"wp-block-columns is-layout-flex wp-container-core-columns-layout-1 wp-block-columns-is-layout-flex\">\n<div class=\"wp-block-column is-layout-flow wp-block-column-is-layout-flow\" style=\"flex-basis:33.33%\">\n<p><strong>Ziel-LRT (Anhang I FFH-RL):<\/strong><\/p>\n<\/div>\n\n\n\n<div class=\"wp-block-column is-layout-flow wp-block-column-is-layout-flow\" style=\"flex-basis:66.66%\">\n<p>7230 Kalkreiche Niedermoore<\/p>\n<\/div>\n<\/div>\n\n\n\n<div class=\"wp-block-columns is-layout-flex wp-container-core-columns-layout-2 wp-block-columns-is-layout-flex\">\n<div class=\"wp-block-column is-layout-flow wp-block-column-is-layout-flow\" style=\"flex-basis:33.33%\">\n<p><strong>Ziel-Art (Anhang II FFH-RL):&nbsp;<\/strong><\/p>\n<\/div>\n\n\n\n<div class=\"wp-block-column is-layout-flow wp-block-column-is-layout-flow\" style=\"flex-basis:66.66%\">\n<p>Vierz\u00e4hnige Windelschnecke (<em>Vertigo geyeri<\/em>)<\/p>\n\n\n\n<p>Sumpf-Glanzkraut (<em>Liparis loeselii<\/em>)<\/p>\n<\/div>\n<\/div>\n\n\n\n<div class=\"wp-block-columns is-layout-flex wp-container-core-columns-layout-3 wp-block-columns-is-layout-flex\">\n<div class=\"wp-block-column is-layout-flow wp-block-column-is-layout-flow\"><\/div>\n\n\n\n<div class=\"wp-block-column is-layout-flow wp-block-column-is-layout-flow\"><\/div>\n<\/div>\n","protected":false},"excerpt":{"rendered":"<p>EU-Nr.: DE 3752-302Landesnr.: 184Landkreis: Ode-SpreeGebietsgr\u00f6\u00dfe: 360 ha Gebietscharakteristik Das FFH-Gebiet \u201eUnteres Schlaubetal\u201c befindet sich s\u00fcdlich von M\u00fcllrose am n\u00f6rdlichen Rand des Naturparks Schlaubetal. Im Norden erreicht es den s\u00fcdlichen Ausl\u00e4ufer des Gro\u00dfen M\u00fcllroser Sees und zieht sich zwischen der Ortschaften Mixdorf im Westen und Schernsdorf im S\u00fcdosten entlang der Schlauberinne nach S\u00fcden bis zum Kupferhammer. &hellip; <\/p>\n<p class=\"link-more\"><a href=\"https:\/\/zan-bb.de\/?page_id=597\" class=\"more-link\"><span class=\"screen-reader-text\">\u201eUnteres Schlaubetal\u201c<\/span> weiterlesen<\/a><\/p>\n","protected":false},"author":1,"featured_media":0,"parent":0,"menu_order":0,"comment_status":"closed","ping_status":"closed","template":"","meta":{"footnotes":""},"yoast_head":"<!-- This site is optimized with the Yoast SEO plugin v21.9.1 - https:\/\/yoast.com\/wordpress\/plugins\/seo\/ -->\n<title>Unteres Schlaubetal - ZAN-bb<\/title>\n<meta name=\"robots\" content=\"index, follow, max-snippet:-1, max-image-preview:large, max-video-preview:-1\" \/>\n<link rel=\"canonical\" href=\"http:\/\/zan-bb.de\/?page_id=597\" \/>\n<meta property=\"og:locale\" content=\"de_DE\" \/>\n<meta property=\"og:type\" content=\"article\" \/>\n<meta property=\"og:title\" content=\"Unteres Schlaubetal - ZAN-bb\" \/>\n<meta property=\"og:description\" content=\"EU-Nr.: DE 3752-302Landesnr.: 184Landkreis: Ode-SpreeGebietsgr\u00f6\u00dfe: 360 ha Gebietscharakteristik Das FFH-Gebiet \u201eUnteres Schlaubetal\u201c befindet sich s\u00fcdlich von M\u00fcllrose am n\u00f6rdlichen Rand des Naturparks Schlaubetal. Im Norden erreicht es den s\u00fcdlichen Ausl\u00e4ufer des Gro\u00dfen M\u00fcllroser Sees und zieht sich zwischen der Ortschaften Mixdorf im Westen und Schernsdorf im S\u00fcdosten entlang der Schlauberinne nach S\u00fcden bis zum Kupferhammer. &hellip; \u201eUnteres Schlaubetal\u201c weiterlesen\" \/>\n<meta property=\"og:url\" content=\"http:\/\/zan-bb.de\/?page_id=597\" \/>\n<meta property=\"og:site_name\" content=\"ZAN-bb\" \/>\n<meta property=\"article:modified_time\" content=\"2023-12-19T08:17:19+00:00\" \/>\n<meta property=\"og:image\" content=\"http:\/\/zan-bb.de\/wp-content\/uploads\/2023\/12\/20211116_112419-1024x768.jpg\" \/>\n<meta name=\"twitter:card\" content=\"summary_large_image\" \/>\n<meta name=\"twitter:label1\" content=\"Gesch\u00e4tzte Lesezeit\" \/>\n\t<meta name=\"twitter:data1\" content=\"1\u00a0Minute\" \/>\n<script type=\"application\/ld+json\" class=\"yoast-schema-graph\">{\"@context\":\"https:\/\/schema.org\",\"@graph\":[{\"@type\":\"WebPage\",\"@id\":\"http:\/\/zan-bb.de\/?page_id=597\",\"url\":\"http:\/\/zan-bb.de\/?page_id=597\",\"name\":\"Unteres Schlaubetal - ZAN-bb\",\"isPartOf\":{\"@id\":\"https:\/\/zan-bb.de\/#website\"},\"datePublished\":\"2023-11-29T11:12:26+00:00\",\"dateModified\":\"2023-12-19T08:17:19+00:00\",\"breadcrumb\":{\"@id\":\"http:\/\/zan-bb.de\/?page_id=597#breadcrumb\"},\"inLanguage\":\"de\",\"potentialAction\":[{\"@type\":\"ReadAction\",\"target\":[\"http:\/\/zan-bb.de\/?page_id=597\"]}]},{\"@type\":\"BreadcrumbList\",\"@id\":\"http:\/\/zan-bb.de\/?page_id=597#breadcrumb\",\"itemListElement\":[{\"@type\":\"ListItem\",\"position\":1,\"name\":\"Startseite\",\"item\":\"https:\/\/zan-bb.de\/\"},{\"@type\":\"ListItem\",\"position\":2,\"name\":\"Unteres Schlaubetal\"}]},{\"@type\":\"WebSite\",\"@id\":\"https:\/\/zan-bb.de\/#website\",\"url\":\"https:\/\/zan-bb.de\/\",\"name\":\"ZAN-bb\",\"description\":\"Zentrum angewandter Naturschutz in Brandenburg gGmbH\",\"publisher\":{\"@id\":\"https:\/\/zan-bb.de\/#organization\"},\"potentialAction\":[{\"@type\":\"SearchAction\",\"target\":{\"@type\":\"EntryPoint\",\"urlTemplate\":\"https:\/\/zan-bb.de\/?s={search_term_string}\"},\"query-input\":\"required name=search_term_string\"}],\"inLanguage\":\"de\"},{\"@type\":\"Organization\",\"@id\":\"https:\/\/zan-bb.de\/#organization\",\"name\":\"ZAN-bb\",\"url\":\"https:\/\/zan-bb.de\/\",\"logo\":{\"@type\":\"ImageObject\",\"inLanguage\":\"de\",\"@id\":\"https:\/\/zan-bb.de\/#\/schema\/logo\/image\/\",\"url\":\"https:\/\/zan-bb.de\/wp-content\/uploads\/2020\/05\/cropped-ZAN-logo-trans.png\",\"contentUrl\":\"https:\/\/zan-bb.de\/wp-content\/uploads\/2020\/05\/cropped-ZAN-logo-trans.png\",\"width\":250,\"height\":250,\"caption\":\"ZAN-bb\"},\"image\":{\"@id\":\"https:\/\/zan-bb.de\/#\/schema\/logo\/image\/\"}}]}<\/script>\n<!-- \/ Yoast SEO plugin. -->","yoast_head_json":{"title":"Unteres Schlaubetal - ZAN-bb","robots":{"index":"index","follow":"follow","max-snippet":"max-snippet:-1","max-image-preview":"max-image-preview:large","max-video-preview":"max-video-preview:-1"},"canonical":"http:\/\/zan-bb.de\/?page_id=597","og_locale":"de_DE","og_type":"article","og_title":"Unteres Schlaubetal - ZAN-bb","og_description":"EU-Nr.: DE 3752-302Landesnr.: 184Landkreis: Ode-SpreeGebietsgr\u00f6\u00dfe: 360 ha Gebietscharakteristik Das FFH-Gebiet \u201eUnteres Schlaubetal\u201c befindet sich s\u00fcdlich von M\u00fcllrose am n\u00f6rdlichen Rand des Naturparks Schlaubetal. Im Norden erreicht es den s\u00fcdlichen Ausl\u00e4ufer des Gro\u00dfen M\u00fcllroser Sees und zieht sich zwischen der Ortschaften Mixdorf im Westen und Schernsdorf im S\u00fcdosten entlang der Schlauberinne nach S\u00fcden bis zum Kupferhammer. &hellip; \u201eUnteres Schlaubetal\u201c weiterlesen","og_url":"http:\/\/zan-bb.de\/?page_id=597","og_site_name":"ZAN-bb","article_modified_time":"2023-12-19T08:17:19+00:00","og_image":[{"url":"http:\/\/zan-bb.de\/wp-content\/uploads\/2023\/12\/20211116_112419-1024x768.jpg"}],"twitter_card":"summary_large_image","twitter_misc":{"Gesch\u00e4tzte Lesezeit":"1\u00a0Minute"},"schema":{"@context":"https:\/\/schema.org","@graph":[{"@type":"WebPage","@id":"http:\/\/zan-bb.de\/?page_id=597","url":"http:\/\/zan-bb.de\/?page_id=597","name":"Unteres Schlaubetal - ZAN-bb","isPartOf":{"@id":"https:\/\/zan-bb.de\/#website"},"datePublished":"2023-11-29T11:12:26+00:00","dateModified":"2023-12-19T08:17:19+00:00","breadcrumb":{"@id":"http:\/\/zan-bb.de\/?page_id=597#breadcrumb"},"inLanguage":"de","potentialAction":[{"@type":"ReadAction","target":["http:\/\/zan-bb.de\/?page_id=597"]}]},{"@type":"BreadcrumbList","@id":"http:\/\/zan-bb.de\/?page_id=597#breadcrumb","itemListElement":[{"@type":"ListItem","position":1,"name":"Startseite","item":"https:\/\/zan-bb.de\/"},{"@type":"ListItem","position":2,"name":"Unteres Schlaubetal"}]},{"@type":"WebSite","@id":"https:\/\/zan-bb.de\/#website","url":"https:\/\/zan-bb.de\/","name":"ZAN-bb","description":"Zentrum angewandter Naturschutz in Brandenburg gGmbH","publisher":{"@id":"https:\/\/zan-bb.de\/#organization"},"potentialAction":[{"@type":"SearchAction","target":{"@type":"EntryPoint","urlTemplate":"https:\/\/zan-bb.de\/?s={search_term_string}"},"query-input":"required name=search_term_string"}],"inLanguage":"de"},{"@type":"Organization","@id":"https:\/\/zan-bb.de\/#organization","name":"ZAN-bb","url":"https:\/\/zan-bb.de\/","logo":{"@type":"ImageObject","inLanguage":"de","@id":"https:\/\/zan-bb.de\/#\/schema\/logo\/image\/","url":"https:\/\/zan-bb.de\/wp-content\/uploads\/2020\/05\/cropped-ZAN-logo-trans.png","contentUrl":"https:\/\/zan-bb.de\/wp-content\/uploads\/2020\/05\/cropped-ZAN-logo-trans.png","width":250,"height":250,"caption":"ZAN-bb"},"image":{"@id":"https:\/\/zan-bb.de\/#\/schema\/logo\/image\/"}}]}},"_links":{"self":[{"href":"https:\/\/zan-bb.de\/index.php?rest_route=\/wp\/v2\/pages\/597"}],"collection":[{"href":"https:\/\/zan-bb.de\/index.php?rest_route=\/wp\/v2\/pages"}],"about":[{"href":"https:\/\/zan-bb.de\/index.php?rest_route=\/wp\/v2\/types\/page"}],"author":[{"embeddable":true,"href":"https:\/\/zan-bb.de\/index.php?rest_route=\/wp\/v2\/users\/1"}],"replies":[{"embeddable":true,"href":"https:\/\/zan-bb.de\/index.php?rest_route=%2Fwp%2Fv2%2Fcomments&post=597"}],"version-history":[{"count":5,"href":"https:\/\/zan-bb.de\/index.php?rest_route=\/wp\/v2\/pages\/597\/revisions"}],"predecessor-version":[{"id":994,"href":"https:\/\/zan-bb.de\/index.php?rest_route=\/wp\/v2\/pages\/597\/revisions\/994"}],"wp:attachment":[{"href":"https:\/\/zan-bb.de\/index.php?rest_route=%2Fwp%2Fv2%2Fmedia&parent=597"}],"curies":[{"name":"wp","href":"https:\/\/api.w.org\/{rel}","templated":true}]}}