{"id":609,"date":"2023-11-29T11:30:32","date_gmt":"2023-11-29T11:30:32","guid":{"rendered":"https:\/\/zan-bb.de\/?page_id=609"},"modified":"2024-01-10T08:22:35","modified_gmt":"2024-01-10T08:22:35","slug":"massnahmenkomplex-paetzer-hintersee","status":"publish","type":"page","link":"https:\/\/zan-bb.de\/?page_id=609","title":{"rendered":"Ma\u00dfnahmenkomplex P\u00e4tzer Hintersee"},"content":{"rendered":"\n<p><strong>P\u00e4tzer Hintersee, M\u00fchlenflie\u00df-S\u00e4gebach, M\u00fchlenflie\u00df-S\u00e4gebach Erg\u00e4nzung, L\u00f6ptener Fenne und<\/strong> <strong>Wustrickwiesen, Leue-Wilder See, Kleine und Mittelleber,<\/strong> <strong>Schwenower Forst, Gro\u00df Schauener Seenkette<\/strong><\/p>\n\n\n<div class=\"wp-block-image\">\n<figure class=\"aligncenter size-large is-resized\"><img loading=\"lazy\" decoding=\"async\" width=\"1024\" height=\"768\" src=\"http:\/\/zan-bb.de\/wp-content\/uploads\/2024\/01\/IMG_0416-1024x768.jpg\" alt=\"\" class=\"wp-image-1032\" style=\"aspect-ratio:1.3333333333333333;width:457px;height:auto\" srcset=\"https:\/\/zan-bb.de\/wp-content\/uploads\/2024\/01\/IMG_0416-1024x768.jpg 1024w, https:\/\/zan-bb.de\/wp-content\/uploads\/2024\/01\/IMG_0416-300x225.jpg 300w, https:\/\/zan-bb.de\/wp-content\/uploads\/2024\/01\/IMG_0416-768x576.jpg 768w, https:\/\/zan-bb.de\/wp-content\/uploads\/2024\/01\/IMG_0416-1536x1152.jpg 1536w, https:\/\/zan-bb.de\/wp-content\/uploads\/2024\/01\/IMG_0416-2048x1536.jpg 2048w\" sizes=\"(max-width: 767px) 89vw, (max-width: 1000px) 54vw, (max-width: 1071px) 543px, 580px\" \/><figcaption class=\"wp-element-caption\">FFH-Gebiet &#8222;L\u00f6ptener Fenne und Wustrickwiesen&#8220;<\/figcaption><\/figure><\/div>\n\n\n<p><strong>EU-Nr.: <\/strong>DE 3747-304, DE 3847-302, DE 3847-311, DE 3847-301, DE 3847-310, DE 3847-303, DE 3850-301, DE 3749-301<br><strong>Landesnr.: <\/strong>166, 164, 716, 160, 244, 44, 250, 158<br><strong>Landkreis:<\/strong> Dahme-Spreewald, Oder-Spree<br><strong>Gebietsgr\u00f6\u00dfe:<\/strong> 462 ha, 163 ha, 113 ha, 222 ha, 48 ha, 67 ha, 749 ha, 1.897 ha<\/p>\n\n\n\n<p class=\"has-medium-font-size\"><strong>Gebietscharakteristik<\/strong><\/p>\n\n\n\n<p>Die FFH-Gebiete befinden sich in den Landkreisen Dahme-Spreewald und Oder-Spree in der Niederlausitz, einem ausgedehntem Altmor\u00e4nengebiet im s\u00fcdlichen Brandenburg. Die Fl\u00e4chen sind Teil des Landschaftschutzsgebietes &#8222;Dahme-Heideseen&#8220;. Sie umfassen verschiedene Feuchtwiesen- und Moor-Lebensraumtypen.<\/p>\n\n\n\n<div class=\"wp-block-columns is-layout-flex wp-container-core-columns-layout-1 wp-block-columns-is-layout-flex\">\n<div class=\"wp-block-column is-layout-flow wp-block-column-is-layout-flow\" style=\"flex-basis:33.33%\">\n<p><strong>Ziel-LRT (Anhang I FFH-RL):<\/strong><\/p>\n<\/div>\n\n\n\n<div class=\"wp-block-column is-layout-flow wp-block-column-is-layout-flow\" style=\"flex-basis:66.66%\">\n<p>6410 Pfeifengraswiesen<\/p>\n\n\n\n<p>6430 Feuchte Hochstaudenfluren<\/p>\n\n\n\n<p>6510 Magere Flachlandm\u00e4hwiesen<\/p>\n\n\n\n<p>7140 \u00dcbergangs- und Schwingmooren<\/p>\n\n\n\n<p>7150 Torfmoorschlenken mit Schnabelriedgesellschaften<\/p>\n\n\n\n<p>7210 Kalkreiche S\u00fcmpfe<\/p>\n\n\n\n<p>7230 Kalkreiche Niedermoore<\/p>\n<\/div>\n<\/div>\n\n\n\n<div class=\"wp-block-columns is-layout-flex wp-container-core-columns-layout-2 wp-block-columns-is-layout-flex\">\n<div class=\"wp-block-column is-layout-flow wp-block-column-is-layout-flow\"><\/div>\n\n\n\n<div class=\"wp-block-column is-layout-flow wp-block-column-is-layout-flow\"><\/div>\n<\/div>\n","protected":false},"excerpt":{"rendered":"<p>P\u00e4tzer Hintersee, M\u00fchlenflie\u00df-S\u00e4gebach, M\u00fchlenflie\u00df-S\u00e4gebach Erg\u00e4nzung, L\u00f6ptener Fenne und Wustrickwiesen, Leue-Wilder See, Kleine und Mittelleber, Schwenower Forst, Gro\u00df Schauener Seenkette EU-Nr.: DE 3747-304, DE 3847-302, DE 3847-311, DE 3847-301, DE 3847-310, DE 3847-303, DE 3850-301, DE 3749-301Landesnr.: 166, 164, 716, 160, 244, 44, 250, 158Landkreis: Dahme-Spreewald, Oder-SpreeGebietsgr\u00f6\u00dfe: 462 ha, 163 ha, 113 ha, 222 ha, 48 &hellip; <\/p>\n<p class=\"link-more\"><a href=\"https:\/\/zan-bb.de\/?page_id=609\" class=\"more-link\"><span class=\"screen-reader-text\">\u201eMa\u00dfnahmenkomplex P\u00e4tzer Hintersee\u201c<\/span> weiterlesen<\/a><\/p>\n","protected":false},"author":1,"featured_media":0,"parent":0,"menu_order":0,"comment_status":"closed","ping_status":"closed","template":"","meta":{"footnotes":""},"yoast_head":"<!-- This site is optimized with the Yoast SEO plugin v21.9.1 - https:\/\/yoast.com\/wordpress\/plugins\/seo\/ -->\n<title>Ma\u00dfnahmenkomplex P\u00e4tzer Hintersee - ZAN-bb<\/title>\n<meta name=\"robots\" content=\"index, follow, max-snippet:-1, max-image-preview:large, max-video-preview:-1\" \/>\n<link rel=\"canonical\" href=\"https:\/\/zan-bb.de\/?page_id=609\" \/>\n<meta property=\"og:locale\" content=\"de_DE\" \/>\n<meta property=\"og:type\" content=\"article\" \/>\n<meta property=\"og:title\" content=\"Ma\u00dfnahmenkomplex P\u00e4tzer Hintersee - ZAN-bb\" \/>\n<meta property=\"og:description\" content=\"P\u00e4tzer Hintersee, M\u00fchlenflie\u00df-S\u00e4gebach, M\u00fchlenflie\u00df-S\u00e4gebach Erg\u00e4nzung, L\u00f6ptener Fenne und Wustrickwiesen, Leue-Wilder See, Kleine und Mittelleber, Schwenower Forst, Gro\u00df Schauener Seenkette EU-Nr.: DE 3747-304, DE 3847-302, DE 3847-311, DE 3847-301, DE 3847-310, DE 3847-303, DE 3850-301, DE 3749-301Landesnr.: 166, 164, 716, 160, 244, 44, 250, 158Landkreis: Dahme-Spreewald, Oder-SpreeGebietsgr\u00f6\u00dfe: 462 ha, 163 ha, 113 ha, 222 ha, 48 &hellip; \u201eMa\u00dfnahmenkomplex P\u00e4tzer Hintersee\u201c weiterlesen\" \/>\n<meta property=\"og:url\" content=\"https:\/\/zan-bb.de\/?page_id=609\" \/>\n<meta property=\"og:site_name\" content=\"ZAN-bb\" \/>\n<meta property=\"article:modified_time\" content=\"2024-01-10T08:22:35+00:00\" \/>\n<meta property=\"og:image\" content=\"http:\/\/zan-bb.de\/wp-content\/uploads\/2024\/01\/IMG_0416-1024x768.jpg\" \/>\n<meta name=\"twitter:card\" content=\"summary_large_image\" \/>\n<meta name=\"twitter:label1\" content=\"Gesch\u00e4tzte Lesezeit\" \/>\n\t<meta name=\"twitter:data1\" content=\"1\u00a0Minute\" \/>\n<script type=\"application\/ld+json\" class=\"yoast-schema-graph\">{\"@context\":\"https:\/\/schema.org\",\"@graph\":[{\"@type\":\"WebPage\",\"@id\":\"https:\/\/zan-bb.de\/?page_id=609\",\"url\":\"https:\/\/zan-bb.de\/?page_id=609\",\"name\":\"Ma\u00dfnahmenkomplex P\u00e4tzer Hintersee - ZAN-bb\",\"isPartOf\":{\"@id\":\"https:\/\/zan-bb.de\/#website\"},\"datePublished\":\"2023-11-29T11:30:32+00:00\",\"dateModified\":\"2024-01-10T08:22:35+00:00\",\"breadcrumb\":{\"@id\":\"https:\/\/zan-bb.de\/?page_id=609#breadcrumb\"},\"inLanguage\":\"de\",\"potentialAction\":[{\"@type\":\"ReadAction\",\"target\":[\"https:\/\/zan-bb.de\/?page_id=609\"]}]},{\"@type\":\"BreadcrumbList\",\"@id\":\"https:\/\/zan-bb.de\/?page_id=609#breadcrumb\",\"itemListElement\":[{\"@type\":\"ListItem\",\"position\":1,\"name\":\"Startseite\",\"item\":\"https:\/\/zan-bb.de\/\"},{\"@type\":\"ListItem\",\"position\":2,\"name\":\"Ma\u00dfnahmenkomplex P\u00e4tzer Hintersee\"}]},{\"@type\":\"WebSite\",\"@id\":\"https:\/\/zan-bb.de\/#website\",\"url\":\"https:\/\/zan-bb.de\/\",\"name\":\"ZAN-bb\",\"description\":\"Zentrum angewandter Naturschutz in Brandenburg gGmbH\",\"publisher\":{\"@id\":\"https:\/\/zan-bb.de\/#organization\"},\"potentialAction\":[{\"@type\":\"SearchAction\",\"target\":{\"@type\":\"EntryPoint\",\"urlTemplate\":\"https:\/\/zan-bb.de\/?s={search_term_string}\"},\"query-input\":\"required name=search_term_string\"}],\"inLanguage\":\"de\"},{\"@type\":\"Organization\",\"@id\":\"https:\/\/zan-bb.de\/#organization\",\"name\":\"ZAN-bb\",\"url\":\"https:\/\/zan-bb.de\/\",\"logo\":{\"@type\":\"ImageObject\",\"inLanguage\":\"de\",\"@id\":\"https:\/\/zan-bb.de\/#\/schema\/logo\/image\/\",\"url\":\"https:\/\/zan-bb.de\/wp-content\/uploads\/2020\/05\/cropped-ZAN-logo-trans.png\",\"contentUrl\":\"https:\/\/zan-bb.de\/wp-content\/uploads\/2020\/05\/cropped-ZAN-logo-trans.png\",\"width\":250,\"height\":250,\"caption\":\"ZAN-bb\"},\"image\":{\"@id\":\"https:\/\/zan-bb.de\/#\/schema\/logo\/image\/\"}}]}<\/script>\n<!-- \/ Yoast SEO plugin. -->","yoast_head_json":{"title":"Ma\u00dfnahmenkomplex P\u00e4tzer Hintersee - ZAN-bb","robots":{"index":"index","follow":"follow","max-snippet":"max-snippet:-1","max-image-preview":"max-image-preview:large","max-video-preview":"max-video-preview:-1"},"canonical":"https:\/\/zan-bb.de\/?page_id=609","og_locale":"de_DE","og_type":"article","og_title":"Ma\u00dfnahmenkomplex P\u00e4tzer Hintersee - ZAN-bb","og_description":"P\u00e4tzer Hintersee, M\u00fchlenflie\u00df-S\u00e4gebach, M\u00fchlenflie\u00df-S\u00e4gebach Erg\u00e4nzung, L\u00f6ptener Fenne und Wustrickwiesen, Leue-Wilder See, Kleine und Mittelleber, Schwenower Forst, Gro\u00df Schauener Seenkette EU-Nr.: DE 3747-304, DE 3847-302, DE 3847-311, DE 3847-301, DE 3847-310, DE 3847-303, DE 3850-301, DE 3749-301Landesnr.: 166, 164, 716, 160, 244, 44, 250, 158Landkreis: Dahme-Spreewald, Oder-SpreeGebietsgr\u00f6\u00dfe: 462 ha, 163 ha, 113 ha, 222 ha, 48 &hellip; \u201eMa\u00dfnahmenkomplex P\u00e4tzer Hintersee\u201c weiterlesen","og_url":"https:\/\/zan-bb.de\/?page_id=609","og_site_name":"ZAN-bb","article_modified_time":"2024-01-10T08:22:35+00:00","og_image":[{"url":"http:\/\/zan-bb.de\/wp-content\/uploads\/2024\/01\/IMG_0416-1024x768.jpg"}],"twitter_card":"summary_large_image","twitter_misc":{"Gesch\u00e4tzte Lesezeit":"1\u00a0Minute"},"schema":{"@context":"https:\/\/schema.org","@graph":[{"@type":"WebPage","@id":"https:\/\/zan-bb.de\/?page_id=609","url":"https:\/\/zan-bb.de\/?page_id=609","name":"Ma\u00dfnahmenkomplex P\u00e4tzer Hintersee - ZAN-bb","isPartOf":{"@id":"https:\/\/zan-bb.de\/#website"},"datePublished":"2023-11-29T11:30:32+00:00","dateModified":"2024-01-10T08:22:35+00:00","breadcrumb":{"@id":"https:\/\/zan-bb.de\/?page_id=609#breadcrumb"},"inLanguage":"de","potentialAction":[{"@type":"ReadAction","target":["https:\/\/zan-bb.de\/?page_id=609"]}]},{"@type":"BreadcrumbList","@id":"https:\/\/zan-bb.de\/?page_id=609#breadcrumb","itemListElement":[{"@type":"ListItem","position":1,"name":"Startseite","item":"https:\/\/zan-bb.de\/"},{"@type":"ListItem","position":2,"name":"Ma\u00dfnahmenkomplex P\u00e4tzer Hintersee"}]},{"@type":"WebSite","@id":"https:\/\/zan-bb.de\/#website","url":"https:\/\/zan-bb.de\/","name":"ZAN-bb","description":"Zentrum angewandter Naturschutz in Brandenburg gGmbH","publisher":{"@id":"https:\/\/zan-bb.de\/#organization"},"potentialAction":[{"@type":"SearchAction","target":{"@type":"EntryPoint","urlTemplate":"https:\/\/zan-bb.de\/?s={search_term_string}"},"query-input":"required name=search_term_string"}],"inLanguage":"de"},{"@type":"Organization","@id":"https:\/\/zan-bb.de\/#organization","name":"ZAN-bb","url":"https:\/\/zan-bb.de\/","logo":{"@type":"ImageObject","inLanguage":"de","@id":"https:\/\/zan-bb.de\/#\/schema\/logo\/image\/","url":"https:\/\/zan-bb.de\/wp-content\/uploads\/2020\/05\/cropped-ZAN-logo-trans.png","contentUrl":"https:\/\/zan-bb.de\/wp-content\/uploads\/2020\/05\/cropped-ZAN-logo-trans.png","width":250,"height":250,"caption":"ZAN-bb"},"image":{"@id":"https:\/\/zan-bb.de\/#\/schema\/logo\/image\/"}}]}},"_links":{"self":[{"href":"https:\/\/zan-bb.de\/index.php?rest_route=\/wp\/v2\/pages\/609"}],"collection":[{"href":"https:\/\/zan-bb.de\/index.php?rest_route=\/wp\/v2\/pages"}],"about":[{"href":"https:\/\/zan-bb.de\/index.php?rest_route=\/wp\/v2\/types\/page"}],"author":[{"embeddable":true,"href":"https:\/\/zan-bb.de\/index.php?rest_route=\/wp\/v2\/users\/1"}],"replies":[{"embeddable":true,"href":"https:\/\/zan-bb.de\/index.php?rest_route=%2Fwp%2Fv2%2Fcomments&post=609"}],"version-history":[{"count":6,"href":"https:\/\/zan-bb.de\/index.php?rest_route=\/wp\/v2\/pages\/609\/revisions"}],"predecessor-version":[{"id":1034,"href":"https:\/\/zan-bb.de\/index.php?rest_route=\/wp\/v2\/pages\/609\/revisions\/1034"}],"wp:attachment":[{"href":"https:\/\/zan-bb.de\/index.php?rest_route=%2Fwp%2Fv2%2Fmedia&parent=609"}],"curies":[{"name":"wp","href":"https:\/\/api.w.org\/{rel}","templated":true}]}}