{"id":673,"date":"2023-12-07T10:48:33","date_gmt":"2023-12-07T10:48:33","guid":{"rendered":"https:\/\/zan-bb.de\/?page_id=673"},"modified":"2023-12-12T10:52:56","modified_gmt":"2023-12-12T10:52:56","slug":"umweltsensibilisierungsprojekt-2","status":"publish","type":"page","link":"https:\/\/zan-bb.de\/?page_id=673","title":{"rendered":"Umweltsensibilisierungsprojekt 2"},"content":{"rendered":"\n<p><a href=\"https:\/\/zan-bb.de\/?page_id=690\">Berlinchener See, Berlinchener Luch<\/a><\/p>\n\n\n\n<p><a href=\"https:\/\/zan-bb.de\/?page_id=692\">Calauer Schweiz<\/a><\/p>\n\n\n\n<p><a href=\"https:\/\/zan-bb.de\/?page_id=694\">Dosse<\/a><\/p>\n\n\n\n<p><a href=\"https:\/\/zan-bb.de\/?page_id=696\">Gamengrundseen<\/a><\/p>\n\n\n\n<p><a href=\"https:\/\/zan-bb.de\/?page_id=698\">Kolpiner Seen<\/a><\/p>\n\n\n\n<p><a href=\"https:\/\/zan-bb.de\/?page_id=700\">Kolpinsee und M\u00fcckenfenn<\/a><\/p>\n\n\n\n<p><a href=\"https:\/\/zan-bb.de\/?page_id=702\">Kummersdorfer Heide \/ Breiter Steinbusch<\/a><\/p>\n\n\n\n<p><a href=\"https:\/\/zan-bb.de\/?page_id=704\">M\u00fchlbach Beeke<\/a><\/p>\n\n\n\n<p><a href=\"https:\/\/zan-bb.de\/?page_id=706\">Oberes Temnitztal Erg\u00e4nzung<\/a><\/p>\n\n\n\n<p><a href=\"https:\/\/zan-bb.de\/?page_id=708\">Reitweiner Sporn und Priesterschlucht, M\u00fchlen- und Zeisigberg<\/a><\/p>\n\n\n\n<p><a href=\"https:\/\/zan-bb.de\/?page_id=710\">Teltowkanal-Aue<\/a><\/p>\n\n\n\n<p><a href=\"https:\/\/zan-bb.de\/?page_id=712\">Zimmersee<\/a><\/p>\n\n\n\n<p><a href=\"https:\/\/zan-bb.de\/?page_id=714\">Ma\u00dfnahmenkomplex C\u00f6thener Flie\u00dftal<\/a><\/p>\n\n\n\n<p><a href=\"https:\/\/zan-bb.de\/?page_id=718\">Ma\u00dfnahmenkomplex Trockenrasen Wriezen<\/a><\/p>\n\n\n\n<p><a href=\"https:\/\/zan-bb.de\/?page_id=789\">Ma\u00dfnahmenkomplex Streganzsee<\/a><\/p>\n","protected":false},"excerpt":{"rendered":"<p>Berlinchener See, Berlinchener Luch Calauer Schweiz Dosse Gamengrundseen Kolpiner Seen Kolpinsee und M\u00fcckenfenn Kummersdorfer Heide \/ Breiter Steinbusch M\u00fchlbach Beeke Oberes Temnitztal Erg\u00e4nzung Reitweiner Sporn und Priesterschlucht, M\u00fchlen- und Zeisigberg Teltowkanal-Aue Zimmersee Ma\u00dfnahmenkomplex C\u00f6thener Flie\u00dftal Ma\u00dfnahmenkomplex Trockenrasen Wriezen Ma\u00dfnahmenkomplex Streganzsee<\/p>\n","protected":false},"author":1,"featured_media":0,"parent":0,"menu_order":0,"comment_status":"closed","ping_status":"closed","template":"","meta":{"footnotes":""},"yoast_head":"<!-- This site is optimized with the Yoast SEO plugin v21.9.1 - https:\/\/yoast.com\/wordpress\/plugins\/seo\/ -->\n<title>Umweltsensibilisierungsprojekt 2 - ZAN-bb<\/title>\n<meta name=\"robots\" content=\"index, follow, max-snippet:-1, max-image-preview:large, max-video-preview:-1\" \/>\n<link rel=\"canonical\" href=\"https:\/\/zan-bb.de\/?page_id=673\" \/>\n<meta property=\"og:locale\" content=\"de_DE\" \/>\n<meta property=\"og:type\" content=\"article\" \/>\n<meta property=\"og:title\" content=\"Umweltsensibilisierungsprojekt 2 - ZAN-bb\" \/>\n<meta property=\"og:description\" content=\"Berlinchener See, Berlinchener Luch Calauer Schweiz Dosse Gamengrundseen Kolpiner Seen Kolpinsee und M\u00fcckenfenn Kummersdorfer Heide \/ Breiter Steinbusch M\u00fchlbach Beeke Oberes Temnitztal Erg\u00e4nzung Reitweiner Sporn und Priesterschlucht, M\u00fchlen- und Zeisigberg Teltowkanal-Aue Zimmersee Ma\u00dfnahmenkomplex C\u00f6thener Flie\u00dftal Ma\u00dfnahmenkomplex Trockenrasen Wriezen Ma\u00dfnahmenkomplex Streganzsee\" \/>\n<meta property=\"og:url\" content=\"https:\/\/zan-bb.de\/?page_id=673\" \/>\n<meta property=\"og:site_name\" content=\"ZAN-bb\" \/>\n<meta property=\"article:modified_time\" content=\"2023-12-12T10:52:56+00:00\" \/>\n<meta name=\"twitter:card\" content=\"summary_large_image\" \/>\n<script type=\"application\/ld+json\" class=\"yoast-schema-graph\">{\"@context\":\"https:\/\/schema.org\",\"@graph\":[{\"@type\":\"WebPage\",\"@id\":\"https:\/\/zan-bb.de\/?page_id=673\",\"url\":\"https:\/\/zan-bb.de\/?page_id=673\",\"name\":\"Umweltsensibilisierungsprojekt 2 - ZAN-bb\",\"isPartOf\":{\"@id\":\"https:\/\/zan-bb.de\/#website\"},\"datePublished\":\"2023-12-07T10:48:33+00:00\",\"dateModified\":\"2023-12-12T10:52:56+00:00\",\"breadcrumb\":{\"@id\":\"https:\/\/zan-bb.de\/?page_id=673#breadcrumb\"},\"inLanguage\":\"de\",\"potentialAction\":[{\"@type\":\"ReadAction\",\"target\":[\"https:\/\/zan-bb.de\/?page_id=673\"]}]},{\"@type\":\"BreadcrumbList\",\"@id\":\"https:\/\/zan-bb.de\/?page_id=673#breadcrumb\",\"itemListElement\":[{\"@type\":\"ListItem\",\"position\":1,\"name\":\"Startseite\",\"item\":\"https:\/\/zan-bb.de\/\"},{\"@type\":\"ListItem\",\"position\":2,\"name\":\"Umweltsensibilisierungsprojekt 2\"}]},{\"@type\":\"WebSite\",\"@id\":\"https:\/\/zan-bb.de\/#website\",\"url\":\"https:\/\/zan-bb.de\/\",\"name\":\"ZAN-bb\",\"description\":\"Zentrum angewandter Naturschutz in Brandenburg gGmbH\",\"publisher\":{\"@id\":\"https:\/\/zan-bb.de\/#organization\"},\"potentialAction\":[{\"@type\":\"SearchAction\",\"target\":{\"@type\":\"EntryPoint\",\"urlTemplate\":\"https:\/\/zan-bb.de\/?s={search_term_string}\"},\"query-input\":\"required name=search_term_string\"}],\"inLanguage\":\"de\"},{\"@type\":\"Organization\",\"@id\":\"https:\/\/zan-bb.de\/#organization\",\"name\":\"ZAN-bb\",\"url\":\"https:\/\/zan-bb.de\/\",\"logo\":{\"@type\":\"ImageObject\",\"inLanguage\":\"de\",\"@id\":\"https:\/\/zan-bb.de\/#\/schema\/logo\/image\/\",\"url\":\"https:\/\/zan-bb.de\/wp-content\/uploads\/2020\/05\/cropped-ZAN-logo-trans.png\",\"contentUrl\":\"https:\/\/zan-bb.de\/wp-content\/uploads\/2020\/05\/cropped-ZAN-logo-trans.png\",\"width\":250,\"height\":250,\"caption\":\"ZAN-bb\"},\"image\":{\"@id\":\"https:\/\/zan-bb.de\/#\/schema\/logo\/image\/\"}}]}<\/script>\n<!-- \/ Yoast SEO plugin. -->","yoast_head_json":{"title":"Umweltsensibilisierungsprojekt 2 - ZAN-bb","robots":{"index":"index","follow":"follow","max-snippet":"max-snippet:-1","max-image-preview":"max-image-preview:large","max-video-preview":"max-video-preview:-1"},"canonical":"https:\/\/zan-bb.de\/?page_id=673","og_locale":"de_DE","og_type":"article","og_title":"Umweltsensibilisierungsprojekt 2 - ZAN-bb","og_description":"Berlinchener See, Berlinchener Luch Calauer Schweiz Dosse Gamengrundseen Kolpiner Seen Kolpinsee und M\u00fcckenfenn Kummersdorfer Heide \/ Breiter Steinbusch M\u00fchlbach Beeke Oberes Temnitztal Erg\u00e4nzung Reitweiner Sporn und Priesterschlucht, M\u00fchlen- und Zeisigberg Teltowkanal-Aue Zimmersee Ma\u00dfnahmenkomplex C\u00f6thener Flie\u00dftal Ma\u00dfnahmenkomplex Trockenrasen Wriezen Ma\u00dfnahmenkomplex Streganzsee","og_url":"https:\/\/zan-bb.de\/?page_id=673","og_site_name":"ZAN-bb","article_modified_time":"2023-12-12T10:52:56+00:00","twitter_card":"summary_large_image","schema":{"@context":"https:\/\/schema.org","@graph":[{"@type":"WebPage","@id":"https:\/\/zan-bb.de\/?page_id=673","url":"https:\/\/zan-bb.de\/?page_id=673","name":"Umweltsensibilisierungsprojekt 2 - ZAN-bb","isPartOf":{"@id":"https:\/\/zan-bb.de\/#website"},"datePublished":"2023-12-07T10:48:33+00:00","dateModified":"2023-12-12T10:52:56+00:00","breadcrumb":{"@id":"https:\/\/zan-bb.de\/?page_id=673#breadcrumb"},"inLanguage":"de","potentialAction":[{"@type":"ReadAction","target":["https:\/\/zan-bb.de\/?page_id=673"]}]},{"@type":"BreadcrumbList","@id":"https:\/\/zan-bb.de\/?page_id=673#breadcrumb","itemListElement":[{"@type":"ListItem","position":1,"name":"Startseite","item":"https:\/\/zan-bb.de\/"},{"@type":"ListItem","position":2,"name":"Umweltsensibilisierungsprojekt 2"}]},{"@type":"WebSite","@id":"https:\/\/zan-bb.de\/#website","url":"https:\/\/zan-bb.de\/","name":"ZAN-bb","description":"Zentrum angewandter Naturschutz in Brandenburg gGmbH","publisher":{"@id":"https:\/\/zan-bb.de\/#organization"},"potentialAction":[{"@type":"SearchAction","target":{"@type":"EntryPoint","urlTemplate":"https:\/\/zan-bb.de\/?s={search_term_string}"},"query-input":"required name=search_term_string"}],"inLanguage":"de"},{"@type":"Organization","@id":"https:\/\/zan-bb.de\/#organization","name":"ZAN-bb","url":"https:\/\/zan-bb.de\/","logo":{"@type":"ImageObject","inLanguage":"de","@id":"https:\/\/zan-bb.de\/#\/schema\/logo\/image\/","url":"https:\/\/zan-bb.de\/wp-content\/uploads\/2020\/05\/cropped-ZAN-logo-trans.png","contentUrl":"https:\/\/zan-bb.de\/wp-content\/uploads\/2020\/05\/cropped-ZAN-logo-trans.png","width":250,"height":250,"caption":"ZAN-bb"},"image":{"@id":"https:\/\/zan-bb.de\/#\/schema\/logo\/image\/"}}]}},"_links":{"self":[{"href":"https:\/\/zan-bb.de\/index.php?rest_route=\/wp\/v2\/pages\/673"}],"collection":[{"href":"https:\/\/zan-bb.de\/index.php?rest_route=\/wp\/v2\/pages"}],"about":[{"href":"https:\/\/zan-bb.de\/index.php?rest_route=\/wp\/v2\/types\/page"}],"author":[{"embeddable":true,"href":"https:\/\/zan-bb.de\/index.php?rest_route=\/wp\/v2\/users\/1"}],"replies":[{"embeddable":true,"href":"https:\/\/zan-bb.de\/index.php?rest_route=%2Fwp%2Fv2%2Fcomments&post=673"}],"version-history":[{"count":8,"href":"https:\/\/zan-bb.de\/index.php?rest_route=\/wp\/v2\/pages\/673\/revisions"}],"predecessor-version":[{"id":1047,"href":"https:\/\/zan-bb.de\/index.php?rest_route=\/wp\/v2\/pages\/673\/revisions\/1047"}],"wp:attachment":[{"href":"https:\/\/zan-bb.de\/index.php?rest_route=%2Fwp%2Fv2%2Fmedia&parent=673"}],"curies":[{"name":"wp","href":"https:\/\/api.w.org\/{rel}","templated":true}]}}