{"id":692,"date":"2023-12-11T10:57:16","date_gmt":"2023-12-11T10:57:16","guid":{"rendered":"https:\/\/zan-bb.de\/?page_id=692"},"modified":"2023-12-19T08:24:32","modified_gmt":"2023-12-19T08:24:32","slug":"calauer-schweiz","status":"publish","type":"page","link":"https:\/\/zan-bb.de\/?page_id=692","title":{"rendered":"Calauer Schweiz"},"content":{"rendered":"<div class=\"wp-block-image\">\n<figure class=\"aligncenter size-large is-resized\"><img loading=\"lazy\" decoding=\"async\" width=\"1024\" height=\"768\" src=\"http:\/\/zan-bb.de\/wp-content\/uploads\/2023\/12\/IMG_0067-1024x768.jpg\" alt=\"\" class=\"wp-image-996\" style=\"aspect-ratio:1.3333333333333333;width:534px;height:auto\" srcset=\"https:\/\/zan-bb.de\/wp-content\/uploads\/2023\/12\/IMG_0067-1024x768.jpg 1024w, https:\/\/zan-bb.de\/wp-content\/uploads\/2023\/12\/IMG_0067-300x225.jpg 300w, https:\/\/zan-bb.de\/wp-content\/uploads\/2023\/12\/IMG_0067-768x576.jpg 768w, https:\/\/zan-bb.de\/wp-content\/uploads\/2023\/12\/IMG_0067-1536x1152.jpg 1536w, https:\/\/zan-bb.de\/wp-content\/uploads\/2023\/12\/IMG_0067-2048x1536.jpg 2048w\" sizes=\"(max-width: 767px) 89vw, (max-width: 1000px) 54vw, (max-width: 1071px) 543px, 580px\" \/><figcaption class=\"wp-element-caption\">FFH-Gebiet &#8222;Calauer Schweiz&#8220;<\/figcaption><\/figure><\/div>\n\n\n<p><strong>EU-Nr.: <\/strong>DE4249-303<br><strong>Landesnr.: <\/strong>98<br><strong>Landkreis:<\/strong> Oberspreewald-Lausitz<br><strong>Gebietsgr\u00f6\u00dfe:<\/strong> 1.406 ha<\/p>\n\n\n\n<p class=\"has-medium-font-size\"><strong>Gebietscharakteristik<\/strong><\/p>\n\n\n\n<p>Das FFH-Gebiet befindet sich im Landkreis Oberspreewald-Lausitz, innerhalb der Gemeinden Calau und Luckaitztal. Das Gebiet ist Teil des Naturparks Niederlausitzer Landr\u00fccken. W\u00e4hrend sich im Norden und S\u00fcden vorrangig landwirtschaftlich genutzte Fl\u00e4chen (Acker und Gr\u00fcnland) anschlie\u00dfen, grenzen im Westen und Osten Waldfl\u00e4chen \u2013 \u00fcberwiegend Nadelforste \u2013 an das FFH-Gebiet an.<\/p>\n\n\n\n<div class=\"wp-block-columns is-layout-flex wp-container-core-columns-layout-1 wp-block-columns-is-layout-flex\">\n<div class=\"wp-block-column is-layout-flow wp-block-column-is-layout-flow\">\n<p><strong>Ziel-LRT (Anhang I FFH-RL):<\/strong><\/p>\n<\/div>\n\n\n\n<div class=\"wp-block-column is-layout-flow wp-block-column-is-layout-flow\">\n<p>9190 Alte bodensaure Eichenw\u00e4lder auf Sandebenen mit <em>Quercus robur<\/em><\/p>\n\n\n\n<p>91D0 Moorw\u00e4lder<\/p>\n\n\n\n<p>91D1 Birken-Moorwald<\/p>\n\n\n\n<p>91T0 Mitteleurop\u00e4ische Flechten-Kiefernw\u00e4lder<\/p>\n\n\n\n<p>9410 Montane bis alpine bodensaure Fichtenw\u00e4lder <em>(Vaccinio-Piceetea)<\/em><\/p>\n\n\n\n<p>7140 \u00dcbergangs- und Schwingrasenmoore<\/p>\n<\/div>\n<\/div>\n\n\n\n<div class=\"wp-block-columns is-layout-flex wp-container-core-columns-layout-2 wp-block-columns-is-layout-flex\">\n<div class=\"wp-block-column is-layout-flow wp-block-column-is-layout-flow\"><\/div>\n\n\n\n<div class=\"wp-block-column is-layout-flow wp-block-column-is-layout-flow\"><\/div>\n<\/div>\n","protected":false},"excerpt":{"rendered":"<p>EU-Nr.: DE4249-303Landesnr.: 98Landkreis: Oberspreewald-LausitzGebietsgr\u00f6\u00dfe: 1.406 ha Gebietscharakteristik Das FFH-Gebiet befindet sich im Landkreis Oberspreewald-Lausitz, innerhalb der Gemeinden Calau und Luckaitztal. Das Gebiet ist Teil des Naturparks Niederlausitzer Landr\u00fccken. W\u00e4hrend sich im Norden und S\u00fcden vorrangig landwirtschaftlich genutzte Fl\u00e4chen (Acker und Gr\u00fcnland) anschlie\u00dfen, grenzen im Westen und Osten Waldfl\u00e4chen \u2013 \u00fcberwiegend Nadelforste \u2013 an das FFH-Gebiet &hellip; <\/p>\n<p class=\"link-more\"><a href=\"https:\/\/zan-bb.de\/?page_id=692\" class=\"more-link\"><span class=\"screen-reader-text\">\u201eCalauer Schweiz\u201c<\/span> weiterlesen<\/a><\/p>\n","protected":false},"author":1,"featured_media":0,"parent":0,"menu_order":0,"comment_status":"closed","ping_status":"closed","template":"","meta":{"footnotes":""},"yoast_head":"<!-- This site is optimized with the Yoast SEO plugin v21.9.1 - https:\/\/yoast.com\/wordpress\/plugins\/seo\/ -->\n<title>Calauer Schweiz - ZAN-bb<\/title>\n<meta name=\"robots\" content=\"index, follow, max-snippet:-1, max-image-preview:large, max-video-preview:-1\" \/>\n<link rel=\"canonical\" href=\"https:\/\/zan-bb.de\/?page_id=692\" \/>\n<meta property=\"og:locale\" content=\"de_DE\" \/>\n<meta property=\"og:type\" content=\"article\" \/>\n<meta property=\"og:title\" content=\"Calauer Schweiz - ZAN-bb\" \/>\n<meta property=\"og:description\" content=\"EU-Nr.: DE4249-303Landesnr.: 98Landkreis: Oberspreewald-LausitzGebietsgr\u00f6\u00dfe: 1.406 ha Gebietscharakteristik Das FFH-Gebiet befindet sich im Landkreis Oberspreewald-Lausitz, innerhalb der Gemeinden Calau und Luckaitztal. Das Gebiet ist Teil des Naturparks Niederlausitzer Landr\u00fccken. W\u00e4hrend sich im Norden und S\u00fcden vorrangig landwirtschaftlich genutzte Fl\u00e4chen (Acker und Gr\u00fcnland) anschlie\u00dfen, grenzen im Westen und Osten Waldfl\u00e4chen \u2013 \u00fcberwiegend Nadelforste \u2013 an das FFH-Gebiet &hellip; \u201eCalauer Schweiz\u201c weiterlesen\" \/>\n<meta property=\"og:url\" content=\"https:\/\/zan-bb.de\/?page_id=692\" \/>\n<meta property=\"og:site_name\" content=\"ZAN-bb\" \/>\n<meta property=\"article:modified_time\" content=\"2023-12-19T08:24:32+00:00\" \/>\n<meta property=\"og:image\" content=\"http:\/\/zan-bb.de\/wp-content\/uploads\/2023\/12\/IMG_0067-1024x768.jpg\" \/>\n<meta name=\"twitter:card\" content=\"summary_large_image\" \/>\n<meta name=\"twitter:label1\" content=\"Gesch\u00e4tzte Lesezeit\" \/>\n\t<meta name=\"twitter:data1\" content=\"1\u00a0Minute\" \/>\n<script type=\"application\/ld+json\" class=\"yoast-schema-graph\">{\"@context\":\"https:\/\/schema.org\",\"@graph\":[{\"@type\":\"WebPage\",\"@id\":\"https:\/\/zan-bb.de\/?page_id=692\",\"url\":\"https:\/\/zan-bb.de\/?page_id=692\",\"name\":\"Calauer Schweiz - ZAN-bb\",\"isPartOf\":{\"@id\":\"https:\/\/zan-bb.de\/#website\"},\"datePublished\":\"2023-12-11T10:57:16+00:00\",\"dateModified\":\"2023-12-19T08:24:32+00:00\",\"breadcrumb\":{\"@id\":\"https:\/\/zan-bb.de\/?page_id=692#breadcrumb\"},\"inLanguage\":\"de\",\"potentialAction\":[{\"@type\":\"ReadAction\",\"target\":[\"https:\/\/zan-bb.de\/?page_id=692\"]}]},{\"@type\":\"BreadcrumbList\",\"@id\":\"https:\/\/zan-bb.de\/?page_id=692#breadcrumb\",\"itemListElement\":[{\"@type\":\"ListItem\",\"position\":1,\"name\":\"Startseite\",\"item\":\"https:\/\/zan-bb.de\/\"},{\"@type\":\"ListItem\",\"position\":2,\"name\":\"Calauer Schweiz\"}]},{\"@type\":\"WebSite\",\"@id\":\"https:\/\/zan-bb.de\/#website\",\"url\":\"https:\/\/zan-bb.de\/\",\"name\":\"ZAN-bb\",\"description\":\"Zentrum angewandter Naturschutz in Brandenburg gGmbH\",\"publisher\":{\"@id\":\"https:\/\/zan-bb.de\/#organization\"},\"potentialAction\":[{\"@type\":\"SearchAction\",\"target\":{\"@type\":\"EntryPoint\",\"urlTemplate\":\"https:\/\/zan-bb.de\/?s={search_term_string}\"},\"query-input\":\"required name=search_term_string\"}],\"inLanguage\":\"de\"},{\"@type\":\"Organization\",\"@id\":\"https:\/\/zan-bb.de\/#organization\",\"name\":\"ZAN-bb\",\"url\":\"https:\/\/zan-bb.de\/\",\"logo\":{\"@type\":\"ImageObject\",\"inLanguage\":\"de\",\"@id\":\"https:\/\/zan-bb.de\/#\/schema\/logo\/image\/\",\"url\":\"https:\/\/zan-bb.de\/wp-content\/uploads\/2020\/05\/cropped-ZAN-logo-trans.png\",\"contentUrl\":\"https:\/\/zan-bb.de\/wp-content\/uploads\/2020\/05\/cropped-ZAN-logo-trans.png\",\"width\":250,\"height\":250,\"caption\":\"ZAN-bb\"},\"image\":{\"@id\":\"https:\/\/zan-bb.de\/#\/schema\/logo\/image\/\"}}]}<\/script>\n<!-- \/ Yoast SEO plugin. -->","yoast_head_json":{"title":"Calauer Schweiz - ZAN-bb","robots":{"index":"index","follow":"follow","max-snippet":"max-snippet:-1","max-image-preview":"max-image-preview:large","max-video-preview":"max-video-preview:-1"},"canonical":"https:\/\/zan-bb.de\/?page_id=692","og_locale":"de_DE","og_type":"article","og_title":"Calauer Schweiz - ZAN-bb","og_description":"EU-Nr.: DE4249-303Landesnr.: 98Landkreis: Oberspreewald-LausitzGebietsgr\u00f6\u00dfe: 1.406 ha Gebietscharakteristik Das FFH-Gebiet befindet sich im Landkreis Oberspreewald-Lausitz, innerhalb der Gemeinden Calau und Luckaitztal. Das Gebiet ist Teil des Naturparks Niederlausitzer Landr\u00fccken. W\u00e4hrend sich im Norden und S\u00fcden vorrangig landwirtschaftlich genutzte Fl\u00e4chen (Acker und Gr\u00fcnland) anschlie\u00dfen, grenzen im Westen und Osten Waldfl\u00e4chen \u2013 \u00fcberwiegend Nadelforste \u2013 an das FFH-Gebiet &hellip; \u201eCalauer Schweiz\u201c weiterlesen","og_url":"https:\/\/zan-bb.de\/?page_id=692","og_site_name":"ZAN-bb","article_modified_time":"2023-12-19T08:24:32+00:00","og_image":[{"url":"http:\/\/zan-bb.de\/wp-content\/uploads\/2023\/12\/IMG_0067-1024x768.jpg"}],"twitter_card":"summary_large_image","twitter_misc":{"Gesch\u00e4tzte Lesezeit":"1\u00a0Minute"},"schema":{"@context":"https:\/\/schema.org","@graph":[{"@type":"WebPage","@id":"https:\/\/zan-bb.de\/?page_id=692","url":"https:\/\/zan-bb.de\/?page_id=692","name":"Calauer Schweiz - ZAN-bb","isPartOf":{"@id":"https:\/\/zan-bb.de\/#website"},"datePublished":"2023-12-11T10:57:16+00:00","dateModified":"2023-12-19T08:24:32+00:00","breadcrumb":{"@id":"https:\/\/zan-bb.de\/?page_id=692#breadcrumb"},"inLanguage":"de","potentialAction":[{"@type":"ReadAction","target":["https:\/\/zan-bb.de\/?page_id=692"]}]},{"@type":"BreadcrumbList","@id":"https:\/\/zan-bb.de\/?page_id=692#breadcrumb","itemListElement":[{"@type":"ListItem","position":1,"name":"Startseite","item":"https:\/\/zan-bb.de\/"},{"@type":"ListItem","position":2,"name":"Calauer Schweiz"}]},{"@type":"WebSite","@id":"https:\/\/zan-bb.de\/#website","url":"https:\/\/zan-bb.de\/","name":"ZAN-bb","description":"Zentrum angewandter Naturschutz in Brandenburg gGmbH","publisher":{"@id":"https:\/\/zan-bb.de\/#organization"},"potentialAction":[{"@type":"SearchAction","target":{"@type":"EntryPoint","urlTemplate":"https:\/\/zan-bb.de\/?s={search_term_string}"},"query-input":"required name=search_term_string"}],"inLanguage":"de"},{"@type":"Organization","@id":"https:\/\/zan-bb.de\/#organization","name":"ZAN-bb","url":"https:\/\/zan-bb.de\/","logo":{"@type":"ImageObject","inLanguage":"de","@id":"https:\/\/zan-bb.de\/#\/schema\/logo\/image\/","url":"https:\/\/zan-bb.de\/wp-content\/uploads\/2020\/05\/cropped-ZAN-logo-trans.png","contentUrl":"https:\/\/zan-bb.de\/wp-content\/uploads\/2020\/05\/cropped-ZAN-logo-trans.png","width":250,"height":250,"caption":"ZAN-bb"},"image":{"@id":"https:\/\/zan-bb.de\/#\/schema\/logo\/image\/"}}]}},"_links":{"self":[{"href":"https:\/\/zan-bb.de\/index.php?rest_route=\/wp\/v2\/pages\/692"}],"collection":[{"href":"https:\/\/zan-bb.de\/index.php?rest_route=\/wp\/v2\/pages"}],"about":[{"href":"https:\/\/zan-bb.de\/index.php?rest_route=\/wp\/v2\/types\/page"}],"author":[{"embeddable":true,"href":"https:\/\/zan-bb.de\/index.php?rest_route=\/wp\/v2\/users\/1"}],"replies":[{"embeddable":true,"href":"https:\/\/zan-bb.de\/index.php?rest_route=%2Fwp%2Fv2%2Fcomments&post=692"}],"version-history":[{"count":8,"href":"https:\/\/zan-bb.de\/index.php?rest_route=\/wp\/v2\/pages\/692\/revisions"}],"predecessor-version":[{"id":997,"href":"https:\/\/zan-bb.de\/index.php?rest_route=\/wp\/v2\/pages\/692\/revisions\/997"}],"wp:attachment":[{"href":"https:\/\/zan-bb.de\/index.php?rest_route=%2Fwp%2Fv2%2Fmedia&parent=692"}],"curies":[{"name":"wp","href":"https:\/\/api.w.org\/{rel}","templated":true}]}}