{"id":694,"date":"2023-12-11T10:57:40","date_gmt":"2023-12-11T10:57:40","guid":{"rendered":"https:\/\/zan-bb.de\/?page_id=694"},"modified":"2023-12-13T09:47:04","modified_gmt":"2023-12-13T09:47:04","slug":"dosse","status":"publish","type":"page","link":"https:\/\/zan-bb.de\/?page_id=694","title":{"rendered":"Dosse"},"content":{"rendered":"\n<p><strong>EU-Nr.: <\/strong>DE 2941-303<br><strong>Landesnr.: <\/strong>620<br><strong>Landkreis:<\/strong> Ostprignitz<br><strong>Gebietsgr\u00f6\u00dfe:<\/strong> 613 ha<\/p>\n\n\n\n<p class=\"has-medium-font-size\"><strong>Gebietscharakteristik<\/strong><\/p>\n\n\n\n<p>Das FFH-Gebiet umfasst Teile der Gew\u00e4sser Dosse, Glinze, Splitterbach, Brausebach, Zootzener Bach, Ferbitzbach, Glockenberggraben und deren Ufer unter Einbeziehung einzelner, naturraumtypischer Standortkomplexe (Moore, Talsandebenen, D\u00fcnen) der Dosse-Niederung, welche direkt an das Gew\u00e4sser angrenzen.<\/p>\n\n\n\n<div class=\"wp-block-columns is-layout-flex wp-container-core-columns-layout-1 wp-block-columns-is-layout-flex\">\n<div class=\"wp-block-column is-layout-flow wp-block-column-is-layout-flow\">\n<p><strong>Ziel-LRT (Anhang I FFH-RL):<\/strong><\/p>\n<\/div>\n\n\n\n<div class=\"wp-block-column is-layout-flow wp-block-column-is-layout-flow\">\n<p>3260 Nat\u00fcrliche Flie\u00dfgew\u00e4sser<\/p>\n<\/div>\n<\/div>\n\n\n\n<div class=\"wp-block-columns is-layout-flex wp-container-core-columns-layout-2 wp-block-columns-is-layout-flex\">\n<div class=\"wp-block-column is-layout-flow wp-block-column-is-layout-flow\"><\/div>\n\n\n\n<div class=\"wp-block-column is-layout-flow wp-block-column-is-layout-flow\"><\/div>\n<\/div>\n","protected":false},"excerpt":{"rendered":"<p>EU-Nr.: DE 2941-303Landesnr.: 620Landkreis: OstprignitzGebietsgr\u00f6\u00dfe: 613 ha Gebietscharakteristik Das FFH-Gebiet umfasst Teile der Gew\u00e4sser Dosse, Glinze, Splitterbach, Brausebach, Zootzener Bach, Ferbitzbach, Glockenberggraben und deren Ufer unter Einbeziehung einzelner, naturraumtypischer Standortkomplexe (Moore, Talsandebenen, D\u00fcnen) der Dosse-Niederung, welche direkt an das Gew\u00e4sser angrenzen. Ziel-LRT (Anhang I FFH-RL): 3260 Nat\u00fcrliche Flie\u00dfgew\u00e4sser<\/p>\n","protected":false},"author":1,"featured_media":0,"parent":0,"menu_order":0,"comment_status":"closed","ping_status":"closed","template":"","meta":{"footnotes":""},"yoast_head":"<!-- This site is optimized with the Yoast SEO plugin v21.9.1 - https:\/\/yoast.com\/wordpress\/plugins\/seo\/ -->\n<title>Dosse - ZAN-bb<\/title>\n<meta name=\"robots\" content=\"index, follow, max-snippet:-1, max-image-preview:large, max-video-preview:-1\" \/>\n<link rel=\"canonical\" href=\"http:\/\/zan-bb.de\/?page_id=694\" \/>\n<meta property=\"og:locale\" content=\"de_DE\" \/>\n<meta property=\"og:type\" content=\"article\" \/>\n<meta property=\"og:title\" content=\"Dosse - ZAN-bb\" \/>\n<meta property=\"og:description\" content=\"EU-Nr.: DE 2941-303Landesnr.: 620Landkreis: OstprignitzGebietsgr\u00f6\u00dfe: 613 ha Gebietscharakteristik Das FFH-Gebiet umfasst Teile der Gew\u00e4sser Dosse, Glinze, Splitterbach, Brausebach, Zootzener Bach, Ferbitzbach, Glockenberggraben und deren Ufer unter Einbeziehung einzelner, naturraumtypischer Standortkomplexe (Moore, Talsandebenen, D\u00fcnen) der Dosse-Niederung, welche direkt an das Gew\u00e4sser angrenzen. Ziel-LRT (Anhang I FFH-RL): 3260 Nat\u00fcrliche Flie\u00dfgew\u00e4sser\" \/>\n<meta property=\"og:url\" content=\"http:\/\/zan-bb.de\/?page_id=694\" \/>\n<meta property=\"og:site_name\" content=\"ZAN-bb\" \/>\n<meta property=\"article:modified_time\" content=\"2023-12-13T09:47:04+00:00\" \/>\n<meta name=\"twitter:card\" content=\"summary_large_image\" \/>\n<meta name=\"twitter:label1\" content=\"Gesch\u00e4tzte Lesezeit\" \/>\n\t<meta name=\"twitter:data1\" content=\"1\u00a0Minute\" \/>\n<script type=\"application\/ld+json\" class=\"yoast-schema-graph\">{\"@context\":\"https:\/\/schema.org\",\"@graph\":[{\"@type\":\"WebPage\",\"@id\":\"http:\/\/zan-bb.de\/?page_id=694\",\"url\":\"http:\/\/zan-bb.de\/?page_id=694\",\"name\":\"Dosse - ZAN-bb\",\"isPartOf\":{\"@id\":\"https:\/\/zan-bb.de\/#website\"},\"datePublished\":\"2023-12-11T10:57:40+00:00\",\"dateModified\":\"2023-12-13T09:47:04+00:00\",\"breadcrumb\":{\"@id\":\"http:\/\/zan-bb.de\/?page_id=694#breadcrumb\"},\"inLanguage\":\"de\",\"potentialAction\":[{\"@type\":\"ReadAction\",\"target\":[\"http:\/\/zan-bb.de\/?page_id=694\"]}]},{\"@type\":\"BreadcrumbList\",\"@id\":\"http:\/\/zan-bb.de\/?page_id=694#breadcrumb\",\"itemListElement\":[{\"@type\":\"ListItem\",\"position\":1,\"name\":\"Startseite\",\"item\":\"https:\/\/zan-bb.de\/\"},{\"@type\":\"ListItem\",\"position\":2,\"name\":\"Dosse\"}]},{\"@type\":\"WebSite\",\"@id\":\"https:\/\/zan-bb.de\/#website\",\"url\":\"https:\/\/zan-bb.de\/\",\"name\":\"ZAN-bb\",\"description\":\"Zentrum angewandter Naturschutz in Brandenburg gGmbH\",\"publisher\":{\"@id\":\"https:\/\/zan-bb.de\/#organization\"},\"potentialAction\":[{\"@type\":\"SearchAction\",\"target\":{\"@type\":\"EntryPoint\",\"urlTemplate\":\"https:\/\/zan-bb.de\/?s={search_term_string}\"},\"query-input\":\"required name=search_term_string\"}],\"inLanguage\":\"de\"},{\"@type\":\"Organization\",\"@id\":\"https:\/\/zan-bb.de\/#organization\",\"name\":\"ZAN-bb\",\"url\":\"https:\/\/zan-bb.de\/\",\"logo\":{\"@type\":\"ImageObject\",\"inLanguage\":\"de\",\"@id\":\"https:\/\/zan-bb.de\/#\/schema\/logo\/image\/\",\"url\":\"https:\/\/zan-bb.de\/wp-content\/uploads\/2020\/05\/cropped-ZAN-logo-trans.png\",\"contentUrl\":\"https:\/\/zan-bb.de\/wp-content\/uploads\/2020\/05\/cropped-ZAN-logo-trans.png\",\"width\":250,\"height\":250,\"caption\":\"ZAN-bb\"},\"image\":{\"@id\":\"https:\/\/zan-bb.de\/#\/schema\/logo\/image\/\"}}]}<\/script>\n<!-- \/ Yoast SEO plugin. -->","yoast_head_json":{"title":"Dosse - ZAN-bb","robots":{"index":"index","follow":"follow","max-snippet":"max-snippet:-1","max-image-preview":"max-image-preview:large","max-video-preview":"max-video-preview:-1"},"canonical":"http:\/\/zan-bb.de\/?page_id=694","og_locale":"de_DE","og_type":"article","og_title":"Dosse - ZAN-bb","og_description":"EU-Nr.: DE 2941-303Landesnr.: 620Landkreis: OstprignitzGebietsgr\u00f6\u00dfe: 613 ha Gebietscharakteristik Das FFH-Gebiet umfasst Teile der Gew\u00e4sser Dosse, Glinze, Splitterbach, Brausebach, Zootzener Bach, Ferbitzbach, Glockenberggraben und deren Ufer unter Einbeziehung einzelner, naturraumtypischer Standortkomplexe (Moore, Talsandebenen, D\u00fcnen) der Dosse-Niederung, welche direkt an das Gew\u00e4sser angrenzen. Ziel-LRT (Anhang I FFH-RL): 3260 Nat\u00fcrliche Flie\u00dfgew\u00e4sser","og_url":"http:\/\/zan-bb.de\/?page_id=694","og_site_name":"ZAN-bb","article_modified_time":"2023-12-13T09:47:04+00:00","twitter_card":"summary_large_image","twitter_misc":{"Gesch\u00e4tzte Lesezeit":"1\u00a0Minute"},"schema":{"@context":"https:\/\/schema.org","@graph":[{"@type":"WebPage","@id":"http:\/\/zan-bb.de\/?page_id=694","url":"http:\/\/zan-bb.de\/?page_id=694","name":"Dosse - ZAN-bb","isPartOf":{"@id":"https:\/\/zan-bb.de\/#website"},"datePublished":"2023-12-11T10:57:40+00:00","dateModified":"2023-12-13T09:47:04+00:00","breadcrumb":{"@id":"http:\/\/zan-bb.de\/?page_id=694#breadcrumb"},"inLanguage":"de","potentialAction":[{"@type":"ReadAction","target":["http:\/\/zan-bb.de\/?page_id=694"]}]},{"@type":"BreadcrumbList","@id":"http:\/\/zan-bb.de\/?page_id=694#breadcrumb","itemListElement":[{"@type":"ListItem","position":1,"name":"Startseite","item":"https:\/\/zan-bb.de\/"},{"@type":"ListItem","position":2,"name":"Dosse"}]},{"@type":"WebSite","@id":"https:\/\/zan-bb.de\/#website","url":"https:\/\/zan-bb.de\/","name":"ZAN-bb","description":"Zentrum angewandter Naturschutz in Brandenburg gGmbH","publisher":{"@id":"https:\/\/zan-bb.de\/#organization"},"potentialAction":[{"@type":"SearchAction","target":{"@type":"EntryPoint","urlTemplate":"https:\/\/zan-bb.de\/?s={search_term_string}"},"query-input":"required name=search_term_string"}],"inLanguage":"de"},{"@type":"Organization","@id":"https:\/\/zan-bb.de\/#organization","name":"ZAN-bb","url":"https:\/\/zan-bb.de\/","logo":{"@type":"ImageObject","inLanguage":"de","@id":"https:\/\/zan-bb.de\/#\/schema\/logo\/image\/","url":"https:\/\/zan-bb.de\/wp-content\/uploads\/2020\/05\/cropped-ZAN-logo-trans.png","contentUrl":"https:\/\/zan-bb.de\/wp-content\/uploads\/2020\/05\/cropped-ZAN-logo-trans.png","width":250,"height":250,"caption":"ZAN-bb"},"image":{"@id":"https:\/\/zan-bb.de\/#\/schema\/logo\/image\/"}}]}},"_links":{"self":[{"href":"https:\/\/zan-bb.de\/index.php?rest_route=\/wp\/v2\/pages\/694"}],"collection":[{"href":"https:\/\/zan-bb.de\/index.php?rest_route=\/wp\/v2\/pages"}],"about":[{"href":"https:\/\/zan-bb.de\/index.php?rest_route=\/wp\/v2\/types\/page"}],"author":[{"embeddable":true,"href":"https:\/\/zan-bb.de\/index.php?rest_route=\/wp\/v2\/users\/1"}],"replies":[{"embeddable":true,"href":"https:\/\/zan-bb.de\/index.php?rest_route=%2Fwp%2Fv2%2Fcomments&post=694"}],"version-history":[{"count":7,"href":"https:\/\/zan-bb.de\/index.php?rest_route=\/wp\/v2\/pages\/694\/revisions"}],"predecessor-version":[{"id":881,"href":"https:\/\/zan-bb.de\/index.php?rest_route=\/wp\/v2\/pages\/694\/revisions\/881"}],"wp:attachment":[{"href":"https:\/\/zan-bb.de\/index.php?rest_route=%2Fwp%2Fv2%2Fmedia&parent=694"}],"curies":[{"name":"wp","href":"https:\/\/api.w.org\/{rel}","templated":true}]}}