{"id":696,"date":"2023-12-11T10:58:19","date_gmt":"2023-12-11T10:58:19","guid":{"rendered":"https:\/\/zan-bb.de\/?page_id=696"},"modified":"2023-12-13T09:56:14","modified_gmt":"2023-12-13T09:56:14","slug":"gamengrundsee","status":"publish","type":"page","link":"https:\/\/zan-bb.de\/?page_id=696","title":{"rendered":"Gamengrundsee"},"content":{"rendered":"\n<p><strong>EU-Nr.: <\/strong>DE 3349-324<br><strong>Landesnr.: <\/strong>733<br><strong>Landkreis:<\/strong> M\u00e4rkisch-Oderland<br><strong>Gebietsgr\u00f6\u00dfe:<\/strong> 166 ha<\/p>\n\n\n\n<p class=\"has-medium-font-size\"><strong>Gebietscharakteristik<\/strong><\/p>\n\n\n\n<p>Das FFH-Gebiet liegt nord\u00f6stlich von Berlin und befindet sich vollfl\u00e4chig im Lanschaftsschutzgebiet \u201eGamengrund\u201c. Das Gebiet umfasst ausgedehnte Mischw\u00e4lder, in die fast 20 Seen eingestreut sind und T\u00e4ler mit nat\u00fcrlichen Heckenbestand und Besenginsterfl\u00e4chen.<\/p>\n\n\n\n<div class=\"wp-block-columns is-layout-flex wp-container-core-columns-layout-1 wp-block-columns-is-layout-flex\">\n<div class=\"wp-block-column is-layout-flow wp-block-column-is-layout-flow\">\n<p><strong>Ziel-LRT (Anhang I FFH-RL):<\/strong><\/p>\n<\/div>\n\n\n\n<div class=\"wp-block-column is-layout-flow wp-block-column-is-layout-flow\">\n<p>9160 Subatlantischer oder mitteleurop\u00e4ischer Stieleichenwald oder Eichen-Hainbuchenwald (<em>Carpinion betuli)<\/em><\/p>\n\n\n\n<p>9170 Labkraut-Eichen-Hainbuchenwald <em>Galio-Carpinetum<\/em><\/p>\n<\/div>\n<\/div>\n\n\n\n<div class=\"wp-block-columns is-layout-flex wp-container-core-columns-layout-2 wp-block-columns-is-layout-flex\">\n<div class=\"wp-block-column is-layout-flow wp-block-column-is-layout-flow\"><\/div>\n\n\n\n<div class=\"wp-block-column is-layout-flow wp-block-column-is-layout-flow\"><\/div>\n<\/div>\n","protected":false},"excerpt":{"rendered":"<p>EU-Nr.: DE 3349-324Landesnr.: 733Landkreis: M\u00e4rkisch-OderlandGebietsgr\u00f6\u00dfe: 166 ha Gebietscharakteristik Das FFH-Gebiet liegt nord\u00f6stlich von Berlin und befindet sich vollfl\u00e4chig im Lanschaftsschutzgebiet \u201eGamengrund\u201c. Das Gebiet umfasst ausgedehnte Mischw\u00e4lder, in die fast 20 Seen eingestreut sind und T\u00e4ler mit nat\u00fcrlichen Heckenbestand und Besenginsterfl\u00e4chen. Ziel-LRT (Anhang I FFH-RL): 9160 Subatlantischer oder mitteleurop\u00e4ischer Stieleichenwald oder Eichen-Hainbuchenwald (Carpinion betuli) 9170 Labkraut-Eichen-Hainbuchenwald &hellip; <\/p>\n<p class=\"link-more\"><a href=\"https:\/\/zan-bb.de\/?page_id=696\" class=\"more-link\"><span class=\"screen-reader-text\">\u201eGamengrundsee\u201c<\/span> weiterlesen<\/a><\/p>\n","protected":false},"author":1,"featured_media":0,"parent":0,"menu_order":0,"comment_status":"closed","ping_status":"closed","template":"","meta":{"footnotes":""},"yoast_head":"<!-- This site is optimized with the Yoast SEO plugin v21.9.1 - https:\/\/yoast.com\/wordpress\/plugins\/seo\/ -->\n<title>Gamengrundsee - ZAN-bb<\/title>\n<meta name=\"robots\" content=\"index, follow, max-snippet:-1, max-image-preview:large, max-video-preview:-1\" \/>\n<link rel=\"canonical\" href=\"https:\/\/zan-bb.de\/?page_id=696\" \/>\n<meta property=\"og:locale\" content=\"de_DE\" \/>\n<meta property=\"og:type\" content=\"article\" \/>\n<meta property=\"og:title\" content=\"Gamengrundsee - ZAN-bb\" \/>\n<meta property=\"og:description\" content=\"EU-Nr.: DE 3349-324Landesnr.: 733Landkreis: M\u00e4rkisch-OderlandGebietsgr\u00f6\u00dfe: 166 ha Gebietscharakteristik Das FFH-Gebiet liegt nord\u00f6stlich von Berlin und befindet sich vollfl\u00e4chig im Lanschaftsschutzgebiet \u201eGamengrund\u201c. Das Gebiet umfasst ausgedehnte Mischw\u00e4lder, in die fast 20 Seen eingestreut sind und T\u00e4ler mit nat\u00fcrlichen Heckenbestand und Besenginsterfl\u00e4chen. Ziel-LRT (Anhang I FFH-RL): 9160 Subatlantischer oder mitteleurop\u00e4ischer Stieleichenwald oder Eichen-Hainbuchenwald (Carpinion betuli) 9170 Labkraut-Eichen-Hainbuchenwald &hellip; \u201eGamengrundsee\u201c weiterlesen\" \/>\n<meta property=\"og:url\" content=\"https:\/\/zan-bb.de\/?page_id=696\" \/>\n<meta property=\"og:site_name\" content=\"ZAN-bb\" \/>\n<meta property=\"article:modified_time\" content=\"2023-12-13T09:56:14+00:00\" \/>\n<meta name=\"twitter:card\" content=\"summary_large_image\" \/>\n<meta name=\"twitter:label1\" content=\"Gesch\u00e4tzte Lesezeit\" \/>\n\t<meta name=\"twitter:data1\" content=\"1\u00a0Minute\" \/>\n<script type=\"application\/ld+json\" class=\"yoast-schema-graph\">{\"@context\":\"https:\/\/schema.org\",\"@graph\":[{\"@type\":\"WebPage\",\"@id\":\"https:\/\/zan-bb.de\/?page_id=696\",\"url\":\"https:\/\/zan-bb.de\/?page_id=696\",\"name\":\"Gamengrundsee - ZAN-bb\",\"isPartOf\":{\"@id\":\"https:\/\/zan-bb.de\/#website\"},\"datePublished\":\"2023-12-11T10:58:19+00:00\",\"dateModified\":\"2023-12-13T09:56:14+00:00\",\"breadcrumb\":{\"@id\":\"https:\/\/zan-bb.de\/?page_id=696#breadcrumb\"},\"inLanguage\":\"de\",\"potentialAction\":[{\"@type\":\"ReadAction\",\"target\":[\"https:\/\/zan-bb.de\/?page_id=696\"]}]},{\"@type\":\"BreadcrumbList\",\"@id\":\"https:\/\/zan-bb.de\/?page_id=696#breadcrumb\",\"itemListElement\":[{\"@type\":\"ListItem\",\"position\":1,\"name\":\"Startseite\",\"item\":\"https:\/\/zan-bb.de\/\"},{\"@type\":\"ListItem\",\"position\":2,\"name\":\"Gamengrundsee\"}]},{\"@type\":\"WebSite\",\"@id\":\"https:\/\/zan-bb.de\/#website\",\"url\":\"https:\/\/zan-bb.de\/\",\"name\":\"ZAN-bb\",\"description\":\"Zentrum angewandter Naturschutz in Brandenburg gGmbH\",\"publisher\":{\"@id\":\"https:\/\/zan-bb.de\/#organization\"},\"potentialAction\":[{\"@type\":\"SearchAction\",\"target\":{\"@type\":\"EntryPoint\",\"urlTemplate\":\"https:\/\/zan-bb.de\/?s={search_term_string}\"},\"query-input\":\"required name=search_term_string\"}],\"inLanguage\":\"de\"},{\"@type\":\"Organization\",\"@id\":\"https:\/\/zan-bb.de\/#organization\",\"name\":\"ZAN-bb\",\"url\":\"https:\/\/zan-bb.de\/\",\"logo\":{\"@type\":\"ImageObject\",\"inLanguage\":\"de\",\"@id\":\"https:\/\/zan-bb.de\/#\/schema\/logo\/image\/\",\"url\":\"https:\/\/zan-bb.de\/wp-content\/uploads\/2020\/05\/cropped-ZAN-logo-trans.png\",\"contentUrl\":\"https:\/\/zan-bb.de\/wp-content\/uploads\/2020\/05\/cropped-ZAN-logo-trans.png\",\"width\":250,\"height\":250,\"caption\":\"ZAN-bb\"},\"image\":{\"@id\":\"https:\/\/zan-bb.de\/#\/schema\/logo\/image\/\"}}]}<\/script>\n<!-- \/ Yoast SEO plugin. -->","yoast_head_json":{"title":"Gamengrundsee - ZAN-bb","robots":{"index":"index","follow":"follow","max-snippet":"max-snippet:-1","max-image-preview":"max-image-preview:large","max-video-preview":"max-video-preview:-1"},"canonical":"https:\/\/zan-bb.de\/?page_id=696","og_locale":"de_DE","og_type":"article","og_title":"Gamengrundsee - ZAN-bb","og_description":"EU-Nr.: DE 3349-324Landesnr.: 733Landkreis: M\u00e4rkisch-OderlandGebietsgr\u00f6\u00dfe: 166 ha Gebietscharakteristik Das FFH-Gebiet liegt nord\u00f6stlich von Berlin und befindet sich vollfl\u00e4chig im Lanschaftsschutzgebiet \u201eGamengrund\u201c. Das Gebiet umfasst ausgedehnte Mischw\u00e4lder, in die fast 20 Seen eingestreut sind und T\u00e4ler mit nat\u00fcrlichen Heckenbestand und Besenginsterfl\u00e4chen. Ziel-LRT (Anhang I FFH-RL): 9160 Subatlantischer oder mitteleurop\u00e4ischer Stieleichenwald oder Eichen-Hainbuchenwald (Carpinion betuli) 9170 Labkraut-Eichen-Hainbuchenwald &hellip; \u201eGamengrundsee\u201c weiterlesen","og_url":"https:\/\/zan-bb.de\/?page_id=696","og_site_name":"ZAN-bb","article_modified_time":"2023-12-13T09:56:14+00:00","twitter_card":"summary_large_image","twitter_misc":{"Gesch\u00e4tzte Lesezeit":"1\u00a0Minute"},"schema":{"@context":"https:\/\/schema.org","@graph":[{"@type":"WebPage","@id":"https:\/\/zan-bb.de\/?page_id=696","url":"https:\/\/zan-bb.de\/?page_id=696","name":"Gamengrundsee - ZAN-bb","isPartOf":{"@id":"https:\/\/zan-bb.de\/#website"},"datePublished":"2023-12-11T10:58:19+00:00","dateModified":"2023-12-13T09:56:14+00:00","breadcrumb":{"@id":"https:\/\/zan-bb.de\/?page_id=696#breadcrumb"},"inLanguage":"de","potentialAction":[{"@type":"ReadAction","target":["https:\/\/zan-bb.de\/?page_id=696"]}]},{"@type":"BreadcrumbList","@id":"https:\/\/zan-bb.de\/?page_id=696#breadcrumb","itemListElement":[{"@type":"ListItem","position":1,"name":"Startseite","item":"https:\/\/zan-bb.de\/"},{"@type":"ListItem","position":2,"name":"Gamengrundsee"}]},{"@type":"WebSite","@id":"https:\/\/zan-bb.de\/#website","url":"https:\/\/zan-bb.de\/","name":"ZAN-bb","description":"Zentrum angewandter Naturschutz in Brandenburg gGmbH","publisher":{"@id":"https:\/\/zan-bb.de\/#organization"},"potentialAction":[{"@type":"SearchAction","target":{"@type":"EntryPoint","urlTemplate":"https:\/\/zan-bb.de\/?s={search_term_string}"},"query-input":"required name=search_term_string"}],"inLanguage":"de"},{"@type":"Organization","@id":"https:\/\/zan-bb.de\/#organization","name":"ZAN-bb","url":"https:\/\/zan-bb.de\/","logo":{"@type":"ImageObject","inLanguage":"de","@id":"https:\/\/zan-bb.de\/#\/schema\/logo\/image\/","url":"https:\/\/zan-bb.de\/wp-content\/uploads\/2020\/05\/cropped-ZAN-logo-trans.png","contentUrl":"https:\/\/zan-bb.de\/wp-content\/uploads\/2020\/05\/cropped-ZAN-logo-trans.png","width":250,"height":250,"caption":"ZAN-bb"},"image":{"@id":"https:\/\/zan-bb.de\/#\/schema\/logo\/image\/"}}]}},"_links":{"self":[{"href":"https:\/\/zan-bb.de\/index.php?rest_route=\/wp\/v2\/pages\/696"}],"collection":[{"href":"https:\/\/zan-bb.de\/index.php?rest_route=\/wp\/v2\/pages"}],"about":[{"href":"https:\/\/zan-bb.de\/index.php?rest_route=\/wp\/v2\/types\/page"}],"author":[{"embeddable":true,"href":"https:\/\/zan-bb.de\/index.php?rest_route=\/wp\/v2\/users\/1"}],"replies":[{"embeddable":true,"href":"https:\/\/zan-bb.de\/index.php?rest_route=%2Fwp%2Fv2%2Fcomments&post=696"}],"version-history":[{"count":7,"href":"https:\/\/zan-bb.de\/index.php?rest_route=\/wp\/v2\/pages\/696\/revisions"}],"predecessor-version":[{"id":887,"href":"https:\/\/zan-bb.de\/index.php?rest_route=\/wp\/v2\/pages\/696\/revisions\/887"}],"wp:attachment":[{"href":"https:\/\/zan-bb.de\/index.php?rest_route=%2Fwp%2Fv2%2Fmedia&parent=696"}],"curies":[{"name":"wp","href":"https:\/\/api.w.org\/{rel}","templated":true}]}}