{"id":710,"date":"2023-12-11T11:04:54","date_gmt":"2023-12-11T11:04:54","guid":{"rendered":"https:\/\/zan-bb.de\/?page_id=710"},"modified":"2023-12-19T08:45:26","modified_gmt":"2023-12-19T08:45:26","slug":"teltowkanal-aue","status":"publish","type":"page","link":"https:\/\/zan-bb.de\/?page_id=710","title":{"rendered":"Teltowkanal-Aue"},"content":{"rendered":"<div class=\"wp-block-image\">\n<figure class=\"aligncenter size-large is-resized\"><img loading=\"lazy\" decoding=\"async\" width=\"1024\" height=\"768\" src=\"http:\/\/zan-bb.de\/wp-content\/uploads\/2023\/12\/20230525_105220-1024x768.jpg\" alt=\"\" class=\"wp-image-1011\" style=\"aspect-ratio:1.3333333333333333;width:536px;height:auto\" srcset=\"https:\/\/zan-bb.de\/wp-content\/uploads\/2023\/12\/20230525_105220-1024x768.jpg 1024w, https:\/\/zan-bb.de\/wp-content\/uploads\/2023\/12\/20230525_105220-300x225.jpg 300w, https:\/\/zan-bb.de\/wp-content\/uploads\/2023\/12\/20230525_105220-768x576.jpg 768w, https:\/\/zan-bb.de\/wp-content\/uploads\/2023\/12\/20230525_105220-1536x1152.jpg 1536w, https:\/\/zan-bb.de\/wp-content\/uploads\/2023\/12\/20230525_105220-2048x1536.jpg 2048w\" sizes=\"(max-width: 767px) 89vw, (max-width: 1000px) 54vw, (max-width: 1071px) 543px, 580px\" \/><figcaption class=\"wp-element-caption\">FFH-Gebiet &#8222;Teltowkanal-Aue&#8220;<\/figcaption><\/figure><\/div>\n\n\n<p><strong>EU-Nr.:&nbsp;<\/strong>DE 3645-301<br><strong>Landesnr.:&nbsp;<\/strong>471<br><strong>Landkreis:<\/strong>&nbsp;Potsdam-Mittelmark<br><strong>Gebietsgr\u00f6\u00dfe<\/strong>: 13 ha<\/p>\n\n\n\n<p class=\"has-medium-font-size\"><strong>Gebietscharakteristik<\/strong><\/p>\n\n\n\n<p>Das FFH-Gebiet liegt im S\u00fcdwesten von Berlin zwischen den Orten Kleinmachnow und dem Teltowkanal. Es umfasst Wald- und Forstfl\u00e4chen.<\/p>\n\n\n\n<div class=\"wp-block-columns is-layout-flex wp-container-core-columns-layout-1 wp-block-columns-is-layout-flex\">\n<div class=\"wp-block-column is-layout-flow wp-block-column-is-layout-flow\">\n<p><strong>Ziel-LRT (Anhang I FFH-RL):<\/strong><\/p>\n<\/div>\n\n\n\n<div class=\"wp-block-column is-layout-flow wp-block-column-is-layout-flow\">\n<p>9190 Eichen-Hainbuchenw\u00e4lder<\/p>\n\n\n\n<p>91E0 Auen-W\u00e4lder<\/p>\n<\/div>\n<\/div>\n\n\n\n<div class=\"wp-block-columns is-layout-flex wp-container-core-columns-layout-2 wp-block-columns-is-layout-flex\">\n<div class=\"wp-block-column is-layout-flow wp-block-column-is-layout-flow\"><\/div>\n\n\n\n<div class=\"wp-block-column is-layout-flow wp-block-column-is-layout-flow\"><\/div>\n<\/div>\n","protected":false},"excerpt":{"rendered":"<p>EU-Nr.:&nbsp;DE 3645-301Landesnr.:&nbsp;471Landkreis:&nbsp;Potsdam-MittelmarkGebietsgr\u00f6\u00dfe: 13 ha Gebietscharakteristik Das FFH-Gebiet liegt im S\u00fcdwesten von Berlin zwischen den Orten Kleinmachnow und dem Teltowkanal. Es umfasst Wald- und Forstfl\u00e4chen. Ziel-LRT (Anhang I FFH-RL): 9190 Eichen-Hainbuchenw\u00e4lder 91E0 Auen-W\u00e4lder<\/p>\n","protected":false},"author":1,"featured_media":0,"parent":0,"menu_order":0,"comment_status":"closed","ping_status":"closed","template":"","meta":{"footnotes":""},"yoast_head":"<!-- This site is optimized with the Yoast SEO plugin v21.9.1 - https:\/\/yoast.com\/wordpress\/plugins\/seo\/ -->\n<title>Teltowkanal-Aue - ZAN-bb<\/title>\n<meta name=\"robots\" content=\"index, follow, max-snippet:-1, max-image-preview:large, max-video-preview:-1\" \/>\n<link rel=\"canonical\" href=\"https:\/\/zan-bb.de\/?page_id=710\" \/>\n<meta property=\"og:locale\" content=\"de_DE\" \/>\n<meta property=\"og:type\" content=\"article\" \/>\n<meta property=\"og:title\" content=\"Teltowkanal-Aue - ZAN-bb\" \/>\n<meta property=\"og:description\" content=\"EU-Nr.:&nbsp;DE 3645-301Landesnr.:&nbsp;471Landkreis:&nbsp;Potsdam-MittelmarkGebietsgr\u00f6\u00dfe: 13 ha Gebietscharakteristik Das FFH-Gebiet liegt im S\u00fcdwesten von Berlin zwischen den Orten Kleinmachnow und dem Teltowkanal. Es umfasst Wald- und Forstfl\u00e4chen. Ziel-LRT (Anhang I FFH-RL): 9190 Eichen-Hainbuchenw\u00e4lder 91E0 Auen-W\u00e4lder\" \/>\n<meta property=\"og:url\" content=\"https:\/\/zan-bb.de\/?page_id=710\" \/>\n<meta property=\"og:site_name\" content=\"ZAN-bb\" \/>\n<meta property=\"article:modified_time\" content=\"2023-12-19T08:45:26+00:00\" \/>\n<meta property=\"og:image\" content=\"http:\/\/zan-bb.de\/wp-content\/uploads\/2023\/12\/20230525_105220-1024x768.jpg\" \/>\n<meta name=\"twitter:card\" content=\"summary_large_image\" \/>\n<meta name=\"twitter:label1\" content=\"Gesch\u00e4tzte Lesezeit\" \/>\n\t<meta name=\"twitter:data1\" content=\"1\u00a0Minute\" \/>\n<script type=\"application\/ld+json\" class=\"yoast-schema-graph\">{\"@context\":\"https:\/\/schema.org\",\"@graph\":[{\"@type\":\"WebPage\",\"@id\":\"https:\/\/zan-bb.de\/?page_id=710\",\"url\":\"https:\/\/zan-bb.de\/?page_id=710\",\"name\":\"Teltowkanal-Aue - ZAN-bb\",\"isPartOf\":{\"@id\":\"https:\/\/zan-bb.de\/#website\"},\"datePublished\":\"2023-12-11T11:04:54+00:00\",\"dateModified\":\"2023-12-19T08:45:26+00:00\",\"breadcrumb\":{\"@id\":\"https:\/\/zan-bb.de\/?page_id=710#breadcrumb\"},\"inLanguage\":\"de\",\"potentialAction\":[{\"@type\":\"ReadAction\",\"target\":[\"https:\/\/zan-bb.de\/?page_id=710\"]}]},{\"@type\":\"BreadcrumbList\",\"@id\":\"https:\/\/zan-bb.de\/?page_id=710#breadcrumb\",\"itemListElement\":[{\"@type\":\"ListItem\",\"position\":1,\"name\":\"Startseite\",\"item\":\"https:\/\/zan-bb.de\/\"},{\"@type\":\"ListItem\",\"position\":2,\"name\":\"Teltowkanal-Aue\"}]},{\"@type\":\"WebSite\",\"@id\":\"https:\/\/zan-bb.de\/#website\",\"url\":\"https:\/\/zan-bb.de\/\",\"name\":\"ZAN-bb\",\"description\":\"Zentrum angewandter Naturschutz in Brandenburg gGmbH\",\"publisher\":{\"@id\":\"https:\/\/zan-bb.de\/#organization\"},\"potentialAction\":[{\"@type\":\"SearchAction\",\"target\":{\"@type\":\"EntryPoint\",\"urlTemplate\":\"https:\/\/zan-bb.de\/?s={search_term_string}\"},\"query-input\":\"required name=search_term_string\"}],\"inLanguage\":\"de\"},{\"@type\":\"Organization\",\"@id\":\"https:\/\/zan-bb.de\/#organization\",\"name\":\"ZAN-bb\",\"url\":\"https:\/\/zan-bb.de\/\",\"logo\":{\"@type\":\"ImageObject\",\"inLanguage\":\"de\",\"@id\":\"https:\/\/zan-bb.de\/#\/schema\/logo\/image\/\",\"url\":\"https:\/\/zan-bb.de\/wp-content\/uploads\/2020\/05\/cropped-ZAN-logo-trans.png\",\"contentUrl\":\"https:\/\/zan-bb.de\/wp-content\/uploads\/2020\/05\/cropped-ZAN-logo-trans.png\",\"width\":250,\"height\":250,\"caption\":\"ZAN-bb\"},\"image\":{\"@id\":\"https:\/\/zan-bb.de\/#\/schema\/logo\/image\/\"}}]}<\/script>\n<!-- \/ Yoast SEO plugin. -->","yoast_head_json":{"title":"Teltowkanal-Aue - ZAN-bb","robots":{"index":"index","follow":"follow","max-snippet":"max-snippet:-1","max-image-preview":"max-image-preview:large","max-video-preview":"max-video-preview:-1"},"canonical":"https:\/\/zan-bb.de\/?page_id=710","og_locale":"de_DE","og_type":"article","og_title":"Teltowkanal-Aue - ZAN-bb","og_description":"EU-Nr.:&nbsp;DE 3645-301Landesnr.:&nbsp;471Landkreis:&nbsp;Potsdam-MittelmarkGebietsgr\u00f6\u00dfe: 13 ha Gebietscharakteristik Das FFH-Gebiet liegt im S\u00fcdwesten von Berlin zwischen den Orten Kleinmachnow und dem Teltowkanal. Es umfasst Wald- und Forstfl\u00e4chen. Ziel-LRT (Anhang I FFH-RL): 9190 Eichen-Hainbuchenw\u00e4lder 91E0 Auen-W\u00e4lder","og_url":"https:\/\/zan-bb.de\/?page_id=710","og_site_name":"ZAN-bb","article_modified_time":"2023-12-19T08:45:26+00:00","og_image":[{"url":"http:\/\/zan-bb.de\/wp-content\/uploads\/2023\/12\/20230525_105220-1024x768.jpg"}],"twitter_card":"summary_large_image","twitter_misc":{"Gesch\u00e4tzte Lesezeit":"1\u00a0Minute"},"schema":{"@context":"https:\/\/schema.org","@graph":[{"@type":"WebPage","@id":"https:\/\/zan-bb.de\/?page_id=710","url":"https:\/\/zan-bb.de\/?page_id=710","name":"Teltowkanal-Aue - ZAN-bb","isPartOf":{"@id":"https:\/\/zan-bb.de\/#website"},"datePublished":"2023-12-11T11:04:54+00:00","dateModified":"2023-12-19T08:45:26+00:00","breadcrumb":{"@id":"https:\/\/zan-bb.de\/?page_id=710#breadcrumb"},"inLanguage":"de","potentialAction":[{"@type":"ReadAction","target":["https:\/\/zan-bb.de\/?page_id=710"]}]},{"@type":"BreadcrumbList","@id":"https:\/\/zan-bb.de\/?page_id=710#breadcrumb","itemListElement":[{"@type":"ListItem","position":1,"name":"Startseite","item":"https:\/\/zan-bb.de\/"},{"@type":"ListItem","position":2,"name":"Teltowkanal-Aue"}]},{"@type":"WebSite","@id":"https:\/\/zan-bb.de\/#website","url":"https:\/\/zan-bb.de\/","name":"ZAN-bb","description":"Zentrum angewandter Naturschutz in Brandenburg gGmbH","publisher":{"@id":"https:\/\/zan-bb.de\/#organization"},"potentialAction":[{"@type":"SearchAction","target":{"@type":"EntryPoint","urlTemplate":"https:\/\/zan-bb.de\/?s={search_term_string}"},"query-input":"required name=search_term_string"}],"inLanguage":"de"},{"@type":"Organization","@id":"https:\/\/zan-bb.de\/#organization","name":"ZAN-bb","url":"https:\/\/zan-bb.de\/","logo":{"@type":"ImageObject","inLanguage":"de","@id":"https:\/\/zan-bb.de\/#\/schema\/logo\/image\/","url":"https:\/\/zan-bb.de\/wp-content\/uploads\/2020\/05\/cropped-ZAN-logo-trans.png","contentUrl":"https:\/\/zan-bb.de\/wp-content\/uploads\/2020\/05\/cropped-ZAN-logo-trans.png","width":250,"height":250,"caption":"ZAN-bb"},"image":{"@id":"https:\/\/zan-bb.de\/#\/schema\/logo\/image\/"}}]}},"_links":{"self":[{"href":"https:\/\/zan-bb.de\/index.php?rest_route=\/wp\/v2\/pages\/710"}],"collection":[{"href":"https:\/\/zan-bb.de\/index.php?rest_route=\/wp\/v2\/pages"}],"about":[{"href":"https:\/\/zan-bb.de\/index.php?rest_route=\/wp\/v2\/types\/page"}],"author":[{"embeddable":true,"href":"https:\/\/zan-bb.de\/index.php?rest_route=\/wp\/v2\/users\/1"}],"replies":[{"embeddable":true,"href":"https:\/\/zan-bb.de\/index.php?rest_route=%2Fwp%2Fv2%2Fcomments&post=710"}],"version-history":[{"count":8,"href":"https:\/\/zan-bb.de\/index.php?rest_route=\/wp\/v2\/pages\/710\/revisions"}],"predecessor-version":[{"id":1013,"href":"https:\/\/zan-bb.de\/index.php?rest_route=\/wp\/v2\/pages\/710\/revisions\/1013"}],"wp:attachment":[{"href":"https:\/\/zan-bb.de\/index.php?rest_route=%2Fwp%2Fv2%2Fmedia&parent=710"}],"curies":[{"name":"wp","href":"https:\/\/api.w.org\/{rel}","templated":true}]}}