{"id":712,"date":"2023-12-11T11:05:21","date_gmt":"2023-12-11T11:05:21","guid":{"rendered":"https:\/\/zan-bb.de\/?page_id=712"},"modified":"2023-12-13T10:20:59","modified_gmt":"2023-12-13T10:20:59","slug":"zimmersee","status":"publish","type":"page","link":"https:\/\/zan-bb.de\/?page_id=712","title":{"rendered":"Zimmersee"},"content":{"rendered":"\n<p><strong>EU-Nr.:&nbsp;<\/strong>DE 3449-303<br><strong>Landesnr.:&nbsp;<\/strong>519<br><strong>Landkreis:<\/strong>&nbsp;M\u00e4rkisch-Oderland<br><strong>Gebietsgr\u00f6\u00dfe<\/strong>: 56 ha<\/p>\n\n\n\n<p class=\"has-medium-font-size\"><strong>Gebietscharakteristik<\/strong><\/p>\n\n\n\n<p>Das FFH-Gebiet liegt s\u00fcd\u00f6stlich der Stadt Strausberg. Es wird in seinem Kern von einer flachen Senke gebildet, die von Landr\u00f6hricht und Pionierfluren nasser Standorte eingenommen wird und von einigen tempor\u00e4r Wasser f\u00fchrenden Gr\u00e4ben durchzogen ist. Am Rand der Senke finden sich stellenweise Feuchtwiesen. <\/p>\n\n\n\n<div class=\"wp-block-columns is-layout-flex wp-container-core-columns-layout-1 wp-block-columns-is-layout-flex\">\n<div class=\"wp-block-column is-layout-flow wp-block-column-is-layout-flow\">\n<p><strong>Ziel-LRT (Anhang I FFH-RL):<\/strong><\/p>\n<\/div>\n\n\n\n<div class=\"wp-block-column is-layout-flow wp-block-column-is-layout-flow\">\n<p>6430 Feuchte Hochstaudenfluren<\/p>\n<\/div>\n<\/div>\n\n\n\n<div class=\"wp-block-columns is-layout-flex wp-container-core-columns-layout-2 wp-block-columns-is-layout-flex\">\n<div class=\"wp-block-column is-layout-flow wp-block-column-is-layout-flow\">\n<p><strong>Ziel-Art (Anhang II FFH-RL):<\/strong><\/p>\n<\/div>\n\n\n\n<div class=\"wp-block-column is-layout-flow wp-block-column-is-layout-flow\">\n<p>Rotbauchunke (<em>Bombina bombina<\/em>)<\/p>\n<\/div>\n<\/div>\n\n\n\n<div class=\"wp-block-columns is-layout-flex wp-container-core-columns-layout-3 wp-block-columns-is-layout-flex\">\n<div class=\"wp-block-column is-layout-flow wp-block-column-is-layout-flow\"><\/div>\n\n\n\n<div class=\"wp-block-column is-layout-flow wp-block-column-is-layout-flow\"><\/div>\n<\/div>\n","protected":false},"excerpt":{"rendered":"<p>EU-Nr.:&nbsp;DE 3449-303Landesnr.:&nbsp;519Landkreis:&nbsp;M\u00e4rkisch-OderlandGebietsgr\u00f6\u00dfe: 56 ha Gebietscharakteristik Das FFH-Gebiet liegt s\u00fcd\u00f6stlich der Stadt Strausberg. Es wird in seinem Kern von einer flachen Senke gebildet, die von Landr\u00f6hricht und Pionierfluren nasser Standorte eingenommen wird und von einigen tempor\u00e4r Wasser f\u00fchrenden Gr\u00e4ben durchzogen ist. Am Rand der Senke finden sich stellenweise Feuchtwiesen. Ziel-LRT (Anhang I FFH-RL): 6430 Feuchte Hochstaudenfluren &hellip; <\/p>\n<p class=\"link-more\"><a href=\"https:\/\/zan-bb.de\/?page_id=712\" class=\"more-link\"><span class=\"screen-reader-text\">\u201eZimmersee\u201c<\/span> weiterlesen<\/a><\/p>\n","protected":false},"author":1,"featured_media":0,"parent":0,"menu_order":0,"comment_status":"closed","ping_status":"closed","template":"","meta":{"footnotes":""},"yoast_head":"<!-- This site is optimized with the Yoast SEO plugin v21.9.1 - https:\/\/yoast.com\/wordpress\/plugins\/seo\/ -->\n<title>Zimmersee - ZAN-bb<\/title>\n<meta name=\"robots\" content=\"index, follow, max-snippet:-1, max-image-preview:large, max-video-preview:-1\" \/>\n<link rel=\"canonical\" href=\"https:\/\/zan-bb.de\/?page_id=712\" \/>\n<meta property=\"og:locale\" content=\"de_DE\" \/>\n<meta property=\"og:type\" content=\"article\" \/>\n<meta property=\"og:title\" content=\"Zimmersee - ZAN-bb\" \/>\n<meta property=\"og:description\" content=\"EU-Nr.:&nbsp;DE 3449-303Landesnr.:&nbsp;519Landkreis:&nbsp;M\u00e4rkisch-OderlandGebietsgr\u00f6\u00dfe: 56 ha Gebietscharakteristik Das FFH-Gebiet liegt s\u00fcd\u00f6stlich der Stadt Strausberg. Es wird in seinem Kern von einer flachen Senke gebildet, die von Landr\u00f6hricht und Pionierfluren nasser Standorte eingenommen wird und von einigen tempor\u00e4r Wasser f\u00fchrenden Gr\u00e4ben durchzogen ist. Am Rand der Senke finden sich stellenweise Feuchtwiesen. Ziel-LRT (Anhang I FFH-RL): 6430 Feuchte Hochstaudenfluren &hellip; \u201eZimmersee\u201c weiterlesen\" \/>\n<meta property=\"og:url\" content=\"https:\/\/zan-bb.de\/?page_id=712\" \/>\n<meta property=\"og:site_name\" content=\"ZAN-bb\" \/>\n<meta property=\"article:modified_time\" content=\"2023-12-13T10:20:59+00:00\" \/>\n<meta name=\"twitter:card\" content=\"summary_large_image\" \/>\n<meta name=\"twitter:label1\" content=\"Gesch\u00e4tzte Lesezeit\" \/>\n\t<meta name=\"twitter:data1\" content=\"1\u00a0Minute\" \/>\n<script type=\"application\/ld+json\" class=\"yoast-schema-graph\">{\"@context\":\"https:\/\/schema.org\",\"@graph\":[{\"@type\":\"WebPage\",\"@id\":\"https:\/\/zan-bb.de\/?page_id=712\",\"url\":\"https:\/\/zan-bb.de\/?page_id=712\",\"name\":\"Zimmersee - ZAN-bb\",\"isPartOf\":{\"@id\":\"https:\/\/zan-bb.de\/#website\"},\"datePublished\":\"2023-12-11T11:05:21+00:00\",\"dateModified\":\"2023-12-13T10:20:59+00:00\",\"breadcrumb\":{\"@id\":\"https:\/\/zan-bb.de\/?page_id=712#breadcrumb\"},\"inLanguage\":\"de\",\"potentialAction\":[{\"@type\":\"ReadAction\",\"target\":[\"https:\/\/zan-bb.de\/?page_id=712\"]}]},{\"@type\":\"BreadcrumbList\",\"@id\":\"https:\/\/zan-bb.de\/?page_id=712#breadcrumb\",\"itemListElement\":[{\"@type\":\"ListItem\",\"position\":1,\"name\":\"Startseite\",\"item\":\"https:\/\/zan-bb.de\/\"},{\"@type\":\"ListItem\",\"position\":2,\"name\":\"Zimmersee\"}]},{\"@type\":\"WebSite\",\"@id\":\"https:\/\/zan-bb.de\/#website\",\"url\":\"https:\/\/zan-bb.de\/\",\"name\":\"ZAN-bb\",\"description\":\"Zentrum angewandter Naturschutz in Brandenburg gGmbH\",\"publisher\":{\"@id\":\"https:\/\/zan-bb.de\/#organization\"},\"potentialAction\":[{\"@type\":\"SearchAction\",\"target\":{\"@type\":\"EntryPoint\",\"urlTemplate\":\"https:\/\/zan-bb.de\/?s={search_term_string}\"},\"query-input\":\"required name=search_term_string\"}],\"inLanguage\":\"de\"},{\"@type\":\"Organization\",\"@id\":\"https:\/\/zan-bb.de\/#organization\",\"name\":\"ZAN-bb\",\"url\":\"https:\/\/zan-bb.de\/\",\"logo\":{\"@type\":\"ImageObject\",\"inLanguage\":\"de\",\"@id\":\"https:\/\/zan-bb.de\/#\/schema\/logo\/image\/\",\"url\":\"https:\/\/zan-bb.de\/wp-content\/uploads\/2020\/05\/cropped-ZAN-logo-trans.png\",\"contentUrl\":\"https:\/\/zan-bb.de\/wp-content\/uploads\/2020\/05\/cropped-ZAN-logo-trans.png\",\"width\":250,\"height\":250,\"caption\":\"ZAN-bb\"},\"image\":{\"@id\":\"https:\/\/zan-bb.de\/#\/schema\/logo\/image\/\"}}]}<\/script>\n<!-- \/ Yoast SEO plugin. -->","yoast_head_json":{"title":"Zimmersee - ZAN-bb","robots":{"index":"index","follow":"follow","max-snippet":"max-snippet:-1","max-image-preview":"max-image-preview:large","max-video-preview":"max-video-preview:-1"},"canonical":"https:\/\/zan-bb.de\/?page_id=712","og_locale":"de_DE","og_type":"article","og_title":"Zimmersee - ZAN-bb","og_description":"EU-Nr.:&nbsp;DE 3449-303Landesnr.:&nbsp;519Landkreis:&nbsp;M\u00e4rkisch-OderlandGebietsgr\u00f6\u00dfe: 56 ha Gebietscharakteristik Das FFH-Gebiet liegt s\u00fcd\u00f6stlich der Stadt Strausberg. Es wird in seinem Kern von einer flachen Senke gebildet, die von Landr\u00f6hricht und Pionierfluren nasser Standorte eingenommen wird und von einigen tempor\u00e4r Wasser f\u00fchrenden Gr\u00e4ben durchzogen ist. Am Rand der Senke finden sich stellenweise Feuchtwiesen. Ziel-LRT (Anhang I FFH-RL): 6430 Feuchte Hochstaudenfluren &hellip; \u201eZimmersee\u201c weiterlesen","og_url":"https:\/\/zan-bb.de\/?page_id=712","og_site_name":"ZAN-bb","article_modified_time":"2023-12-13T10:20:59+00:00","twitter_card":"summary_large_image","twitter_misc":{"Gesch\u00e4tzte Lesezeit":"1\u00a0Minute"},"schema":{"@context":"https:\/\/schema.org","@graph":[{"@type":"WebPage","@id":"https:\/\/zan-bb.de\/?page_id=712","url":"https:\/\/zan-bb.de\/?page_id=712","name":"Zimmersee - ZAN-bb","isPartOf":{"@id":"https:\/\/zan-bb.de\/#website"},"datePublished":"2023-12-11T11:05:21+00:00","dateModified":"2023-12-13T10:20:59+00:00","breadcrumb":{"@id":"https:\/\/zan-bb.de\/?page_id=712#breadcrumb"},"inLanguage":"de","potentialAction":[{"@type":"ReadAction","target":["https:\/\/zan-bb.de\/?page_id=712"]}]},{"@type":"BreadcrumbList","@id":"https:\/\/zan-bb.de\/?page_id=712#breadcrumb","itemListElement":[{"@type":"ListItem","position":1,"name":"Startseite","item":"https:\/\/zan-bb.de\/"},{"@type":"ListItem","position":2,"name":"Zimmersee"}]},{"@type":"WebSite","@id":"https:\/\/zan-bb.de\/#website","url":"https:\/\/zan-bb.de\/","name":"ZAN-bb","description":"Zentrum angewandter Naturschutz in Brandenburg gGmbH","publisher":{"@id":"https:\/\/zan-bb.de\/#organization"},"potentialAction":[{"@type":"SearchAction","target":{"@type":"EntryPoint","urlTemplate":"https:\/\/zan-bb.de\/?s={search_term_string}"},"query-input":"required name=search_term_string"}],"inLanguage":"de"},{"@type":"Organization","@id":"https:\/\/zan-bb.de\/#organization","name":"ZAN-bb","url":"https:\/\/zan-bb.de\/","logo":{"@type":"ImageObject","inLanguage":"de","@id":"https:\/\/zan-bb.de\/#\/schema\/logo\/image\/","url":"https:\/\/zan-bb.de\/wp-content\/uploads\/2020\/05\/cropped-ZAN-logo-trans.png","contentUrl":"https:\/\/zan-bb.de\/wp-content\/uploads\/2020\/05\/cropped-ZAN-logo-trans.png","width":250,"height":250,"caption":"ZAN-bb"},"image":{"@id":"https:\/\/zan-bb.de\/#\/schema\/logo\/image\/"}}]}},"_links":{"self":[{"href":"https:\/\/zan-bb.de\/index.php?rest_route=\/wp\/v2\/pages\/712"}],"collection":[{"href":"https:\/\/zan-bb.de\/index.php?rest_route=\/wp\/v2\/pages"}],"about":[{"href":"https:\/\/zan-bb.de\/index.php?rest_route=\/wp\/v2\/types\/page"}],"author":[{"embeddable":true,"href":"https:\/\/zan-bb.de\/index.php?rest_route=\/wp\/v2\/users\/1"}],"replies":[{"embeddable":true,"href":"https:\/\/zan-bb.de\/index.php?rest_route=%2Fwp%2Fv2%2Fcomments&post=712"}],"version-history":[{"count":7,"href":"https:\/\/zan-bb.de\/index.php?rest_route=\/wp\/v2\/pages\/712\/revisions"}],"predecessor-version":[{"id":902,"href":"https:\/\/zan-bb.de\/index.php?rest_route=\/wp\/v2\/pages\/712\/revisions\/902"}],"wp:attachment":[{"href":"https:\/\/zan-bb.de\/index.php?rest_route=%2Fwp%2Fv2%2Fmedia&parent=712"}],"curies":[{"name":"wp","href":"https:\/\/api.w.org\/{rel}","templated":true}]}}