{"id":714,"date":"2023-12-11T11:06:10","date_gmt":"2023-12-11T11:06:10","guid":{"rendered":"https:\/\/zan-bb.de\/?page_id=714"},"modified":"2023-12-19T08:38:10","modified_gmt":"2023-12-19T08:38:10","slug":"massnahmenkomplex-coethener-fliesstal","status":"publish","type":"page","link":"https:\/\/zan-bb.de\/?page_id=714","title":{"rendered":"Ma\u00dfnahmenkomplex C\u00f6thener Flie\u00dftal"},"content":{"rendered":"\n<p><strong>C\u00f6thener Flie\u00dftal, Hutelandschaft<\/strong> <strong>Altranft-Sonnenburg<\/strong><\/p>\n\n\n<div class=\"wp-block-image\">\n<figure class=\"aligncenter size-large is-resized\"><img loading=\"lazy\" decoding=\"async\" width=\"1024\" height=\"683\" src=\"http:\/\/zan-bb.de\/wp-content\/uploads\/2023\/12\/230628_092525_DSC06449_Linda_ILCE-7C-1024x683.jpg\" alt=\"\" class=\"wp-image-1006\" style=\"aspect-ratio:1.499267935578331;width:564px;height:auto\" srcset=\"https:\/\/zan-bb.de\/wp-content\/uploads\/2023\/12\/230628_092525_DSC06449_Linda_ILCE-7C-1024x683.jpg 1024w, https:\/\/zan-bb.de\/wp-content\/uploads\/2023\/12\/230628_092525_DSC06449_Linda_ILCE-7C-300x200.jpg 300w, https:\/\/zan-bb.de\/wp-content\/uploads\/2023\/12\/230628_092525_DSC06449_Linda_ILCE-7C-768x512.jpg 768w, https:\/\/zan-bb.de\/wp-content\/uploads\/2023\/12\/230628_092525_DSC06449_Linda_ILCE-7C-1536x1024.jpg 1536w, https:\/\/zan-bb.de\/wp-content\/uploads\/2023\/12\/230628_092525_DSC06449_Linda_ILCE-7C-2048x1365.jpg 2048w\" sizes=\"(max-width: 767px) 89vw, (max-width: 1000px) 54vw, (max-width: 1071px) 543px, 580px\" \/><figcaption class=\"wp-element-caption\">FFH-Gebiet &#8222;Hutelandschaft Altranft-Sonnenburg&#8220;<\/figcaption><\/figure><\/div>\n\n\n<p><strong>EU-Nr.:&nbsp;<\/strong>DE 3249-301, DE 3250-302<br><strong>Landesnr.:&nbsp;<\/strong>597, 190<br><strong>Landkreis:<\/strong>&nbsp;M\u00e4rkisch-Oderland<br><strong>Gebietsgr\u00f6\u00dfe<\/strong>: 79 ha, 565 ha<\/p>\n\n\n\n<p class=\"has-medium-font-size\"><strong>Gebietscharakteristik<\/strong><\/p>\n\n\n\n<p>Die FFH-Gebiete liegen im Landkreis M\u00e4rkisch-Oderland und bilden zusammen mit weiteren FFH-Gebieten einen gro\u00dfen Waldkomplex.<\/p>\n\n\n\n<div class=\"wp-block-columns is-layout-flex wp-container-core-columns-layout-1 wp-block-columns-is-layout-flex\">\n<div class=\"wp-block-column is-layout-flow wp-block-column-is-layout-flow\">\n<p><strong>Ziel-LRT (Anhang I FFH-RL):<\/strong><\/p>\n<\/div>\n\n\n\n<div class=\"wp-block-column is-layout-flow wp-block-column-is-layout-flow\">\n<p>9110 Hainsimsen-Buchenwald <em>(Luzulo-Fagetum)<\/em><\/p>\n\n\n\n<p>9130 Waldmeister-Buchenwald <em>(Asperulo-Fagetum)<\/em><\/p>\n\n\n\n<p>9160 Subatlantischer oder mitteleurop\u00e4ischer Stieleichenwald oder Eichen-Hainbuchenwald (<em>Carpinion betuli)<\/em><\/p>\n\n\n\n<p>9170 Labkraut-Eichen-Hainbuchenwald <em>Galio-Carpinetum<\/em><\/p>\n\n\n\n<p>9180 Schlucht- und Hangmischw\u00e4lder Tilio-Acerion<\/p>\n\n\n\n<p>9190 Alte bodensaure Eichenw\u00e4lder auf Sandebenen mit <em>Quercus robur<\/em><\/p>\n\n\n\n<p>91E0 Auen-W\u00e4lder mit Alnus glutinosa und Fraxinus excelsior <em>(Alno-Padion, Alnion incanae, Salicion albae)<\/em><\/p>\n\n\n\n<p>6240 Subpannonische Steppen-Trockenrasen (Festucetalia valesiacae)<\/p>\n\n\n\n<p>6120 Trockene, kalkreiche Sandrasen<\/p>\n<\/div>\n<\/div>\n\n\n\n<div class=\"wp-block-columns is-layout-flex wp-container-core-columns-layout-2 wp-block-columns-is-layout-flex\">\n<div class=\"wp-block-column is-layout-flow wp-block-column-is-layout-flow\"><\/div>\n\n\n\n<div class=\"wp-block-column is-layout-flow wp-block-column-is-layout-flow\"><\/div>\n<\/div>\n","protected":false},"excerpt":{"rendered":"<p>C\u00f6thener Flie\u00dftal, Hutelandschaft Altranft-Sonnenburg EU-Nr.:&nbsp;DE 3249-301, DE 3250-302Landesnr.:&nbsp;597, 190Landkreis:&nbsp;M\u00e4rkisch-OderlandGebietsgr\u00f6\u00dfe: 79 ha, 565 ha Gebietscharakteristik Die FFH-Gebiete liegen im Landkreis M\u00e4rkisch-Oderland und bilden zusammen mit weiteren FFH-Gebieten einen gro\u00dfen Waldkomplex. Ziel-LRT (Anhang I FFH-RL): 9110 Hainsimsen-Buchenwald (Luzulo-Fagetum) 9130 Waldmeister-Buchenwald (Asperulo-Fagetum) 9160 Subatlantischer oder mitteleurop\u00e4ischer Stieleichenwald oder Eichen-Hainbuchenwald (Carpinion betuli) 9170 Labkraut-Eichen-Hainbuchenwald Galio-Carpinetum 9180 Schlucht- und Hangmischw\u00e4lder &hellip; <\/p>\n<p class=\"link-more\"><a href=\"https:\/\/zan-bb.de\/?page_id=714\" class=\"more-link\"><span class=\"screen-reader-text\">\u201eMa\u00dfnahmenkomplex C\u00f6thener Flie\u00dftal\u201c<\/span> weiterlesen<\/a><\/p>\n","protected":false},"author":1,"featured_media":0,"parent":0,"menu_order":0,"comment_status":"closed","ping_status":"closed","template":"","meta":{"footnotes":""},"yoast_head":"<!-- This site is optimized with the Yoast SEO plugin v21.9.1 - https:\/\/yoast.com\/wordpress\/plugins\/seo\/ -->\n<title>Ma\u00dfnahmenkomplex C\u00f6thener Flie\u00dftal - ZAN-bb<\/title>\n<meta name=\"robots\" content=\"index, follow, max-snippet:-1, max-image-preview:large, max-video-preview:-1\" \/>\n<link rel=\"canonical\" href=\"http:\/\/zan-bb.de\/?page_id=714\" \/>\n<meta property=\"og:locale\" content=\"de_DE\" \/>\n<meta property=\"og:type\" content=\"article\" \/>\n<meta property=\"og:title\" content=\"Ma\u00dfnahmenkomplex C\u00f6thener Flie\u00dftal - ZAN-bb\" \/>\n<meta property=\"og:description\" content=\"C\u00f6thener Flie\u00dftal, Hutelandschaft Altranft-Sonnenburg EU-Nr.:&nbsp;DE 3249-301, DE 3250-302Landesnr.:&nbsp;597, 190Landkreis:&nbsp;M\u00e4rkisch-OderlandGebietsgr\u00f6\u00dfe: 79 ha, 565 ha Gebietscharakteristik Die FFH-Gebiete liegen im Landkreis M\u00e4rkisch-Oderland und bilden zusammen mit weiteren FFH-Gebieten einen gro\u00dfen Waldkomplex. Ziel-LRT (Anhang I FFH-RL): 9110 Hainsimsen-Buchenwald (Luzulo-Fagetum) 9130 Waldmeister-Buchenwald (Asperulo-Fagetum) 9160 Subatlantischer oder mitteleurop\u00e4ischer Stieleichenwald oder Eichen-Hainbuchenwald (Carpinion betuli) 9170 Labkraut-Eichen-Hainbuchenwald Galio-Carpinetum 9180 Schlucht- und Hangmischw\u00e4lder &hellip; \u201eMa\u00dfnahmenkomplex C\u00f6thener Flie\u00dftal\u201c weiterlesen\" \/>\n<meta property=\"og:url\" content=\"http:\/\/zan-bb.de\/?page_id=714\" \/>\n<meta property=\"og:site_name\" content=\"ZAN-bb\" \/>\n<meta property=\"article:modified_time\" content=\"2023-12-19T08:38:10+00:00\" \/>\n<meta property=\"og:image\" content=\"http:\/\/zan-bb.de\/wp-content\/uploads\/2023\/12\/230628_092525_DSC06449_Linda_ILCE-7C-1024x683.jpg\" \/>\n<meta name=\"twitter:card\" content=\"summary_large_image\" \/>\n<meta name=\"twitter:label1\" content=\"Gesch\u00e4tzte Lesezeit\" \/>\n\t<meta name=\"twitter:data1\" content=\"1\u00a0Minute\" \/>\n<script type=\"application\/ld+json\" class=\"yoast-schema-graph\">{\"@context\":\"https:\/\/schema.org\",\"@graph\":[{\"@type\":\"WebPage\",\"@id\":\"http:\/\/zan-bb.de\/?page_id=714\",\"url\":\"http:\/\/zan-bb.de\/?page_id=714\",\"name\":\"Ma\u00dfnahmenkomplex C\u00f6thener Flie\u00dftal - ZAN-bb\",\"isPartOf\":{\"@id\":\"https:\/\/zan-bb.de\/#website\"},\"datePublished\":\"2023-12-11T11:06:10+00:00\",\"dateModified\":\"2023-12-19T08:38:10+00:00\",\"breadcrumb\":{\"@id\":\"http:\/\/zan-bb.de\/?page_id=714#breadcrumb\"},\"inLanguage\":\"de\",\"potentialAction\":[{\"@type\":\"ReadAction\",\"target\":[\"http:\/\/zan-bb.de\/?page_id=714\"]}]},{\"@type\":\"BreadcrumbList\",\"@id\":\"http:\/\/zan-bb.de\/?page_id=714#breadcrumb\",\"itemListElement\":[{\"@type\":\"ListItem\",\"position\":1,\"name\":\"Startseite\",\"item\":\"https:\/\/zan-bb.de\/\"},{\"@type\":\"ListItem\",\"position\":2,\"name\":\"Ma\u00dfnahmenkomplex C\u00f6thener Flie\u00dftal\"}]},{\"@type\":\"WebSite\",\"@id\":\"https:\/\/zan-bb.de\/#website\",\"url\":\"https:\/\/zan-bb.de\/\",\"name\":\"ZAN-bb\",\"description\":\"Zentrum angewandter Naturschutz in Brandenburg gGmbH\",\"publisher\":{\"@id\":\"https:\/\/zan-bb.de\/#organization\"},\"potentialAction\":[{\"@type\":\"SearchAction\",\"target\":{\"@type\":\"EntryPoint\",\"urlTemplate\":\"https:\/\/zan-bb.de\/?s={search_term_string}\"},\"query-input\":\"required name=search_term_string\"}],\"inLanguage\":\"de\"},{\"@type\":\"Organization\",\"@id\":\"https:\/\/zan-bb.de\/#organization\",\"name\":\"ZAN-bb\",\"url\":\"https:\/\/zan-bb.de\/\",\"logo\":{\"@type\":\"ImageObject\",\"inLanguage\":\"de\",\"@id\":\"https:\/\/zan-bb.de\/#\/schema\/logo\/image\/\",\"url\":\"https:\/\/zan-bb.de\/wp-content\/uploads\/2020\/05\/cropped-ZAN-logo-trans.png\",\"contentUrl\":\"https:\/\/zan-bb.de\/wp-content\/uploads\/2020\/05\/cropped-ZAN-logo-trans.png\",\"width\":250,\"height\":250,\"caption\":\"ZAN-bb\"},\"image\":{\"@id\":\"https:\/\/zan-bb.de\/#\/schema\/logo\/image\/\"}}]}<\/script>\n<!-- \/ Yoast SEO plugin. -->","yoast_head_json":{"title":"Ma\u00dfnahmenkomplex C\u00f6thener Flie\u00dftal - ZAN-bb","robots":{"index":"index","follow":"follow","max-snippet":"max-snippet:-1","max-image-preview":"max-image-preview:large","max-video-preview":"max-video-preview:-1"},"canonical":"http:\/\/zan-bb.de\/?page_id=714","og_locale":"de_DE","og_type":"article","og_title":"Ma\u00dfnahmenkomplex C\u00f6thener Flie\u00dftal - ZAN-bb","og_description":"C\u00f6thener Flie\u00dftal, Hutelandschaft Altranft-Sonnenburg EU-Nr.:&nbsp;DE 3249-301, DE 3250-302Landesnr.:&nbsp;597, 190Landkreis:&nbsp;M\u00e4rkisch-OderlandGebietsgr\u00f6\u00dfe: 79 ha, 565 ha Gebietscharakteristik Die FFH-Gebiete liegen im Landkreis M\u00e4rkisch-Oderland und bilden zusammen mit weiteren FFH-Gebieten einen gro\u00dfen Waldkomplex. Ziel-LRT (Anhang I FFH-RL): 9110 Hainsimsen-Buchenwald (Luzulo-Fagetum) 9130 Waldmeister-Buchenwald (Asperulo-Fagetum) 9160 Subatlantischer oder mitteleurop\u00e4ischer Stieleichenwald oder Eichen-Hainbuchenwald (Carpinion betuli) 9170 Labkraut-Eichen-Hainbuchenwald Galio-Carpinetum 9180 Schlucht- und Hangmischw\u00e4lder &hellip; \u201eMa\u00dfnahmenkomplex C\u00f6thener Flie\u00dftal\u201c weiterlesen","og_url":"http:\/\/zan-bb.de\/?page_id=714","og_site_name":"ZAN-bb","article_modified_time":"2023-12-19T08:38:10+00:00","og_image":[{"url":"http:\/\/zan-bb.de\/wp-content\/uploads\/2023\/12\/230628_092525_DSC06449_Linda_ILCE-7C-1024x683.jpg"}],"twitter_card":"summary_large_image","twitter_misc":{"Gesch\u00e4tzte Lesezeit":"1\u00a0Minute"},"schema":{"@context":"https:\/\/schema.org","@graph":[{"@type":"WebPage","@id":"http:\/\/zan-bb.de\/?page_id=714","url":"http:\/\/zan-bb.de\/?page_id=714","name":"Ma\u00dfnahmenkomplex C\u00f6thener Flie\u00dftal - ZAN-bb","isPartOf":{"@id":"https:\/\/zan-bb.de\/#website"},"datePublished":"2023-12-11T11:06:10+00:00","dateModified":"2023-12-19T08:38:10+00:00","breadcrumb":{"@id":"http:\/\/zan-bb.de\/?page_id=714#breadcrumb"},"inLanguage":"de","potentialAction":[{"@type":"ReadAction","target":["http:\/\/zan-bb.de\/?page_id=714"]}]},{"@type":"BreadcrumbList","@id":"http:\/\/zan-bb.de\/?page_id=714#breadcrumb","itemListElement":[{"@type":"ListItem","position":1,"name":"Startseite","item":"https:\/\/zan-bb.de\/"},{"@type":"ListItem","position":2,"name":"Ma\u00dfnahmenkomplex C\u00f6thener Flie\u00dftal"}]},{"@type":"WebSite","@id":"https:\/\/zan-bb.de\/#website","url":"https:\/\/zan-bb.de\/","name":"ZAN-bb","description":"Zentrum angewandter Naturschutz in Brandenburg gGmbH","publisher":{"@id":"https:\/\/zan-bb.de\/#organization"},"potentialAction":[{"@type":"SearchAction","target":{"@type":"EntryPoint","urlTemplate":"https:\/\/zan-bb.de\/?s={search_term_string}"},"query-input":"required name=search_term_string"}],"inLanguage":"de"},{"@type":"Organization","@id":"https:\/\/zan-bb.de\/#organization","name":"ZAN-bb","url":"https:\/\/zan-bb.de\/","logo":{"@type":"ImageObject","inLanguage":"de","@id":"https:\/\/zan-bb.de\/#\/schema\/logo\/image\/","url":"https:\/\/zan-bb.de\/wp-content\/uploads\/2020\/05\/cropped-ZAN-logo-trans.png","contentUrl":"https:\/\/zan-bb.de\/wp-content\/uploads\/2020\/05\/cropped-ZAN-logo-trans.png","width":250,"height":250,"caption":"ZAN-bb"},"image":{"@id":"https:\/\/zan-bb.de\/#\/schema\/logo\/image\/"}}]}},"_links":{"self":[{"href":"https:\/\/zan-bb.de\/index.php?rest_route=\/wp\/v2\/pages\/714"}],"collection":[{"href":"https:\/\/zan-bb.de\/index.php?rest_route=\/wp\/v2\/pages"}],"about":[{"href":"https:\/\/zan-bb.de\/index.php?rest_route=\/wp\/v2\/types\/page"}],"author":[{"embeddable":true,"href":"https:\/\/zan-bb.de\/index.php?rest_route=\/wp\/v2\/users\/1"}],"replies":[{"embeddable":true,"href":"https:\/\/zan-bb.de\/index.php?rest_route=%2Fwp%2Fv2%2Fcomments&post=714"}],"version-history":[{"count":10,"href":"https:\/\/zan-bb.de\/index.php?rest_route=\/wp\/v2\/pages\/714\/revisions"}],"predecessor-version":[{"id":1008,"href":"https:\/\/zan-bb.de\/index.php?rest_route=\/wp\/v2\/pages\/714\/revisions\/1008"}],"wp:attachment":[{"href":"https:\/\/zan-bb.de\/index.php?rest_route=%2Fwp%2Fv2%2Fmedia&parent=714"}],"curies":[{"name":"wp","href":"https:\/\/api.w.org\/{rel}","templated":true}]}}